{"id":9995,"date":"2021-01-07T06:00:00","date_gmt":"2021-01-07T06:00:00","guid":{"rendered":"https:\/\/cosyowl.com\/product\/uncategorized\/import-placeholder-for-tcdl-ccon-bwed-ntlc-ctl1-209"},"modified":"2026-03-03T13:50:13","modified_gmt":"2026-03-03T13:50:13","slug":"varmeljuskoppar-i-aluminium-37-5mm-x-22mm","status":"publish","type":"product","link":"https:\/\/cosyowl.com\/sv\/candle-making-supplies\/candle-containers\/metal-containers\/aluminium-tea-light-cups-375mm-x-22mm","title":{"rendered":"V\u00e4rmeljuskoppar i aluminium - 37,5 mm x 22 mm"},"content":{"rendered":"<p>Dessa <a href=\"https:\/\/cosyowl.com\/sv\/candle-making-supplies\/candle-containers\/metal-containers\/aluminium-tea-light-cups-36mm-x-164mm\">V\u00e4rmeljus i aluminium<\/a> Kopparna \u00e4r 37,5 mm breda och 22 mm h\u00f6ga och \u00e4r fr\u00e4mst avsedda att anv\u00e4ndas med <a href=\"https:\/\/cosyowl.com\/sv\/guides\/the-truth-about-paraffin-wax-being-vegan-friendly\">paraffinvax<\/a>. Vekarna med st\u00f6d levereras separat - se annonser under \"Ljusvekar\" \/ produkt: <strong>T\u00e4ndstift f\u00f6r v\u00e4rmeljus (TL 15\/S.30) <a href=\"https:\/\/cosyowl.com\/sv\/candle-wicks\/tealight-wick-tl15\">40 mm l\u00e5ng<\/a><\/strong>.<\/p>\n<p>Viktig anm\u00e4rkning, placera inte v\u00e4rmeljuset <a href=\"https:\/\/cosyowl.com\/sv\/guides\/a-summers-beach-gel-votive-candle\">ljus<\/a> direkt p\u00e5 en br\u00e4nnbar yta eftersom beh\u00e5llarens botten kan bli mycket varm.<\/p>","protected":false},"excerpt":{"rendered":"<p>These Aluminium Tea Light Cups are 37.5mm wide x 22mm in height and for use predominantly with paraffin wax. The wicks with sustainers are supplied separately &#8211; see listings under &#8216;Candle Wicks&#8217; \/ product: Tea Light Wick (TL 15\/S.30) &#8211; 40mm Long. Important note, do not place the Tea Light candle directly onto a combustible [&hellip;]<\/p>\n","protected":false},"featured_media":54005,"comment_status":"open","ping_status":"closed","template":"","meta":{"_acf_changed":false},"product_brand":[],"product_cat":[501,502],"product_tag":[925],"class_list":{"0":"post-9995","1":"product","2":"type-product","3":"status-publish","4":"has-post-thumbnail","6":"product_cat-metal-containers","7":"product_cat-candle-containers-other-containers","8":"product_tag-tea-light-cup","9":"product_shipping_class-royal_mail","11":"first","12":"instock","13":"taxable","14":"shipping-taxable","15":"purchasable","16":"product-type-variable"},"acf":[],"_links":{"self":[{"href":"https:\/\/cosyowl.com\/sv\/wp-json\/wp\/v2\/product\/9995","targetHints":{"allow":["GET"]}}],"collection":[{"href":"https:\/\/cosyowl.com\/sv\/wp-json\/wp\/v2\/product"}],"about":[{"href":"https:\/\/cosyowl.com\/sv\/wp-json\/wp\/v2\/types\/product"}],"replies":[{"embeddable":true,"href":"https:\/\/cosyowl.com\/sv\/wp-json\/wp\/v2\/comments?post=9995"}],"wp:featuredmedia":[{"embeddable":true,"href":"https:\/\/cosyowl.com\/sv\/wp-json\/wp\/v2\/media\/54005"}],"wp:attachment":[{"href":"https:\/\/cosyowl.com\/sv\/wp-json\/wp\/v2\/media?parent=9995"}],"wp:term":[{"taxonomy":"product_brand","embeddable":true,"href":"https:\/\/cosyowl.com\/sv\/wp-json\/wp\/v2\/product_brand?post=9995"},{"taxonomy":"product_cat","embeddable":true,"href":"https:\/\/cosyowl.com\/sv\/wp-json\/wp\/v2\/product_cat?post=9995"},{"taxonomy":"product_tag","embeddable":true,"href":"https:\/\/cosyowl.com\/sv\/wp-json\/wp\/v2\/product_tag?post=9995"}],"curies":[{"name":"wp","href":"https:\/\/api.w.org\/{rel}","templated":true}]}}