{"id":9993,"date":"2021-01-10T06:00:00","date_gmt":"2021-01-10T06:00:00","guid":{"rendered":"https:\/\/cosyowl.com\/product\/uncategorized\/import-placeholder-for-tcdl-cwik-bowl-s5mt-ctcr-207"},"modified":"2026-04-27T11:26:03","modified_gmt":"2026-04-27T10:26:03","slug":"tcr-serie-veke-ra","status":"publish","type":"product","link":"https:\/\/cosyowl.com\/sv\/candle-wicks\/tcr-series-wick-raw","title":{"rendered":"TCR-seriens ljusveke - r\u00e5"},"content":{"rendered":"<p>Denna veke levereras i 5 meters l\u00e4ngder.<\/p>\n<p><a href=\"https:\/\/cosyowl.com\/sv\/\">Mysig uggla<\/a> TCR Wick, en h\u00f6gteknologisk <a href=\"https:\/\/cosyowl.com\/sv\/candle-wicks\/wedo-lx-wick-120mm\">kvalitet<\/a> Veken \u00e4r l\u00e4mplig f\u00f6r b\u00e5de vegetabiliska vaxer och sojavaxer, med eller utan f\u00e4rg\u00e4mnen och\/eller doft\u00e4mnen. Veken \u00e4r <a href=\"https:\/\/cosyowl.com\/sv\/candle-wicks\/wedo-lx-wick-raw\">r\u00e5<\/a>vilket inneb\u00e4r att den inte \u00e4r belagd med vax som andra typer av veken. TCR-veken \u00e4r en k\u00e4rnl\u00f6s veke som \u00e4r tillverkad av strukturerade papperstr\u00e5dar som ger den styvhet och \u00e4r sj\u00e4lvtrimmande, vilket inneb\u00e4r att det finns en minskad sannolikhet f\u00f6r svampbildning och produktion av r\u00f6k och sot.<\/p>\n<h3>Rekommendationer f\u00f6r Wick**<\/h3>\n<p><strong>Klicka p\u00e5 l\u00e4nken nedan f\u00f6r att utforska v\u00e5r veke <a href=\"https:\/\/cosyowl.com\/sv\/guides\/using-cotton-wicks-with-soyaluna-container-wax-recommendations\">rekommendationer<\/a> skr\u00e4ddarsydda f\u00f6r dina behov vid ljustillverkning.<\/strong><\/p>\n<p><a href=\"https:\/\/cosyowl.com\/sv\/guider\/procentsatser-och-matt\/?wmc-currency=EUR\">Cosy Owl Wick Rekommendationer<\/a><\/p>\n<p>*Observera att den rekommenderade m\u00e4ngden vax \u00e4r en <a href=\"https:\/\/cosyowl.com\/sv\/guides\/a-guide-to-creating-your-own-soap-products\">guide<\/a> och baseras p\u00e5 maxkapaciteten f\u00f6r den specifika beh\u00e5llaren. Det \u00e4r d\u00e4rf\u00f6r m\u00f6jligt att anv\u00e4nda mindre vax, men vi rekommenderar inte att man \u00f6verskrider den maximala kapaciteten. Vi rekommenderar att du anv\u00e4nder de angivna m\u00e4ngderna vax endast som en utg\u00e5ngspunkt och justerar dessa <a href=\"https:\/\/cosyowl.com\/sv\/guides\/weighing-fragrance\">m\u00e4tningar<\/a> enligt dina preferenser.<\/p>\n<p>**Observera att alla rekommendationer f\u00f6r veken endast baseras p\u00e5 anv\u00e4ndning med v\u00e5rt vax. Den minsta <a href=\"https:\/\/cosyowl.com\/sv\/guides\/candle-wick-size-chart\">Wick storlek<\/a> rekommenderas endast f\u00f6r anv\u00e4ndning med vax. Den st\u00f6rsta Wick-storlek som rekommenderas \u00e4r f\u00f6r anv\u00e4ndning n\u00e4r <a href=\"https:\/\/cosyowl.com\/sv\/candle-making-supplies\/fragrance-oils-for-candle-making\/premium-fragrance-oils\/cosy-owl-premium-1-million-type-fragrance-oil\">Doftolja<\/a> och\/eller f\u00e4rg\u00e4mne \u00e4r n\u00e4rvarande. All information som tillhandah\u00e5lls ska endast anv\u00e4ndas som en guide f\u00f6r att hj\u00e4lpa till att hitta en utg\u00e5ngspunkt n\u00e4r man experimenterar med vekar eftersom varierande temperaturer och <a href=\"https:\/\/cosyowl.com\/sv\/guides\/2023-spring-fragrance-oil-trends\">Doftoljor<\/a> p\u00e5verkar hur framg\u00e5ngsrik en Wick \u00e4r.<\/p>","protected":false},"excerpt":{"rendered":"<p>This wick is supplied in 5 metre lengths. Cosy Owl supplies TCR Wick, a high quality wick appropriate for both vegetable and soy waxes whether with or without dye and\/or fragrances. The wick is raw, which means it is not coated with wax as with other types of wick. TCR wick is a coreless wick [&hellip;]<\/p>\n","protected":false},"featured_media":11925,"comment_status":"open","ping_status":"closed","template":"","meta":{"_acf_changed":false},"product_brand":[],"product_cat":[499],"product_tag":[943],"class_list":{"0":"post-9993","1":"product","2":"type-product","3":"status-publish","4":"has-post-thumbnail","6":"product_cat-candle-wicks","7":"product_tag-wicks-tcr-series","9":"first","10":"instock","11":"taxable","12":"shipping-taxable","13":"purchasable","14":"product-type-variable"},"acf":[],"_links":{"self":[{"href":"https:\/\/cosyowl.com\/sv\/wp-json\/wp\/v2\/product\/9993","targetHints":{"allow":["GET"]}}],"collection":[{"href":"https:\/\/cosyowl.com\/sv\/wp-json\/wp\/v2\/product"}],"about":[{"href":"https:\/\/cosyowl.com\/sv\/wp-json\/wp\/v2\/types\/product"}],"replies":[{"embeddable":true,"href":"https:\/\/cosyowl.com\/sv\/wp-json\/wp\/v2\/comments?post=9993"}],"wp:featuredmedia":[{"embeddable":true,"href":"https:\/\/cosyowl.com\/sv\/wp-json\/wp\/v2\/media\/11925"}],"wp:attachment":[{"href":"https:\/\/cosyowl.com\/sv\/wp-json\/wp\/v2\/media?parent=9993"}],"wp:term":[{"taxonomy":"product_brand","embeddable":true,"href":"https:\/\/cosyowl.com\/sv\/wp-json\/wp\/v2\/product_brand?post=9993"},{"taxonomy":"product_cat","embeddable":true,"href":"https:\/\/cosyowl.com\/sv\/wp-json\/wp\/v2\/product_cat?post=9993"},{"taxonomy":"product_tag","embeddable":true,"href":"https:\/\/cosyowl.com\/sv\/wp-json\/wp\/v2\/product_tag?post=9993"}],"curies":[{"name":"wp","href":"https:\/\/api.w.org\/{rel}","templated":true}]}}