{"id":9964,"date":"2021-01-10T06:00:00","date_gmt":"2021-01-10T06:00:00","guid":{"rendered":"https:\/\/cosyowl.com\/product\/uncategorized\/import-placeholder-for-tcdl-cwik-bwed-s5mt-clx-206"},"modified":"2026-03-03T13:43:52","modified_gmt":"2026-03-03T13:43:52","slug":"wedo-lx-wick-raw","status":"publish","type":"product","link":"https:\/\/cosyowl.com\/sv\/candle-wicks\/wedo-lx-wick-raw","title":{"rendered":"Wedo LX ljusveke - r\u00e5"},"content":{"rendered":"<p>Denna veke levereras i 5 meters l\u00e4ngder.<\/p>\n<p><a href=\"https:\/\/cosyowl.com\/sv\/\">Mysig uggla<\/a> levererar Wedo-veken i LX-serien som \u00e4r avsedd f\u00f6r beh\u00e5llare och frist\u00e5ende ljus som huvudsakligen \u00e4r tillverkade av <a href=\"https:\/\/cosyowl.com\/sv\/guides\/the-truth-about-paraffin-wax-being-vegan-friendly\">paraffinvax<\/a> men fungerar ocks\u00e5 bra i blandningar som inneh\u00e5ller vegetabiliskt vax. Dessutom ger serien h\u00f6g prestanda med normala doft- och f\u00e4rgkoncentrationer. Serien har sin egen <a href=\"https:\/\/cosyowl.com\/sv\/candle-making-supplies\/fragrance-oils-for-candle-making\/all-fragrances\/alien-type-fragrance-oil\">unik<\/a> \"X\" kemisk behandling. Den k\u00e4rnl\u00f6sa vekekonstruktionen med extra stabilitetsg\u00e4ngor ger utm\u00e4rkt strukturell styrka f\u00f6r anv\u00e4ndning vid b\u00e5de gjutning\/gjutning och pressning <a href=\"https:\/\/cosyowl.com\/sv\/guides\/a-summers-beach-gel-votive-candle\">ljus<\/a> tillverkningsverksamhet.<\/p>\n<p>LX-serien tillverkas uteslutande av ringspunnen bomull av h\u00f6gsta kvalitet. Detta f\u00f6rb\u00e4ttrar den \u00f6vergripande konsistensen, vilket bidrar till att ljustillverkningen g\u00e5r smidigare och ger b\u00e4ttre br\u00e4nnresultat.<\/p>\n<p>Wedos vekar kombinerar vekmaterial av h\u00f6gsta kvalitet, toppmodern fl\u00e4tnings- och spolningsteknik samt bepr\u00f6vade, testade och <a href=\"https:\/\/cosyowl.com\/sv\/finance-accepted\">godk\u00e4nd<\/a> kemiska behandlingar f\u00f6r att ge den renaste och s\u00e4kraste m\u00f6jliga f\u00f6rbr\u00e4nningen av materialen i fr\u00e5ga. Materialen och processerna s\u00e4kerst\u00e4ller ocks\u00e5 en konsekvent produkt <a href=\"https:\/\/cosyowl.com\/sv\/candle-wicks\/wedo-lx-wick-120mm\">kvalitet<\/a> fr\u00e5n b\u00f6rjan till slut och fr\u00e5n batch till batch. Den sj\u00e4lvtrimmande veken minimerar eller eliminerar bildandet av kolavlagringar och minskar kraftigt eftergl\u00f6den. Som ackrediterad leverant\u00f6r tillverkar Wedo endast vekar som uppfyller de str\u00e4nga kraven i den europeiska kvalitetsst\u00e4mpeln RAL GZ 041. Wedo \u00e4r certifierat enligt EN ISO 9001:2008.<\/p>\n<h3>Rekommendationer f\u00f6r Wick**<\/h3>\n<p><strong>Klicka p\u00e5 l\u00e4nken nedan f\u00f6r att utforska v\u00e5r veke <a href=\"https:\/\/cosyowl.com\/sv\/guides\/using-cotton-wicks-with-soyaluna-container-wax-recommendations\">rekommendationer<\/a> skr\u00e4ddarsydda f\u00f6r dina behov vid ljustillverkning.<\/strong><\/p>\n<p><a href=\"https:\/\/cosyowl.com\/sv\/guider\/procentsatser-och-matt\/?wmc-currency=EUR\">Cosy Owl Wick Rekommendationer<\/a><\/p>\n<p>*Observera att den rekommenderade m\u00e4ngden vax \u00e4r en <a href=\"https:\/\/cosyowl.com\/sv\/guides\/a-guide-to-creating-your-own-soap-products\">guide<\/a> och baseras p\u00e5 maxkapaciteten f\u00f6r den specifika beh\u00e5llaren. Det \u00e4r d\u00e4rf\u00f6r m\u00f6jligt att anv\u00e4nda mindre vax, men vi rekommenderar inte att man \u00f6verskrider den maximala kapaciteten. Vi rekommenderar att du anv\u00e4nder de angivna m\u00e4ngderna vax endast som en utg\u00e5ngspunkt och justerar dessa <a href=\"https:\/\/cosyowl.com\/sv\/guides\/weighing-fragrance\">m\u00e4tningar<\/a> enligt dina preferenser.<\/p>\n<p>**Observera att alla rekommendationer f\u00f6r veken endast baseras p\u00e5 anv\u00e4ndning med v\u00e5rt vax. Den minsta <a href=\"https:\/\/cosyowl.com\/sv\/guides\/candle-wick-size-chart\">Wick storlek<\/a> rekommenderas endast f\u00f6r anv\u00e4ndning med vax. Den st\u00f6rsta Wick-storlek som rekommenderas \u00e4r f\u00f6r anv\u00e4ndning n\u00e4r <a href=\"https:\/\/cosyowl.com\/sv\/candle-making-supplies\/fragrance-oils-for-candle-making\/premium-fragrance-oils\/cosy-owl-premium-1-million-type-fragrance-oil\">Doftolja<\/a> och\/eller f\u00e4rg\u00e4mne \u00e4r n\u00e4rvarande. All information som tillhandah\u00e5lls ska endast anv\u00e4ndas som en guide f\u00f6r att hj\u00e4lpa till att hitta en utg\u00e5ngspunkt n\u00e4r man experimenterar med vekar eftersom varierande temperaturer och <a href=\"https:\/\/cosyowl.com\/sv\/guides\/2023-spring-fragrance-oil-trends\">Doftoljor<\/a> p\u00e5verkar hur framg\u00e5ngsrik en Wick \u00e4r.<\/p>","protected":false},"excerpt":{"rendered":"<p>This wick is supplied in 5 metre lengths. Cosy Owl supplies the LX series Wedo wick which is designed for containers and free standing candles made primarily of paraffin wax but also performs well in blends containing vegetable wax. In addition, the series gives high performance with normal fragrance loads and color concentrations. The series [&hellip;]<\/p>\n","protected":false},"featured_media":11924,"comment_status":"open","ping_status":"closed","template":"","meta":{"_acf_changed":false},"product_brand":[],"product_cat":[499],"product_tag":[945],"class_list":{"0":"post-9964","1":"product","2":"type-product","3":"status-publish","4":"has-post-thumbnail","6":"product_cat-candle-wicks","7":"product_tag-wicks-lx-series","9":"first","10":"instock","11":"taxable","12":"shipping-taxable","13":"purchasable","14":"product-type-variable"},"acf":[],"_links":{"self":[{"href":"https:\/\/cosyowl.com\/sv\/wp-json\/wp\/v2\/product\/9964","targetHints":{"allow":["GET"]}}],"collection":[{"href":"https:\/\/cosyowl.com\/sv\/wp-json\/wp\/v2\/product"}],"about":[{"href":"https:\/\/cosyowl.com\/sv\/wp-json\/wp\/v2\/types\/product"}],"replies":[{"embeddable":true,"href":"https:\/\/cosyowl.com\/sv\/wp-json\/wp\/v2\/comments?post=9964"}],"wp:featuredmedia":[{"embeddable":true,"href":"https:\/\/cosyowl.com\/sv\/wp-json\/wp\/v2\/media\/11924"}],"wp:attachment":[{"href":"https:\/\/cosyowl.com\/sv\/wp-json\/wp\/v2\/media?parent=9964"}],"wp:term":[{"taxonomy":"product_brand","embeddable":true,"href":"https:\/\/cosyowl.com\/sv\/wp-json\/wp\/v2\/product_brand?post=9964"},{"taxonomy":"product_cat","embeddable":true,"href":"https:\/\/cosyowl.com\/sv\/wp-json\/wp\/v2\/product_cat?post=9964"},{"taxonomy":"product_tag","embeddable":true,"href":"https:\/\/cosyowl.com\/sv\/wp-json\/wp\/v2\/product_tag?post=9964"}],"curies":[{"name":"wp","href":"https:\/\/api.w.org\/{rel}","templated":true}]}}