{"id":9903,"date":"2021-01-10T06:00:00","date_gmt":"2021-01-10T06:00:00","guid":{"rendered":"https:\/\/cosyowl.com\/product\/uncategorized\/import-placeholder-for-tcdl-cwik-bowl-ctcr-204"},"modified":"2026-05-06T11:12:10","modified_gmt":"2026-05-06T10:12:10","slug":"tcr-serie-veke-120mm-lang","status":"publish","type":"product","link":"https:\/\/cosyowl.com\/sv\/candle-wicks\/tcr-series-wick-120mm","title":{"rendered":"TCR-seriens ljusveke - 120 mm l\u00e5ng"},"content":{"rendered":"<p><a href=\"https:\/\/cosyowl.com\/sv\/\">Mysig uggla<\/a> TCR Wick, en h\u00f6gteknologisk <a href=\"https:\/\/cosyowl.com\/sv\/candle-wicks\/wedo-lx-wick-raw\">kvalitet<\/a> veke som passar f\u00f6r b\u00e5de vegetabiliska vaxer och sojavaxer, med eller utan f\u00e4rg\u00e4mnen och\/eller doft\u00e4mnen. Veken \u00e4r redan fast integrerad i en h\u00e5llare (metallflik) som \u00e4r redo att placeras i en v\u00e4rmet\u00e5lig beh\u00e5llare. TCR-veken har pappersstrukturerade tr\u00e5dar som ger en h\u00f6g styvhet och \u00e4r sj\u00e4lvtrimmande, vilket inneb\u00e4r att det finns en minskad sannolikhet f\u00f6r svampbildning och produktion av r\u00f6k och sot.<\/p>\n<p>Vekarna i TCR-serien \u00e4r 120 mm l\u00e5nga och f\u00f6rvaras i en 15 mm x 3 mm x 2,4 mm metallh\u00e5llare. <strong>Namnet som ges till varje vekealternativ \u00e5terspeglar den inre bunten och den yttre manteln av tr\u00e5dar. TCR 33\/18 \u00e4r t.ex. st\u00f6rre \u00e4n TCR 30\/18 eftersom den inneh\u00e5ller fler bomullstr\u00e5dar p\u00e5 insidan, trots att b\u00e5da har samma m\u00e4ngd p\u00e5 utsidan.<\/strong><\/p>\n<h3>Rekommendationer f\u00f6r Wick**<\/h3>\n<p><strong>Klicka p\u00e5 l\u00e4nken nedan f\u00f6r att utforska v\u00e5r veke <a href=\"https:\/\/cosyowl.com\/sv\/guides\/using-cotton-wicks-with-soyaluna-container-wax-recommendations\">rekommendationer<\/a> skr\u00e4ddarsydda f\u00f6r dina behov vid ljustillverkning.<\/strong><\/p>\n<p><a href=\"https:\/\/cosyowl.com\/sv\/guider\/procentsatser-och-matt\/?wmc-currency=EUR\">Cosy Owl Wick Rekommendationer<\/a><\/p>\n<p>*Observera att den rekommenderade m\u00e4ngden vax \u00e4r en <a href=\"https:\/\/cosyowl.com\/sv\/guides\/a-guide-to-creating-your-own-soap-products\">guide<\/a> och baseras p\u00e5 maxkapaciteten f\u00f6r den specifika beh\u00e5llaren. Det \u00e4r d\u00e4rf\u00f6r m\u00f6jligt att anv\u00e4nda mindre vax, men vi rekommenderar inte att man \u00f6verskrider den maximala kapaciteten. Vi rekommenderar att du anv\u00e4nder de angivna m\u00e4ngderna vax endast som en utg\u00e5ngspunkt och justerar dessa <a href=\"https:\/\/cosyowl.com\/sv\/guides\/weighing-fragrance\">m\u00e4tningar<\/a> enligt dina preferenser.<\/p>\n<p>**Observera att alla rekommendationer f\u00f6r veken endast baseras p\u00e5 anv\u00e4ndning med v\u00e5rt vax. Den minsta <a href=\"https:\/\/cosyowl.com\/sv\/guides\/candle-wick-size-chart\">Wick storlek<\/a> rekommenderas endast f\u00f6r anv\u00e4ndning med vax. Den st\u00f6rsta Wick-storlek som rekommenderas \u00e4r f\u00f6r anv\u00e4ndning n\u00e4r <a href=\"https:\/\/cosyowl.com\/sv\/candle-making-supplies\/fragrance-oils-for-candle-making\/premium-fragrance-oils\/cosy-owl-premium-1-million-type-fragrance-oil\">Doftolja<\/a> och\/eller f\u00e4rg\u00e4mne \u00e4r n\u00e4rvarande. All information som tillhandah\u00e5lls ska endast anv\u00e4ndas som en guide f\u00f6r att hj\u00e4lpa till att hitta en utg\u00e5ngspunkt n\u00e4r man experimenterar med vekar eftersom varierande temperaturer och <a href=\"https:\/\/cosyowl.com\/sv\/guides\/2023-spring-fragrance-oil-trends\">Doftoljor<\/a> p\u00e5verkar hur framg\u00e5ngsrik en Wick \u00e4r.<\/p>","protected":false},"excerpt":{"rendered":"<p>Cosy Owl supplies TCR Wick, a high quality wick appropriate for both vegetable and soy waxes whether with or without dye and\/or fragrances. The wick is already firmly incorporated into a sustainer (metal tab) ready for placing into a heat resistant container. TCR wick has paper structured threads that provides a high level of stiffness [&hellip;]<\/p>\n","protected":false},"featured_media":11922,"comment_status":"open","ping_status":"closed","template":"","meta":{"_acf_changed":false},"product_brand":[],"product_cat":[499],"product_tag":[943],"class_list":{"0":"post-9903","1":"product","2":"type-product","3":"status-publish","4":"has-post-thumbnail","6":"product_cat-candle-wicks","7":"product_tag-wicks-tcr-series","9":"first","10":"instock","11":"taxable","12":"shipping-taxable","13":"purchasable","14":"product-type-variable"},"acf":[],"_links":{"self":[{"href":"https:\/\/cosyowl.com\/sv\/wp-json\/wp\/v2\/product\/9903","targetHints":{"allow":["GET"]}}],"collection":[{"href":"https:\/\/cosyowl.com\/sv\/wp-json\/wp\/v2\/product"}],"about":[{"href":"https:\/\/cosyowl.com\/sv\/wp-json\/wp\/v2\/types\/product"}],"replies":[{"embeddable":true,"href":"https:\/\/cosyowl.com\/sv\/wp-json\/wp\/v2\/comments?post=9903"}],"wp:featuredmedia":[{"embeddable":true,"href":"https:\/\/cosyowl.com\/sv\/wp-json\/wp\/v2\/media\/11922"}],"wp:attachment":[{"href":"https:\/\/cosyowl.com\/sv\/wp-json\/wp\/v2\/media?parent=9903"}],"wp:term":[{"taxonomy":"product_brand","embeddable":true,"href":"https:\/\/cosyowl.com\/sv\/wp-json\/wp\/v2\/product_brand?post=9903"},{"taxonomy":"product_cat","embeddable":true,"href":"https:\/\/cosyowl.com\/sv\/wp-json\/wp\/v2\/product_cat?post=9903"},{"taxonomy":"product_tag","embeddable":true,"href":"https:\/\/cosyowl.com\/sv\/wp-json\/wp\/v2\/product_tag?post=9903"}],"curies":[{"name":"wp","href":"https:\/\/api.w.org\/{rel}","templated":true}]}}