{"id":9757,"date":"2021-01-10T05:59:55","date_gmt":"2021-01-10T05:59:55","guid":{"rendered":"https:\/\/cosyowl.com\/product\/uncategorized\/import-placeholder-for-tcdl-cdye-bbek-lyel-184"},"modified":"2026-03-03T13:43:33","modified_gmt":"2026-03-03T13:43:33","slug":"bekro-10-937-gul-ljusfarg","status":"publish","type":"product","link":"https:\/\/cosyowl.com\/sv\/candle-dyes\/bekro-10-937-yellow-candle-dye","title":{"rendered":"Bekro 10\/937 Gul ljusf\u00e4rg"},"content":{"rendered":"<p>Dessa <a href=\"https:\/\/cosyowl.com\/sv\/craft-supplies\/wax-melt-supplies\/mica-powder-glitter\/light-copper-biodegradable-candle-glitter\">milj\u00f6v\u00e4nlig<\/a>De giftfria f\u00e4rg\u00e4mnena \u00e4r h\u00f6gkoncentrerade, l\u00e4tta att arbeta med och ger ett stort f\u00e4rgdjup. F\u00e4rgen tills\u00e4tts helt enkelt och r\u00f6rs om i det sm\u00e4lta vaxet och f\u00f6rdelas j\u00e4mnt i hela vaxet f\u00f6r att ge den konsistens som kr\u00e4vs. Resultatet \u00e4r en <a href=\"https:\/\/cosyowl.com\/sv\/guides\/a-summers-beach-gel-votive-candle\">ljus<\/a> med en f\u00e4rgs\u00e4ttning som inte skiljer sig fr\u00e5n dem som produceras professionellt. Cosy Owl's konkurrenskraftiga priser g\u00f6r professionell niv\u00e5 <a href=\"https:\/\/cosyowl.com\/sv\/guides\/how-to-make-a-candle\">tillverkning av ljus<\/a> mycket prisv\u00e4rd och fantastiskt v\u00e4rde f\u00f6r pengarna.<\/p>\n<p>Olika f\u00e4rg\u00e4mnen kan blandas i vaxet f\u00f6r att skapa kompositf\u00e4rger, vilket g\u00f6r att du kan experimentera med dina kreativa f\u00e4rdigheter f\u00f6r att producera ljus som passar perfekt in i estetiken i alla rum; matcha eller komplettera f\u00e4rgen p\u00e5 v\u00e4ggar, m\u00f6bler, gardiner, kuddar och mattor.<\/p>\n<p>En p\u00e5se p\u00e5 10 gram r\u00e4cker f\u00f6r att tillverka upp till 10 kg f\u00e4rgat vax - detta kan variera beroende p\u00e5 hur intensiv f\u00e4rg som \u00f6nskas. Observera att bilden av den fasta f\u00e4rgen (som visas ovan) inte alltid visar ljusets f\u00e4rg n\u00e4r det \u00e4r f\u00e4rdigt. Klicka p\u00e5 bilden av ljuset som visas ovan f\u00f6r att se den faktiska f\u00e4rgen. Denna produkt \u00e4r inte l\u00e4mplig f\u00f6r anv\u00e4ndning med gelvax.<\/p>","protected":false},"excerpt":{"rendered":"<p>These eco-friendly, non-toxic dyes are highly concentrated, easy to work with and provide a great depth of colour. The dye is very simply added and stirred into the molten wax and dissipates evenly throughout the wax providing the consistency required. The result is a candle with a colouration no different to those which are professionally [&hellip;]<\/p>\n","protected":false},"featured_media":11900,"comment_status":"open","ping_status":"closed","template":"","meta":{"_acf_changed":false},"product_brand":[],"product_cat":[496,497,790],"product_tag":[916,1595],"class_list":{"0":"post-9757","1":"product","2":"type-product","3":"status-publish","4":"has-post-thumbnail","6":"product_cat-candle-dyes","7":"product_cat-wax-melts-dyes","8":"product_cat-easter","9":"product_tag-dye","10":"product_tag-easter","12":"first","13":"instock","14":"taxable","15":"shipping-taxable","16":"purchasable","17":"product-type-variable"},"acf":[],"_links":{"self":[{"href":"https:\/\/cosyowl.com\/sv\/wp-json\/wp\/v2\/product\/9757","targetHints":{"allow":["GET"]}}],"collection":[{"href":"https:\/\/cosyowl.com\/sv\/wp-json\/wp\/v2\/product"}],"about":[{"href":"https:\/\/cosyowl.com\/sv\/wp-json\/wp\/v2\/types\/product"}],"replies":[{"embeddable":true,"href":"https:\/\/cosyowl.com\/sv\/wp-json\/wp\/v2\/comments?post=9757"}],"wp:featuredmedia":[{"embeddable":true,"href":"https:\/\/cosyowl.com\/sv\/wp-json\/wp\/v2\/media\/11900"}],"wp:attachment":[{"href":"https:\/\/cosyowl.com\/sv\/wp-json\/wp\/v2\/media?parent=9757"}],"wp:term":[{"taxonomy":"product_brand","embeddable":true,"href":"https:\/\/cosyowl.com\/sv\/wp-json\/wp\/v2\/product_brand?post=9757"},{"taxonomy":"product_cat","embeddable":true,"href":"https:\/\/cosyowl.com\/sv\/wp-json\/wp\/v2\/product_cat?post=9757"},{"taxonomy":"product_tag","embeddable":true,"href":"https:\/\/cosyowl.com\/sv\/wp-json\/wp\/v2\/product_tag?post=9757"}],"curies":[{"name":"wp","href":"https:\/\/api.w.org\/{rel}","templated":true}]}}