{"id":9754,"date":"2021-01-10T05:59:00","date_gmt":"2021-01-10T05:59:00","guid":{"rendered":"https:\/\/cosyowl.com\/product\/uncategorized\/import-placeholder-for-tcdl-cwax-bker-n4600-cppp-181"},"modified":"2026-03-03T13:43:33","modified_gmt":"2026-03-03T13:43:33","slug":"kerawax-4600-paraffin-pelarvax","status":"publish","type":"product","link":"https:\/\/cosyowl.com\/sv\/candle-making-supplies\/candle-wax\/paraffin-wax\/kerawax-4600-paraffin-pillar-wax","title":{"rendered":"KeraWax 4600 Paraffinpelarvax"},"content":{"rendered":"<p>Detta <a href=\"https:\/\/cosyowl.com\/sv\/craft-supplies\/wax-melt-supplies\/mica-powder-glitter\/light-copper-biodegradable-candle-glitter\">milj\u00f6v\u00e4nlig<\/a> <a href=\"https:\/\/cosyowl.com\/sv\/guides\/the-truth-about-paraffin-wax-being-vegan-friendly\">paraffinvax<\/a> \u00e4r speciellt utvecklat f\u00f6r att producera blockljus och f\u00f6r anv\u00e4ndning i formar f\u00f6r att skapa ljus av professionell standard. Precis som v\u00e5rt Blended Container Wax har det utm\u00e4rkta egenskaper f\u00f6r att m\u00f6jligg\u00f6ra ytterligare blandning med v\u00e5rt h\u00f6gkvalitativa <a href=\"https:\/\/cosyowl.com\/sv\/candle-wicks\/wedo-lx-wick-raw\">kvalitet<\/a> doft\u00e4mnen och f\u00e4rg\u00e4mnen.<\/p>\n<p>Vaxet g\u00f6r att du kan skapa ljus som har en sl\u00e4t och glansig yta, som blir \u00e4nnu b\u00e4ttre med en f\u00e4rg som matchar eller kompletterar estetiken i ditt rum. Detta vax kommer i form av pastiller och n\u00e4r det v\u00e4l har stelnat <a href=\"https:\/\/cosyowl.com\/sv\/guides\/a-summers-beach-gel-votive-candle\">ljus<\/a> \u00e4r l\u00e4tt att ta bort fr\u00e5n formen. N\u00e4r vaxet stelnar krymper det n\u00e5got fr\u00e5n formens kanter, vilket \u00e4r fallet med pillar blend-vax. Vi rekommenderar att du l\u00e5ter ljuset st\u00e5 i rumstemperatur i 24-48 timmar innan du tar ut det ur formen.<\/p>\n<p>Det finns olika typer av veken, men vi rekommenderar att du anv\u00e4nder v\u00e5r LX-serie f\u00f6r en <a href=\"https:\/\/cosyowl.com\/sv\/candle-making-supplies\/glitters\/pure-white-biodegradable\">ren<\/a> och l\u00e5ngvarig brinntid. <a href=\"https:\/\/cosyowl.com\/sv\/\">Mysig uggla<\/a> Detta vax kommer fr\u00e5n en mycket v\u00e4lrenommerad och specialiserad brittisk tillverkare och finns i kvantiteter om 800 gram, 5 kg och 25 kg.<\/p>","protected":false},"excerpt":{"rendered":"<p>This eco-friendly paraffin wax is specifically developed to produce pillar candles and for use in moulds to create candles of a professional standard. As with our Blended Container Wax it has excellent qualities to allow further blending with our high quality fragrances and dyes. The wax will allow you to create candles which have a [&hellip;]<\/p>\n","protected":false},"featured_media":53340,"comment_status":"open","ping_status":"closed","template":"","meta":{"_acf_changed":false},"product_brand":[],"product_cat":[492,495],"product_tag":[928],"class_list":{"0":"post-9754","1":"product","2":"type-product","3":"status-publish","4":"has-post-thumbnail","6":"product_cat-paraffin-wax","7":"product_cat-wax-melts-wax","8":"product_tag-wax","10":"first","11":"instock","12":"taxable","13":"shipping-taxable","14":"purchasable","15":"product-type-variable"},"acf":[],"_links":{"self":[{"href":"https:\/\/cosyowl.com\/sv\/wp-json\/wp\/v2\/product\/9754","targetHints":{"allow":["GET"]}}],"collection":[{"href":"https:\/\/cosyowl.com\/sv\/wp-json\/wp\/v2\/product"}],"about":[{"href":"https:\/\/cosyowl.com\/sv\/wp-json\/wp\/v2\/types\/product"}],"replies":[{"embeddable":true,"href":"https:\/\/cosyowl.com\/sv\/wp-json\/wp\/v2\/comments?post=9754"}],"wp:featuredmedia":[{"embeddable":true,"href":"https:\/\/cosyowl.com\/sv\/wp-json\/wp\/v2\/media\/53340"}],"wp:attachment":[{"href":"https:\/\/cosyowl.com\/sv\/wp-json\/wp\/v2\/media?parent=9754"}],"wp:term":[{"taxonomy":"product_brand","embeddable":true,"href":"https:\/\/cosyowl.com\/sv\/wp-json\/wp\/v2\/product_brand?post=9754"},{"taxonomy":"product_cat","embeddable":true,"href":"https:\/\/cosyowl.com\/sv\/wp-json\/wp\/v2\/product_cat?post=9754"},{"taxonomy":"product_tag","embeddable":true,"href":"https:\/\/cosyowl.com\/sv\/wp-json\/wp\/v2\/product_tag?post=9754"}],"curies":[{"name":"wp","href":"https:\/\/api.w.org\/{rel}","templated":true}]}}