{"id":9753,"date":"2021-01-10T05:59:00","date_gmt":"2021-01-10T05:59:00","guid":{"rendered":"https:\/\/cosyowl.com\/product\/uncategorized\/import-placeholder-for-tcdl-cwax-bker-n4105-cpcp-180"},"modified":"2026-03-24T17:11:56","modified_gmt":"2026-03-24T17:11:56","slug":"kerawax-4105-vax-for-paraffinbehallare","status":"publish","type":"product","link":"https:\/\/cosyowl.com\/sv\/candle-making-supplies\/candle-wax\/paraffin-wax\/kerawax-4105-paraffin-container-wax","title":{"rendered":"KeraWax 4105 Vax f\u00f6r beh\u00e5llare av paraffin"},"content":{"rendered":"<p>Detta <a href=\"https:\/\/cosyowl.com\/sv\/craft-supplies\/wax-melt-supplies\/mica-powder-glitter\/light-copper-biodegradable-candle-glitter\">milj\u00f6v\u00e4nlig<\/a> blandning av <a href=\"https:\/\/cosyowl.com\/sv\/guides\/the-truth-about-paraffin-wax-being-vegan-friendly\">paraffinvax<\/a> och vegetabiliska vaxer \u00e4r speciellt utvecklat f\u00f6r att producera ljus som formas i beh\u00e5llare och till en lyxig och professionell standard, inte annorlunda \u00e4n de som k\u00f6ps i m\u00e5nga detaljhandelsbutiker. Precis som v\u00e5rt Pillar Wax har det utm\u00e4rkta egenskaper som g\u00f6r det m\u00f6jligt att blanda det med v\u00e5ra h\u00f6gkvalitativa <a href=\"https:\/\/cosyowl.com\/sv\/candle-wicks\/wedo-lx-wick-raw\">kvalitet<\/a> doft\u00e4mnen och f\u00e4rg\u00e4mnen.<\/p>\n<p>Vaxet g\u00f6r att du kan skapa ljus i alla typer av v\u00e4rmebest\u00e4ndiga beh\u00e5llare med full vidh\u00e4ftning till den h\u00e5rda interi\u00f6ren. Glasbeh\u00e5llare \u00e4r de vanligaste och estetiskt tilltalande. N\u00e4r ljuset <a href=\"https:\/\/cosyowl.com\/sv\/guides\/a-summers-beach-gel-votive-candle\">ljus<\/a> har t\u00f6mts kan beh\u00e5llaren reng\u00f6ras och \u00e5teranv\u00e4ndas (se v\u00e5r <a href=\"https:\/\/cosyowl.com\/sv\/guides\/a-guide-to-creating-your-own-soap-products\">guide<\/a> p\u00e5 <a href=\"https:\/\/cosyowl.com\/sv\/guides\/how-to-make-a-candle\">tillverkning av ljus<\/a> f\u00f6r mer information om hur du reng\u00f6r din beh\u00e5llare). Det \u00e4r b\u00e4st att undvika att anv\u00e4nda plastbeh\u00e5llare.<\/p>\n<p><a href=\"https:\/\/cosyowl.com\/sv\/\">Mysig uggla<\/a> Detta vax kommer fr\u00e5n en mycket v\u00e4lrenommerad och specialiserad brittisk tillverkare och levereras i kvantiteter om 800 gram, 5 kg, 10 kg och 25 kg.<\/p>","protected":false},"excerpt":{"rendered":"<p>This eco-friendly blend of paraffin wax and vegetable waxes is specifically developed to produce candles formed in containers and to a luxurious and professional standard, no different from those purchased in many retail outlets. As with our Pillar Wax, it has excellent qualities to allow further blending with our high quality fragrances and dyes. The [&hellip;]<\/p>\n","protected":false},"featured_media":53341,"comment_status":"open","ping_status":"closed","template":"","meta":{"_acf_changed":false},"product_brand":[],"product_cat":[492],"product_tag":[928],"class_list":{"0":"post-9753","1":"product","2":"type-product","3":"status-publish","4":"has-post-thumbnail","6":"product_cat-paraffin-wax","7":"product_tag-wax","9":"first","10":"instock","11":"taxable","12":"shipping-taxable","13":"purchasable","14":"product-type-variable"},"acf":[],"_links":{"self":[{"href":"https:\/\/cosyowl.com\/sv\/wp-json\/wp\/v2\/product\/9753","targetHints":{"allow":["GET"]}}],"collection":[{"href":"https:\/\/cosyowl.com\/sv\/wp-json\/wp\/v2\/product"}],"about":[{"href":"https:\/\/cosyowl.com\/sv\/wp-json\/wp\/v2\/types\/product"}],"replies":[{"embeddable":true,"href":"https:\/\/cosyowl.com\/sv\/wp-json\/wp\/v2\/comments?post=9753"}],"wp:featuredmedia":[{"embeddable":true,"href":"https:\/\/cosyowl.com\/sv\/wp-json\/wp\/v2\/media\/53341"}],"wp:attachment":[{"href":"https:\/\/cosyowl.com\/sv\/wp-json\/wp\/v2\/media?parent=9753"}],"wp:term":[{"taxonomy":"product_brand","embeddable":true,"href":"https:\/\/cosyowl.com\/sv\/wp-json\/wp\/v2\/product_brand?post=9753"},{"taxonomy":"product_cat","embeddable":true,"href":"https:\/\/cosyowl.com\/sv\/wp-json\/wp\/v2\/product_cat?post=9753"},{"taxonomy":"product_tag","embeddable":true,"href":"https:\/\/cosyowl.com\/sv\/wp-json\/wp\/v2\/product_tag?post=9753"}],"curies":[{"name":"wp","href":"https:\/\/api.w.org\/{rel}","templated":true}]}}