{"id":84785,"date":"2024-10-10T16:07:06","date_gmt":"2024-10-10T15:07:06","guid":{"rendered":"https:\/\/cosyowl.com\/?post_type=product&#038;p=84785"},"modified":"2026-04-08T12:05:12","modified_gmt":"2026-04-08T11:05:12","slug":"parfymalkoholbas-for-blandning-av-doftoljor-for-att-gora-parfymer-och-cologner","status":"publish","type":"product","link":"https:\/\/cosyowl.com\/sv\/uncategorised\/perfumers-alcohol-base-for-blending-fragrance-oils-to-make-perfumes-and-colognes","title":{"rendered":"Parfymalkohol - bas f\u00f6r blandning av doftoljor f\u00f6r att g\u00f6ra parfymer och cologner"},"content":{"rendered":"<h3>Parfymalkohol - bas f\u00f6r blandning av doftoljor f\u00f6r att g\u00f6ra parfymer och cologner<\/h3>\n<p>Perfumers Alcohol \u00e4r en specialiserad bas f\u00f6r blandning <a href=\"https:\/\/cosyowl.com\/sv\/guides\/2023-spring-fragrance-oil-trends\">doftoljor<\/a> f\u00f6r att skapa parfymer, cologner och diffusoroljor. L\u00e4mplig f\u00f6r b\u00e5de proffs och hobbyister, denna <a href=\"https:\/\/cosyowl.com\/sv\/candle-making-extras\/50mm-candle-safety-label-white-black-text\">klar<\/a> l\u00f6sning s\u00e4kerst\u00e4ller att blandade dofter f\u00f6rblir <a href=\"https:\/\/cosyowl.com\/sv\/guides\/cmrs-and-phthalates-in-fragrance-oils\">fri fr\u00e5n<\/a> grumlighet. Den inneh\u00e5ller tre huvudingredienser - denaturerad etanol, isopropylmyristat och monopropylenglykol - som hj\u00e4lper till med doftdispersion och kontrollerad avdunstning.<\/p>\n<h4>Viktiga egenskaper:<\/h4>\n<ul>\n<li><strong>Formel av professionell kvalitet<\/strong>: Perfekt f\u00f6r att blanda doftoljor, <a href=\"https:\/\/cosyowl.com\/sv\/guides\/essential-oil-benefits\">eteriska oljor<\/a>och absoluta.<\/li>\n<li><strong>Luktfri och klar<\/strong>: S\u00e4kerst\u00e4ller att den sanna doften av din doft lyser utan st\u00f6rningar.<\/li>\n<li><strong>M\u00e5ngsidig anv\u00e4ndning<\/strong>: Perfekt f\u00f6r parfymer, cologner, kroppssprayer med mera.<\/li>\n<li><strong>Utm\u00e4rkt l\u00f6slighet<\/strong>: Ger s\u00f6ml\u00f6s blandning f\u00f6r mjuka och stabila dofter.<\/li>\n<li><strong>S\u00e4ker f\u00f6r produkter f\u00f6r personlig v\u00e5rd<\/strong>: Uppfyller standarderna f\u00f6r anv\u00e4ndning i parfymer och kroppsprodukter.<\/li>\n<li><strong>L\u00e4tt att anv\u00e4nda<\/strong>: Blanda helt enkelt med valfria doftoljor och skapa din egen <a href=\"https:\/\/cosyowl.com\/sv\/fragrance-oils\/all-fragrances\/ck-one-mens-type-fragrance-oil\">signaturdoft<\/a>.<\/li>\n<li><strong>Finns i olika storlekar fr\u00e5n 1L till 25L<\/strong><\/li>\n<\/ul>\n<p>Skapa f\u00e4ngslande och <a href=\"https:\/\/cosyowl.com\/sv\/candle-making-supplies\/fragrance-oils-for-candle-making\/all-fragrances\/alien-type-fragrance-oil\">unik<\/a> dofter som varar med v\u00e5r h\u00f6gkvalitativa parfymalkohol, och l\u00e5t din kreativitet ta ledningen i din doftresa.<\/p>\n<p><strong>Riktlinjer f\u00f6r framst\u00e4llning av parfymer:<\/strong><\/p>\n<ul>\n<li>Parfym (15-30%)*<\/li>\n<li>Eau de Parfum (10-15%)*<\/li>\n<li>Eau de Toilette (4-8%)*<\/li>\n<li>K\u00f6ln (3-5%)*<\/li>\n<li>K\u00f6ln Splash (1-3%)*<\/li>\n<li>Rumssprayer (1-5%)*<\/li>\n<\/ul>\n<ol>\n<li>F\u00f6rbered doft genom att noggrant blanda utvalda eteriska oljor<\/li>\n<li>Tills\u00e4tt de kombinerade oljorna till parfymalkoholen<\/li>\n<li>R\u00f6r om l\u00f6sningen l\u00e5ngsamt och noggrant tills l\u00f6sningen har klarnat<\/li>\n<li>L\u00e5t l\u00f6sningen vila i minst 48 timmar<\/li>\n<\/ol>\n<p><strong>Riktlinjer f\u00f6r tillverkning av diffusoroljor:<\/strong><\/p>\n<ul>\n<li>30% Doftolja*<\/li>\n<li>60-65% DPG (k\u00f6p DPG)<\/li>\n<li>5-10% Parfymerad alkohol (K\u00f6p Parfymerad alkohol)<\/li>\n<\/ul>\n<p>F\u00f6r att g\u00f6ra diffusorolja blandas <a href=\"https:\/\/cosyowl.com\/sv\/candle-making-supplies\/fragrance-oils-for-candle-making\/premium-fragrance-oils\/cosy-owl-premium-1-million-type-fragrance-oil\">doftolja<\/a> med DPG tills den \u00e4r klar. Tills\u00e4tt parfymalkohol f\u00f6r att minska viskositeten till \u00f6nskad tjocklek.<\/p>\n<p><strong>*Konsultera alltid doftoljans IFRA-dokument f\u00f6r s\u00e4ker anv\u00e4ndning. <a href=\"https:\/\/cosyowl.com\/sv\/guides\/percentages-and-measurements\">procentandelar<\/a> den specifika doften kan anv\u00e4ndas p\u00e5 eftersom detta ers\u00e4tter ovanst\u00e5ende <a href=\"https:\/\/cosyowl.com\/sv\/guides\/using-cotton-wicks-with-soyaluna-container-wax-recommendations\">rekommendationer<\/a>.<\/strong><\/p>\n<p>&nbsp;<\/p>\n<p><strong><em>Den <a href=\"https:\/\/cosyowl.com\/sv\/candle-making-supplies\/candle-containers\/other-containers\/wax-melt-christmas-tree-mould-3\">3<\/a>\u00a0huvudingredienser i parfymers alkohol \u00e4r:<\/em><\/strong><\/p>\n<ol>\n<li><strong>Etanol (denaturerad)<\/strong>\u00a0-Alkohol som \u00e4r den huvudsakliga b\u00e4raren f\u00f6r doftoljorna. Alkoholen avdunstar snabbt n\u00e4r den v\u00e4rms upp av hudtemperaturen och doft\u00e4mnena f\u00f6rdelas j\u00e4mnt \u00f6ver ytan.<\/li>\n<li><strong>Isopropylmyristat<\/strong>\u00a0- anv\u00e4nds i beredningar d\u00e4r god absorption \u00f6nskas.<\/li>\n<li><strong>Monopropylenglykol<\/strong>\u00a0- ett saml\u00f6sningsmedel som g\u00f6r att doftoljorna kan l\u00f6sas upp i alkoholb\u00e4raren. Detta hj\u00e4lper till att kontrollera avdunstningen av alkoholen s\u00e5 att den inte avg\u00e5r f\u00f6r snabbt.<\/li>\n<\/ol>","protected":false},"excerpt":{"rendered":"<p>Perfumers Alcohol \u2013\u00a0 Base for Blending Fragrance Oils to Make Perfumes and Colognes Perfumers Alcohol is a specialised base for blending fragrance oils to create perfumes, colognes, and diffuser oils. Suitable for both professionals and hobbyists, this clear solution ensures that blended fragrances remain free from cloudiness. It contains three main ingredients\u2014denatured ethanol, isopropyl myristate, [&hellip;]<\/p>\n","protected":false},"featured_media":84796,"comment_status":"open","ping_status":"closed","template":"","meta":{"_acf_changed":false},"product_brand":[],"product_cat":[800,903],"product_tag":[947],"class_list":{"0":"post-84785","1":"product","2":"type-product","3":"status-publish","4":"has-post-thumbnail","6":"product_cat-new","7":"product_cat-perfumers-alcohol","8":"product_tag-alcohol","9":"pa_bottle-size-1litre","10":"pa_bottle-size-25-litres","11":"pa_bottle-size-5litre","13":"first","14":"instock","15":"taxable","16":"shipping-taxable","17":"purchasable","18":"product-type-variable"},"acf":[],"_links":{"self":[{"href":"https:\/\/cosyowl.com\/sv\/wp-json\/wp\/v2\/product\/84785","targetHints":{"allow":["GET"]}}],"collection":[{"href":"https:\/\/cosyowl.com\/sv\/wp-json\/wp\/v2\/product"}],"about":[{"href":"https:\/\/cosyowl.com\/sv\/wp-json\/wp\/v2\/types\/product"}],"replies":[{"embeddable":true,"href":"https:\/\/cosyowl.com\/sv\/wp-json\/wp\/v2\/comments?post=84785"}],"wp:featuredmedia":[{"embeddable":true,"href":"https:\/\/cosyowl.com\/sv\/wp-json\/wp\/v2\/media\/84796"}],"wp:attachment":[{"href":"https:\/\/cosyowl.com\/sv\/wp-json\/wp\/v2\/media?parent=84785"}],"wp:term":[{"taxonomy":"product_brand","embeddable":true,"href":"https:\/\/cosyowl.com\/sv\/wp-json\/wp\/v2\/product_brand?post=84785"},{"taxonomy":"product_cat","embeddable":true,"href":"https:\/\/cosyowl.com\/sv\/wp-json\/wp\/v2\/product_cat?post=84785"},{"taxonomy":"product_tag","embeddable":true,"href":"https:\/\/cosyowl.com\/sv\/wp-json\/wp\/v2\/product_tag?post=84785"}],"curies":[{"name":"wp","href":"https:\/\/api.w.org\/{rel}","templated":true}]}}