{"id":81992,"date":"2024-08-28T15:48:46","date_gmt":"2024-08-28T14:48:46","guid":{"rendered":"https:\/\/cosyowl.com\/?post_type=product&#038;p=81992"},"modified":"2026-03-03T13:46:29","modified_gmt":"2026-03-03T13:46:29","slug":"svart-rund-ljusburk-med-svetsad-sidofals-100ml-singel","status":"publish","type":"product","link":"https:\/\/cosyowl.com\/sv\/candle-making-supplies\/candle-containers\/metal-containers\/black-round-candle-tin-with-welded-side-seam-100ml-single","title":{"rendered":"Svart rund ljusl\u00e5da med svetsad sidofog - 100ml - Singel"},"content":{"rendered":"<p>Burkarna finns i tv\u00e5 storlekar, 100 ml och 250 ml, i f\u00e4rgerna silver, ros\u00e9guld eller svart. De har en synlig <a href=\"https:\/\/cosyowl.com\/sv\/candle-containers\/candle-tins\/rose-gold-round-candle-tin-with-welded-side-seam-100ml-single\">svetsad sidos\u00f6m<\/a> som \u00e4r silverf\u00e4rgad. Locket har ett litet steg, vilket g\u00f6r det enkelt att stapla, f\u00f6rvara eller visa upp.<\/p>\n<p>V\u00e5r <a href=\"https:\/\/cosyowl.com\/sv\/guides\/a-summers-beach-gel-votive-candle\">ljus<\/a> tins \u00e4r mycket konkurrenskraftiga och kan verkligen ge en touch av klass till vilket rum som helst.<\/p>\n<p>Denna burk kan k\u00f6pas som enstaka Sample-burkar och i f\u00f6rpackningar om 10 eller 50 burkar.<\/p>\n<p>Storlek och volym:<\/p>\n<ul>\n<li style=\"list-style-type: none\">\n<ul>\n<li>Denna 100 ml burk rymmer ca 80 g vax*.<\/li>\n<li>Storlek: 61 mm (dia) x 48 mm (h)<\/li>\n<\/ul>\n<\/li>\n<\/ul>\n<h3>Rekommendationer f\u00f6r Wick**<\/h3>\n<table class=\"notesTableBorder\">\n<tbody>\n<tr>\n<th>Kerasoy-vax (soja)<\/th>\n<th>Kerawax (paraffin)<\/th>\n<th>B\u00e5de soja och paraffin<\/th>\n<th>Flera veken <a href=\"https:\/\/cosyowl.com\/sv\/guides\/using-cotton-wicks-with-soyaluna-container-wax-recommendations\">rekommendationer<\/a><\/th>\n<\/tr>\n<tr>\n<td>ECO 2<\/td>\n<td>LX 16<\/td>\n<td>TCR 24\/14<\/td>\n<td>N\/A<\/td>\n<\/tr>\n<tr>\n<td>ECO 4<\/td>\n<td>LX 18<\/td>\n<td>TCR 27\/16<\/td>\n<td>N\/A<\/td>\n<\/tr>\n<\/tbody>\n<\/table>\n<p>&nbsp;<\/p>\n<p>*Observera att den rekommenderade m\u00e4ngden vax \u00e4r en <a href=\"https:\/\/cosyowl.com\/sv\/guides\/a-guide-to-creating-your-own-soap-products\">guide<\/a> och baseras p\u00e5 maxkapaciteten f\u00f6r den specifika beh\u00e5llaren. Det \u00e4r d\u00e4rf\u00f6r m\u00f6jligt att anv\u00e4nda mindre vax, men vi rekommenderar inte att man \u00f6verskrider den maximala kapaciteten. Vi rekommenderar att du anv\u00e4nder de angivna m\u00e4ngderna vax endast som en utg\u00e5ngspunkt och justerar dessa <a href=\"https:\/\/cosyowl.com\/sv\/guides\/weighing-fragrance\">m\u00e4tningar<\/a> enligt dina preferenser.<\/p>\n<p>**Observera att alla rekommendationer f\u00f6r veken endast baseras p\u00e5 anv\u00e4ndning med v\u00e5rt vax. Den minsta <a href=\"https:\/\/cosyowl.com\/sv\/guides\/candle-wick-size-chart\">Wick storlek<\/a> rekommenderas endast f\u00f6r anv\u00e4ndning med vax. Den st\u00f6rsta Wick-storlek som rekommenderas \u00e4r f\u00f6r anv\u00e4ndning n\u00e4r <a href=\"https:\/\/cosyowl.com\/sv\/candle-making-supplies\/fragrance-oils-for-candle-making\/premium-fragrance-oils\/cosy-owl-premium-1-million-type-fragrance-oil\">Doftolja<\/a> och\/eller f\u00e4rg\u00e4mne \u00e4r n\u00e4rvarande. All information som tillhandah\u00e5lls ska endast anv\u00e4ndas som en guide f\u00f6r att hj\u00e4lpa till att hitta en utg\u00e5ngspunkt n\u00e4r man experimenterar med vekar eftersom varierande temperaturer och <a href=\"https:\/\/cosyowl.com\/sv\/guides\/2023-spring-fragrance-oil-trends\">Doftoljor<\/a> p\u00e5verkar hur framg\u00e5ngsrik en Wick \u00e4r.<\/p>","protected":false},"excerpt":{"rendered":"<p>These tins are available in two sizes, 100ml and 250ml, with colour choices of Silver, Rose Gold or Black. They feature a visible welded side seam which is silver in colour. The slip lid features a small step, making it easy for stacking, storing or displaying. Our candle tins are very competitively priced and really [&hellip;]<\/p>\n","protected":false},"featured_media":82000,"comment_status":"open","ping_status":"closed","template":"","meta":{"_acf_changed":false},"product_brand":[],"product_cat":[501,639,490,642,843],"product_tag":[918,1593],"class_list":{"0":"post-81992","1":"product","2":"type-product","3":"status-publish","4":"has-post-thumbnail","6":"product_cat-metal-containers","7":"product_cat-body-care-containers","8":"product_cat-candle-making-supplies","9":"product_cat-hair-care-containers","10":"product_cat-halloween","11":"product_tag-candle-tin","12":"product_tag-halloween","13":"product_shipping_class-royal_mail","15":"first","16":"instock","17":"sold-individually","18":"taxable","19":"shipping-taxable","20":"purchasable","21":"product-type-simple"},"acf":[],"_links":{"self":[{"href":"https:\/\/cosyowl.com\/sv\/wp-json\/wp\/v2\/product\/81992","targetHints":{"allow":["GET"]}}],"collection":[{"href":"https:\/\/cosyowl.com\/sv\/wp-json\/wp\/v2\/product"}],"about":[{"href":"https:\/\/cosyowl.com\/sv\/wp-json\/wp\/v2\/types\/product"}],"replies":[{"embeddable":true,"href":"https:\/\/cosyowl.com\/sv\/wp-json\/wp\/v2\/comments?post=81992"}],"wp:featuredmedia":[{"embeddable":true,"href":"https:\/\/cosyowl.com\/sv\/wp-json\/wp\/v2\/media\/82000"}],"wp:attachment":[{"href":"https:\/\/cosyowl.com\/sv\/wp-json\/wp\/v2\/media?parent=81992"}],"wp:term":[{"taxonomy":"product_brand","embeddable":true,"href":"https:\/\/cosyowl.com\/sv\/wp-json\/wp\/v2\/product_brand?post=81992"},{"taxonomy":"product_cat","embeddable":true,"href":"https:\/\/cosyowl.com\/sv\/wp-json\/wp\/v2\/product_cat?post=81992"},{"taxonomy":"product_tag","embeddable":true,"href":"https:\/\/cosyowl.com\/sv\/wp-json\/wp\/v2\/product_tag?post=81992"}],"curies":[{"name":"wp","href":"https:\/\/api.w.org\/{rel}","templated":true}]}}