{"id":80335,"date":"2024-07-01T15:02:11","date_gmt":"2024-07-01T14:02:11","guid":{"rendered":"https:\/\/cosyowl.com\/product\/tea-tree-fragrance-oil"},"modified":"2026-03-24T16:27:29","modified_gmt":"2026-03-24T16:27:29","slug":"doftolja-av-tea-tree","status":"publish","type":"product","link":"https:\/\/cosyowl.com\/sv\/craft-supplies\/body-care-supplies\/fragrance-oils-for-body-care\/tea-tree-fragrance-oil","title":{"rendered":"Tea Tree doftolja"},"content":{"rendered":"<p><strong>5kg, 10kg och 25kg Tea Tree <a href=\"https:\/\/cosyowl.com\/sv\/candle-making-supplies\/fragrance-oils-for-candle-making\/premium-fragrance-oils\/cosy-owl-premium-1-million-type-fragrance-oil\">Doftolja<\/a><\/strong><strong>levereras fr\u00e5n lager och \u00e4r tillg\u00e4ngliga inom standardleveranstider.<\/strong><\/p>\n<p>Tillverkad med <a href=\"https:\/\/cosyowl.com\/sv\/candle-making-supplies\/fragrance-oils-for-candle-making\/all-fragrances\/honey-fragrance-oil\">naturlig<\/a> ingredienser och eteriska oljor*.<\/p>\n<p>V\u00e5r <strong>Tea Tree doftolja<\/strong> ger en naturlig arom som genererar en <a href=\"https:\/\/cosyowl.com\/sv\/candle-making-supplies\/essential-oils\/eucalyptus-globulus-essential-oil\">fr\u00e4sch<\/a> modern och distinkt \u00f6verensst\u00e4mmelse med <strong>stark mynta<\/strong> nyanser och en antydan till <strong>naturligt tea tree<\/strong> smaker; <a href=\"https:\/\/cosyowl.com\/sv\/candle-making-supplies\/glitters\/turquoise-blue-candle-glitter\">uppfriskande<\/a> och modern har den en unisex-appell och en best\u00e5ende fr\u00e4sch\u00f6r. Den har en n\u00e5got <a href=\"https:\/\/cosyowl.com\/sv\/candle-making-supplies\/essential-oils\/tea-tree-essential-oil\">l\u00e4kemedel<\/a> k\u00e4nsla kopplad till l\u00e4kning och k\u00e4nslor av berikning och v\u00e4lbefinnande som ofta kopplas till tea tree-egenskaper.<\/p>\n<p>Alla v\u00e5ra <a href=\"https:\/\/cosyowl.com\/sv\/guides\/2023-spring-fragrance-oil-trends\">doftoljor<\/a> \u00e4r exklusiva f\u00f6r <a href=\"https:\/\/cosyowl.com\/sv\/\">Mysig uggla<\/a> och har utvecklats av v\u00e5ra experter f\u00f6r att ge \u00f6verl\u00e4gsen doft i en <a href=\"https:\/\/cosyowl.com\/sv\/guides\/a-summers-beach-gel-votive-candle\">ljus<\/a> och har optimerats f\u00f6r att anv\u00e4ndas med v\u00e5ra vaxer. V\u00e5ra oljor \u00e4r 100%-koncentrerade och \u00e4r helt kompatibla med alla v\u00e5ra vaxer.<\/p>\n<p><strong>Hur mycket parfym ska jag tills\u00e4tta?<\/strong><\/p>\n<p>Alla v\u00e5ra dofter \u00e4r av h\u00f6g <a href=\"https:\/\/cosyowl.com\/sv\/candle-wicks\/wedo-lx-wick-raw\">kvalitet<\/a> och s\u00e4rskilt utformade f\u00f6r utm\u00e4rkt doftspridning, vilket inneb\u00e4r att mindre i allm\u00e4nhet \u00e4r mer. Hur mycket man ska tills\u00e4tta \u00e4r lite komplicerat och vi har utvecklat en <a href=\"https:\/\/cosyowl.com\/sv\/guides\/a-guide-to-creating-your-own-soap-products\">guide<\/a> f\u00f6r att ge dig mer information h\u00e4r. Generellt sett \u00e4r det dock en bra id\u00e9 att b\u00f6rja med mellan 5-8% och upp till 10% f\u00f6r mindre starka dofter b\u00f6r ge dig mer \u00e4n tillr\u00e4ckligt med doftkast. Det \u00e4r alltid b\u00e4st att experimentera med varje doft- och vaxkombination och b\u00f6rja l\u00e5gt och arbeta upp. S\u00e5 l\u00e4nge du f\u00f6ljer guiden och observerar flampunkten kommer du att f\u00e5 vackert doftande ljus med lite \u00f6vning. Generellt sett b\u00f6r du aldrig l\u00e4gga i mer \u00e4n 12% doft eftersom ljuset bokstavligen kommer att b\u00f6rja svettas eller l\u00e4cka doften.<\/p>\n<p>Alla doftoljor har en s\u00e5 kallad flampunkt - den temperatur vid vilken oljan b\u00f6rjar f\u00f6rbr\u00e4nnas och doften frig\u00f6rs.<\/p>\n<p>Den <strong>flampunkten f\u00f6r Tea Tree \u00e4r 84\u00b0C<\/strong>, f\u00f6r mer information om Flash Points f\u00f6lj denna l\u00e4nk <a href=\"https:\/\/cosyowl.com\/sv\/guider\/hur-man-anvander-doftoljor\/?wmc-currency=EUR\">https:\/\/www.cosyowl.com\/guides\/how-to-use-fragrance-oils\/<\/a><\/p>\n<p><strong>Att anv\u00e4nda denna doft i en <a href=\"https:\/\/cosyowl.com\/sv\/guides\/making-a-reed-diffuser\">vassdiffusor<\/a>?<\/strong><\/p>\n<p><em>Denna doftolja h\u00e5ller f\u00f6r n\u00e4rvarande p\u00e5 att omformuleras; vi uppdaterar dig n\u00e4r den \u00e4r redo att anv\u00e4ndas i diffusorer igen.<\/em><\/p>\n<p><strong>Anv\u00e4nder du den h\u00e4r doften i en tv\u00e5l?<\/strong><\/p>\n<p>Alla v\u00e5ra dofter \u00e4r ocks\u00e5 speciellt formulerade f\u00f6r att fungera i fasta tv\u00e5lar, se s\u00e4kerhetsdatabladet f\u00f6r information om den maximala % av varje doft som kan anv\u00e4ndas i <a href=\"https:\/\/cosyowl.com\/sv\/guides\/a-beginners-guide-to-soap-making\">tv\u00e5ltillverkning<\/a> applikationer.<\/p>\n<p>L\u00e4s ocks\u00e5 v\u00e5r CLP-information om anv\u00e4ndning av doftoljor i ljus innan du k\u00f6per. Denna information avser oljans kemiska sammans\u00e4ttning tillsammans med varningsinformation om eventuella allergiska reaktioner.<\/p>\n<p><strong> Vi rekommenderar alla kunder att testa dofterna med v\u00e5ra 10 ml testflaskor innan de best\u00e4ller st\u00f6rre storlekar eller kvantiteter, om du mot f\u00f6rmodan skulle vara missn\u00f6jd med en doftolja. V\u00e4nligen se v\u00e5r <a href=\"\/sv\/leveransinformation\/?wmc-currency=EUR\" target=\"_blank\" rel=\"noopener\">Leverans och returer<\/a> sida f\u00f6r fullst\u00e4ndig <a href=\"https:\/\/cosyowl.com\/sv\/privacy\">Villkor<\/a> och villkor.<\/strong><\/p>\n<p>*Den h\u00e4r doften inneh\u00e5ller naturliga element (<a href=\"https:\/\/cosyowl.com\/sv\/guides\/essential-oil-benefits\">eteriska oljor<\/a>, extrakt, hartser, isolat) men \u00e4r inte helt naturliga. V\u00e5ra doftoljor har utformats f\u00f6r att vara s\u00e5 enkla som m\u00f6jligt, <a href=\"https:\/\/cosyowl.com\/sv\/candle-making-supplies\/glitters\/pure-white-biodegradable\">ren<\/a> och naturliga som m\u00f6jligt, samtidigt som de ger den b\u00e4sta doftupplevelsen och det b\u00e4sta utbudet av doftnoter. F\u00f6reningar som inte kommer direkt fr\u00e5n naturen \u00e4r antingen kemiskt identiska med naturligt f\u00f6rekommande f\u00f6reningar, artificiellt skapade eller n\u00e5got modifierade, vanligtvis f\u00f6r att ge en n\u00e5got starkare doft. Ibland anv\u00e4nds doft\u00e4mnen som inte finns i naturen f\u00f6r att ge den distinkta doft som kr\u00e4vs f\u00f6r vissa mer artificiella doft\u00e4mnen. Detta \u00e4r samma sak som f\u00f6r alla doftoljor p\u00e5 marknaden idag.<\/p>\n<p>&nbsp;<\/p>\n<p>Doftoljor har vanligtvis ett \u00e5rs utg\u00e5ngsdatum fr\u00e5n tillverkningsdatumet, men m\u00e5nga doftoljor kan h\u00e5lla m\u00e5nader eller till och med \u00e5r efter detta datum om de f\u00f6rvaras korrekt. Tester (vi erbjuder inte denna tj\u00e4nst) kan utf\u00f6ras p\u00e5 doftoljor f\u00f6r att fastst\u00e4lla deras l\u00e4mplighet efter h\u00e5llbarhetstiden.<\/p>\n<p>Nuvarande IFRA-dokument (IFRA version 48) \u00e4r relevanta och till\u00e4mpliga f\u00f6r alla v\u00e5ra dofter fram till februari 2022, d\u00e5 de nya klassificeringarna tr\u00e4der i kraft f\u00f6r befintliga produkter, dvs. dofter som redan finns p\u00e5 marknaden. Alla nya dofter omfattas redan av IFRA 49-klassificeringarna. Under de kommande veckorna, n\u00e4r vi f\u00e5r relevant information, kommer vi att uppdatera och g\u00f6ra n\u00f6dv\u00e4ndiga \u00e4ndringar p\u00e5 v\u00e5r webbplats.<\/p>","protected":false},"excerpt":{"rendered":"<p>5kg, 10kg and 25kg Tea Tree Fragrance Oils are despatched from stock and are available on standard shipping times. Made with natural ingredients and essential oils*. Our Tea Tree Fragrance Oil provides a natural aroma generating a fresh modern and distinctive accord with strong mint nuances and a hint of natural tea tree flavours; refreshing [&hellip;]<\/p>\n","protected":false},"featured_media":11846,"comment_status":"open","ping_status":"closed","template":"","meta":{"_acf_changed":false},"product_brand":[],"product_cat":[753,504,636,586,509,512,511,730,531,717],"product_tag":[909,908],"class_list":{"0":"post-80335","1":"product","2":"type-product","3":"status-publish","4":"has-post-thumbnail","6":"product_cat-sale-fragrance-oils","7":"product_cat-fragrance-oils-all-fragrances","8":"product_cat-body-care-fragrance-oils","9":"product_cat-hair-care-fragrance-oils","10":"product_cat-soap-making-supplies-fragrances","11":"product_cat-wax-melts-fragrances","12":"product_cat-beard-oil-fragrances","13":"product_cat-fragrances-for-reed-diffusers","14":"product_cat-fragrance-oils-new","15":"product_cat-sale","16":"product_tag-black-friday","17":"product_tag-fragrance-oil","18":"pa_bottle-size-100ml","19":"pa_bottle-size-10kg-2","20":"pa_bottle-size-250ml","21":"pa_bottle-size-25kg-2","22":"pa_bottle-size-500ml","23":"pa_bottle-size-50ml","24":"pa_bottle-size-950ml","25":"pa_bottle-size-sample","27":"first","28":"instock","29":"sale","30":"taxable","31":"shipping-taxable","32":"purchasable","33":"product-type-variable"},"acf":[],"_links":{"self":[{"href":"https:\/\/cosyowl.com\/sv\/wp-json\/wp\/v2\/product\/80335","targetHints":{"allow":["GET"]}}],"collection":[{"href":"https:\/\/cosyowl.com\/sv\/wp-json\/wp\/v2\/product"}],"about":[{"href":"https:\/\/cosyowl.com\/sv\/wp-json\/wp\/v2\/types\/product"}],"replies":[{"embeddable":true,"href":"https:\/\/cosyowl.com\/sv\/wp-json\/wp\/v2\/comments?post=80335"}],"wp:featuredmedia":[{"embeddable":true,"href":"https:\/\/cosyowl.com\/sv\/wp-json\/wp\/v2\/media\/11846"}],"wp:attachment":[{"href":"https:\/\/cosyowl.com\/sv\/wp-json\/wp\/v2\/media?parent=80335"}],"wp:term":[{"taxonomy":"product_brand","embeddable":true,"href":"https:\/\/cosyowl.com\/sv\/wp-json\/wp\/v2\/product_brand?post=80335"},{"taxonomy":"product_cat","embeddable":true,"href":"https:\/\/cosyowl.com\/sv\/wp-json\/wp\/v2\/product_cat?post=80335"},{"taxonomy":"product_tag","embeddable":true,"href":"https:\/\/cosyowl.com\/sv\/wp-json\/wp\/v2\/product_tag?post=80335"}],"curies":[{"name":"wp","href":"https:\/\/api.w.org\/{rel}","templated":true}]}}