{"id":80167,"date":"2024-06-25T14:57:47","date_gmt":"2024-06-25T13:57:47","guid":{"rendered":"https:\/\/cosyowl.com\/?post_type=product&#038;p=80167"},"modified":"2026-03-03T13:46:20","modified_gmt":"2026-03-03T13:46:20","slug":"porex-naturlig-vass-for-diffusorer-240mm-x-o-3mm","status":"publish","type":"product","link":"https:\/\/cosyowl.com\/sv\/porex-natural-reeds-for-diffusers-240mm-x-o-3mm","title":{"rendered":"Porex naturliga vass f\u00f6r diffusorer - 240 mm x \u00d8 3 mm"},"content":{"rendered":"<p><a href=\"https:\/\/cosyowl.com\/sv\/guides\/a-beginners-guide-to-making-reed-diffusers\">Vassdiffusorer<\/a> \u00e4r en <a href=\"https:\/\/cosyowl.com\/sv\/candle-making-supplies\/glitters\/pure-white-biodegradable\">elegant<\/a> l\u00f6sningen f\u00f6r att g\u00f6ra doften i ditt hem s\u00e4krare och mer l\u00e5ngvarig. V\u00e5rt sortiment av f\u00e4rgbest\u00e4ndiga och snabbtorkande POREX-blad \u00e4r det perfekta komplementet f\u00f6r att hj\u00e4lpa dig att frig\u00f6ra den fulla potentialen i din <a href=\"https:\/\/cosyowl.com\/sv\/guides\/essential-oil-benefits\">eteriska oljor<\/a>.<\/p>\n<p>Att kontrollera doftutsl\u00e4ppshastigheten \u00e4r avg\u00f6rande f\u00f6r <a href=\"https:\/\/cosyowl.com\/sv\/candle-wicks\/wedo-lx-wick-raw\">kvalitet<\/a>. Reed och POREX har h\u00f6gpresterande doftspridning och kapillaritet i kombination med anti-all-colour-teknik som g\u00f6r att dessa vass bibeh\u00e5ller en stabil doftspridning och f\u00e4rgs\u00e4ttning utan behov av \"flipping\".<\/p>","protected":false},"excerpt":{"rendered":"<p>Reed Diffusers are an elegant solution to making your home&#8217;s fragrance safer and longer lasting. Our range of colour-resistant and quick-drying POREX reeds are the ideal accompaniment to help you unlock the full potential of your essential oils. Controlling the fragrance release rate is crucial for quality. Reed and POREX feature high-performance fragrance diffusion and [&hellip;]<\/p>\n","protected":false},"featured_media":80172,"comment_status":"open","ping_status":"closed","template":"","meta":{"_acf_changed":false},"product_brand":[],"product_cat":[648],"product_tag":[937],"class_list":{"0":"post-80167","1":"product","2":"type-product","3":"status-publish","4":"has-post-thumbnail","6":"product_cat-reed-diffusers-reeds","7":"product_tag-reeds","9":"first","10":"instock","11":"taxable","12":"shipping-taxable","13":"purchasable","14":"product-type-variable"},"acf":[],"_links":{"self":[{"href":"https:\/\/cosyowl.com\/sv\/wp-json\/wp\/v2\/product\/80167","targetHints":{"allow":["GET"]}}],"collection":[{"href":"https:\/\/cosyowl.com\/sv\/wp-json\/wp\/v2\/product"}],"about":[{"href":"https:\/\/cosyowl.com\/sv\/wp-json\/wp\/v2\/types\/product"}],"replies":[{"embeddable":true,"href":"https:\/\/cosyowl.com\/sv\/wp-json\/wp\/v2\/comments?post=80167"}],"wp:featuredmedia":[{"embeddable":true,"href":"https:\/\/cosyowl.com\/sv\/wp-json\/wp\/v2\/media\/80172"}],"wp:attachment":[{"href":"https:\/\/cosyowl.com\/sv\/wp-json\/wp\/v2\/media?parent=80167"}],"wp:term":[{"taxonomy":"product_brand","embeddable":true,"href":"https:\/\/cosyowl.com\/sv\/wp-json\/wp\/v2\/product_brand?post=80167"},{"taxonomy":"product_cat","embeddable":true,"href":"https:\/\/cosyowl.com\/sv\/wp-json\/wp\/v2\/product_cat?post=80167"},{"taxonomy":"product_tag","embeddable":true,"href":"https:\/\/cosyowl.com\/sv\/wp-json\/wp\/v2\/product_tag?post=80167"}],"curies":[{"name":"wp","href":"https:\/\/api.w.org\/{rel}","templated":true}]}}