{"id":79497,"date":"2024-05-30T17:01:00","date_gmt":"2024-05-30T16:01:00","guid":{"rendered":"https:\/\/cosyowl.com\/?post_type=product&#038;p=79497"},"modified":"2026-04-28T17:21:41","modified_gmt":"2026-04-28T16:21:41","slug":"kit-for-tillverkning-av-havsdiffusorer","status":"publish","type":"product","link":"https:\/\/cosyowl.com\/sv\/craft-kits\/diffuser-making-kits\/jasmine-diffuser-making-kit-copy","title":{"rendered":"Kit f\u00f6r tillverkning av havsdiffusorer"},"content":{"rendered":"<p><span style=\"color: #080000\">V\u00e5ra Diffuser-kit \u00e4r det perfekta k\u00f6pet f\u00f6r alla som vill vara kreativa och b\u00f6rja tillverka sina egna Diffusers hemma. Med detta kit har du allt du beh\u00f6ver f\u00f6r att tillverka tre diffusorer.<\/span><\/p>\n<h3>Vad finns i ditt kit f\u00f6r tillverkning av diffusorer?<\/h3>\n<ul>\n<li><span style=\"color: #080000\"><a href=\"https:\/\/cosyowl.com\/sv\/candle-containers\/candle-tins\/rose-gold-round-candle-tin-with-welded-side-seam-100ml-single\">100 ml<\/a> - <a style=\"color: #080000\" href=\"https:\/\/cosyowl.com\/sv\/tillbehor-for-ljusstopning\/doftoljor-for-ljustillverkning\/alla-dofter\/doftolja-med-lavendel-och-kamomill\/?wmc-currency=EUR\"><strong>Ocean doftolja<\/strong><\/a> - A <a href=\"https:\/\/cosyowl.com\/sv\/candle-making-supplies\/essential-oils\/eucalyptus-globulus-essential-oil\">fr\u00e4sch<\/a>, energigivande blandning av marina och ozonnoter, <a href=\"https:\/\/cosyowl.com\/sv\/candle-making-supplies\/fragrance-oils-for-candle-making\/all-fragrances\/lime-basil-mandarin-fragrance-oil\">uppk\u00e4ftig<\/a> bergamott, mjuka blommor och en antydan till <a href=\"https:\/\/cosyowl.com\/sv\/candle-making-supplies\/fragrance-oils-for-candle-making\/all-fragrances\/black-coconut-fragrance-oil\">exotiska<\/a> skogs-framkallande av <a href=\"https:\/\/cosyowl.com\/sv\/candle-making-supplies\/glitters\/pure-white-biodegradable\">ren<\/a> Doften av en kustbris.<\/span><\/li>\n<li><span style=\"color: #080000\">500g <a href=\"https:\/\/cosyowl.com\/sv\/vassdiffusorer\/basolja-for-vassdiffusor\/?wmc-currency=EUR\"><strong>Augeo Clean Multi Diffuser Basolja<\/strong><\/a> - Speciellt utformad f\u00f6r blandning med <a href=\"https:\/\/cosyowl.com\/sv\/candle-making-supplies\/fragrance-oils-for-candle-making\/premium-fragrance-oils\/cosy-owl-premium-1-million-type-fragrance-oil\">doftolja<\/a> f\u00f6r att s\u00e4kerst\u00e4lla en ren och l\u00e5ngvarig doft.<\/span><\/li>\n<li data-start=\"853\" data-end=\"884\"><span style=\"color: #080000\"><a href=\"https:\/\/cosyowl.com\/sv\/candle-making-supplies\/candle-containers\/other-containers\/wax-melt-christmas-tree-mould-3\">3<\/a> Snyggt <a href=\"https:\/\/cosyowl.com\/sv\/craft-supplies\/reed-diffuser-supplies\/reed-diffuser-bottles\/14mm-clear-glass-marble-balls-for-diffuser-bottles\">Diffusorflaskor<\/a>:\u00a0<strong><a style=\"color: #080000\" href=\"https:\/\/cosyowl.com\/sv\/tillbehor-for-hantverk\/tillbehor-for-vassdiffusorer\/flaskor-med-vassdiffusor\/glasbehallare-100ml-diffusor-kub\/?wmc-currency=EUR\">100ml Diffusor med glaskub<\/a>,<a style=\"color: #080000\" href=\"https:\/\/cosyowl.com\/sv\/tillbehor-for-hantverk\/tillbehor-for-vassdiffusorer\/flaskor-med-vassdiffusor\/glasbehallare-200ml-karen-diffusorflaska\/?wmc-currency=EUR\"> 2x <\/a><\/strong><strong><a style=\"color: #080000\" href=\"https:\/\/cosyowl.com\/sv\/tillbehor-for-hantverk\/tillbehor-for-vassdiffusorer\/flaskor-med-vassdiffusor\/glasbehallare-200ml-karen-diffusorflaska\/?wmc-currency=EUR\">100 ml Karenflaskor av glas<\/a><\/strong><\/span><\/li>\n<li data-start=\"975\" data-end=\"1019\"><span style=\"color: #080000\">3 <a style=\"color: #080000\" href=\"https:\/\/cosyowl.com\/sv\/tillbehor-for-hantverk\/tillbehor-for-vassdiffusorer\/flaskor-med-vassdiffusor\/diffusorlock-med-metallskal-glans-guld\/?wmc-currency=EUR\"><strong data-start=\"975\" data-end=\"1000\">Diffusorlock av metall<\/strong><\/a> (1 guld, 2 silver)<\/span><\/li>\n<li data-start=\"1022\" data-end=\"1064\"><span style=\"color: #080000\">30 <a style=\"color: #080000\" href=\"https:\/\/cosyowl.com\/sv\/vassdiffusorer\/vass\/?wmc-currency=EUR\"><strong data-start=\"1022\" data-end=\"1043\">Diffusorblad<\/strong><\/a> (20 svarta, 10 vita)<\/span><\/li>\n<li data-start=\"1067\" data-end=\"1087\"><span style=\"color: #080000\">3 <a style=\"color: #080000\" href=\"https:\/\/cosyowl.com\/sv\/tillbehor-for-hantverk\/tillbehor-for-vassdiffusorer\/flaskor-med-vassdiffusor\/diffusorflaska-plugg\/?wmc-currency=EUR\"><strong data-start=\"1067\" data-end=\"1087\">Diffusorproppar<\/strong><\/a><\/span><\/li>\n<li data-start=\"1067\" data-end=\"1087\"><span style=\"color: #080000\"><a style=\"color: #080000\" href=\"https:\/\/cosyowl.com\/sv\/guider\/en-nyborjarguide-for-att-tillverka-vassdiffusorer\/?wmc-currency=EUR\"><strong data-start=\"1090\" data-end=\"1124\">Steg-f\u00f6r-steg-instruktionsguide<\/strong><\/a><\/span><\/li>\n<\/ul>\n<p>V\u00e5r\u00a0<strong><a href=\"https:\/\/cosyowl.com\/sv\/candle-making-supplies\/fragrance-oils-for-candle-making\/all-fragrances\/ocean-fragrance-oil\">Ocean<\/a> Doftolja<\/strong>\u00a0har formulerats speciellt f\u00f6r att framkalla den v\u00e4lbekanta doften av friska havsstr\u00e4nder genom intensiva marina och ozonnoter, med l\u00e4tt <a href=\"https:\/\/cosyowl.com\/sv\/candle-making-supplies\/fragrance-oils-for-candle-making\/all-fragrances\/jasmine-fragrance-oil\">blommig<\/a> \u00f6vertoner och \u00f6versvallande\u00a0<strong>bergamott och apelsinskal<\/strong>. Denna initiala arom \u00e4r den mest uttalade n\u00e4r din <a href=\"https:\/\/cosyowl.com\/sv\/guides\/a-summers-beach-gel-votive-candle\">ljus<\/a> b\u00f6rjar brinna och fyller ditt rum med en doft som sedan f\u00f6rst\u00e4rks av l\u00e4tta undertoner av\u00a0<strong>kalon, vattenlilja<\/strong>. I formuleringen f\u00f6r denna distinkta doft ing\u00e5r en <a href=\"https:\/\/cosyowl.com\/sv\/fragrance-oils\/strawberry-bon-bon\">f\u00f6rtjusande<\/a> sp\u00e5r av eftersmak av\u00a0<strong>exotiska tr\u00e4slag<\/strong>.<\/p>\n<p>Vi \u00e4r stolta \u00f6ver att tillhandah\u00e5lla de h\u00f6gsta <a href=\"https:\/\/cosyowl.com\/sv\/candle-wicks\/wedo-lx-wick-raw\">kvalitet<\/a> ingredienser som finns p\u00e5 marknaden f\u00f6r att g\u00f6ra de perfekta Diffusers hemma. V\u00e5ra kit \u00e4r perfekta f\u00f6r dig som precis har b\u00f6rjat och f\u00f6r dig som redan har l\u00e4rt dig hantverket, s\u00e5 ta p\u00e5 dig f\u00f6rkl\u00e4det och l\u00e5t oss s\u00e4tta ig\u00e5ng.<\/p>\n<p>&nbsp;<\/p>\n<h3 data-start=\"2493\" data-end=\"2542\">Anv\u00e4ndbara resurser f\u00f6r framg\u00e5ngsrik ljustillverkning<\/h3>\n<ul>\n<li><a href=\"https:\/\/cosyowl.com\/sv\/guider\/en-nyborjarguide-for-att-tillverka-vassdiffusorer\/?wmc-currency=EUR\"><strong><span style=\"color: #ff6600\">En nyb\u00f6rjarguide f\u00f6r att g\u00f6ra Reed Diffusers<\/span><\/strong><\/a><\/li>\n<li><a href=\"https:\/\/cosyowl.com\/sv\/guider\/tillverkning-av-en-vassdiffusor\/?wmc-currency=EUR\"><strong><span style=\"color: #ff6600\">Hur du g\u00f6r dina egna Reed Diffusers<\/span><\/strong><\/a><\/li>\n<li class=\"entry-title\"><a href=\"https:\/\/cosyowl.com\/sv\/guider\/hur-man-anvander-doftoljor\/?wmc-currency=EUR\"><strong><span style=\"color: #ff6600\">Hur man anv\u00e4nder doftoljor<\/span><\/strong><\/a><\/li>\n<li><strong><span style=\"color: #ff6600\"><a style=\"color: #ff6600\" href=\"https:\/\/cosyowl.com\/sv\/guider\/cmr-och-ftalater-i-doftoljor\/?wmc-currency=EUR\">CMR, ftalater, parabener, PEG och silikon i doftoljor - v\u00e5r Free From Guide.<\/a><\/span><\/strong><\/li>\n<li><a href=\"https:\/\/cosyowl.com\/sv\/guider\/?wmc-currency=EUR\"><span style=\"color: #ff6600\"><strong>Guider &amp; recept<\/strong><\/span><\/a><\/li>\n<\/ul>","protected":false},"excerpt":{"rendered":"<p>Our Diffuser kits are the perfect purchase for anyone looking to get creative and start crafting their own Diffusers at home. With this kit you have everything you need to make Three Diffusers. What\u2019s Inside Your Diffuser Making Kit? 100ml &#8211; Ocean Fragrance Oil &#8211; A fresh, energizing blend of marine and ozone notes, zesty [&hellip;]<\/p>\n","protected":false},"featured_media":79460,"comment_status":"open","ping_status":"closed","template":"","meta":{"_acf_changed":false},"product_brand":[],"product_cat":[654,653,800,726],"product_tag":[929],"class_list":{"0":"post-79497","1":"product","2":"type-product","3":"status-publish","4":"has-post-thumbnail","6":"product_cat-diffuser-making-kits","7":"product_cat-craft-kits","8":"product_cat-new","9":"product_cat-reed-diffuser-kits","10":"product_tag-diffuser-making-kit","11":"product_shipping_class-royal_mail_kits","13":"first","14":"instock","15":"taxable","16":"shipping-taxable","17":"purchasable","18":"product-type-simple"},"acf":[],"_links":{"self":[{"href":"https:\/\/cosyowl.com\/sv\/wp-json\/wp\/v2\/product\/79497","targetHints":{"allow":["GET"]}}],"collection":[{"href":"https:\/\/cosyowl.com\/sv\/wp-json\/wp\/v2\/product"}],"about":[{"href":"https:\/\/cosyowl.com\/sv\/wp-json\/wp\/v2\/types\/product"}],"replies":[{"embeddable":true,"href":"https:\/\/cosyowl.com\/sv\/wp-json\/wp\/v2\/comments?post=79497"}],"wp:featuredmedia":[{"embeddable":true,"href":"https:\/\/cosyowl.com\/sv\/wp-json\/wp\/v2\/media\/79460"}],"wp:attachment":[{"href":"https:\/\/cosyowl.com\/sv\/wp-json\/wp\/v2\/media?parent=79497"}],"wp:term":[{"taxonomy":"product_brand","embeddable":true,"href":"https:\/\/cosyowl.com\/sv\/wp-json\/wp\/v2\/product_brand?post=79497"},{"taxonomy":"product_cat","embeddable":true,"href":"https:\/\/cosyowl.com\/sv\/wp-json\/wp\/v2\/product_cat?post=79497"},{"taxonomy":"product_tag","embeddable":true,"href":"https:\/\/cosyowl.com\/sv\/wp-json\/wp\/v2\/product_tag?post=79497"}],"curies":[{"name":"wp","href":"https:\/\/api.w.org\/{rel}","templated":true}]}}