{"id":79491,"date":"2024-05-30T16:15:23","date_gmt":"2024-05-30T15:15:23","guid":{"rendered":"https:\/\/cosyowl.com\/?post_type=product&#038;p=79491"},"modified":"2026-03-03T13:46:18","modified_gmt":"2026-03-03T13:46:18","slug":"kit-for-tillverkning-av-smaltvax-for-frostade-tranbar","status":"publish","type":"product","link":"https:\/\/cosyowl.com\/sv\/craft-kits\/wax-melt-making-kits\/frosted-cranberries-wax-melt-making-kit","title":{"rendered":"Kit f\u00f6r tillverkning av sm\u00e4ltvax med frostade tranb\u00e4r"},"content":{"rendered":"<p data-start=\"125\" data-end=\"542\">Var kreativ hemma med v\u00e5ra <strong data-start=\"226\" data-end=\"262\">Frostade tranb\u00e4r <a href=\"https:\/\/cosyowl.com\/sv\/craft-kits\/wax-melt-making-kits\/lavender-wax-melt-making-kit\">Kit f\u00f6r vaxsm\u00e4ltning<\/a><\/strong>\u00e4r det perfekta valet f\u00f6r alla som vill dyka in i den roliga och tillfredsst\u00e4llande v\u00e4rlden av vaxsm\u00e4ltning. Oavsett om du \u00e4r nyb\u00f6rjare eller erfaren inneh\u00e5ller detta allt-i-ett-kit allt du beh\u00f6ver f\u00f6r att skapa vackert doftande, <a href=\"https:\/\/cosyowl.com\/sv\/candle-making-kits\/soy-wax-christmas-spice-candle-making-kit\">festlig<\/a> <a href=\"https:\/\/cosyowl.com\/sv\/guides\/sandalwood-vanilla-leaf-wax-melts-guide\">vaxsm\u00e4ltor<\/a> i en m\u00e4ngd olika <a href=\"https:\/\/cosyowl.com\/sv\/candle-making-supplies\/fragrance-oils-for-candle-making\/all-fragrances\/alien-type-fragrance-oil\">unik<\/a> former. Med en rik, s\u00e4songsbetonad doft och <a href=\"https:\/\/cosyowl.com\/sv\/candle-making-supplies\/glitters\/fluorescent-peach\">i\u00f6gonfallande<\/a> f\u00e4rg kommer dina hemmagjorda sm\u00e4ltprodukter att se lika bra ut som de luktar. Perfekt f\u00f6r personligt bruk, presenter eller kreativt skapande <a href=\"https:\/\/cosyowl.com\/sv\/candle-making-kits\/winter-pine-candle-making-kit\">semester<\/a> projekt!<\/p>\n<h3>Vad finns inuti ditt vaxsm\u00e4ltningskit:<\/h3>\n<ul>\n<li><span style=\"color: #080000\"><a style=\"color: #080000\" href=\"https:\/\/cosyowl.com\/sv\/tillbehor-for-ljusstopning\/doftoljor-for-ljustillverkning\/alla-dofter\/doftolja-for-frostade-tranbar\/?wmc-currency=EUR\">50 ml <span style=\"color: #ff6600\"><strong data-start=\"182\" data-end=\"224\">Frosted Cranberries doftolja<\/strong> <\/span>- En s\u00f6t och syrlig festlig doft som fyller ditt utrymme med julgl\u00e4dje<\/a><\/span><\/li>\n<li data-start=\"303\" data-end=\"389\"><span style=\"color: #080000\"><a style=\"color: #080000\" href=\"https:\/\/cosyowl.com\/sv\/tillbehor-for-hantverk\/tillbehor-for-vaxsmaltning\/glimmerpuderglitter\/rod-parlemor-glimmerpulver\/?wmc-currency=EUR\">25g - <span style=\"color: #ff6600\"><strong data-start=\"303\" data-end=\"332\">Red Pearl Glimmerpulver<\/strong><\/span> - Ger en vackert skimrande finish till dina vaxsm\u00e4ltor<\/a><\/span><\/li>\n<li data-start=\"392\" data-end=\"485\"><span style=\"color: #080000\"><a style=\"color: #080000\" href=\"https:\/\/cosyowl.com\/sv\/ljusfargamnen\/bekro-6133-34-rod-ljusfarg\/?wmc-currency=EUR\">3g - <span style=\"color: #ff6600\"><strong data-start=\"392\" data-end=\"417\">Bekro m\u00f6rk r\u00f6d f\u00e4rg<\/strong><\/span> - Ger en rik, livfull r\u00f6d f\u00e4rg f\u00f6r en dj\u00e4rv och s\u00e4songsbetonad look<\/a><\/span><\/li>\n<li data-start=\"883\" data-end=\"942\"><span style=\"color: #080000\"><a style=\"color: #080000\" href=\"https:\/\/cosyowl.com\/sv\/tillbehor-for-hantverk\/tillbehor-for-vaxsmaltning\/vax-for-vaxsmaltor\/naturliga-vaxer-soyaluna-smaltpillervax\/?wmc-currency=EUR\">350g - <span style=\"color: #ff6600\"><strong data-start=\"883\" data-end=\"902\">Vax f\u00f6r pelare<\/strong><\/span> - Vax av premiumkvalitet, perfekt f\u00f6r gjutformar<\/a><\/span><\/li>\n<li data-start=\"945\" data-end=\"1023\"><span style=\"color: #080000\"><a style=\"color: #080000\" href=\"https:\/\/cosyowl.com\/sv\/vaxsmaltor\/formar\/?wmc-currency=EUR\">4<span style=\"color: #ff6600\"><strong> Gjutformar<\/strong><\/span> - 1x Clamshell, 1x Heart Clamshell, 1x Star Clamshell, 1x Deli Pot<\/a><\/span><\/li>\n<li data-start=\"1026\" data-end=\"1112\"><span style=\"color: #080000\"><a style=\"color: #080000\" href=\"https:\/\/cosyowl.com\/sv\/guider\/en-nyborjarguide-till-att-gora-vaxsmaltor\/?wmc-currency=EUR\"><span style=\"color: #ff6600\"><strong data-start=\"1026\" data-end=\"1060\">Steg-f\u00f6r-steg-instruktionsguide<\/strong><\/span> - L\u00e4tt att f\u00f6lja anvisningar f\u00f6r att skapa dina sm\u00e4ltor<\/a><\/span><\/li>\n<\/ul>\n<p>V\u00e5r <span style=\"color: #080000\"><a style=\"color: #080000\" href=\"https:\/\/cosyowl.com\/sv\/tillbehor-for-ljusstopning\/doftoljor-for-ljustillverkning\/alla-dofter\/doftolja-for-frostade-tranbar\/?wmc-currency=EUR\"><span style=\"color: #ff6600\"><strong data-start=\"182\" data-end=\"224\">Frosted Cranberries doftolja<\/strong><\/span><\/a><\/span> \u00e4r en <a href=\"https:\/\/cosyowl.com\/sv\/craft-supplies\/wax-melt-supplies\/mica-powder-glitter\/bright-peach-biodegradable-candle-glitter\">gnistrande<\/a> rosa blandning av sprudlande bubblor, <a href=\"https:\/\/cosyowl.com\/sv\/candle-making-supplies\/essential-oils\/eucalyptus-globulus-essential-oil\">fr\u00e4sch<\/a> <strong>saftig pomelo<\/strong>och en antydan till <strong>tranb\u00e4r<\/strong>. Vilar p\u00e5 en l\u00e4cker bas av <strong>karamell, vanilj och iris<\/strong>, denna doft \u00e4r b\u00e5de <a href=\"https:\/\/cosyowl.com\/sv\/candle-making-supplies\/essential-oils\/rosemary-essential-oil\">uppfriskande<\/a> och tr\u00f6stande.<\/p>\n<p>Vi \u00e4r stolta \u00f6ver att tillhandah\u00e5lla de h\u00f6gsta <a href=\"https:\/\/cosyowl.com\/sv\/candle-wicks\/wedo-lx-wick-raw\">kvalitet<\/a> ingredienser som finns tillg\u00e4ngliga p\u00e5 marknaden f\u00f6r att g\u00f6ra de perfekta vaxsm\u00e4ltningarna hemma. V\u00e5ra kit \u00e4r perfekta f\u00f6r dig som precis har b\u00f6rjat och f\u00f6r dig som redan beh\u00e4rskar tekniken, s\u00e5 ta p\u00e5 dig f\u00f6rkl\u00e4det och l\u00e5t oss b\u00f6rja pyssla.<\/p>\n<p>&nbsp;<\/p>\n<h3 data-start=\"2493\" data-end=\"2542\">Anv\u00e4ndbara resurser f\u00f6r framg\u00e5ngsrik ljustillverkning<\/h3>\n<ul>\n<li><strong><span style=\"color: #ff6600\"><a style=\"color: #ff6600\" href=\"https:\/\/cosyowl.com\/sv\/guider\/en-nyborjarguide-till-att-gora-vaxsmaltor\/?wmc-currency=EUR\">En nyb\u00f6rjarguide till tillverkning av vaxsm\u00e4ltor<\/a><\/span><br \/>\n<\/strong><\/li>\n<li><span style=\"color: #ff6600\"><strong><a style=\"color: #ff6600\" href=\"https:\/\/cosyowl.com\/sv\/guider\/en-guide-till-anvandning-av-bekro-vaxfarg\/?wmc-currency=EUR\">En guide till anv\u00e4ndning av Bekro Wax Dye<\/a><\/strong><\/span><\/li>\n<li><strong><span style=\"color: #ff6600\"><a style=\"color: #ff6600\" href=\"https:\/\/cosyowl.com\/sv\/guider\/topp-6-fragor-vax-smalta-gora-utgava\/?wmc-currency=EUR\">Topp 6 fr\u00e5gor - Vaxsm\u00e4ltning Edition<\/a><\/span><\/strong><\/li>\n<li><strong><span style=\"color: #ff6600\"><a style=\"color: #ff6600\" href=\"https:\/\/cosyowl.com\/sv\/guider\/hur-man-gor-vaxsmaltor-hemma\/?wmc-currency=EUR\">Hur man g\u00f6r vaxsm\u00e4ltor hemifr\u00e5n<\/a><\/span><\/strong><\/li>\n<li><strong><span style=\"color: #ff6600\"><a style=\"color: #ff6600\" href=\"https:\/\/cosyowl.com\/sv\/guider\/?wmc-currency=EUR\">Guider &amp; recept<\/a><\/span><\/strong><\/li>\n<\/ul>","protected":false},"excerpt":{"rendered":"<p>Get creative at home with our Frosted Cranberries Wax Melt Kit, the perfect choice for anyone looking to dive into the fun and satisfying world of wax melt crafting. Whether you\u2019re a beginner or experienced crafter, this all-in-one kit includes everything you need to make beautifully scented, festive wax melts in a variety of unique [&hellip;]<\/p>\n","protected":false},"featured_media":79479,"comment_status":"open","ping_status":"closed","template":"","meta":{"_acf_changed":false},"product_brand":[],"product_cat":[655,498,653,800,727],"product_tag":[1594,927],"class_list":{"0":"post-79491","1":"product","2":"type-product","3":"status-publish","4":"has-post-thumbnail","6":"product_cat-wax-melt-making-kits","7":"product_cat-christmas","8":"product_cat-craft-kits","9":"product_cat-new","10":"product_cat-wax-melt-making-kits-wax-melts","11":"product_tag-christmas","12":"product_tag-wax-melt-making-kit","13":"product_shipping_class-royal_mail_kits","15":"first","16":"instock","17":"taxable","18":"shipping-taxable","19":"purchasable","20":"product-type-simple"},"acf":[],"_links":{"self":[{"href":"https:\/\/cosyowl.com\/sv\/wp-json\/wp\/v2\/product\/79491","targetHints":{"allow":["GET"]}}],"collection":[{"href":"https:\/\/cosyowl.com\/sv\/wp-json\/wp\/v2\/product"}],"about":[{"href":"https:\/\/cosyowl.com\/sv\/wp-json\/wp\/v2\/types\/product"}],"replies":[{"embeddable":true,"href":"https:\/\/cosyowl.com\/sv\/wp-json\/wp\/v2\/comments?post=79491"}],"wp:featuredmedia":[{"embeddable":true,"href":"https:\/\/cosyowl.com\/sv\/wp-json\/wp\/v2\/media\/79479"}],"wp:attachment":[{"href":"https:\/\/cosyowl.com\/sv\/wp-json\/wp\/v2\/media?parent=79491"}],"wp:term":[{"taxonomy":"product_brand","embeddable":true,"href":"https:\/\/cosyowl.com\/sv\/wp-json\/wp\/v2\/product_brand?post=79491"},{"taxonomy":"product_cat","embeddable":true,"href":"https:\/\/cosyowl.com\/sv\/wp-json\/wp\/v2\/product_cat?post=79491"},{"taxonomy":"product_tag","embeddable":true,"href":"https:\/\/cosyowl.com\/sv\/wp-json\/wp\/v2\/product_tag?post=79491"}],"curies":[{"name":"wp","href":"https:\/\/api.w.org\/{rel}","templated":true}]}}