{"id":79490,"date":"2024-05-30T16:12:01","date_gmt":"2024-05-30T15:12:01","guid":{"rendered":"https:\/\/cosyowl.com\/?post_type=product&#038;p=79490"},"modified":"2026-03-03T13:46:18","modified_gmt":"2026-03-03T13:46:18","slug":"nytt-ostoppbart-kit-for-tillverkning-av-vaxsmaltning","status":"publish","type":"product","link":"https:\/\/cosyowl.com\/sv\/craft-kits\/wax-melt-making-kits\/fresh-unstoppables-wax-melt-making-kit","title":{"rendered":"Fresh Unstoppables kit f\u00f6r tillverkning av vaxsm\u00e4ltning"},"content":{"rendered":"<p data-start=\"110\" data-end=\"501\">V\u00e5r <strong data-start=\"183\" data-end=\"200\">Vaxsm\u00e4ltningskit<\/strong> \u00e4r det perfekta valet f\u00f6r alla som \u00e4r redo att bli kreativa och b\u00f6rja g\u00f6ra sina egna vackert doftande <a href=\"https:\/\/cosyowl.com\/sv\/guides\/sandalwood-vanilla-leaf-wax-melts-guide\">vaxsm\u00e4ltor<\/a> hemma. Oavsett om du \u00e4r nyb\u00f6rjare eller en erfaren hantverkare ger det h\u00e4r allt-i-ett-kitet dig allt du beh\u00f6ver f\u00f6r att skapa en m\u00e4ngd unikt formade vaxsm\u00e4ltor med en <a href=\"https:\/\/cosyowl.com\/sv\/candle-making-supplies\/glitters\/pure-white-biodegradable\">ren<\/a>, <a href=\"https:\/\/cosyowl.com\/sv\/candle-making-supplies\/essential-oils\/eucalyptus-globulus-essential-oil\">fr\u00e4sch<\/a> doft. Fylld med premiumingredienser och <a href=\"https:\/\/cosyowl.com\/sv\/candle-making-supplies\/glitters\/fluorescent-peach\">i\u00f6gonfallande<\/a> f\u00e4rg \u00e4r den idealisk f\u00f6r personligt bruk, omt\u00e4nksamma presenter eller f\u00f6r att helt enkelt njuta av <a href=\"https:\/\/cosyowl.com\/sv\/guides\/how-to-make-wax-melts-at-home\">hantverk<\/a> av <a href=\"https:\/\/cosyowl.com\/sv\/guides\/how-to-melt-wax-soap-bases\">sm\u00e4ltning av vax<\/a>.<\/p>\n<h3>Vad finns inuti ditt vaxsm\u00e4ltningskit:<\/h3>\n<ul>\n<li><span style=\"color: #050000\"><a style=\"color: #050000\" href=\"https:\/\/cosyowl.com\/sv\/tillbehor-for-ljusstopning\/doftoljor-for-ljustillverkning\/alla-dofter\/frasch-ostoppbar-doftolja\/?wmc-currency=EUR\">50 ml <span style=\"color: #ff6600\"><strong>Doftolja Fresh Unstoppables<\/strong><\/span> - En livlig, ren doft inspirerad av popul\u00e4ra tv\u00e4ttdofter<\/a><\/span><\/li>\n<li><span style=\"color: #050000\"><a style=\"color: #050000\" href=\"https:\/\/cosyowl.com\/sv\/tillbehor-for-ljusstopning\/glimmerpulver-2\/blixtbla\/?wmc-currency=EUR\">25g - <span style=\"color: #ff6600\"><strong>Flash Blue Mica-pulver<\/strong> <\/span>- Ger en skimrande, i\u00f6gonfallande finish till dina sm\u00e4ltningar<\/a><\/span><\/li>\n<li><span style=\"color: #050000\"><a style=\"color: #050000\" href=\"https:\/\/cosyowl.com\/sv\/ljusfargamnen\/bekro-52-5561-bla-ljusfarg\/?wmc-currency=EUR\">3g - <span style=\"color: #ff6600\"><strong>Bekro Ljusbl\u00e5 f\u00e4rg<\/strong><\/span> - Skapar en mjuk, uppfriskande bl\u00e5 f\u00e4rg som matchar den rena doften<\/a><\/span><\/li>\n<li><span style=\"color: #050000\"><a style=\"color: #050000\" href=\"https:\/\/cosyowl.com\/sv\/tillbehor-for-hantverk\/tillbehor-for-vaxsmaltning\/vax-for-vaxsmaltor\/naturliga-vaxer-soyaluna-smaltpillervax\/?wmc-currency=EUR\">350g - <span style=\"color: #ff6600\"><strong data-start=\"883\" data-end=\"902\">Vax f\u00f6r pelare<\/strong><\/span> - Vax av premiumkvalitet, perfekt f\u00f6r gjutformar<\/a><\/span><\/li>\n<li><span style=\"color: #050000\"><a style=\"color: #050000\" href=\"https:\/\/cosyowl.com\/sv\/vaxsmaltor\/formar\/?wmc-currency=EUR\">4<strong><span style=\"color: #ff6600\"> Gjutformar<\/span><\/strong> - 1x Clamshell, 1x Heart Clamshell, 1x Star Clamshell, 1x Deli Pot<\/a><\/span><\/li>\n<li><span style=\"color: #050000\"><a style=\"color: #050000\" href=\"https:\/\/cosyowl.com\/sv\/guider\/en-nyborjarguide-till-att-gora-vaxsmaltor\/?wmc-currency=EUR\"><span style=\"color: #ff6600\"><strong data-start=\"1026\" data-end=\"1060\">Steg-f\u00f6r-steg-instruktionsguide<\/strong><\/span> - L\u00e4tt att f\u00f6lja anvisningar f\u00f6r att skapa dina sm\u00e4ltor<\/a><\/span><\/li>\n<\/ul>\n<p>Upplev k\u00e4nslan av fr\u00e4sch\u00f6r som aldrig f\u00f6rr med <span style=\"color: #050000\"><a style=\"color: #050000\" href=\"https:\/\/cosyowl.com\/sv\/tillbehor-for-ljusstopning\/doftoljor-for-ljustillverkning\/alla-dofter\/frasch-ostoppbar-doftolja\/?wmc-currency=EUR\"><span style=\"color: #ff6600\"><strong>Doftolja Fresh Unstoppables <\/strong><\/span><\/a><\/span>Inspirerad av de popul\u00e4ra doftf\u00f6rst\u00e4rkarna, kombinerar en diffus\u00a0<strong>fruktig-blommig<\/strong>\u00a0ackord som inleds med en symfoni av\u00a0<strong>rena ozoniska toner<\/strong>utan anstr\u00e4ngning sammanfl\u00e4tas med den ljusa essensen av\u00a0<strong>citrus apelsin, saftig persika och krispig <a href=\"https:\/\/cosyowl.com\/sv\/fragrance-oils\/fresh-cut-grass\">gr\u00f6n<\/a> \u00e4pple<\/strong>. Denna harmoniska blandning s\u00e4tter scenen f\u00f6r ett f\u00e4ngslande blommigt hj\u00e4rta, d\u00e4r de delikata aromerna av genomskinliga\u00a0<strong><a href=\"https:\/\/cosyowl.com\/sv\/candle-making-supplies\/fragrance-oils-for-candle-making\/all-fragrances\/jasmine-fragrance-oil\">jasmin<\/a>, <a href=\"https:\/\/cosyowl.com\/sv\/candle-making-supplies\/candle-containers\/candle-glasses\/glass-candle-container-50cl-classic-jar-with-lid\">elegant<\/a> ros<\/strong>och upplyftande neroli dansar tillsammans, f\u00f6rst\u00e4rkt av subtila <a href=\"https:\/\/cosyowl.com\/sv\/fragrance-oils\/coffee\">aromatisk<\/a> nyanser av anis, <a href=\"https:\/\/cosyowl.com\/sv\/candle-making-supplies\/glitters\/turquoise-blue-candle-glitter\">uppfriskande<\/a> eukalyptus och frodiga gr\u00f6na noter. F\u00f6r att fullborda denna doftresa avslutas doften elegant med ett mjukt sp\u00e5r av\u00a0<strong>patchouli och vanilj<\/strong>och l\u00e4mnar en kvardr\u00f6jande k\u00e4nsla av komfort och v\u00e4rme efter sig.<\/p>\n<p>Vi \u00e4r stolta \u00f6ver att tillhandah\u00e5lla de h\u00f6gsta <a href=\"https:\/\/cosyowl.com\/sv\/candle-wicks\/wedo-lx-wick-raw\">kvalitet<\/a> ingredienser som finns tillg\u00e4ngliga p\u00e5 marknaden f\u00f6r att g\u00f6ra de perfekta vaxsm\u00e4ltningarna hemma. V\u00e5ra kit \u00e4r perfekta f\u00f6r dig som precis har b\u00f6rjat och f\u00f6r dig som redan beh\u00e4rskar tekniken, s\u00e5 ta p\u00e5 dig f\u00f6rkl\u00e4det och l\u00e5t oss b\u00f6rja pyssla.<\/p>\n<p>&nbsp;<\/p>\n<h3 data-start=\"2493\" data-end=\"2542\">Anv\u00e4ndbara resurser f\u00f6r framg\u00e5ngsrik ljustillverkning<\/h3>\n<ul>\n<li><strong><span style=\"color: #ff6600\"><a style=\"color: #ff6600\" href=\"https:\/\/cosyowl.com\/sv\/guider\/en-nyborjarguide-till-att-gora-vaxsmaltor\/?wmc-currency=EUR\">En nyb\u00f6rjarguide till tillverkning av vaxsm\u00e4ltor<\/a><\/span><br \/>\n<\/strong><\/li>\n<li><span style=\"color: #ff6600\"><strong><a style=\"color: #ff6600\" href=\"https:\/\/cosyowl.com\/sv\/guider\/en-guide-till-anvandning-av-bekro-vaxfarg\/?wmc-currency=EUR\">En guide till anv\u00e4ndning av Bekro Wax Dye<\/a><\/strong><\/span><\/li>\n<li><strong><span style=\"color: #ff6600\"><a style=\"color: #ff6600\" href=\"https:\/\/cosyowl.com\/sv\/guider\/topp-6-fragor-vax-smalta-gora-utgava\/?wmc-currency=EUR\">Topp 6 fr\u00e5gor - Vaxsm\u00e4ltning Edition<\/a><\/span><\/strong><\/li>\n<li><strong><span style=\"color: #ff6600\"><a style=\"color: #ff6600\" href=\"https:\/\/cosyowl.com\/sv\/guider\/hur-man-gor-vaxsmaltor-hemma\/?wmc-currency=EUR\">Hur man g\u00f6r vaxsm\u00e4ltor hemifr\u00e5n<\/a><\/span><\/strong><\/li>\n<li><strong><span style=\"color: #ff6600\"><a style=\"color: #ff6600\" href=\"https:\/\/cosyowl.com\/sv\/guider\/?wmc-currency=EUR\">Guider &amp; recept<\/a><\/span><\/strong><\/li>\n<\/ul>","protected":false},"excerpt":{"rendered":"<p>Our Wax Melt Kits are the perfect pick for anyone ready to get creative and start making their own beautifully scented wax melts at home. Whether you&#8217;re a total beginner or a seasoned crafter, this all-in-one kit gives you everything you need to create a variety of uniquely shaped wax melts with a clean, fresh [&hellip;]<\/p>\n","protected":false},"featured_media":79475,"comment_status":"open","ping_status":"closed","template":"","meta":{"_acf_changed":false},"product_brand":[],"product_cat":[655,653,800,727],"product_tag":[927],"class_list":{"0":"post-79490","1":"product","2":"type-product","3":"status-publish","4":"has-post-thumbnail","6":"product_cat-wax-melt-making-kits","7":"product_cat-craft-kits","8":"product_cat-new","9":"product_cat-wax-melt-making-kits-wax-melts","10":"product_tag-wax-melt-making-kit","11":"product_shipping_class-royal_mail_kits","13":"first","14":"instock","15":"taxable","16":"shipping-taxable","17":"purchasable","18":"product-type-simple"},"acf":[],"_links":{"self":[{"href":"https:\/\/cosyowl.com\/sv\/wp-json\/wp\/v2\/product\/79490","targetHints":{"allow":["GET"]}}],"collection":[{"href":"https:\/\/cosyowl.com\/sv\/wp-json\/wp\/v2\/product"}],"about":[{"href":"https:\/\/cosyowl.com\/sv\/wp-json\/wp\/v2\/types\/product"}],"replies":[{"embeddable":true,"href":"https:\/\/cosyowl.com\/sv\/wp-json\/wp\/v2\/comments?post=79490"}],"wp:featuredmedia":[{"embeddable":true,"href":"https:\/\/cosyowl.com\/sv\/wp-json\/wp\/v2\/media\/79475"}],"wp:attachment":[{"href":"https:\/\/cosyowl.com\/sv\/wp-json\/wp\/v2\/media?parent=79490"}],"wp:term":[{"taxonomy":"product_brand","embeddable":true,"href":"https:\/\/cosyowl.com\/sv\/wp-json\/wp\/v2\/product_brand?post=79490"},{"taxonomy":"product_cat","embeddable":true,"href":"https:\/\/cosyowl.com\/sv\/wp-json\/wp\/v2\/product_cat?post=79490"},{"taxonomy":"product_tag","embeddable":true,"href":"https:\/\/cosyowl.com\/sv\/wp-json\/wp\/v2\/product_tag?post=79490"}],"curies":[{"name":"wp","href":"https:\/\/api.w.org\/{rel}","templated":true}]}}