{"id":79482,"date":"2024-05-30T16:05:11","date_gmt":"2024-05-30T15:05:11","guid":{"rendered":"https:\/\/cosyowl.com\/?post_type=product&#038;p=79482"},"modified":"2026-03-03T13:46:18","modified_gmt":"2026-03-03T13:46:18","slug":"sandeltra-myrra-vax-smalta-gora-kit","status":"publish","type":"product","link":"https:\/\/cosyowl.com\/sv\/craft-kits\/wax-melt-making-kits\/sandalwood-myrrh-wax-melt-making-kit","title":{"rendered":"Kit f\u00f6r tillverkning av sm\u00e4ltvax av sandeltr\u00e4 och myrra"},"content":{"rendered":"<p data-start=\"123\" data-end=\"476\">V\u00e5r <strong data-start=\"200\" data-end=\"235\">Sandeltr\u00e4 &amp; Myrra <a href=\"https:\/\/cosyowl.com\/sv\/craft-kits\/wax-melt-making-kits\/lavender-wax-melt-making-kit\">Kit f\u00f6r vaxsm\u00e4ltning<\/a><\/strong> \u00e4r det perfekta s\u00e4ttet att dyka in i vaxtillverkningens v\u00e4rld. Detta allt-i-ett-kit \u00e4r utformat f\u00f6r b\u00e5de nyb\u00f6rjare och erfarna g\u00f6r-det-sj\u00e4lvare och inneh\u00e5ller allt du beh\u00f6ver f\u00f6r att g\u00f6ra vackert formade, lyxigt doftande <a href=\"https:\/\/cosyowl.com\/sv\/guides\/sandalwood-vanilla-leaf-wax-melts-guide\">vaxsm\u00e4ltor<\/a> fr\u00e5n bekv\u00e4mligheten i hemmet. Med en rik, jordn\u00e4ra doft och en <a href=\"https:\/\/cosyowl.com\/sv\/craft-kits\/candle-making-kits\/soy-wax-mulled-wine-christmas-candle-making-kit\">varm<\/a> gyllene skimmer, kommer dina handgjorda sm\u00e4ltningar att ge en <a href=\"https:\/\/cosyowl.com\/sv\/candle-making-supplies\/glitters\/pure-white-biodegradable\">elegant<\/a>och ger en lugnande atmosf\u00e4r till alla utrymmen.<\/p>\n<h3>Vad finns inuti ditt vaxsm\u00e4ltningskit:<\/h3>\n<ul>\n<li data-start=\"653\" data-end=\"754\"><span style=\"color: #080000\"><a style=\"color: #080000\" href=\"https:\/\/cosyowl.com\/sv\/tillbehor-for-ljusstopning\/doftoljor-for-ljustillverkning\/alla-dofter\/doftolja-av-sandeltra-och-myrra\/?wmc-currency=EUR\">50 ml <span style=\"color: #ff6600\"><strong data-start=\"653\" data-end=\"694\">Sandeltr\u00e4 &amp; Myrra doftolja<\/strong><\/span> - En lugnande, tr\u00e4ig blandning med en antydan till krydda och v\u00e4rme<\/a><\/span><\/li>\n<li data-start=\"757\" data-end=\"841\"><span style=\"color: #080000\"><a style=\"color: #080000\" href=\"https:\/\/cosyowl.com\/sv\/tillbehor-for-ljusstopning\/glimmerpulver-2\/guld-satin\/?wmc-currency=EUR\">25g <span style=\"color: #ff6600\"><strong data-start=\"757\" data-end=\"787\">Gold Satin Mica-pulver<\/strong><\/span> - Ger ett sofistikerat gyllene skimmer till dina sm\u00e4ltningar<\/a><\/span><\/li>\n<li data-start=\"844\" data-end=\"944\"><span style=\"color: #080000\"><a style=\"color: #080000\" href=\"https:\/\/cosyowl.com\/sv\/ljusfargamnen\/bekro-227-kram-ljusfarg\/?wmc-currency=EUR\">3g<\/a> <span style=\"color: #ff6600\"><strong data-start=\"844\" data-end=\"866\">Bekro kr\u00e4mf\u00e4rg<\/strong><\/span> - Ger en mjuk, neutral kr\u00e4mton som passar vackert ihop med doften<\/span><\/li>\n<li data-start=\"883\" data-end=\"942\"><span style=\"color: #080000\"><a style=\"color: #080000\" href=\"https:\/\/cosyowl.com\/sv\/tillbehor-for-hantverk\/tillbehor-for-vaxsmaltning\/vax-for-vaxsmaltor\/naturliga-vaxer-soyaluna-smaltpillervax\/?wmc-currency=EUR\">350g - <span style=\"color: #ff6600\"><strong data-start=\"883\" data-end=\"902\">Vax f\u00f6r pelare<\/strong><\/span> - Vax av premiumkvalitet, perfekt f\u00f6r gjutformar<\/a><\/span><\/li>\n<li data-start=\"945\" data-end=\"1023\"><span style=\"color: #080000\"><a style=\"color: #080000\" href=\"https:\/\/cosyowl.com\/sv\/vaxsmaltor\/formar\/?wmc-currency=EUR\">4<span style=\"color: #ff6600\"><strong> Gjutformar<\/strong> <\/span>- 1x Clamshell, 1x Heart Clamshell, 1x Star Clamshell, 1x Deli Pot<\/a><\/span><\/li>\n<li data-start=\"1026\" data-end=\"1112\"><span style=\"color: #080000\"><a style=\"color: #080000\" href=\"https:\/\/cosyowl.com\/sv\/guider\/en-nyborjarguide-till-att-gora-vaxsmaltor\/?wmc-currency=EUR\"><strong data-start=\"1026\" data-end=\"1060\"><span style=\"color: #ff6600\">Steg-f\u00f6r-steg-instruktionsguide<\/span><\/strong> - L\u00e4tt att f\u00f6lja anvisningar f\u00f6r att skapa dina sm\u00e4ltor<\/a><\/span><\/li>\n<\/ul>\n<p data-start=\"139\" data-end=\"856\">En tidl\u00f6s blandning av ljusstyrka och djup, <span style=\"color: #080000\"><a style=\"color: #080000\" href=\"https:\/\/cosyowl.com\/sv\/tillbehor-for-ljusstopning\/doftoljor-for-ljustillverkning\/alla-dofter\/doftolja-av-sandeltra-och-myrra\/?wmc-currency=EUR\"><span style=\"color: #ff6600\"><strong data-start=\"653\" data-end=\"694\">Sandeltr\u00e4 &amp; Myrra doftolja<\/strong><\/span><\/a><\/span>\u00a0inleds med en <a href=\"https:\/\/cosyowl.com\/sv\/candle-making-supplies\/essential-oils\/eucalyptus-globulus-essential-oil\">fr\u00e4sch<\/a>, <a href=\"https:\/\/cosyowl.com\/sv\/candle-making-supplies\/essential-oils\/rosemary-essential-oil\">uppfriskande<\/a> bris av <strong data-start=\"270\" data-end=\"285\">citrusskal<\/strong>, kylning <strong data-start=\"295\" data-end=\"309\" data-is-only-node=\"\">eukalyptus<\/strong>, krispig <strong data-start=\"317\" data-end=\"328\">enb\u00e4r<\/strong>, och mjuk <strong data-start=\"339\" data-end=\"351\">lavendel<\/strong>-en aromatisk introduktion som lyfter och v\u00e4cker till liv. I hj\u00e4rtat finns en varm, kryddad fusion av <strong data-start=\"442\" data-end=\"454\">kanel<\/strong> och <strong data-start=\"459\" data-end=\"468\">kryddnejlika<\/strong> dansar med den pudrigt blommiga elegansen hos <strong data-start=\"512\" data-end=\"521\">orris<\/strong>, som framkallar en f\u00f6rfinad, <a href=\"https:\/\/cosyowl.com\/sv\/candle-making-supplies\/fragrance-oils-for-candle-making\/all-fragrances\/midnight-passion-fragrance-oil\">mystisk<\/a> lockelse. F\u00f6rankrad i doften \u00e4r en rik, sensuell bas d\u00e4r <a href=\"https:\/\/cosyowl.com\/sv\/candle-making-supplies\/fragrance-oils-for-candle-making\/all-fragrances\/french-vanilla-fragrance-oil\">kr\u00e4mig<\/a> <strong data-start=\"622\" data-end=\"636\">sandeltr\u00e4<\/strong> och forntida <strong data-start=\"649\" data-end=\"658\">myrra<\/strong> tr\u00e4ffa guld <strong data-start=\"671\" data-end=\"680\">b\u00e4rnsten<\/strong>, jordn\u00e4ra <strong data-start=\"689\" data-end=\"702\">patchouli<\/strong>, r\u00f6kig <strong data-start=\"710\" data-end=\"719\">cedertr\u00e4<\/strong>och en f\u00f6rf\u00f6risk blandning av <strong data-start=\"746\" data-end=\"754\">mysk<\/strong> och <strong data-start=\"759\" data-end=\"770\">vanilj<\/strong>. Resultatet \u00e4r en komplex, sj\u00e4lfull doft - fr\u00e4sch men \u00e4nd\u00e5 r\u00f6kig, ljus men \u00e4nd\u00e5 djupt jordad.<\/p>\n<p>Vi \u00e4r stolta \u00f6ver att tillhandah\u00e5lla de h\u00f6gsta <a href=\"https:\/\/cosyowl.com\/sv\/candle-wicks\/wedo-lx-wick-raw\">kvalitet<\/a> ingredienser som finns tillg\u00e4ngliga p\u00e5 marknaden f\u00f6r att g\u00f6ra de perfekta vaxsm\u00e4ltningarna hemma. V\u00e5ra kit \u00e4r perfekta f\u00f6r dig som precis har b\u00f6rjat och f\u00f6r dig som redan beh\u00e4rskar tekniken, s\u00e5 ta p\u00e5 dig f\u00f6rkl\u00e4det och l\u00e5t oss b\u00f6rja pyssla.<\/p>\n<p>&nbsp;<\/p>\n<h3 data-start=\"2493\" data-end=\"2542\">Anv\u00e4ndbara resurser f\u00f6r framg\u00e5ngsrik ljustillverkning<\/h3>\n<ul>\n<li><strong><span style=\"color: #ff6600\"><a style=\"color: #ff6600\" href=\"https:\/\/cosyowl.com\/sv\/guider\/en-nyborjarguide-till-att-gora-vaxsmaltor\/?wmc-currency=EUR\">En nyb\u00f6rjarguide till tillverkning av vaxsm\u00e4ltor<\/a><\/span><br \/>\n<\/strong><\/li>\n<li><span style=\"color: #ff6600\"><strong><a style=\"color: #ff6600\" href=\"https:\/\/cosyowl.com\/sv\/guider\/en-guide-till-anvandning-av-bekro-vaxfarg\/?wmc-currency=EUR\">En guide till anv\u00e4ndning av Bekro Wax Dye<\/a><\/strong><\/span><\/li>\n<li><strong><span style=\"color: #ff6600\"><a style=\"color: #ff6600\" href=\"https:\/\/cosyowl.com\/sv\/guider\/topp-6-fragor-vax-smalta-gora-utgava\/?wmc-currency=EUR\">Topp 6 fr\u00e5gor - Vaxsm\u00e4ltning Edition<\/a><\/span><\/strong><\/li>\n<li><strong><span style=\"color: #ff6600\"><a style=\"color: #ff6600\" href=\"https:\/\/cosyowl.com\/sv\/guider\/hur-man-gor-vaxsmaltor-hemma\/?wmc-currency=EUR\">Hur man g\u00f6r vaxsm\u00e4ltor hemifr\u00e5n<\/a><\/span><\/strong><\/li>\n<li><strong><span style=\"color: #ff6600\"><a style=\"color: #ff6600\" href=\"https:\/\/cosyowl.com\/sv\/guider\/?wmc-currency=EUR\">Guider &amp; recept<\/a><\/span><\/strong><\/li>\n<\/ul>","protected":false},"excerpt":{"rendered":"<p>Our Sandalwood &amp; Myrrh Wax Melt Kit is the perfect way to dive into the world of wax crafting. Designed for both beginners and seasoned DIYers, this all-in-one kit includes everything you need to make beautifully shaped, luxuriously scented wax melts from the comfort of home.\u00a0With a rich, earthy fragrance and a warm golden shimmer, [&hellip;]<\/p>\n","protected":false},"featured_media":79483,"comment_status":"open","ping_status":"closed","template":"","meta":{"_acf_changed":false},"product_brand":[],"product_cat":[655,498,653,800,727],"product_tag":[1594,927],"class_list":{"0":"post-79482","1":"product","2":"type-product","3":"status-publish","4":"has-post-thumbnail","6":"product_cat-wax-melt-making-kits","7":"product_cat-christmas","8":"product_cat-craft-kits","9":"product_cat-new","10":"product_cat-wax-melt-making-kits-wax-melts","11":"product_tag-christmas","12":"product_tag-wax-melt-making-kit","13":"product_shipping_class-royal_mail_kits","15":"first","16":"instock","17":"taxable","18":"shipping-taxable","19":"purchasable","20":"product-type-simple"},"acf":[],"_links":{"self":[{"href":"https:\/\/cosyowl.com\/sv\/wp-json\/wp\/v2\/product\/79482","targetHints":{"allow":["GET"]}}],"collection":[{"href":"https:\/\/cosyowl.com\/sv\/wp-json\/wp\/v2\/product"}],"about":[{"href":"https:\/\/cosyowl.com\/sv\/wp-json\/wp\/v2\/types\/product"}],"replies":[{"embeddable":true,"href":"https:\/\/cosyowl.com\/sv\/wp-json\/wp\/v2\/comments?post=79482"}],"wp:featuredmedia":[{"embeddable":true,"href":"https:\/\/cosyowl.com\/sv\/wp-json\/wp\/v2\/media\/79483"}],"wp:attachment":[{"href":"https:\/\/cosyowl.com\/sv\/wp-json\/wp\/v2\/media?parent=79482"}],"wp:term":[{"taxonomy":"product_brand","embeddable":true,"href":"https:\/\/cosyowl.com\/sv\/wp-json\/wp\/v2\/product_brand?post=79482"},{"taxonomy":"product_cat","embeddable":true,"href":"https:\/\/cosyowl.com\/sv\/wp-json\/wp\/v2\/product_cat?post=79482"},{"taxonomy":"product_tag","embeddable":true,"href":"https:\/\/cosyowl.com\/sv\/wp-json\/wp\/v2\/product_tag?post=79482"}],"curies":[{"name":"wp","href":"https:\/\/api.w.org\/{rel}","templated":true}]}}