{"id":79470,"date":"2024-05-30T15:52:41","date_gmt":"2024-05-30T14:52:41","guid":{"rendered":"https:\/\/cosyowl.com\/?post_type=product&#038;p=79470"},"modified":"2026-03-03T13:46:18","modified_gmt":"2026-03-03T13:46:18","slug":"kit-for-smaltning-av-lavendelvax","status":"publish","type":"product","link":"https:\/\/cosyowl.com\/sv\/craft-kits\/wax-melt-making-kits\/lavender-wax-melt-making-kit","title":{"rendered":"Kit f\u00f6r tillverkning av vaxsm\u00e4ltning med lavendel"},"content":{"rendered":"<p data-start=\"231\" data-end=\"533\">Sl\u00e4pp loss din kreativitet och skapa en k\u00e4nsla av <a href=\"https:\/\/cosyowl.com\/sv\/guides\/scent-and-relaxation\">Lugn<\/a> till ditt utrymme med v\u00e5r <strong data-start=\"304\" data-end=\"329\"><a href=\"https:\/\/cosyowl.com\/sv\/guides\/how-to-lavender-wax-melts\">Lavendelvax<\/a> Sm\u00e4ltningssats<\/strong>. Oavsett om du \u00e4r nyb\u00f6rjare eller en erfaren hantverkare inneh\u00e5ller detta kit allt du beh\u00f6ver f\u00f6r att skapa vackert formade, v\u00e4ldoftande <a href=\"https:\/\/cosyowl.com\/sv\/guides\/sandalwood-vanilla-leaf-wax-melts-guide\">vaxsm\u00e4ltor<\/a> i en avslappnande lavendeldoft med en touch av <a href=\"https:\/\/cosyowl.com\/sv\/craft-supplies\/wax-melt-supplies\/mica-powder-glitter\/light-copper-biodegradable-candle-glitter\">skimrande<\/a> violett.<\/p>\n<h3>Vad finns inuti ditt vaxsm\u00e4ltningskit:<\/h3>\n<ul>\n<li data-start=\"859\" data-end=\"958\"><span style=\"color: #050000\"><a style=\"color: #050000\" href=\"https:\/\/cosyowl.com\/sv\/tillbehor-for-ljusstopning\/doftoljor-for-ljustillverkning\/alla-dofter\/doftolja-av-lavendel\/?wmc-currency=EUR\">50 ml <span style=\"color: #ff6600\"><strong data-start=\"859\" data-end=\"890\">Lavendel doftolja<\/strong><\/span> - En vackert skiktad blommig blandning med fr\u00e4scha, \u00f6rtartade toner<\/a><\/span><\/li>\n<li data-start=\"961\" data-end=\"1040\"><span style=\"color: #050000\"><a style=\"color: #050000\" href=\"https:\/\/cosyowl.com\/sv\/tillbehor-for-hantverk\/tillbehor-for-vaxsmaltning\/glimmerpuderglitter\/magiskt-violett-glimmerpulver\/?wmc-currency=EUR\">25g - <span style=\"color: #ff6600\"><strong data-start=\"961\" data-end=\"993\">Magic Violet Glimmerpulver<\/strong><\/span> - Ger ett i\u00f6gonfallande skimmer till dina sm\u00e4ltningar<\/a><\/span><\/li>\n<li data-start=\"1043\" data-end=\"1121\"><span style=\"color: #050000\"><a style=\"color: #050000\" href=\"https:\/\/cosyowl.com\/sv\/tillbehor-for-ljusstopning\/ljusfargamnen\/bekro-601127-lila-ljusfarg\/?wmc-currency=EUR\">3g - <span style=\"color: #ff6600\"><strong data-start=\"1043\" data-end=\"1065\">Bekro Lilac Dye<\/strong> <\/span>- Producerar en mjuk lavendelf\u00e4rg f\u00f6r en dr\u00f6msk estetik<\/a><\/span><\/li>\n<li data-start=\"883\" data-end=\"942\"><span style=\"color: #050000\"><a style=\"color: #050000\" href=\"https:\/\/cosyowl.com\/sv\/tillbehor-for-hantverk\/tillbehor-for-vaxsmaltning\/vax-for-vaxsmaltor\/naturliga-vaxer-soyaluna-smaltpillervax\/?wmc-currency=EUR\">350g - <span style=\"color: #ff6600\"><strong data-start=\"883\" data-end=\"902\">Vax f\u00f6r pelare<\/strong><\/span> - Vax av premiumkvalitet, perfekt f\u00f6r gjutformar<\/a><\/span><\/li>\n<li data-start=\"945\" data-end=\"1023\"><span style=\"color: #050000\"><a style=\"color: #050000\" href=\"https:\/\/cosyowl.com\/sv\/vaxsmaltor\/formar\/?wmc-currency=EUR\">4<span style=\"color: #ff6600\"><strong> Gjutformar<\/strong> <\/span>- 1x Clamshell, 1x Heart Clamshell, 1x Star Clamshell, 1x Deli Pot<\/a><\/span><\/li>\n<li data-start=\"1026\" data-end=\"1112\"><span style=\"color: #050000\"><a style=\"color: #050000\" href=\"https:\/\/cosyowl.com\/sv\/guider\/en-nyborjarguide-till-att-gora-vaxsmaltor\/?wmc-currency=EUR\"><strong data-start=\"1026\" data-end=\"1060\"><span style=\"color: #ff6600\">Steg-f\u00f6r-steg-instruktionsguide<\/span><\/strong> - L\u00e4tt att f\u00f6lja anvisningar f\u00f6r att skapa dina sm\u00e4ltor<\/a><\/span><\/li>\n<\/ul>\n<p>En enkel men \u00e4nd\u00e5 sl\u00e5ende <a href=\"https:\/\/cosyowl.com\/sv\/candle-making-supplies\/candle-containers\/candle-glasses\/glass-candle-container-50cl-classic-jar-with-lid\">elegant<\/a> \u00f6verenskommelse, detta <span style=\"color: #050000\"><a style=\"color: #050000\" href=\"https:\/\/cosyowl.com\/sv\/tillbehor-for-ljusstopning\/doftoljor-for-ljustillverkning\/alla-dofter\/doftolja-av-lavendel\/?wmc-currency=EUR\"><span style=\"color: #ff6600\"><strong data-start=\"859\" data-end=\"890\">Lavendel doftolja<\/strong><\/span><\/a><\/span>\u00a0f\u00e5ngar essensen av lugn med en <a href=\"https:\/\/cosyowl.com\/sv\/candle-making-supplies\/glitters\/turquoise-blue-candle-glitter\">uppfriskande<\/a> twist. Den \u00f6ppnar med fr\u00e4scha toppnoter av <strong data-start=\"369\" data-end=\"396\"><a href=\"https:\/\/cosyowl.com\/sv\/candle-making-supplies\/essential-oils\/eucalyptus-globulus-essential-oil\">fr\u00e4sch<\/a> Eukalyptusblad<\/strong> och den fina ljusstyrkan hos <strong data-start=\"428\" data-end=\"450\" data-is-only-node=\"\">mjuk bergamottk\u00e4rna<\/strong>, vilket skapar en <a href=\"https:\/\/cosyowl.com\/sv\/candle-making-supplies\/glitters\/pure-white-biodegradable\">ren<\/a> och kylning introduktion. I hj\u00e4rtat, klassisk <strong data-start=\"517\" data-end=\"529\">lavendel<\/strong> v\u00e4rms upp av jordn\u00e4ra <strong data-start=\"550\" data-end=\"563\">patchouli<\/strong> och den subtila s\u00f6tman av <strong data-start=\"592\" data-end=\"606\">tonkab\u00f6na<\/strong>vilket ger doften ett mysigt, tr\u00f6stande djup. Slutligen vecklar basen ut sig till en varaktig omfamning av <strong data-start=\"703\" data-end=\"716\">mjuk mossa<\/strong> och <strong data-start=\"721\" data-end=\"736\"><a href=\"https:\/\/cosyowl.com\/sv\/fragrance-oils\/teakwood\">tr\u00e4ig<\/a> mysk<\/strong>, och ger doften en lugn grundton, <a href=\"https:\/\/cosyowl.com\/sv\/candle-making-supplies\/fragrance-oils-for-candle-making\/all-fragrances\/honey-fragrance-oil\">naturlig<\/a> v\u00e4rme som dr\u00f6jer sig kvar p\u00e5 ett vackert s\u00e4tt.<\/p>\n<p>Vi \u00e4r stolta \u00f6ver att tillhandah\u00e5lla de h\u00f6gsta <a href=\"https:\/\/cosyowl.com\/sv\/candle-wicks\/wedo-lx-wick-raw\">kvalitet<\/a> ingredienser som finns tillg\u00e4ngliga p\u00e5 marknaden f\u00f6r att g\u00f6ra de perfekta vaxsm\u00e4ltningarna hemma. V\u00e5ra kit \u00e4r perfekta f\u00f6r dig som precis har b\u00f6rjat och f\u00f6r dig som redan beh\u00e4rskar tekniken, s\u00e5 ta p\u00e5 dig f\u00f6rkl\u00e4det och l\u00e5t oss b\u00f6rja pyssla.<\/p>\n<p>&nbsp;<\/p>\n<h3 data-start=\"2493\" data-end=\"2542\">Anv\u00e4ndbara resurser f\u00f6r framg\u00e5ngsrik ljustillverkning<\/h3>\n<ul>\n<li><strong><span style=\"color: #ff6600\"><a style=\"color: #ff6600\" href=\"https:\/\/cosyowl.com\/sv\/guider\/en-nyborjarguide-till-att-gora-vaxsmaltor\/?wmc-currency=EUR\">En nyb\u00f6rjarguide till tillverkning av vaxsm\u00e4ltor<\/a><\/span><br \/>\n<\/strong><\/li>\n<li><span style=\"color: #ff6600\"><strong><a style=\"color: #ff6600\" href=\"https:\/\/cosyowl.com\/sv\/guider\/en-guide-till-anvandning-av-bekro-vaxfarg\/?wmc-currency=EUR\">En guide till anv\u00e4ndning av Bekro Wax Dye<\/a><\/strong><\/span><\/li>\n<li><strong><span style=\"color: #ff6600\"><a style=\"color: #ff6600\" href=\"https:\/\/cosyowl.com\/sv\/guider\/topp-6-fragor-vax-smalta-gora-utgava\/?wmc-currency=EUR\">Topp 6 fr\u00e5gor - Vaxsm\u00e4ltning Edition<\/a><\/span><\/strong><\/li>\n<li><strong><span style=\"color: #ff6600\"><a style=\"color: #ff6600\" href=\"https:\/\/cosyowl.com\/sv\/guider\/hur-man-gor-vaxsmaltor-hemma\/?wmc-currency=EUR\">Hur man g\u00f6r vaxsm\u00e4ltor hemifr\u00e5n<\/a><\/span><\/strong><\/li>\n<li><strong><span style=\"color: #ff6600\"><a style=\"color: #ff6600\" href=\"https:\/\/cosyowl.com\/sv\/guider\/?wmc-currency=EUR\">Guider &amp; recept<\/a><\/span><\/strong><\/li>\n<\/ul>","protected":false},"excerpt":{"rendered":"<p>Unleash your creativity and bring a sense of calm to your space with our Lavender Wax Melt Kit. Whether you&#8217;re new to crafting or a seasoned maker, this kit includes everything you need to create beautifully shaped, fragrant wax melts in a relaxing lavender scent with a touch of shimmering violet. What\u2019s Inside Your Wax [&hellip;]<\/p>\n","protected":false},"featured_media":79474,"comment_status":"open","ping_status":"closed","template":"","meta":{"_acf_changed":false},"product_brand":[],"product_cat":[655,653,800,727],"product_tag":[927],"class_list":{"0":"post-79470","1":"product","2":"type-product","3":"status-publish","4":"has-post-thumbnail","6":"product_cat-wax-melt-making-kits","7":"product_cat-craft-kits","8":"product_cat-new","9":"product_cat-wax-melt-making-kits-wax-melts","10":"product_tag-wax-melt-making-kit","11":"product_shipping_class-royal_mail_kits","13":"first","14":"instock","15":"taxable","16":"shipping-taxable","17":"purchasable","18":"product-type-simple"},"acf":[],"_links":{"self":[{"href":"https:\/\/cosyowl.com\/sv\/wp-json\/wp\/v2\/product\/79470","targetHints":{"allow":["GET"]}}],"collection":[{"href":"https:\/\/cosyowl.com\/sv\/wp-json\/wp\/v2\/product"}],"about":[{"href":"https:\/\/cosyowl.com\/sv\/wp-json\/wp\/v2\/types\/product"}],"replies":[{"embeddable":true,"href":"https:\/\/cosyowl.com\/sv\/wp-json\/wp\/v2\/comments?post=79470"}],"wp:featuredmedia":[{"embeddable":true,"href":"https:\/\/cosyowl.com\/sv\/wp-json\/wp\/v2\/media\/79474"}],"wp:attachment":[{"href":"https:\/\/cosyowl.com\/sv\/wp-json\/wp\/v2\/media?parent=79470"}],"wp:term":[{"taxonomy":"product_brand","embeddable":true,"href":"https:\/\/cosyowl.com\/sv\/wp-json\/wp\/v2\/product_brand?post=79470"},{"taxonomy":"product_cat","embeddable":true,"href":"https:\/\/cosyowl.com\/sv\/wp-json\/wp\/v2\/product_cat?post=79470"},{"taxonomy":"product_tag","embeddable":true,"href":"https:\/\/cosyowl.com\/sv\/wp-json\/wp\/v2\/product_tag?post=79470"}],"curies":[{"name":"wp","href":"https:\/\/api.w.org\/{rel}","templated":true}]}}