{"id":78885,"date":"2024-05-15T11:35:09","date_gmt":"2024-05-15T10:35:09","guid":{"rendered":"https:\/\/cosyowl.com\/?post_type=product&#038;p=78885"},"modified":"2026-03-24T16:27:30","modified_gmt":"2026-03-24T16:27:30","slug":"doftolja-frankincense-myrra","status":"publish","type":"product","link":"https:\/\/cosyowl.com\/sv\/candle-making-supplies\/fragrance-oils-for-candle-making\/frankincense-myrrh-fragrance-oil","title":{"rendered":"Frankincense &amp; Myrrh doftolja"},"content":{"rendered":"<p><strong>Observera - alla 5 kg, 10 kg och 25 kg <a href=\"https:\/\/cosyowl.com\/sv\/guides\/2023-spring-fragrance-oil-trends\">Doftoljor<\/a> \u00e4r skr\u00e4ddarsydda best\u00e4llningsvaror och har en leveranstid p\u00e5 upp till 6 veckor, vilket inte \u00e5terspeglas i de leveransalternativ som presenteras p\u00e5 <a href=\"https:\/\/cosyowl.com\/sv\/checkout\">kassan<\/a>. Om din <a href=\"https:\/\/cosyowl.com\/sv\/basket\">ordning<\/a> inkluderar alla 5 kg, 10 kg eller 25 kg doftoljor, kommer ledtiden f\u00f6r hela best\u00e4llningen att vara upp till 6 veckor. 5 kg, 10 kg eller 25 kg skr\u00e4ddarsydda best\u00e4llda doftoljor \u00e5terbetalas inte heller.<\/strong><\/p>\n<p>Alla v\u00e5ra doftoljor \u00e4r exklusiva f\u00f6r <a href=\"https:\/\/cosyowl.com\/sv\/\">Mysig uggla<\/a> och har utvecklats av v\u00e5ra experter f\u00f6r sina utm\u00e4rkta doftavgivningsegenskaper och sedan optimerats f\u00f6r att passa perfekt med v\u00e5ra vaxer. V\u00e5ra oljor \u00e4r 100% koncentrerade och passar perfekt med alla v\u00e5ra vaxer.<\/p>\n<p><strong>Hur mycket <a href=\"https:\/\/cosyowl.com\/sv\/candle-making-supplies\/fragrance-oils-for-candle-making\/all-fragrances\/winter-pine-fragrance-oil\">doftolja<\/a> ska jag anv\u00e4nda?<\/strong><\/p>\n<p>Alla v\u00e5ra doftoljor \u00e4r av h\u00f6g <a href=\"https:\/\/cosyowl.com\/sv\/candle-wicks\/wedo-lx-wick-raw\">kvalitet<\/a> och utformade speciellt f\u00f6r sina utm\u00e4rkta doftavgivningsegenskaper, vilket inneb\u00e4r att en liten m\u00e4ngd vanligtvis r\u00e4cker l\u00e5ngt. Formeln f\u00f6r att ber\u00e4kna den exakta m\u00e4ngd du beh\u00f6ver \u00e4r relativt komplex. Det \u00e4r d\u00e4rf\u00f6r vi har sammanst\u00e4llt en <a href=\"https:\/\/cosyowl.com\/sv\/guides\/a-guide-to-creating-your-own-soap-products\">guide<\/a> som ger dig mer detaljerad information om detta \u00e4mne och som du hittar h\u00e4r. Som en allm\u00e4n regel \u00e4r det l\u00e4mpligt att b\u00f6rja med en doftoljeandel p\u00e5 mellan 5-8% av den totala volymen, \u00e4ven om du kan g\u00e5 upp till 10% f\u00f6r mindre intensiva dofter. Det \u00e4r alltid b\u00e4st att experimentera med varje kombination av vax och doftolja och komma ih\u00e5g att g\u00e5 gradvis fram och \u00f6ka m\u00e4ngden lite i taget. Om du f\u00f6ljer guiden och respekterar flampunktstemperaturerna kommer du att kunna skapa ljuvligt doftande ljus p\u00e5 ett \u00f6gonblick. Det \u00e4r inte rekommenderat att anv\u00e4nda en andel doftolja som \u00e4r st\u00f6rre \u00e4n 12% av den totala volymen, f\u00f6r att f\u00f6rhindra <a href=\"https:\/\/cosyowl.com\/sv\/guides\/a-summers-beach-gel-votive-candle\">ljus<\/a> fr\u00e5n att b\u00f6rja sippra eller oljan fr\u00e5n att b\u00f6rja rinna ner l\u00e4ngs ljusets l\u00e4ngd.<\/p>\n<p><strong>Kan jag anv\u00e4nda denna doftolja i en diffuser stick?<\/strong><\/p>\n<p>Alla v\u00e5ra doftoljor har utformats f\u00f6r att vara kompatibla med stickdiffusorer. Blanda dem helt enkelt med en basolja f\u00f6r diffusorer, som finns h\u00e4r. G\u00f6r en blandning av basolja och parfym som best\u00e5r av h\u00f6gst en fj\u00e4rdedel (25%) parfymolja, beroende p\u00e5 \u00f6nskad intensitet.<\/p>\n<p><strong>Kan jag anv\u00e4nda denna doftolja i tv\u00e5l?<\/strong><\/p>\n<p>V\u00e5ra doftoljor \u00e4r speciellt formulerade f\u00f6r att ing\u00e5 i tv\u00e5lst\u00e4nger. Se s\u00e4kerhetsdatabladet f\u00f6r att l\u00e4ra dig mer om den maximala m\u00e4ngden (%) olja som ska anv\u00e4ndas f\u00f6r varje doft som anv\u00e4nds vid tv\u00e5ltillverkning.<\/p>\n<p>Innan du k\u00f6per v\u00e5ra produkter, l\u00e4s v\u00e5rt CLP-informationsmeddelande (klassificering, m\u00e4rkning och f\u00f6rpackning) om anv\u00e4ndningen av doftoljor i <a href=\"https:\/\/cosyowl.com\/sv\/guides\/how-to-make-a-candle\">tillverkning av ljus<\/a>. Denna information g\u00e4ller oljornas kemiska sammans\u00e4ttning samt potentiella allergiska reaktioner.<\/p>\n<p>&nbsp;<\/p>\n<p>Doftoljor har i allm\u00e4nhet ett utg\u00e5ngsdatum p\u00e5 ett \u00e5r fr\u00e5n tillverkningsdatumet. M\u00e5nga doftoljor kan dock h\u00e5lla i m\u00e5nader eller till och med \u00e5r efter detta datum om de f\u00f6rvaras p\u00e5 r\u00e4tt s\u00e4tt. Testning (vi erbjuder inte denna tj\u00e4nst) kan utf\u00f6ras p\u00e5 doftoljor f\u00f6r att fastst\u00e4lla deras l\u00e4mplighet efter h\u00e5llbarhetstiden.<\/p>\n<p>De nuvarande IFRA-dokumenten (IFRA version 48) \u00e4r relevanta och till\u00e4mpliga f\u00f6r alla v\u00e5ra parfymer fram till februari 2022, datumet f\u00f6r ikrafttr\u00e4dandet av de nya klassificeringarna f\u00f6r befintliga produkter, dvs. parfymer som redan finns p\u00e5 marknaden. g\u00e5. Alla nya dofter omfattas redan av IFRA 49-klassificeringen. Under de kommande veckorna, n\u00e4r vi f\u00e5r relevant information, kommer vi att uppdatera och g\u00f6ra n\u00f6dv\u00e4ndiga \u00e4ndringar p\u00e5 v\u00e5r webbplats.<\/p>","protected":false},"excerpt":{"rendered":"<p>Please note &#8211; all 5kg, 10kg and 25kg Fragrance Oils are bespoke made-to-order items and have an up to 6-week delivery lead time which isn\u2019t reflected in the shipping options presented at checkout. If your order includes any 5kg, 10kg or 25kg Fragrance Oils, lead time for the entirety of the order will be up [&hellip;]<\/p>\n","protected":false},"featured_media":78887,"comment_status":"open","ping_status":"closed","template":"","meta":{"_acf_changed":false},"product_brand":[],"product_cat":[503,520,514,523,504,636,586,509,512,511,730,515,506],"product_tag":[909,1594,908,1600],"class_list":{"0":"post-78885","1":"product","2":"type-product","3":"status-publish","4":"has-post-thumbnail","6":"product_cat-fragrance-oils","7":"product_cat-fragrance-oils-calm","8":"product_cat-fragrance-oils-christmas","9":"product_cat-fragrance-oils-floral","10":"product_cat-fragrance-oils-all-fragrances","11":"product_cat-body-care-fragrance-oils","12":"product_cat-hair-care-fragrance-oils","13":"product_cat-soap-making-supplies-fragrances","14":"product_cat-wax-melts-fragrances","15":"product_cat-beard-oil-fragrances","16":"product_cat-fragrances-for-reed-diffusers","17":"product_cat-fragrance-oils-herbal","18":"product_cat-fragrance-oils-masculine-fragrances","19":"product_tag-black-friday","20":"product_tag-christmas","21":"product_tag-fragrance-oil","22":"product_tag-winter","23":"pa_bottle-size-100ml","24":"pa_bottle-size-10kg","25":"pa_bottle-size-10ml","26":"pa_bottle-size-250ml","27":"pa_bottle-size-25kg","28":"pa_bottle-size-500ml","29":"pa_bottle-size-50ml","30":"pa_bottle-size-5kg","31":"pa_bottle-size-950ml","33":"first","34":"instock","35":"taxable","36":"shipping-taxable","37":"purchasable","38":"product-type-variable"},"acf":[],"_links":{"self":[{"href":"https:\/\/cosyowl.com\/sv\/wp-json\/wp\/v2\/product\/78885","targetHints":{"allow":["GET"]}}],"collection":[{"href":"https:\/\/cosyowl.com\/sv\/wp-json\/wp\/v2\/product"}],"about":[{"href":"https:\/\/cosyowl.com\/sv\/wp-json\/wp\/v2\/types\/product"}],"replies":[{"embeddable":true,"href":"https:\/\/cosyowl.com\/sv\/wp-json\/wp\/v2\/comments?post=78885"}],"wp:featuredmedia":[{"embeddable":true,"href":"https:\/\/cosyowl.com\/sv\/wp-json\/wp\/v2\/media\/78887"}],"wp:attachment":[{"href":"https:\/\/cosyowl.com\/sv\/wp-json\/wp\/v2\/media?parent=78885"}],"wp:term":[{"taxonomy":"product_brand","embeddable":true,"href":"https:\/\/cosyowl.com\/sv\/wp-json\/wp\/v2\/product_brand?post=78885"},{"taxonomy":"product_cat","embeddable":true,"href":"https:\/\/cosyowl.com\/sv\/wp-json\/wp\/v2\/product_cat?post=78885"},{"taxonomy":"product_tag","embeddable":true,"href":"https:\/\/cosyowl.com\/sv\/wp-json\/wp\/v2\/product_tag?post=78885"}],"curies":[{"name":"wp","href":"https:\/\/api.w.org\/{rel}","templated":true}]}}