{"id":76168,"date":"2024-03-19T09:26:44","date_gmt":"2024-03-19T09:26:44","guid":{"rendered":"https:\/\/cosyowl.com\/?post_type=product&#038;p=76168"},"modified":"2026-03-03T13:46:00","modified_gmt":"2026-03-03T13:46:00","slug":"ava-30cl-ljusbehallare-antik-forpackning-om-6-x100-600-behallare","status":"publish","type":"product","link":"https:\/\/cosyowl.com\/sv\/candle-making-supplies\/candle-containers\/metal-containers\/ava-30cl-candle-container-antique-pack-of-6-x100","title":{"rendered":"Ava 30cl ljusbeh\u00e5llare | Antik | F\u00f6rpackning om 6 (600 beh\u00e5llare)"},"content":{"rendered":"<p>Detta \u00e4r en perfekt metallbeh\u00e5llare f\u00f6r att g\u00f6ra ljus i antik stil. Denna beh\u00e5llare rymmer 300 ml av <a href=\"https:\/\/cosyowl.com\/sv\/guides\/a-summers-beach-gel-votive-candle\">ljus<\/a> vax.<\/p>\n<p><strong>Storlek:<\/strong> 78 mm x 75 mm<\/p>\n<p><strong>Material:\u00a0<\/strong>J\u00e4rn<\/p>\n<p><strong>F\u00e4rg:<\/strong> Antik<\/p>","protected":false},"excerpt":{"rendered":"<p>Det h\u00e4r \u00e4r en perfekt metallbeh\u00e5llare f\u00f6r att g\u00f6ra ljus i antik stil. Den h\u00e4r beh\u00e5llaren rymmer 300 ml ljusvax. Storlek: 78mm x 75mm Material: J\u00e4rn F\u00e4rg: Antik<\/p>","protected":false},"featured_media":53992,"comment_status":"open","ping_status":"closed","template":"","meta":{"_acf_changed":false},"product_brand":[],"product_cat":[501,752,717],"product_tag":[922],"class_list":{"0":"post-76168","1":"product","2":"type-product","3":"status-publish","4":"has-post-thumbnail","6":"product_cat-metal-containers","7":"product_cat-sale-containers","8":"product_cat-sale","9":"product_tag-metal-container","10":"product_shipping_class-royal_mail","12":"first","13":"outofstock","14":"sale","15":"taxable","16":"shipping-taxable","17":"purchasable","18":"product-type-simple"},"acf":[],"_links":{"self":[{"href":"https:\/\/cosyowl.com\/sv\/wp-json\/wp\/v2\/product\/76168","targetHints":{"allow":["GET"]}}],"collection":[{"href":"https:\/\/cosyowl.com\/sv\/wp-json\/wp\/v2\/product"}],"about":[{"href":"https:\/\/cosyowl.com\/sv\/wp-json\/wp\/v2\/types\/product"}],"replies":[{"embeddable":true,"href":"https:\/\/cosyowl.com\/sv\/wp-json\/wp\/v2\/comments?post=76168"}],"wp:featuredmedia":[{"embeddable":true,"href":"https:\/\/cosyowl.com\/sv\/wp-json\/wp\/v2\/media\/53992"}],"wp:attachment":[{"href":"https:\/\/cosyowl.com\/sv\/wp-json\/wp\/v2\/media?parent=76168"}],"wp:term":[{"taxonomy":"product_brand","embeddable":true,"href":"https:\/\/cosyowl.com\/sv\/wp-json\/wp\/v2\/product_brand?post=76168"},{"taxonomy":"product_cat","embeddable":true,"href":"https:\/\/cosyowl.com\/sv\/wp-json\/wp\/v2\/product_cat?post=76168"},{"taxonomy":"product_tag","embeddable":true,"href":"https:\/\/cosyowl.com\/sv\/wp-json\/wp\/v2\/product_tag?post=76168"}],"curies":[{"name":"wp","href":"https:\/\/api.w.org\/{rel}","templated":true}]}}