{"id":76167,"date":"2024-03-19T09:21:02","date_gmt":"2024-03-19T09:21:02","guid":{"rendered":"https:\/\/cosyowl.com\/?post_type=product&#038;p=76167"},"modified":"2026-03-03T13:45:59","modified_gmt":"2026-03-03T13:45:59","slug":"flora-30cl-ljusbehallare-matt-svart-forpackning-om-6-exemplar","status":"publish","type":"product","link":"https:\/\/cosyowl.com\/sv\/candle-making-supplies\/candle-containers\/metal-containers\/flora-30cl-candle-container-matt-black-pack-of-6-x100","title":{"rendered":"Flora 30cl ljusbeh\u00e5llare | Matt svart | F\u00f6rpackning med 6 x 100 (totalt 600)"},"content":{"rendered":"<p data-start=\"39\" data-end=\"122\"><strong data-start=\"39\" data-end=\"122\">Denna annons inneh\u00e5ller 100 f\u00f6rpackningar med 6 artiklar i varje f\u00f6rpackning (totalt 600 artiklar).<\/strong><\/p>\n<p>Det h\u00e4r \u00e4r en perfekt metallbeh\u00e5llare f\u00f6r att f\u00e5 dina ljus att sticka ut. Denna beh\u00e5llare rymmer 300 ml av <a href=\"https:\/\/cosyowl.com\/sv\/guides\/a-summers-beach-gel-votive-candle\">ljus<\/a> vax.<\/p>\n<p><strong>Storlek:<\/strong> 78 mm x 79 mm<\/p>\n<p><strong>Material:\u00a0<\/strong>J\u00e4rn<\/p>\n<p><strong>F\u00e4rg:<\/strong> <a href=\"https:\/\/cosyowl.com\/sv\/candle-making-supplies\/candle-containers\/candle-glasses\/karen-30cl-candle-glass-matt-black-pack-of-12\">Matt svart<\/a><\/p>","protected":false},"excerpt":{"rendered":"<p>Denna annons inneh\u00e5ller 100 f\u00f6rpackningar med 6 artiklar i varje f\u00f6rpackning (totalt 600 artiklar). Det h\u00e4r \u00e4r en perfekt metallbeh\u00e5llare f\u00f6r att f\u00e5 dina ljus att sticka ut. Den h\u00e4r beh\u00e5llaren rymmer 300 ml ljusvax. Storlek: 78mm x 79mm Material: J\u00e4rn F\u00e4rg: Matt svart<\/p>","protected":false},"featured_media":53985,"comment_status":"open","ping_status":"closed","template":"","meta":{"_acf_changed":false},"product_brand":[],"product_cat":[501,752,717],"product_tag":[922],"class_list":{"0":"post-76167","1":"product","2":"type-product","3":"status-publish","4":"has-post-thumbnail","6":"product_cat-metal-containers","7":"product_cat-sale-containers","8":"product_cat-sale","9":"product_tag-metal-container","10":"product_shipping_class-royal_mail","12":"first","13":"instock","14":"sale","15":"taxable","16":"shipping-taxable","17":"purchasable","18":"product-type-simple"},"acf":[],"_links":{"self":[{"href":"https:\/\/cosyowl.com\/sv\/wp-json\/wp\/v2\/product\/76167","targetHints":{"allow":["GET"]}}],"collection":[{"href":"https:\/\/cosyowl.com\/sv\/wp-json\/wp\/v2\/product"}],"about":[{"href":"https:\/\/cosyowl.com\/sv\/wp-json\/wp\/v2\/types\/product"}],"replies":[{"embeddable":true,"href":"https:\/\/cosyowl.com\/sv\/wp-json\/wp\/v2\/comments?post=76167"}],"wp:featuredmedia":[{"embeddable":true,"href":"https:\/\/cosyowl.com\/sv\/wp-json\/wp\/v2\/media\/53985"}],"wp:attachment":[{"href":"https:\/\/cosyowl.com\/sv\/wp-json\/wp\/v2\/media?parent=76167"}],"wp:term":[{"taxonomy":"product_brand","embeddable":true,"href":"https:\/\/cosyowl.com\/sv\/wp-json\/wp\/v2\/product_brand?post=76167"},{"taxonomy":"product_cat","embeddable":true,"href":"https:\/\/cosyowl.com\/sv\/wp-json\/wp\/v2\/product_cat?post=76167"},{"taxonomy":"product_tag","embeddable":true,"href":"https:\/\/cosyowl.com\/sv\/wp-json\/wp\/v2\/product_tag?post=76167"}],"curies":[{"name":"wp","href":"https:\/\/api.w.org\/{rel}","templated":true}]}}