{"id":76163,"date":"2024-03-19T09:10:48","date_gmt":"2024-03-19T09:10:48","guid":{"rendered":"https:\/\/cosyowl.com\/?post_type=product&#038;p=76163"},"modified":"2026-03-03T13:45:59","modified_gmt":"2026-03-03T13:45:59","slug":"orla-30cl-ljusbehallare-svart-nickel-forpackning-om-6-x100-600-behallare","status":"publish","type":"product","link":"https:\/\/cosyowl.com\/sv\/candle-making-supplies\/candle-containers\/metal-containers\/orla-30cl-candle-container-black-nickel-pack-of-6-x100","title":{"rendered":"Orla 30cl ljusbeh\u00e5llare - svart nickel - F\u00f6rpackning om 6 x100"},"content":{"rendered":"<p>Den h\u00e4r ljusbeh\u00e5llaren \u00e4r ett elegant val f\u00f6r dina ljus.<\/p>\n<p><strong> Storlek: <\/strong> 90 mm x 73 mm<\/p>\n<p><strong>Material:<\/strong> J\u00e4rn<\/p>\n<p><strong>F\u00e4rg:<\/strong> <a href=\"https:\/\/cosyowl.com\/sv\/candle-making-supplies\/candle-containers\/metal-containers\/orla-30cl-candle-container-black-nickel-pack-of-6\">Svart nickel<\/a><\/p>","protected":false},"excerpt":{"rendered":"<p>Denna ljusbeh\u00e5llare \u00e4r ett elegant val f\u00f6r dina ljus. Storlek: 90mm x 73mm Material: J\u00e4rn F\u00e4rg: Svart nickel<\/p>","protected":false},"featured_media":12140,"comment_status":"open","ping_status":"closed","template":"","meta":{"_acf_changed":false},"product_brand":[],"product_cat":[501,752,717],"product_tag":[922],"class_list":{"0":"post-76163","1":"product","2":"type-product","3":"status-publish","4":"has-post-thumbnail","6":"product_cat-metal-containers","7":"product_cat-sale-containers","8":"product_cat-sale","9":"product_tag-metal-container","10":"product_shipping_class-royal_mail","12":"first","13":"outofstock","14":"sale","15":"taxable","16":"shipping-taxable","17":"purchasable","18":"product-type-simple"},"acf":[],"_links":{"self":[{"href":"https:\/\/cosyowl.com\/sv\/wp-json\/wp\/v2\/product\/76163","targetHints":{"allow":["GET"]}}],"collection":[{"href":"https:\/\/cosyowl.com\/sv\/wp-json\/wp\/v2\/product"}],"about":[{"href":"https:\/\/cosyowl.com\/sv\/wp-json\/wp\/v2\/types\/product"}],"replies":[{"embeddable":true,"href":"https:\/\/cosyowl.com\/sv\/wp-json\/wp\/v2\/comments?post=76163"}],"wp:featuredmedia":[{"embeddable":true,"href":"https:\/\/cosyowl.com\/sv\/wp-json\/wp\/v2\/media\/12140"}],"wp:attachment":[{"href":"https:\/\/cosyowl.com\/sv\/wp-json\/wp\/v2\/media?parent=76163"}],"wp:term":[{"taxonomy":"product_brand","embeddable":true,"href":"https:\/\/cosyowl.com\/sv\/wp-json\/wp\/v2\/product_brand?post=76163"},{"taxonomy":"product_cat","embeddable":true,"href":"https:\/\/cosyowl.com\/sv\/wp-json\/wp\/v2\/product_cat?post=76163"},{"taxonomy":"product_tag","embeddable":true,"href":"https:\/\/cosyowl.com\/sv\/wp-json\/wp\/v2\/product_tag?post=76163"}],"curies":[{"name":"wp","href":"https:\/\/api.w.org\/{rel}","templated":true}]}}