{"id":76002,"date":"2024-03-15T15:37:08","date_gmt":"2024-03-15T15:37:08","guid":{"rendered":"https:\/\/cosyowl.com\/?post_type=product&#038;p=76002"},"modified":"2026-03-03T13:45:59","modified_gmt":"2026-03-03T13:45:59","slug":"tvalform-i-silikon-med-bi-set-om-6-forpackning-om-50","status":"publish","type":"product","link":"https:\/\/cosyowl.com\/sv\/clearance\/containers-moulds\/bee-silicone-soap-mould-set-of-6-x50","title":{"rendered":"Tv\u00e5lform av silikontv\u00e5l med bi - set om 6 - f\u00f6rpackning om 50"},"content":{"rendered":"<p>Detta <a href=\"https:\/\/cosyowl.com\/sv\/craft-supplies\/wax-melt-supplies\/mica-powder-glitter\/royal-blue-purple-biodegradable-candle-glitter\">sl\u00e5ende<\/a> tv\u00e5lform med runda bin \u00e4r en av de vackraste formerna i <a href=\"https:\/\/cosyowl.com\/sv\/guides\/a-beginners-guide-to-soap-making\">tv\u00e5ltillverkning<\/a>. Denna tv\u00e5l \u00e4r idealisk f\u00f6r dem som vill l\u00e4gga till ett delikat hemmagjort tillskott till sina tv\u00e5lmakingtillbeh\u00f6r.<\/p>\n<p>Vi erbjuder denna form i en halvflexibel silikon, den \u00e4r ocks\u00e5 \u00e5teranv\u00e4ndbar, s\u00e5 att du alltid kan g\u00f6ra dina favorittv\u00e5lar!<\/p>\n<p>M\u00e4tning av gjutformen*:<\/p>\n<p>Fullst\u00e4ndig form (l\u00e4ngd x bredd): 214 mm x 145 mm<\/p>\n<p>Tv\u00e5lstorlek: 58 mm diameter x 20 mm djup<\/p>\n<p>*Observera att alla m\u00e5tt \u00e4r ungef\u00e4rliga och att produktens f\u00e4rg kan komma att \u00e4ndras.<\/p>","protected":false},"excerpt":{"rendered":"<p>This striking round bee soap mould is one of the most beautiful shapes in soap making. This soap is ideal for those looking to add a delicate homemade addition to your soap making supplies. We offer this mould in a semi-flexible silicone, it is also re-usable, so you can always be making your favourite soaps! [&hellip;]<\/p>\n","protected":false},"featured_media":55479,"comment_status":"open","ping_status":"closed","template":"","meta":{"_acf_changed":false},"product_brand":[],"product_cat":[752,717,546],"product_tag":[926],"class_list":{"0":"post-76002","1":"product","2":"type-product","3":"status-publish","4":"has-post-thumbnail","6":"product_cat-sale-containers","7":"product_cat-sale","8":"product_cat-soap-making-supplies-soap-moulds","9":"product_tag-mould","10":"product_shipping_class-royal_mail","12":"first","13":"instock","14":"sale","15":"taxable","16":"shipping-taxable","17":"purchasable","18":"product-type-simple"},"acf":[],"_links":{"self":[{"href":"https:\/\/cosyowl.com\/sv\/wp-json\/wp\/v2\/product\/76002","targetHints":{"allow":["GET"]}}],"collection":[{"href":"https:\/\/cosyowl.com\/sv\/wp-json\/wp\/v2\/product"}],"about":[{"href":"https:\/\/cosyowl.com\/sv\/wp-json\/wp\/v2\/types\/product"}],"replies":[{"embeddable":true,"href":"https:\/\/cosyowl.com\/sv\/wp-json\/wp\/v2\/comments?post=76002"}],"wp:featuredmedia":[{"embeddable":true,"href":"https:\/\/cosyowl.com\/sv\/wp-json\/wp\/v2\/media\/55479"}],"wp:attachment":[{"href":"https:\/\/cosyowl.com\/sv\/wp-json\/wp\/v2\/media?parent=76002"}],"wp:term":[{"taxonomy":"product_brand","embeddable":true,"href":"https:\/\/cosyowl.com\/sv\/wp-json\/wp\/v2\/product_brand?post=76002"},{"taxonomy":"product_cat","embeddable":true,"href":"https:\/\/cosyowl.com\/sv\/wp-json\/wp\/v2\/product_cat?post=76002"},{"taxonomy":"product_tag","embeddable":true,"href":"https:\/\/cosyowl.com\/sv\/wp-json\/wp\/v2\/product_tag?post=76002"}],"curies":[{"name":"wp","href":"https:\/\/api.w.org\/{rel}","templated":true}]}}