{"id":75999,"date":"2024-03-15T15:26:04","date_gmt":"2024-03-15T15:26:04","guid":{"rendered":"https:\/\/cosyowl.com\/?post_type=product&#038;p=75999"},"modified":"2026-03-03T13:45:59","modified_gmt":"2026-03-03T13:45:59","slug":"oval-tvalform-i-silikon-set-om-6-forpackning-om-50","status":"publish","type":"product","link":"https:\/\/cosyowl.com\/sv\/clearance\/containers-moulds\/oval-silicone-soap-mould-set-of-6-x50","title":{"rendered":"Oval tv\u00e5lform i silikon - set om 6 - f\u00f6rpackning om 50"},"content":{"rendered":"<p>Detta <a href=\"https:\/\/cosyowl.com\/sv\/candle-making-extras\/50mm-candle-safety-label-white-black-text\">klar<\/a> tv\u00e5lform \u00e4r en av de mest m\u00e5ngsidiga formerna i <a href=\"https:\/\/cosyowl.com\/sv\/guides\/a-beginners-guide-to-soap-making\">tv\u00e5ltillverkning<\/a>. Denna tv\u00e5l \u00e4r idealisk f\u00f6r dig som vill l\u00e4gga till ett enkelt hemlagat till\u00e4gg till dina tv\u00e5ltillverkningstillbeh\u00f6r.<\/p>\n<p>Vi erbjuder denna form i en halvflexibel silikon, den \u00e4r ocks\u00e5 \u00e5teranv\u00e4ndbar, s\u00e5 att du regelbundet kan g\u00f6ra dina favorittv\u00e5lar!<\/p>\n<p>M\u00e4tning av gjutformen*:<\/p>\n<p>Fullformad (l\u00e4ngd x bredd): 254 mm x 231 mm<\/p>\n<p>Tv\u00e5lstorlek: (l\u00e4ngd x bredd x djup): 78 mm x 55 mm x 33 mm<\/p>\n<p>*Observera att alla <a href=\"https:\/\/cosyowl.com\/sv\/guides\/weighing-fragrance\">m\u00e4tningar<\/a> \u00e4r ungef\u00e4rliga och produktens f\u00e4rg kan komma att \u00e4ndras.<\/p>","protected":false},"excerpt":{"rendered":"<p>This clear soap mould is one of the most versatile shapes in soap making. This soap is ideal for those looking to add a simple homemade addition to your soap making supplies. We offer this mould in a semi-flexible silicone, it is also re-usable, so you can regularly be making your favourite soaps! Measurement of [&hellip;]<\/p>\n","protected":false},"featured_media":4550,"comment_status":"open","ping_status":"closed","template":"","meta":{"_acf_changed":false},"product_brand":[],"product_cat":[752,717,546],"product_tag":[926],"class_list":{"0":"post-75999","1":"product","2":"type-product","3":"status-publish","4":"has-post-thumbnail","6":"product_cat-sale-containers","7":"product_cat-sale","8":"product_cat-soap-making-supplies-soap-moulds","9":"product_tag-mould","10":"product_shipping_class-royal_mail","12":"first","13":"instock","14":"sale","15":"taxable","16":"shipping-taxable","17":"purchasable","18":"product-type-simple"},"acf":[],"_links":{"self":[{"href":"https:\/\/cosyowl.com\/sv\/wp-json\/wp\/v2\/product\/75999","targetHints":{"allow":["GET"]}}],"collection":[{"href":"https:\/\/cosyowl.com\/sv\/wp-json\/wp\/v2\/product"}],"about":[{"href":"https:\/\/cosyowl.com\/sv\/wp-json\/wp\/v2\/types\/product"}],"replies":[{"embeddable":true,"href":"https:\/\/cosyowl.com\/sv\/wp-json\/wp\/v2\/comments?post=75999"}],"wp:featuredmedia":[{"embeddable":true,"href":"https:\/\/cosyowl.com\/sv\/wp-json\/wp\/v2\/media\/4550"}],"wp:attachment":[{"href":"https:\/\/cosyowl.com\/sv\/wp-json\/wp\/v2\/media?parent=75999"}],"wp:term":[{"taxonomy":"product_brand","embeddable":true,"href":"https:\/\/cosyowl.com\/sv\/wp-json\/wp\/v2\/product_brand?post=75999"},{"taxonomy":"product_cat","embeddable":true,"href":"https:\/\/cosyowl.com\/sv\/wp-json\/wp\/v2\/product_cat?post=75999"},{"taxonomy":"product_tag","embeddable":true,"href":"https:\/\/cosyowl.com\/sv\/wp-json\/wp\/v2\/product_tag?post=75999"}],"curies":[{"name":"wp","href":"https:\/\/api.w.org\/{rel}","templated":true}]}}