{"id":56750,"date":"2023-03-09T11:27:20","date_gmt":"2023-03-09T11:27:20","guid":{"rendered":"https:\/\/cosyowl.com\/?post_type=product&#038;p=56750"},"modified":"2026-05-01T13:08:51","modified_gmt":"2026-05-01T12:08:51","slug":"metallock-for-20-cl-behallare-x100","status":"publish","type":"product","link":"https:\/\/cosyowl.com\/sv\/candle-making-supplies\/candle-containers\/candle-glasses\/metal-lid-for-20cl-container-x100","title":{"rendered":"Metallock f\u00f6r 20 cl beh\u00e5llare - F\u00f6rpackning med 100 st"},"content":{"rendered":"<p>F\u00f6rpackning med 100 st metallock f\u00f6r 20 cl beh\u00e5llare, finns i <a href=\"https:\/\/cosyowl.com\/sv\/candle-making-supplies\/candle-containers\/other-containers\/wax-melt-christmas-tree-mould-3\">3<\/a> f\u00e4rger - silver, koppar och m\u00e4ssing. Observera att dessa lock inte har den integrerade silikont\u00e4tningen.<\/p>\n<p>Ytterm\u00e5tt - H10 mm x B74 mm<br \/>\nInv\u00e4ndiga m\u00e5tt - H8 mm x B72 mm<\/p>","protected":false},"excerpt":{"rendered":"<p>F\u00f6rpackning med 100 metallock f\u00f6r 20 cl beh\u00e5llare, finns i 3 f\u00e4rger - silver, koppar och m\u00e4ssing. Observera att dessa lock inte har n\u00e5gon integrerad silikont\u00e4tning. Ytterm\u00e5tt - H10 mm x B74 mm Innerm\u00e5tt - H8 mm x B72 mm<\/p>","protected":false},"featured_media":86810,"comment_status":"open","ping_status":"closed","template":"","meta":{"_acf_changed":false},"product_brand":[],"product_cat":[527,752,501,717],"product_tag":[924],"class_list":{"0":"post-56750","1":"product","2":"type-product","3":"status-publish","4":"has-post-thumbnail","6":"product_cat-candle-glasses","7":"product_cat-sale-containers","8":"product_cat-metal-containers","9":"product_cat-sale","10":"product_tag-lid","11":"product_shipping_class-standard","13":"first","14":"instock","15":"sale","16":"taxable","17":"shipping-taxable","18":"purchasable","19":"product-type-variable"},"acf":[],"_links":{"self":[{"href":"https:\/\/cosyowl.com\/sv\/wp-json\/wp\/v2\/product\/56750","targetHints":{"allow":["GET"]}}],"collection":[{"href":"https:\/\/cosyowl.com\/sv\/wp-json\/wp\/v2\/product"}],"about":[{"href":"https:\/\/cosyowl.com\/sv\/wp-json\/wp\/v2\/types\/product"}],"replies":[{"embeddable":true,"href":"https:\/\/cosyowl.com\/sv\/wp-json\/wp\/v2\/comments?post=56750"}],"wp:featuredmedia":[{"embeddable":true,"href":"https:\/\/cosyowl.com\/sv\/wp-json\/wp\/v2\/media\/86810"}],"wp:attachment":[{"href":"https:\/\/cosyowl.com\/sv\/wp-json\/wp\/v2\/media?parent=56750"}],"wp:term":[{"taxonomy":"product_brand","embeddable":true,"href":"https:\/\/cosyowl.com\/sv\/wp-json\/wp\/v2\/product_brand?post=56750"},{"taxonomy":"product_cat","embeddable":true,"href":"https:\/\/cosyowl.com\/sv\/wp-json\/wp\/v2\/product_cat?post=56750"},{"taxonomy":"product_tag","embeddable":true,"href":"https:\/\/cosyowl.com\/sv\/wp-json\/wp\/v2\/product_tag?post=56750"}],"curies":[{"name":"wp","href":"https:\/\/api.w.org\/{rel}","templated":true}]}}