{"id":44459,"date":"2022-10-21T11:52:49","date_gmt":"2022-10-21T10:52:49","guid":{"rendered":"https:\/\/cosyowl.com\/?post_type=product&#038;p=44459"},"modified":"2026-04-27T15:04:08","modified_gmt":"2026-04-27T14:04:08","slug":"sojavax-kanelstang-julljusstopningssats","status":"publish","type":"product","link":"https:\/\/cosyowl.com\/sv\/craft-kits\/candle-making-kits\/soy-wax-cinnamon-stick-christmas-candle-making-kit","title":{"rendered":"Sojavax kanelst\u00e5ng julljustillverkningssats"},"content":{"rendered":"<p>V\u00e5ra kit \u00e4r det perfekta k\u00f6pet f\u00f6r alla som vill bli kreativa och b\u00f6rja tillverka sina egna ljus. Med detta <a href=\"https:\/\/cosyowl.com\/sv\/guides\/how-to-make-a-candle\">tillverkning av ljus<\/a> kit har du allt du beh\u00f6ver f\u00f6r att g\u00f6ra upp till 5 ljus med en <a href=\"https:\/\/cosyowl.com\/sv\/fragrance-oils\/cinnamon-stick\">Kanelst\u00e5ng<\/a> doft och s\u00e4songsbetonad ljusbrun f\u00e4rg.<\/p>\n<h3>Vad finns i ditt ljustillverkningskit?<\/h3>\n<ul>\n<li><span style=\"color: #050000\"><a style=\"color: #050000\" href=\"https:\/\/cosyowl.com\/sv\/tillbehor-for-ljusstopning\/ljusvax\/sojavax\/kerasoy-4130-vax-for-behallare\/?wmc-currency=EUR\">800g av h\u00f6g kvalitet<\/a> <span style=\"color: #ff6600\"><strong><a style=\"color: #ff6600\" href=\"https:\/\/cosyowl.com\/sv\/tillbehor-for-ljusstopning\/ljusvax\/sojavax\/naturliga-vaxer-soyaluna-vax-for-behallare\/?wmc-currency=EUR\">Sojavax f\u00f6r beh\u00e5llare<\/a><\/strong><\/span> <a style=\"color: #050000\" href=\"https:\/\/cosyowl.com\/sv\/tillbehor-for-ljusstopning\/ljusvax\/sojavax\/kerasoy-4130-vax-for-behallare\/?wmc-currency=EUR\">f\u00f6r en ren och j\u00e4mn f\u00f6rbr\u00e4nning<\/a><\/span><\/li>\n<li><span style=\"color: #050000\"><a style=\"color: #050000\" href=\"https:\/\/cosyowl.com\/sv\/doftoljor\/kanelstang\/?wmc-currency=EUR\">50 ml av <span style=\"color: #ff6600\"><strong>Kanelst\u00e5ng doftolja<\/strong><\/span> (Flampunkt 93,3\u00b0C) En rik, kryddig doft som ger v\u00e4rme till alla rum<\/a><\/span><\/li>\n<li><span style=\"color: #050000\"><a style=\"color: #050000\" href=\"https:\/\/cosyowl.com\/sv\/ljusfargamnen\/bekro-44-2067-brun-ljusfarg\/?wmc-currency=EUR\"><span style=\"color: #080000\">1g <\/span>av <span style=\"color: #ff6600\"><strong>Ljusbrun Bekro f\u00e4rg<\/strong><\/span> (44\/2067) Skapar en mysig, naturligt brun ton som passar vackert ihop med kaneldoften<\/a><\/span><\/li>\n<li><span style=\"color: #050000\">5 <span style=\"color: #ff6600\"><strong><a style=\"color: #ff6600\" href=\"https:\/\/cosyowl.com\/sv\/ljusvekar\/wedo-eco-wick-120mm\/?wmc-currency=EUR\">Eco-vickor <\/a><\/strong><\/span><a style=\"color: #050000\" href=\"https:\/\/cosyowl.com\/sv\/ljusvekar\/wedo-eco-wick-120mm\/?wmc-currency=EUR\">f\u00f6r optimal flamprestanda<\/a><\/span><\/li>\n<li><span style=\"color: #050000\">5 <span style=\"color: #ff6600\"><strong><a style=\"color: #ff6600\" href=\"https:\/\/cosyowl.com\/sv\/tillbehor-for-ljusstopning\/ljusbehallare\/ljusglas\/ljusbehallare-av-glas-20cl-karen-rund\/?wmc-currency=EUR\">20cl Karen Runda glas Beh\u00e5llare <\/a><\/strong><\/span><a style=\"color: #050000\" href=\"https:\/\/cosyowl.com\/sv\/tillbehor-for-ljusstopning\/ljusbehallare\/ljusglas\/ljusbehallare-av-glas-20cl-karen-rund\/?wmc-currency=EUR\">perfekt f\u00f6r hemmabruk eller som present<\/a><\/span><\/li>\n<li><span style=\"color: #050000\">L\u00e4tt att f\u00f6lja, <span style=\"color: #ff6600\"><strong><a style=\"color: #ff6600\" href=\"https:\/\/cosyowl.com\/sv\/guider\/hur-man-gor-ett-ljus\/?wmc-currency=EUR\">Steg-f\u00f6r-steg-guide f\u00f6r ljustillverkning<\/a><\/strong> <\/span>perfekt f\u00f6r nyb\u00f6rjare<\/span><\/li>\n<\/ul>\n<p>Vi \u00e4r stolta \u00f6ver att tillhandah\u00e5lla de h\u00f6gsta <a href=\"https:\/\/cosyowl.com\/sv\/candle-wicks\/wedo-lx-wick-raw\">kvalitet<\/a> ingredienser som finns p\u00e5 marknaden f\u00f6r att g\u00f6ra de perfekta ljusen hemma. V\u00e5ra kit \u00e4r perfekta b\u00e5de f\u00f6r dig som precis har b\u00f6rjat och f\u00f6r dig som redan \u00e4r duktig, s\u00e5 ta p\u00e5 dig f\u00f6rkl\u00e4det och l\u00e5t oss b\u00f6rja pyssla i jul.<\/p>\n<h3>Information om doft<\/h3>\n<p>V\u00e5r\u00a0<span style=\"color: #ff6600\"><a style=\"color: #ff6600\" href=\"https:\/\/cosyowl.com\/sv\/doftoljor\/kanelstang\/?wmc-currency=EUR\"><strong>Kanelst\u00e5ng doftolja<\/strong>\u00a0<\/a><\/span>har formulerats speciellt f\u00f6r att framkalla den v\u00e4lbekanta doftmassa som f\u00f6rknippas med <a href=\"https:\/\/cosyowl.com\/sv\/fragrance-oils\/coffee\">aromatisk<\/a> pseudokryddor som erh\u00e5lls fr\u00e5n innerbarken hos flera tr\u00e4darter. V\u00e5r kanelst\u00e5ngsolja utstr\u00e5lar omedelbart en stark och framtr\u00e4dande lukt som f\u00f6rknippas med<strong>\u00a0blodapelsin, citrus och peppar<\/strong>. Denna initiala arom \u00e4r den mest uttalade n\u00e4r din <a href=\"https:\/\/cosyowl.com\/sv\/guides\/a-summers-beach-gel-votive-candle\">ljus<\/a> b\u00f6rjar brinna och fyller ditt rum med en doft som sedan f\u00f6rst\u00e4rks av l\u00e4tta undertoner av\u00a0<strong>kanel och iris<\/strong>. I formuleringen f\u00f6r denna distinkta doft ing\u00e5r en <a href=\"https:\/\/cosyowl.com\/sv\/fragrance-oils\/strawberry-bon-bon\">f\u00f6rtjusande<\/a> sp\u00e5r av eftersmak av\u00a0<strong>muskotn\u00f6t och vaniljst\u00e5ng<\/strong>.<\/p>\n<p><span style=\"color: #ff6600\"><a style=\"color: #ff6600\" href=\"https:\/\/cosyowl.com\/sv\/datablad-for-doftamnen-och-eteriska-oljor\/?wmc-currency=EUR\">(Datablad f\u00f6r Cinnamon Stick Fragrance Oil)<\/a><\/span><\/p>\n<h3>Information om v\u00e5ra produkter<\/h3>\n<p><a href=\"https:\/\/cosyowl.com\/sv\/shop\">Alla produkter<\/a> i detta kit \u00e4r av professionell kvalitet f\u00f6r att skapa ljus av h\u00f6gsta kvalitet som kommer att brinna vackert och helt med fantastiskt doftkast. Vi erbjuder inte startpaket med billigare material eller startmaterial eftersom vi anser att det \u00e4r b\u00e4st att l\u00e4ra sig med material av h\u00f6gsta kvalitet. Vi \u00e4r ocks\u00e5 stolta \u00f6ver att inte bara k\u00f6pa in den finaste kvaliteten utan ocks\u00e5 de mest etiska och <a href=\"https:\/\/cosyowl.com\/sv\/candle-wicks\/wedo-eco-wick-raw\">h\u00e5llbar<\/a> material. Alla material \u00e4r:<\/p>\n<ul>\n<li>H\u00e5llbart anskaffad<\/li>\n<li>Milj\u00f6v\u00e4nlig<\/li>\n<li>Veganv\u00e4nlig<\/li>\n<li>Fri fr\u00e5n djurpl\u00e5geri<\/li>\n<li><a href=\"https:\/\/cosyowl.com\/sv\/guides\/cmrs-and-phthalates-in-fragrance-oils\">Fri fr\u00e5n<\/a> CMR och ftalat<\/li>\n<\/ul>\n<h3 data-start=\"2493\" data-end=\"2542\">Anv\u00e4ndbara resurser f\u00f6r framg\u00e5ngsrik ljustillverkning<\/h3>\n<ul>\n<li><strong><span style=\"color: #ff6600\"><a style=\"color: #ff6600\" href=\"https:\/\/cosyowl.com\/sv\/guider\/hur-man-gor-ett-ljus\/?wmc-currency=EUR\">Hur man g\u00f6r ett stearinljus\u00a0<\/a><\/span><\/strong><\/li>\n<li><strong><span style=\"color: #ff6600\"><a style=\"color: #ff6600\" href=\"https:\/\/cosyowl.com\/sv\/guider\/guide-for-containerljus\/?wmc-currency=EUR\">Guide f\u00f6r tillverkning av containerljus<\/a><\/span><\/strong><\/li>\n<li><strong><span style=\"color: #ff6600\"><a style=\"color: #ff6600\" href=\"https:\/\/cosyowl.com\/sv\/guider\/en-nyborjarguide-till-att-gora-ett-ljus\/?wmc-currency=EUR\">En nyb\u00f6rjarguide till att g\u00f6ra ett ljus<\/a><\/span><\/strong><\/li>\n<li class=\"entry-title\"><strong><span style=\"color: #ff6600\"><a style=\"color: #ff6600\" href=\"https:\/\/cosyowl.com\/sv\/guider\/en-guide-till-anvandning-av-bekro-vaxfarg\/?wmc-currency=EUR\" rel=\"bookmark\">En guide till anv\u00e4ndning av Bekro Wax Dye<\/a><\/span><\/strong><\/li>\n<li class=\"entry-title\"><strong><span style=\"color: #ff6600\"><a style=\"color: #ff6600\" href=\"https:\/\/cosyowl.com\/sv\/guider\/hur-man-anvander-doftoljor\/?wmc-currency=EUR\">Hur man anv\u00e4nder doftoljor<\/a><\/span><\/strong><\/li>\n<li><strong><span style=\"color: #ff6600\"><a style=\"color: #ff6600\" href=\"https:\/\/cosyowl.com\/sv\/guider\/felsokning\/?wmc-currency=EUR\">Fels\u00f6kning av problem vid ljustillverkning<\/a><\/span><\/strong><\/li>\n<li><strong><span style=\"color: #ff6600\"><a style=\"color: #ff6600\" href=\"https:\/\/cosyowl.com\/sv\/guider\/fragor-och-svar\/?wmc-currency=EUR\">Vanliga fr\u00e5gor om ljustillverkning<\/a><\/span><\/strong><\/li>\n<li><strong><span style=\"color: #ff6600\"><a style=\"color: #ff6600\" href=\"https:\/\/cosyowl.com\/sv\/guider\/?wmc-currency=EUR\">Guider &amp; recept<\/a><\/span><\/strong><\/li>\n<\/ul>","protected":false},"excerpt":{"rendered":"<p>Our kits are the perfect purchase for anyone looking to get creative and start crafting their own candles. With this candle making kit you have everything you need to make up to 5 candles with a Cinnamon Stick scent and seasonal Light Brown colour. What\u2019s Inside Your Candle Making Kit? 800g of high-quality Soy Container [&hellip;]<\/p>\n","protected":false},"featured_media":60387,"comment_status":"open","ping_status":"closed","template":"","meta":{"_acf_changed":false},"product_brand":[],"product_cat":[530,720,498],"product_tag":[917,1594],"class_list":{"0":"post-44459","1":"product","2":"type-product","3":"status-publish","4":"has-post-thumbnail","6":"product_cat-candle-making-kits","7":"product_cat-candle-making-kits-candle-making-supplies","8":"product_cat-christmas","9":"product_tag-candle-making-kit","10":"product_tag-christmas","11":"product_shipping_class-royal_mail_kits","13":"first","14":"instock","15":"taxable","16":"shipping-taxable","17":"purchasable","18":"product-type-simple"},"acf":[],"_links":{"self":[{"href":"https:\/\/cosyowl.com\/sv\/wp-json\/wp\/v2\/product\/44459","targetHints":{"allow":["GET"]}}],"collection":[{"href":"https:\/\/cosyowl.com\/sv\/wp-json\/wp\/v2\/product"}],"about":[{"href":"https:\/\/cosyowl.com\/sv\/wp-json\/wp\/v2\/types\/product"}],"replies":[{"embeddable":true,"href":"https:\/\/cosyowl.com\/sv\/wp-json\/wp\/v2\/comments?post=44459"}],"wp:featuredmedia":[{"embeddable":true,"href":"https:\/\/cosyowl.com\/sv\/wp-json\/wp\/v2\/media\/60387"}],"wp:attachment":[{"href":"https:\/\/cosyowl.com\/sv\/wp-json\/wp\/v2\/media?parent=44459"}],"wp:term":[{"taxonomy":"product_brand","embeddable":true,"href":"https:\/\/cosyowl.com\/sv\/wp-json\/wp\/v2\/product_brand?post=44459"},{"taxonomy":"product_cat","embeddable":true,"href":"https:\/\/cosyowl.com\/sv\/wp-json\/wp\/v2\/product_cat?post=44459"},{"taxonomy":"product_tag","embeddable":true,"href":"https:\/\/cosyowl.com\/sv\/wp-json\/wp\/v2\/product_tag?post=44459"}],"curies":[{"name":"wp","href":"https:\/\/api.w.org\/{rel}","templated":true}]}}