{"id":43021,"date":"2022-09-20T12:44:54","date_gmt":"2022-09-20T11:44:54","guid":{"rendered":"https:\/\/cosyowl.com\/product\/50mm-reed-diffuser-safety-label-clear-black-text-2"},"modified":"2026-03-03T13:45:34","modified_gmt":"2026-03-03T13:45:34","slug":"50mm-reed-diffusor-sakerhetsetikett-klar-svart-text","status":"publish","type":"product","link":"https:\/\/cosyowl.com\/sv\/candle-making-supplies\/50mm-reed-diffuser-safety-label-clear-black-text","title":{"rendered":"50mm Reed Diffuser S\u00e4kerhetsetikett - Klar \/ Svart Text"},"content":{"rendered":"<p>V\u00e5r <a href=\"https:\/\/cosyowl.com\/sv\/candle-making-extras\/50mm-candle-safety-label-white-black-text\">Klar<\/a> <a href=\"https:\/\/cosyowl.com\/sv\/guides\/making-a-reed-diffuser\">Vassdiffusor<\/a> S\u00e4kerhetsetiketterna \u00e4r tryckta med svart bl\u00e4ck p\u00e5 en genomskinlig rund etikett. De \u00e4r 50 mm i diameter, perfekt f\u00f6r de flesta applikationer. V\u00e5r Reed Diffuser Warning Label inneh\u00e5ller all relevant information och varningar som dina kunder beh\u00f6ver veta om s\u00e4ker anv\u00e4ndning av din Reed Diffuser<\/p>\n<p><strong>Vad \u00e4r Reed Safety Labels till f\u00f6r?<\/strong><\/p>\n<p>Om du ska s\u00e4lja din <a href=\"https:\/\/cosyowl.com\/sv\/guides\/a-beginners-guide-to-making-reed-diffusers\">Vassdiffusorer<\/a> m\u00e5ste du ha denna varningsetikett f\u00f6r att uppfylla kraven i f\u00f6rordningen om allm\u00e4n produkts\u00e4kerhet fr\u00e5n 2005. Dessa etiketter \u00e4r utformade f\u00f6r att f\u00e4stas p\u00e5 undersidan av din beh\u00e5llare eller l\u00e5da f\u00f6r att visa att du f\u00f6ljer best\u00e4mmelserna och \u00e4r noggrann med att f\u00f6lja dem och f\u00f6r att ge v\u00e4rdefull praktisk information och s\u00e4kerhetsinformation till slutanv\u00e4ndaren.<\/p>\n<p>V\u00e5ra s\u00e4kerhetsetiketter f\u00f6r Reed Diffuser \u00e4r professionella, h\u00f6gkvalitativa och <a href=\"https:\/\/cosyowl.com\/sv\/candle-wicks\/wedo-lx-wick-raw\">kvalitet<\/a>De \u00e4r slitstarka, droppfria, vattent\u00e4ta, smuts- och rept\u00e5liga. Vi har valt ut dessa etiketter f\u00f6r att de ska h\u00e5lla l\u00e4nge och \u00e4nd\u00e5 vara ekonomiska.<\/p>\n<p>L\u00e4s om f\u00f6rordningen om allm\u00e4n produkts\u00e4kerhet f\u00f6r att f\u00e5 en b\u00e4ttre f\u00f6rst\u00e5else f\u00f6r dina skyldigheter som <a href=\"https:\/\/cosyowl.com\/sv\/guides\/a-summers-beach-gel-votive-candle\">ljus<\/a> tillverkare.<\/p>\n<p>V\u00e5ra genomskinliga s\u00e4kerhetsetiketter f\u00f6r Reed Diffuser levereras i rullar om antingen 10, 50, 100 eller <a href=\"https:\/\/cosyowl.com\/sv\/candle-making-supplies\/tools-equipment\/glue-dots-pack-of-1000\">1000<\/a> och \u00e4r l\u00e4tta att dra av och applicera.<\/p>","protected":false},"excerpt":{"rendered":"<p>Our Clear Reed Diffuser safety labels are printed on to a transparent circular label with black ink. They are 50mm in diameter, perfect for most applications. Our Reed Diffuser Warning Label contains all the relevant information and warnings your customers need to know about safely using your reed diffuser What are Reed Safety Labels for? [&hellip;]<\/p>\n","protected":false},"featured_media":17458,"comment_status":"open","ping_status":"closed","template":"","meta":{"_acf_changed":false},"product_brand":[],"product_cat":[532,729,717],"product_tag":[939],"class_list":{"0":"post-43021","1":"product","2":"type-product","3":"status-publish","4":"has-post-thumbnail","6":"product_cat-tools-equipment","7":"product_cat-equipment","8":"product_cat-sale","9":"product_tag-safety-label","10":"pa_pack-size-569","11":"pa_pack-size-571","12":"pa_pack-size-572","13":"pa_pack-size-570","15":"first","16":"instock","17":"taxable","18":"shipping-taxable","19":"purchasable","20":"product-type-variable"},"acf":[],"_links":{"self":[{"href":"https:\/\/cosyowl.com\/sv\/wp-json\/wp\/v2\/product\/43021","targetHints":{"allow":["GET"]}}],"collection":[{"href":"https:\/\/cosyowl.com\/sv\/wp-json\/wp\/v2\/product"}],"about":[{"href":"https:\/\/cosyowl.com\/sv\/wp-json\/wp\/v2\/types\/product"}],"replies":[{"embeddable":true,"href":"https:\/\/cosyowl.com\/sv\/wp-json\/wp\/v2\/comments?post=43021"}],"wp:featuredmedia":[{"embeddable":true,"href":"https:\/\/cosyowl.com\/sv\/wp-json\/wp\/v2\/media\/17458"}],"wp:attachment":[{"href":"https:\/\/cosyowl.com\/sv\/wp-json\/wp\/v2\/media?parent=43021"}],"wp:term":[{"taxonomy":"product_brand","embeddable":true,"href":"https:\/\/cosyowl.com\/sv\/wp-json\/wp\/v2\/product_brand?post=43021"},{"taxonomy":"product_cat","embeddable":true,"href":"https:\/\/cosyowl.com\/sv\/wp-json\/wp\/v2\/product_cat?post=43021"},{"taxonomy":"product_tag","embeddable":true,"href":"https:\/\/cosyowl.com\/sv\/wp-json\/wp\/v2\/product_tag?post=43021"}],"curies":[{"name":"wp","href":"https:\/\/api.w.org\/{rel}","templated":true}]}}