{"id":42251,"date":"2022-05-27T11:28:08","date_gmt":"2022-05-27T10:28:08","guid":{"rendered":"https:\/\/cosyowl.com\/?post_type=product&#038;p=42251"},"modified":"2026-03-03T13:45:34","modified_gmt":"2026-03-03T13:45:34","slug":"bunt-med-chunky-glitter","status":"publish","type":"product","link":"https:\/\/cosyowl.com\/sv\/bundles\/glitter-bundles\/chunky-glitter-bundle","title":{"rendered":"Chunky Glitter-paketet"},"content":{"rendered":"<h2 style=\"text-align: center\"><strong>Chunky Glitter-paketet<\/strong><\/h2>\n<table style=\"height: 72px;border-style: solid;border-color: black;background-color: white;margin-left: auto;margin-right: auto;width: 682px\" border=\"1\">\n<tbody>\n<tr>\n<td style=\"width: 217.135px;text-align: center\"><strong>REKOMMENDERAD PRIS<\/strong><\/td>\n<td style=\"width: 220.729px;text-align: center\"><strong>V\u00e5rt paketpris<\/strong><\/td>\n<td style=\"width: 224.861px;text-align: center\"><strong>Du sparar<\/strong><\/td>\n<\/tr>\n<tr style=\"height: 18px\">\n<td style=\"height: 18px;width: 217.135px;text-align: center\"><strong>\u00a3<\/strong><strong>18.24<\/strong><\/td>\n<td style=\"width: 220.729px;text-align: center\"><strong>\u00a314.99<\/strong><\/td>\n<td style=\"height: 18px;width: 224.861px;text-align: center\"><span style=\"color: #ff0000\">\u00a33.25<\/span><\/td>\n<\/tr>\n<\/tbody>\n<\/table>\n<p>&nbsp;<\/p>\n<p>V\u00e5rt tjocka glitter \u00e4r ett utm\u00e4rkt s\u00e4tt att l\u00e4gga till n\u00e5got extra i ditt vax. Dessa glitter \u00e4r mycket <a href=\"https:\/\/cosyowl.com\/sv\/candle-making-supplies\/glitters\/fluorescent-peach\">i\u00f6gonfallande<\/a> n\u00e4r den \u00e4r suspenderad i vax.<\/p>\n<p>Detta paket inneh\u00e5ller:<\/p>\n<p>25 g av <a href=\"https:\/\/cosyowl.com\/sv\/tillbehor-for-ljusstopning\/glitter-2\/hjarta-ljus-glitter\/?wmc-currency=EUR\">Hj\u00e4rta Glitter<\/a><\/p>\n<p>25 g av <a href=\"https:\/\/cosyowl.com\/sv\/tillbehor-for-ljusstopning\/glitter-2\/vit-bla-cirkel-glitter\/?wmc-currency=EUR\">Vit och cirkelglitter<\/a><\/p>\n<p>25 g av <a href=\"https:\/\/cosyowl.com\/sv\/tillbehor-for-ljusstopning\/glitter-2\/gold-purple-blue-circle\/?wmc-currency=EUR\">Guld Lila och Bl\u00e5 Cirkelglitter<\/a><\/p>\n<p>&nbsp;<\/p>\n<p>Detta glitter kan anv\u00e4ndas i tv\u00e5lar, nagellack, hantverk, f\u00e4rger och ytbel\u00e4ggningar och grafisk konst.<\/p>\n<p>Observera - Denna produkt anv\u00e4nds b\u00e4st i <a href=\"https:\/\/cosyowl.com\/sv\/guides\/sandalwood-vanilla-leaf-wax-melts-guide\">vaxsm\u00e4ltor<\/a>, om det anv\u00e4nds i ljus kan det t\u00e4ppa till veken!<\/p>","protected":false},"excerpt":{"rendered":"<p>Chunky Glitter Bundle RRP Our Bundle Price You Save \u00a318.24 \u00a314.99 \u00a33.25 &nbsp; Our chunky glitter great way to add something extra to your wax. These glitters are very eye-catching when suspended in wax. This Bundle Includes: 25g of Heart Glitter 25g of White and Circle Glitter 25g of Gold Purple and Blue Circle Glitter [&hellip;]<\/p>\n","protected":false},"featured_media":42299,"comment_status":"open","ping_status":"closed","template":"","meta":{"_acf_changed":false},"product_brand":[],"product_cat":[719,724,715,540,541],"product_tag":[914],"class_list":{"0":"post-42251","1":"product","2":"type-product","3":"status-publish","4":"has-post-thumbnail","6":"product_cat-bundles-candle-making-supplies","7":"product_cat-glitter-bundles-candle-making","8":"product_cat-glitter-bundles-bundles","9":"product_cat-candle-making-supplies-mica-powder-glitter","10":"product_cat-wax-melts-mica-powder-and-glitter","11":"product_tag-glitter","12":"product_shipping_class-royal_mail","14":"first","15":"instock","16":"taxable","17":"shipping-taxable","18":"purchasable","19":"product-type-simple"},"acf":[],"_links":{"self":[{"href":"https:\/\/cosyowl.com\/sv\/wp-json\/wp\/v2\/product\/42251","targetHints":{"allow":["GET"]}}],"collection":[{"href":"https:\/\/cosyowl.com\/sv\/wp-json\/wp\/v2\/product"}],"about":[{"href":"https:\/\/cosyowl.com\/sv\/wp-json\/wp\/v2\/types\/product"}],"replies":[{"embeddable":true,"href":"https:\/\/cosyowl.com\/sv\/wp-json\/wp\/v2\/comments?post=42251"}],"wp:featuredmedia":[{"embeddable":true,"href":"https:\/\/cosyowl.com\/sv\/wp-json\/wp\/v2\/media\/42299"}],"wp:attachment":[{"href":"https:\/\/cosyowl.com\/sv\/wp-json\/wp\/v2\/media?parent=42251"}],"wp:term":[{"taxonomy":"product_brand","embeddable":true,"href":"https:\/\/cosyowl.com\/sv\/wp-json\/wp\/v2\/product_brand?post=42251"},{"taxonomy":"product_cat","embeddable":true,"href":"https:\/\/cosyowl.com\/sv\/wp-json\/wp\/v2\/product_cat?post=42251"},{"taxonomy":"product_tag","embeddable":true,"href":"https:\/\/cosyowl.com\/sv\/wp-json\/wp\/v2\/product_tag?post=42251"}],"curies":[{"name":"wp","href":"https:\/\/api.w.org\/{rel}","templated":true}]}}