{"id":42244,"date":"2022-05-27T11:04:21","date_gmt":"2022-05-27T10:04:21","guid":{"rendered":"https:\/\/cosyowl.com\/?post_type=product&#038;p=42244"},"modified":"2026-03-03T13:45:33","modified_gmt":"2026-03-03T13:45:33","slug":"pastellfargsbunt","status":"publish","type":"product","link":"https:\/\/cosyowl.com\/sv\/bundles\/dye-bundles\/pastel-dye-bundle","title":{"rendered":"Pastellf\u00e4rgningspaket"},"content":{"rendered":"<h2 style=\"text-align: center\"><strong>Pastellf\u00e4rgningspaket <\/strong><\/h2>\n<table style=\"height: 72px;border-style: solid;border-color: black;background-color: white;margin-left: auto;margin-right: auto;width: 682px\" border=\"1\">\n<tbody>\n<tr>\n<td style=\"width: 217.135px;text-align: center\"><strong>REKOMMENDERAD PRIS<\/strong><\/td>\n<td style=\"width: 220.729px;text-align: center\"><strong>V\u00e5rt paketpris<\/strong><\/td>\n<td style=\"width: 224.861px;text-align: center\"><strong>Du sparar<\/strong><\/td>\n<\/tr>\n<tr style=\"height: 18px\">\n<td style=\"height: 18px;width: 217.135px;text-align: center\"><span style=\"text-decoration: line-through\"><strong>\u00a3<\/strong><\/span><strong>6.55<\/strong><\/td>\n<td style=\"width: 220.729px;text-align: center\"><strong>\u00a34.99<\/strong><\/td>\n<td style=\"height: 18px;width: 224.861px;text-align: center\"><span style=\"color: #ff0000\">\u00a31.56<\/span><\/td>\n<\/tr>\n<\/tbody>\n<\/table>\n<p>&nbsp;<\/p>\n<p><a href=\"https:\/\/cosyowl.com\/sv\/guides\/how-to-make-wax-melts-at-home\">Hantverk<\/a> med v\u00e5rt urval av pastellf\u00e4rger f\u00f6r att l\u00e4gga till mjuka f\u00e4rgnyanser till dina ljus och <a href=\"https:\/\/cosyowl.com\/sv\/guides\/sandalwood-vanilla-leaf-wax-melts-guide\">vaxsm\u00e4ltor<\/a>.<\/p>\n<p><strong>Detta paket inneh\u00e5ller:<\/strong><\/p>\n<p>3 g av <a href=\"https:\/\/cosyowl.com\/sv\/ljusfargamnen\/bekro-227-kram-ljusfarg\/?wmc-currency=EUR\">Ljusf\u00e4rg f\u00f6r gr\u00e4dde<\/a><\/p>\n<p>3 g av <a href=\"https:\/\/cosyowl.com\/sv\/ljusfargamnen\/bekro-35-4141-rosa-ljusfarg\/?wmc-currency=EUR\">Ljus rosarosa f\u00e4rg<\/a><\/p>\n<p>3 g av <a href=\"https:\/\/cosyowl.com\/sv\/ljusfargamnen\/bekro-60-1127-lila-ljusfarg\/?wmc-currency=EUR\">Lilac Dye<\/a><\/p>\n<p>3 g av <a href=\"https:\/\/cosyowl.com\/sv\/ljusfargamnen\/bekro-52-5561-bla-ljusfarg\/?wmc-currency=EUR\">Ljusbl\u00e5 f\u00e4rg<\/a><\/p>\n<p>3 g av <a href=\"https:\/\/cosyowl.com\/sv\/ljusfargamnen\/bekro-72-7427-gron-ljusfarg\/?wmc-currency=EUR\">Ljusgr\u00f6n f\u00e4rg<\/a><\/p>\n<p>Dessa <a href=\"https:\/\/cosyowl.com\/sv\/craft-supplies\/wax-melt-supplies\/mica-powder-glitter\/light-copper-biodegradable-candle-glitter\">milj\u00f6v\u00e4nlig<\/a>De giftfria f\u00e4rg\u00e4mnena \u00e4r h\u00f6gkoncentrerade, l\u00e4tta att arbeta med och ger ett stort f\u00e4rgdjup. F\u00e4rgen tills\u00e4tts helt enkelt och r\u00f6rs om i det sm\u00e4lta vaxet och f\u00f6rdelas j\u00e4mnt i hela vaxet f\u00f6r att ge den konsistens som kr\u00e4vs. Resultatet \u00e4r en <a href=\"https:\/\/cosyowl.com\/sv\/guides\/a-summers-beach-gel-votive-candle\">ljus<\/a> med en f\u00e4rgs\u00e4ttning som inte skiljer sig fr\u00e5n dem som produceras professionellt. Cosy Owl's konkurrenskraftiga priser g\u00f6r professionell niv\u00e5 <a href=\"https:\/\/cosyowl.com\/sv\/guides\/how-to-make-a-candle\">tillverkning av ljus<\/a> mycket prisv\u00e4rd och fantastiskt v\u00e4rde f\u00f6r pengarna.<\/p>\n<p>Olika f\u00e4rg\u00e4mnen kan blandas i vaxet f\u00f6r att skapa kompositf\u00e4rger, vilket g\u00f6r att du kan experimentera med dina kreativa f\u00e4rdigheter f\u00f6r att producera ljus och vaxsm\u00e4ltor.<\/p>\n<p>Observera att bilden av den fasta f\u00e4rgen inte alltid motsvarar ljusets f\u00e4rg n\u00e4r det \u00e4r f\u00e4rdigt. Denna produkt \u00e4r inte l\u00e4mplig f\u00f6r anv\u00e4ndning med gelvax.<\/p>","protected":false},"excerpt":{"rendered":"<p>Pastel Dye Bundle RRP Our Bundle Price You Save \u00a36.55 \u00a34.99 \u00a31.56 &nbsp; Craft with our selection of pastel dyes to add soft hints of colour to your candles and wax melts. This Bundle Includes: 3g of Cream Candle Dye 3g of Light Rose Pink Dye 3g of Lilac Dye 3g of Light Blue Dye [&hellip;]<\/p>\n","protected":false},"featured_media":42255,"comment_status":"open","ping_status":"closed","template":"","meta":{"_acf_changed":false},"product_brand":[],"product_cat":[708,719,496,722,497,790],"product_tag":[916,1595],"class_list":{"0":"post-42244","1":"product","2":"type-product","3":"status-publish","4":"has-post-thumbnail","6":"product_cat-dye-bundles","7":"product_cat-bundles-candle-making-supplies","8":"product_cat-candle-dyes","9":"product_cat-bundles-dye-candle-making","10":"product_cat-wax-melts-dyes","11":"product_cat-easter","12":"product_tag-dye","13":"product_tag-easter","14":"product_shipping_class-royal_mail_letter","16":"first","17":"instock","18":"taxable","19":"shipping-taxable","20":"purchasable","21":"product-type-simple"},"acf":[],"_links":{"self":[{"href":"https:\/\/cosyowl.com\/sv\/wp-json\/wp\/v2\/product\/42244","targetHints":{"allow":["GET"]}}],"collection":[{"href":"https:\/\/cosyowl.com\/sv\/wp-json\/wp\/v2\/product"}],"about":[{"href":"https:\/\/cosyowl.com\/sv\/wp-json\/wp\/v2\/types\/product"}],"replies":[{"embeddable":true,"href":"https:\/\/cosyowl.com\/sv\/wp-json\/wp\/v2\/comments?post=42244"}],"wp:featuredmedia":[{"embeddable":true,"href":"https:\/\/cosyowl.com\/sv\/wp-json\/wp\/v2\/media\/42255"}],"wp:attachment":[{"href":"https:\/\/cosyowl.com\/sv\/wp-json\/wp\/v2\/media?parent=42244"}],"wp:term":[{"taxonomy":"product_brand","embeddable":true,"href":"https:\/\/cosyowl.com\/sv\/wp-json\/wp\/v2\/product_brand?post=42244"},{"taxonomy":"product_cat","embeddable":true,"href":"https:\/\/cosyowl.com\/sv\/wp-json\/wp\/v2\/product_cat?post=42244"},{"taxonomy":"product_tag","embeddable":true,"href":"https:\/\/cosyowl.com\/sv\/wp-json\/wp\/v2\/product_tag?post=42244"}],"curies":[{"name":"wp","href":"https:\/\/api.w.org\/{rel}","templated":true}]}}