{"id":42134,"date":"2022-04-20T16:54:30","date_gmt":"2022-04-20T15:54:30","guid":{"rendered":"https:\/\/cosyowl.com\/?post_type=product&#038;p=42134"},"modified":"2026-03-24T16:27:33","modified_gmt":"2026-03-24T16:27:33","slug":"cosy-owl-tropical-fragrance-oil-collection-forpackning-om-5","status":"publish","type":"product","link":"https:\/\/cosyowl.com\/sv\/candle-making-supplies\/fragrance-oils-for-candle-making\/fragrance-oil-sets\/cosy-owl-tropical-fragrance-oil-collection-pack-of-5","title":{"rendered":"Cosy Owl Tropical Fragrance Oil Collection - (F\u00f6rpackning med 5)"},"content":{"rendered":"<p><strong><a href=\"https:\/\/cosyowl.com\/sv\/candle-making-supplies\/fragrance-oils-for-candle-making\/all-fragrances\/black-coconut-fragrance-oil\">Tropisk<\/a> <a href=\"https:\/\/cosyowl.com\/sv\/candle-making-supplies\/fragrance-oils-for-candle-making\/premium-fragrance-oils\/cosy-owl-premium-1-million-type-fragrance-oil\">Doftolja<\/a> Samling.<\/strong><\/p>\n<p>V\u00e5ra doftoljeset \u00e4r det perfekta s\u00e4ttet att testa v\u00e5ra b\u00e4sts\u00e4ljande <a href=\"https:\/\/cosyowl.com\/sv\/guides\/2023-spring-fragrance-oil-trends\">doftoljor<\/a>.<\/p>\n<p>Detta set inneh\u00e5ller 5x 10ml doftoljor fr\u00e5n v\u00e5r Tropical Collection.<\/p>\n<ul>\n<li><span style=\"color: #000000\"><strong><a href=\"https:\/\/cosyowl.com\/sv\/doftoljor\/kokosnot-lime\/?wmc-currency=EUR\" target=\"_blank\" rel=\"noopener\">Kokosn\u00f6t Lime<\/a><\/strong>\u00a0<\/span>- V\u00e5r <a href=\"https:\/\/cosyowl.com\/sv\/craft-kits\/wax-melt-making-kits\/coconut-lime-wax-melt-making-kit\">Kokosn\u00f6t Lime<\/a> Fragrance Oil \u00e4r speciellt framtagen f\u00f6r att framkalla den v\u00e4lbekanta doften som f\u00f6rknippas med detta stora ovala bruna fr\u00f6 fr\u00e5n en tropisk palm i kombination med den l\u00e4tt citrusaktiga smaken av lime. Oljan och mj\u00f6lken fr\u00e5n <a href=\"https:\/\/cosyowl.com\/sv\/fragrance-oils\/coconut\">kokosn\u00f6t<\/a> tillsammans med limeskal blandas syntetiskt i v\u00e5r doftolja och denna avger omedelbart en stark och framtr\u00e4dande doft som f\u00f6rknippas med kokosvatten, syrlig <a href=\"https:\/\/cosyowl.com\/sv\/fragrance-oils\/lemon\">citron<\/a>limejuice, riven ingef\u00e4ra. Denna inledande arom \u00e4r den mest uttalade n\u00e4r din <a href=\"https:\/\/cosyowl.com\/sv\/guides\/a-summers-beach-gel-votive-candle\">ljus<\/a> b\u00f6rjar brinna och fyller ditt rum med en doft som sedan f\u00f6rst\u00e4rks av l\u00e4tta undertoner av vispad kokosn\u00f6t, verbenablomma. I formuleringen f\u00f6r denna distinkta doft ing\u00e5r en h\u00e4rlig eftersmak av vaniljb\u00f6na, vit cedertr\u00e4 och naken mysk.<\/li>\n<\/ul>\n<ul>\n<li><a href=\"https:\/\/cosyowl.com\/sv\/doftoljor\/ananas-mango\/?wmc-currency=EUR\" target=\"_blank\" rel=\"noopener\"><strong>Ananas Mango<\/strong><\/a> - V\u00e5r Pineapple Mango Fragrance Oil har formulerats speciellt f\u00f6r att framkalla de v\u00e4lk\u00e4nda och \u00e4lskade dofterna som f\u00f6rknippas med dessa underbara tropiska frukter och utstr\u00e5lar en stark och framtr\u00e4dande doft som f\u00f6rknippas med ananas, honungsdagg, rosa grapefrukt och apelsinskal. Denna inledande doft \u00e4r den mest uttalade n\u00e4r ditt ljus b\u00f6rjar brinna och fyller ditt rum med en doft som sedan f\u00f6rst\u00e4rks av l\u00e4tta undertoner av mango, rosenoxid, cyklamen och guava. I formuleringen av denna distinkta doft ing\u00e5r en h\u00e4rlig eftersmak av fruktig mysk, vaniljst\u00e5ng och <a href=\"https:\/\/cosyowl.com\/sv\/candle-making-supplies\/fragrance-oils-for-candle-making\/all-fragrances\/french-vanilla-fragrance-oil\">kr\u00e4mig<\/a> muskotn\u00f6t.<\/li>\n<\/ul>\n<ul>\n<li><strong><a href=\"https:\/\/cosyowl.com\/sv\/doftoljor\/pomegranate\/?wmc-currency=EUR\" target=\"_blank\" rel=\"noopener\">Granat\u00e4pple<\/a>\u00a0<\/strong>- V\u00e5r Pomegranate Type Fragrance Oil har speciellt formulerats f\u00f6r att frig\u00f6ra den potenta doften av denna sf\u00e4riska frukt med sitt h\u00e5rda gyllene orange yttre skal och s\u00f6ta r\u00f6da gelatin\u00f6sa k\u00f6tt som b\u00e4rs fr\u00e5n ett tr\u00e4d som \u00e4r inf\u00f6dd i Nordafrika och v\u00e4stra Asien. Doften ger en stark och framtr\u00e4dande doft som f\u00f6rknippas med lime och <a href=\"https:\/\/cosyowl.com\/sv\/candle-making-supplies\/fragrance-oils-for-candle-making\/all-fragrances\/lemon-lavender-fragrance-oil\">citronskal<\/a>. Denna f\u00f6rsta doft \u00e4r den mest uttalade n\u00e4r ditt ljus b\u00f6rjar brinna och fyller ditt rum med en doft som sedan f\u00f6rst\u00e4rks av l\u00e4tta undertoner av granat\u00e4pple, <a href=\"https:\/\/cosyowl.com\/sv\/fragrance-oils\/raspberry\">hallon<\/a> och plommon. I formuleringen f\u00f6r denna distinkta doft ing\u00e5r en underbar sp\u00e5r eftersmak av vanilj, s\u00f6t mysk och mossa.<\/li>\n<\/ul>\n<ul>\n<li><a href=\"https:\/\/cosyowl.com\/sv\/tillbehor-for-ljusstopning\/doftoljor-for-ljustillverkning\/alla-dofter\/tropik-doftolja\/?wmc-currency=EUR\"><strong>Tropikerna<\/strong><\/a> - Tropics Fragrance Oil f\u00e5ngar essensen av en tropisk sommar med sin <a href=\"https:\/\/cosyowl.com\/sv\/craft-supplies\/wax-melt-supplies\/mica-powder-glitter\/bright-peach-biodegradable-candle-glitter\">livlig<\/a> blandning. Den inleds med <a href=\"https:\/\/cosyowl.com\/sv\/candle-making-supplies\/essential-oils\/rosemary-essential-oil\">uppfriskande<\/a> toppnoter av <a href=\"https:\/\/cosyowl.com\/sv\/candle-making-supplies\/essential-oils\/eucalyptus-globulus-essential-oil\">fr\u00e4sch<\/a> ananas, persika, passionsfrukt, <a href=\"https:\/\/cosyowl.com\/sv\/all-fragrances\/sumptious-fruits-fragrance-oil\">exotiska frukter<\/a>, I hj\u00e4rtat av doften finns saftiga frukter som mango och tropisk frukt. Basen av mjuk mysk ger en varm och tr\u00f6stande finish till denna underbara doft.<\/li>\n<\/ul>\n<ul>\n<li><a href=\"https:\/\/cosyowl.com\/sv\/tillbehor-for-ljusstopning\/doftoljor-for-ljustillverkning\/alla-dofter\/doftolja-brazilian-crush\/?wmc-currency=EUR\"><strong>Brasiliansk f\u00f6r\u00e4lskelse<\/strong><\/a> - Brazilian Crush \u00e4r en f\u00e4ngslande doftolja som inspirerats av Brasiliens soldr\u00e4nkta str\u00e4nder. Med noter av mandel, <a href=\"https:\/\/cosyowl.com\/sv\/candle-making-supplies\/fragrance-oils-for-candle-making\/all-fragrances\/chocolate-fragrance-oil\">choklad<\/a>Kokosn\u00f6t, kaffe, vanilj, kola och en antydan till mysk \u00e4r en h\u00e4rlig blandning som framkallar essensen av tropisk njutning.<\/li>\n<\/ul>\n<p>Alla dofter som ing\u00e5r i detta set kan k\u00f6pas var f\u00f6r sig.<\/p>","protected":false},"excerpt":{"rendered":"<p>Tropical Fragrance Oil Collection. Our Fragrance oil sets are the perfect way to test out our best-selling fragrance oils. This Set Includes 5x 10ml Fragrance Oils from our Tropical Collection. Coconut Lime\u00a0&#8211; Our Coconut Lime Fragrance Oil has been specially formulated to evoke the familiar scent associated with this large oval brown seed of a [&hellip;]<\/p>\n","protected":false},"featured_media":86737,"comment_status":"open","ping_status":"closed","template":"","meta":{"_acf_changed":false},"product_brand":[],"product_cat":[719,723,711,504,636,586,509,512,730,800,531],"product_tag":[908],"class_list":{"0":"post-42134","1":"product","2":"type-product","3":"status-publish","4":"has-post-thumbnail","6":"product_cat-bundles-candle-making-supplies","7":"product_cat-fragrance-oil-sets-candle-making","8":"product_cat-bundles-fragrance-oil-sets","9":"product_cat-fragrance-oils-all-fragrances","10":"product_cat-body-care-fragrance-oils","11":"product_cat-hair-care-fragrance-oils","12":"product_cat-soap-making-supplies-fragrances","13":"product_cat-wax-melts-fragrances","14":"product_cat-fragrances-for-reed-diffusers","15":"product_cat-new","16":"product_cat-fragrance-oils-new","17":"product_tag-fragrance-oil","18":"product_shipping_class-royal_mail","20":"first","21":"instock","22":"taxable","23":"shipping-taxable","24":"purchasable","25":"product-type-simple"},"acf":[],"_links":{"self":[{"href":"https:\/\/cosyowl.com\/sv\/wp-json\/wp\/v2\/product\/42134","targetHints":{"allow":["GET"]}}],"collection":[{"href":"https:\/\/cosyowl.com\/sv\/wp-json\/wp\/v2\/product"}],"about":[{"href":"https:\/\/cosyowl.com\/sv\/wp-json\/wp\/v2\/types\/product"}],"replies":[{"embeddable":true,"href":"https:\/\/cosyowl.com\/sv\/wp-json\/wp\/v2\/comments?post=42134"}],"wp:featuredmedia":[{"embeddable":true,"href":"https:\/\/cosyowl.com\/sv\/wp-json\/wp\/v2\/media\/86737"}],"wp:attachment":[{"href":"https:\/\/cosyowl.com\/sv\/wp-json\/wp\/v2\/media?parent=42134"}],"wp:term":[{"taxonomy":"product_brand","embeddable":true,"href":"https:\/\/cosyowl.com\/sv\/wp-json\/wp\/v2\/product_brand?post=42134"},{"taxonomy":"product_cat","embeddable":true,"href":"https:\/\/cosyowl.com\/sv\/wp-json\/wp\/v2\/product_cat?post=42134"},{"taxonomy":"product_tag","embeddable":true,"href":"https:\/\/cosyowl.com\/sv\/wp-json\/wp\/v2\/product_tag?post=42134"}],"curies":[{"name":"wp","href":"https:\/\/api.w.org\/{rel}","templated":true}]}}