{"id":42132,"date":"2022-04-20T16:49:55","date_gmt":"2022-04-20T15:49:55","guid":{"rendered":"https:\/\/cosyowl.com\/?post_type=product&#038;p=42132"},"modified":"2026-03-24T16:27:33","modified_gmt":"2026-03-24T16:27:33","slug":"cosy-owl-premium-doftoljekollektion-forpackning-om-5","status":"publish","type":"product","link":"https:\/\/cosyowl.com\/sv\/candle-making-supplies\/fragrance-oils-for-candle-making\/fragrance-oil-sets\/cosy-owl-premium-fragrance-oil-collection-pack-of-5","title":{"rendered":"Cosy Owl Premium Doftoljekollektion - (F\u00f6rpackning med 5)"},"content":{"rendered":"<p><strong>Premium <a href=\"https:\/\/cosyowl.com\/sv\/candle-making-supplies\/fragrance-oils-for-candle-making\/premium-fragrance-oils\/cosy-owl-premium-1-million-type-fragrance-oil\">Doftolja<\/a> Samling.<\/strong><\/p>\n<p>V\u00e5ra doftoljeset \u00e4r det perfekta s\u00e4ttet att testa v\u00e5ra b\u00e4sts\u00e4ljande <a href=\"https:\/\/cosyowl.com\/sv\/guides\/2023-spring-fragrance-oil-trends\">doftoljor<\/a>.<\/p>\n<p>Detta set inneh\u00e5ller 5x 10ml doftoljor fr\u00e5n v\u00e5r Premium Collection.<\/p>\n<ul>\n<li><strong><a href=\"https:\/\/cosyowl.com\/sv\/doftoljor\/doftolja-bjornbar-och-lagerblad\/?wmc-currency=EUR\" target=\"_blank\" rel=\"noopener\">Blackberry och Bay<\/a><\/strong> - \u00c4nnu en stapelvara fr\u00e5n Storbritanniens mest k\u00e4nda top end <a href=\"https:\/\/cosyowl.com\/sv\/looking-for-a-new-supplier-of-candle-making-materials\">leverant\u00f6r av stearinljus<\/a>, omformulerad f\u00f6r <a href=\"https:\/\/cosyowl.com\/sv\/guides\/new-cosy-owl-premium-candle-fragrances\">Mysig uggla Premium<\/a> sortiment. En blommig och fruktig doft som fr\u00e4mst v\u00e4nder sig till kvinnor. Toppnoter av vitt plommon, kaprifol, persika och svart te ger plats \u00e5t mellannoter av bj\u00f6rnb\u00e4r, apelsinblomma och lagerblad samt basnoter av vanilj, ekmossa, cedertr\u00e4 och <a href=\"https:\/\/cosyowl.com\/sv\/candle-making-supplies\/fragrance-oils-for-candle-making\/all-fragrances\/french-vanilla-fragrance-oil\">kr\u00e4mig<\/a> sandeltr\u00e4 som <a href=\"https:\/\/cosyowl.com\/sv\/helper\">st\u00f6d<\/a> hela doften.<\/li>\n<\/ul>\n<ul>\n<li><strong><a href=\"https:\/\/cosyowl.com\/sv\/doftoljor\/english-pear-fresia-fragrance-oil\/?wmc-currency=EUR\" target=\"_blank\" rel=\"noopener\">Engelskt p\u00e4ron och fresia<\/a>\u00a0<\/strong>- Fr\u00e5n den kanske mest v\u00e4lk\u00e4nda toppmodellen <a href=\"https:\/\/cosyowl.com\/sv\/guides\/a-summers-beach-gel-votive-candle\">ljus<\/a> Denna doft \u00e4r en av de viktigaste i sortimentet och kommer att ge dina produkter en gnista av lyster. Vackert avrundade toppnoter av kaprifol, engelskt p\u00e4ron, cassis, bergamott och fresia. Med mellannoter av liljekonvalj, <a href=\"https:\/\/cosyowl.com\/sv\/fragrance-oils\/lilac\">lila<\/a>Basnoterna \u00e4r mjuka av cypress, sandeltr\u00e4 och vaniljblomma, med inslag av vit ros och ylang ylang.<\/li>\n<\/ul>\n<ul>\n<li><strong><a href=\"https:\/\/cosyowl.com\/sv\/doftoljor\/doftolja-av-grace-typ\/?wmc-currency=EUR\" target=\"_blank\" rel=\"noopener\">Sweet Grace Typ<\/a><\/strong> - Denna kultdoft har en mycket h\u00e4ngiven skara f\u00f6ljare och har beskrivits som beroendeframkallande av sina f\u00f6respr\u00e5kare. Redan en av de b\u00e4sta ljusdofterna, den <a href=\"https:\/\/cosyowl.com\/sv\/\">Mysig uggla<\/a> Premiumversionen \u00e4r en utm\u00e4rkt reproduktion av denna klassiska doft. Med toppnoter av apelsinskal, bergamott, <a href=\"https:\/\/cosyowl.com\/sv\/fragrance-oils\/lemon\">citron<\/a> skal och rosa citron, mellannoter av tonka, kalon, syren och pelargon kombineras med basnoter av mysk, vaniljst\u00e5ng, l\u00e4tt patchouli och b\u00e4rnsten f\u00f6r att skapa denna fylliga doft som har visat sig vara s\u00e5 popul\u00e4r.<\/li>\n<\/ul>\n<ul>\n<li><strong><a href=\"https:\/\/cosyowl.com\/sv\/doftoljor\/sun-drenched-apricot-rose-fragrance-oil\/?wmc-currency=EUR\" target=\"_blank\" rel=\"noopener\">Soldr\u00e4nkt aprikos<\/a><\/strong> - Ett annat bra tillskott till Cosy Owl Premium-sortimentet av dofter \u00e4r denna st\u00e4ndigt popul\u00e4ra ljusdoft fr\u00e5n ett av de mest k\u00e4nda ljusm\u00e4rkena. En rik och intensiv doft med toppar av bubblande aldehyder, plommon och vallmoblommor, mitt av r\u00f6da b\u00e4r, <a href=\"https:\/\/cosyowl.com\/sv\/candle-making-supplies\/fragrance-oils-for-candle-making\/all-fragrances\/peony-petals-fragrance-oil\">kronblad fr\u00e5n pioner<\/a>Med doftnoter av s\u00f6t musk, vattenlilja och s\u00f6t nektarin och basnoter av s\u00f6t mysk, vaniljst\u00e5ng och geranium \u00e4r detta en doft som verkligen sl\u00e5r an. Tillverkad med premiumingredienser f\u00f6r att matcha denna v\u00e4lk\u00e4nda doft.<\/li>\n<\/ul>\n<ul>\n<li><strong>\u00a0<a href=\"https:\/\/cosyowl.com\/sv\/doftoljor\/alla-dofter\/sage-seasalt-fragrance-oil\/?wmc-currency=EUR\" target=\"_blank\" rel=\"noopener\">Tr\u00e4salvia och havssalt<\/a><\/strong>- En <a href=\"https:\/\/cosyowl.com\/sv\/fragrance-oils\/coffee\">aromatisk<\/a> och mustig doft inspirerad av den ber\u00f6mda Jo Malone-doften.  Med den rikedom och det djup som k\u00e4nnetecknar v\u00e5rt premiumsortiment av dofter, \u00e4r denna <a href=\"https:\/\/cosyowl.com\/sv\/candle-making-supplies\/fragrance-oils-for-candle-making\/all-fragrances\/ocean-fragrance-oil\">marin<\/a> baserade doften har inslag av citrus och ger en utm\u00e4rkt blandning av tr\u00e4, salt, kryddighet och s\u00f6tma.  Den h\u00e4r doften \u00e4r inte \u00f6verv\u00e4ldigande men har en stark h\u00e5llbarhet och utvecklas och mognar verkligen ju l\u00e4ngre den \u00e4r i luften.<\/li>\n<\/ul>\n<p>Alla dofter som ing\u00e5r i detta set kan k\u00f6pas var f\u00f6r sig.<\/p>","protected":false},"excerpt":{"rendered":"<p>Premium Fragrance Oil Collection. Our Fragrance oil sets are the perfect way to test out our best-selling fragrance oils. This Set Includes 5x 10ml Fragrance Oils from our Premium Collection. Blackberry and Bay &#8211; Another staple from the ranks of the UK\u2019s most famous top end candle supplier, re-formulated for the Cosy Owl Premium range. [&hellip;]<\/p>\n","protected":false},"featured_media":86735,"comment_status":"open","ping_status":"closed","template":"","meta":{"_acf_changed":false},"product_brand":[],"product_cat":[669,719,711,723,504,636,586,509,512,511,730,800,531,536],"product_tag":[908],"class_list":{"0":"post-42132","1":"product","2":"type-product","3":"status-publish","4":"has-post-thumbnail","6":"product_cat-fragrance-oils-sets","7":"product_cat-bundles-candle-making-supplies","8":"product_cat-bundles-fragrance-oil-sets","9":"product_cat-fragrance-oil-sets-candle-making","10":"product_cat-fragrance-oils-all-fragrances","11":"product_cat-body-care-fragrance-oils","12":"product_cat-hair-care-fragrance-oils","13":"product_cat-soap-making-supplies-fragrances","14":"product_cat-wax-melts-fragrances","15":"product_cat-beard-oil-fragrances","16":"product_cat-fragrances-for-reed-diffusers","17":"product_cat-new","18":"product_cat-fragrance-oils-new","19":"product_cat-fragrance-oils-premium-fragrances","20":"product_tag-fragrance-oil","21":"product_shipping_class-royal_mail","23":"first","24":"instock","25":"taxable","26":"shipping-taxable","27":"purchasable","28":"product-type-simple"},"acf":[],"_links":{"self":[{"href":"https:\/\/cosyowl.com\/sv\/wp-json\/wp\/v2\/product\/42132","targetHints":{"allow":["GET"]}}],"collection":[{"href":"https:\/\/cosyowl.com\/sv\/wp-json\/wp\/v2\/product"}],"about":[{"href":"https:\/\/cosyowl.com\/sv\/wp-json\/wp\/v2\/types\/product"}],"replies":[{"embeddable":true,"href":"https:\/\/cosyowl.com\/sv\/wp-json\/wp\/v2\/comments?post=42132"}],"wp:featuredmedia":[{"embeddable":true,"href":"https:\/\/cosyowl.com\/sv\/wp-json\/wp\/v2\/media\/86735"}],"wp:attachment":[{"href":"https:\/\/cosyowl.com\/sv\/wp-json\/wp\/v2\/media?parent=42132"}],"wp:term":[{"taxonomy":"product_brand","embeddable":true,"href":"https:\/\/cosyowl.com\/sv\/wp-json\/wp\/v2\/product_brand?post=42132"},{"taxonomy":"product_cat","embeddable":true,"href":"https:\/\/cosyowl.com\/sv\/wp-json\/wp\/v2\/product_cat?post=42132"},{"taxonomy":"product_tag","embeddable":true,"href":"https:\/\/cosyowl.com\/sv\/wp-json\/wp\/v2\/product_tag?post=42132"}],"curies":[{"name":"wp","href":"https:\/\/api.w.org\/{rel}","templated":true}]}}