{"id":42125,"date":"2022-04-20T16:40:50","date_gmt":"2022-04-20T15:40:50","guid":{"rendered":"https:\/\/cosyowl.com\/?post_type=product&#038;p=42125"},"modified":"2026-03-24T16:27:33","modified_gmt":"2026-03-24T16:27:33","slug":"cosy-owl-fruktig-doftoljekollektion-forpackning-om-5","status":"publish","type":"product","link":"https:\/\/cosyowl.com\/sv\/candle-making-supplies\/fragrance-oils-for-candle-making\/fragrance-oil-sets\/cosy-owl-fruity-fragrance-oil-collection-pack-of-5","title":{"rendered":"Cosy Owl Fruity Doftoljekollektion - (F\u00f6rpackning med 5)"},"content":{"rendered":"<p><strong>Fruktig <a href=\"https:\/\/cosyowl.com\/sv\/candle-making-supplies\/fragrance-oils-for-candle-making\/premium-fragrance-oils\/cosy-owl-premium-1-million-type-fragrance-oil\">Doftolja<\/a> Samling.<\/strong><\/p>\n<p>V\u00e5ra doftoljeset \u00e4r det perfekta s\u00e4ttet att testa v\u00e5ra b\u00e4sts\u00e4ljande <a href=\"https:\/\/cosyowl.com\/sv\/guides\/2023-spring-fragrance-oil-trends\">doftoljor<\/a>.<\/p>\n<p>Detta set inneh\u00e5ller 5x 10ml doftoljor fr\u00e5n v\u00e5r Fruity Collection.<\/p>\n<ul>\n<li><strong><a href=\"https:\/\/cosyowl.com\/sv\/doftoljor\/black-cherry\/?wmc-currency=EUR\" target=\"_blank\" rel=\"noopener\">Svart k\u00f6rsb\u00e4r<\/a> <\/strong>- V\u00e5r <a href=\"https:\/\/cosyowl.com\/sv\/candle-making-supplies\/fragrance-oils-for-candle-making\/all-fragrances\/black-cherry-fragrance-oil\">Svart k\u00f6rsb\u00e4r<\/a> Doftoljan \u00e4r speciellt framtagen f\u00f6r att framkalla den v\u00e4lbekanta och \u00e4lskade <a href=\"https:\/\/cosyowl.com\/sv\/candle-making-supplies\/fragrance-oils-for-candle-making\/all-fragrances\/opium-fragrance-oil\">intensiv doft<\/a> f\u00f6rknippas med denna rika fylliga frukt. Doften utstr\u00e5lar initialt en stark och framtr\u00e4dande lukt som f\u00f6rknippas med b\u00e5de k\u00f6rsb\u00e4r och granat\u00e4pple. Denna arom \u00e4r den mest uttalade som din <a href=\"https:\/\/cosyowl.com\/sv\/guides\/a-summers-beach-gel-votive-candle\">ljus<\/a> b\u00f6rjar brinna och fyller ditt rum med en doft som sedan f\u00f6rst\u00e4rks av l\u00e4tta undertoner av sockrat plommon, <a href=\"https:\/\/cosyowl.com\/sv\/fragrance-oils\/raspberry\">hallon<\/a>, och svart k\u00f6rsb\u00e4r. I formuleringen av denna distinkta doft ing\u00e5r en h\u00e4rlig eftersmak av svart te, metalliska noter och kashmirmusk.<\/li>\n<li><strong><a href=\"https:\/\/cosyowl.com\/sv\/doftoljor\/franskt-paron\/?wmc-currency=EUR\" target=\"_blank\" rel=\"noopener\">Franskt p\u00e4ron<\/a> <\/strong>- V\u00e5r <a href=\"https:\/\/cosyowl.com\/sv\/fragrance-oils\/french-pear\">Franskt p\u00e4ron<\/a> Doftoljan \u00e4r speciellt framtagen f\u00f6r att framkalla den v\u00e4lk\u00e4nda och omtyckta fruktiga doften som f\u00f6rknippas med vanligt p\u00e4ron och avger initialt en stark och framtr\u00e4dande doft som f\u00f6rknippas med <a href=\"https:\/\/cosyowl.com\/sv\/fragrance-oils\/fresh-cut-grass\">gr\u00f6n<\/a> \u00e4pple, vit lilja och osmanthus. Denna doft \u00e4r mest uttalad n\u00e4r ditt ljus b\u00f6rjar brinna och fyller ditt rum med en doft som sedan f\u00f6rst\u00e4rks av l\u00e4tta undertoner av midnatt <a href=\"https:\/\/cosyowl.com\/sv\/candle-making-supplies\/fragrance-oils-for-candle-making\/all-fragrances\/jasmine-fragrance-oil\">jasmin<\/a> och nashi-p\u00e4ron. I formuleringen f\u00f6r denna distinkta doft ing\u00e5r en h\u00e4rlig eftersmak av tonkab\u00f6nor, davanaolja, kanel, vispad gr\u00e4dde, vanilj och tistelhonung.<\/li>\n<li><strong><a href=\"https:\/\/cosyowl.com\/sv\/doftoljor\/sot-fikon\/?wmc-currency=EUR\" target=\"_blank\" rel=\"noopener\">S\u00f6tt fikon<\/a> - <\/strong>V\u00e5r s\u00f6ta <a href=\"https:\/\/cosyowl.com\/sv\/candle-making-supplies\/fragrance-oils-for-candle-making\/all-fragrances\/fig-fragrance-oil\">Fig<\/a> Type Fragrance Oil har speciellt formulerats f\u00f6r att frig\u00f6ra en stark lukt associerad med denna frukt av Ficus-tr\u00e4det, en del av mullb\u00e4rsfamiljen. Fikon har en unik, s\u00f6t smak, mjuk och seg konsistens och denna doft ger en stark och framtr\u00e4dande doft som f\u00f6rknippas med vit druva och s\u00f6t svart fikon och bergamott. Denna inledande doft \u00e4r den mest uttalade n\u00e4r ditt ljus b\u00f6rjar brinna och fyller ditt rum med en doft som sedan f\u00f6rst\u00e4rks av l\u00e4tta undertoner av kryddnejlika, bj\u00f6rnb\u00e4r och vit blomma. I formuleringen av denna distinkta doft ing\u00e5r en underbar sp\u00e5rig eftersmak av vetiver, kanel, vanilj, absint och cedertr\u00e4.<\/li>\n<li><strong>\u00a0<a href=\"https:\/\/cosyowl.com\/sv\/doftoljor\/lime-basil-amp-mandarin\/?wmc-currency=EUR\" target=\"_blank\" rel=\"noopener\">Lime, basilika och mandarin<\/a> - <\/strong>V\u00e5r Lime Basil &amp; Mandarin Type Fragrance Oil har formulerats speciellt f\u00f6r att frig\u00f6ra en underbar smakkombination av dessa unika jordn\u00e4ra essenser och ger en stark och framtr\u00e4dande lukt associerad med lime, basilika, mandarin och apelsinskal. Denna initiala doft \u00e4r den mest uttalade n\u00e4r ditt ljus b\u00f6rjar brinna och fyller ditt rum med en doft som sedan f\u00f6rst\u00e4rks av l\u00e4tta undertoner av svartpeppar, pelargon, <a href=\"https:\/\/cosyowl.com\/sv\/fragrance-oils\/lilac\">lila<\/a>och timjan. I formuleringen f\u00f6r denna distinkta doft ing\u00e5r en underbar sp\u00e5r eftersmak av mossa, patchouli, mysk och vit cedertr\u00e4.<\/li>\n<li><strong><a href=\"https:\/\/cosyowl.com\/sv\/doftoljor\/plum-amp-mulberry\/?wmc-currency=EUR\" target=\"_blank\" rel=\"noopener\">Plommon och mullb\u00e4r<\/a> - <\/strong>V\u00e5r Plum &amp; Mulberry Fragrance Oil har formulerats speciellt f\u00f6r att frig\u00f6ra den unika doften av denna underbara kombination av b\u00e5de en frukt och ett b\u00e4r, med toppnoter av r\u00f6da b\u00e4r, \u00e4pple och p\u00e4ron, mellannoter av litchi, plommon, mullb\u00e4r, cassis, jasmin och ros, med en basnot av persika.<\/li>\n<\/ul>","protected":false},"excerpt":{"rendered":"<p>Fruity Fragrance Oil Collection. Our Fragrance oil sets are the perfect way to test out our best-selling fragrance oils. This Set Includes 5x 10ml Fragrance Oils from our Fruity Collection. Black Cherry &#8211; Our Black Cherry Fragrance Oil has been specially formulated to evoke the familiar and well-loved intense scent associated with this rich full-bodied [&hellip;]<\/p>\n","protected":false},"featured_media":86732,"comment_status":"open","ping_status":"closed","template":"","meta":{"_acf_changed":false},"product_brand":[],"product_cat":[669,719,711,723,504,636,586,509,512,511,730,800,531],"product_tag":[908],"class_list":{"0":"post-42125","1":"product","2":"type-product","3":"status-publish","4":"has-post-thumbnail","6":"product_cat-fragrance-oils-sets","7":"product_cat-bundles-candle-making-supplies","8":"product_cat-bundles-fragrance-oil-sets","9":"product_cat-fragrance-oil-sets-candle-making","10":"product_cat-fragrance-oils-all-fragrances","11":"product_cat-body-care-fragrance-oils","12":"product_cat-hair-care-fragrance-oils","13":"product_cat-soap-making-supplies-fragrances","14":"product_cat-wax-melts-fragrances","15":"product_cat-beard-oil-fragrances","16":"product_cat-fragrances-for-reed-diffusers","17":"product_cat-new","18":"product_cat-fragrance-oils-new","19":"product_tag-fragrance-oil","20":"product_shipping_class-royal_mail","22":"first","23":"instock","24":"taxable","25":"shipping-taxable","26":"purchasable","27":"product-type-simple"},"acf":[],"_links":{"self":[{"href":"https:\/\/cosyowl.com\/sv\/wp-json\/wp\/v2\/product\/42125","targetHints":{"allow":["GET"]}}],"collection":[{"href":"https:\/\/cosyowl.com\/sv\/wp-json\/wp\/v2\/product"}],"about":[{"href":"https:\/\/cosyowl.com\/sv\/wp-json\/wp\/v2\/types\/product"}],"replies":[{"embeddable":true,"href":"https:\/\/cosyowl.com\/sv\/wp-json\/wp\/v2\/comments?post=42125"}],"wp:featuredmedia":[{"embeddable":true,"href":"https:\/\/cosyowl.com\/sv\/wp-json\/wp\/v2\/media\/86732"}],"wp:attachment":[{"href":"https:\/\/cosyowl.com\/sv\/wp-json\/wp\/v2\/media?parent=42125"}],"wp:term":[{"taxonomy":"product_brand","embeddable":true,"href":"https:\/\/cosyowl.com\/sv\/wp-json\/wp\/v2\/product_brand?post=42125"},{"taxonomy":"product_cat","embeddable":true,"href":"https:\/\/cosyowl.com\/sv\/wp-json\/wp\/v2\/product_cat?post=42125"},{"taxonomy":"product_tag","embeddable":true,"href":"https:\/\/cosyowl.com\/sv\/wp-json\/wp\/v2\/product_tag?post=42125"}],"curies":[{"name":"wp","href":"https:\/\/api.w.org\/{rel}","templated":true}]}}