{"id":42121,"date":"2022-04-20T16:35:05","date_gmt":"2022-04-20T15:35:05","guid":{"rendered":"https:\/\/cosyowl.com\/?post_type=product&#038;p=42121"},"modified":"2026-03-24T16:27:43","modified_gmt":"2026-03-24T16:27:43","slug":"cosy-owl-floral-doftolja-kollektion-forpackning-om-5","status":"publish","type":"product","link":"https:\/\/cosyowl.com\/sv\/candle-making-supplies\/fragrance-oils-for-candle-making\/fragrance-oil-sets\/cosy-owl-floral-fragrance-oil-collection-pack-of-5","title":{"rendered":"Cosy Owl Floral Fragrance Oil Collection - (F\u00f6rpackning med 5)"},"content":{"rendered":"<p><strong>Blommig <a href=\"https:\/\/cosyowl.com\/sv\/candle-making-supplies\/fragrance-oils-for-candle-making\/premium-fragrance-oils\/cosy-owl-premium-1-million-type-fragrance-oil\">Doftolja<\/a> Samling.<\/strong><\/p>\n<p>V\u00e5ra doftoljeset \u00e4r det perfekta s\u00e4ttet att testa v\u00e5ra b\u00e4sts\u00e4ljande <a href=\"https:\/\/cosyowl.com\/sv\/guides\/2023-spring-fragrance-oil-trends\">doftoljor<\/a>.<\/p>\n<p>Detta set inneh\u00e5ller 5x 10ml doftoljor fr\u00e5n v\u00e5r Floral Collection.<\/p>\n<ul>\n<li><strong><a href=\"https:\/\/cosyowl.com\/sv\/doftoljor\/red-roses\/?wmc-currency=EUR\" target=\"_blank\" rel=\"noopener\">R\u00f6da rosor<\/a> - <\/strong>V\u00e5r\u00a0<a href=\"https:\/\/cosyowl.com\/sv\/candle-making-supplies\/fragrance-oils-for-candle-making\/all-fragrances\/red-roses-fragrance-oil\">R\u00f6da rosor<\/a> Doftoljan \u00e4r speciellt framtagen f\u00f6r att framkalla den v\u00e4lbekanta och \u00e4lskade <a href=\"https:\/\/cosyowl.com\/sv\/candle-making-supplies\/essential-oils\/eucalyptus-globulus-essential-oil\">fr\u00e4sch<\/a> doft som f\u00f6rknippas med denna underbara och ofta ganska romantiska blommande v\u00e4xt, som till en b\u00f6rjan utstr\u00e5lar en stark och framtr\u00e4dande doft som f\u00f6rknippas med\u00a0<a href=\"https:\/\/cosyowl.com\/sv\/candle-making-supplies\/fragrance-oils-for-candle-making\/all-fragrances\/lemon-lavender-fragrance-oil\">citronskal<\/a>, Bergamott, plommon och krispigt \u00e4pple. Denna arom \u00e4r den mest uttalade n\u00e4r din <a href=\"https:\/\/cosyowl.com\/sv\/guides\/a-summers-beach-gel-votive-candle\">ljus<\/a> b\u00f6rjar brinna och fyller ditt rum med en doft som sedan f\u00f6rst\u00e4rks av l\u00e4tta undertoner av rosenkristaller, <a href=\"https:\/\/cosyowl.com\/sv\/candle-making-supplies\/fragrance-oils-for-candle-making\/all-fragrances\/ocean-fragrance-oil\">marin<\/a> noter och ylang ylang. I formuleringen f\u00f6r denna distinkta doft ing\u00e5r en <a href=\"https:\/\/cosyowl.com\/sv\/fragrance-oils\/strawberry-bon-bon\">f\u00f6rtjusande<\/a> Eftersmak av naken mysk och vit sandeltr\u00e4.<\/li>\n<li><strong><a href=\"https:\/\/cosyowl.com\/sv\/doftoljor\/peony-petals\/?wmc-currency=EUR\" target=\"_blank\" rel=\"noopener\">Pionblad<\/a> - <\/strong>V\u00e5r <a href=\"https:\/\/cosyowl.com\/sv\/candle-making-supplies\/fragrance-oils-for-candle-making\/all-fragrances\/peony-petals-fragrance-oil\">Pionblad<\/a> Fragrance Oil har speciellt formulerats f\u00f6r att skapa doften av denna <a href=\"https:\/\/cosyowl.com\/sv\/candle-making-supplies\/essential-oils\/marjoram-essential-oil\">\u00f6rtartad<\/a> eller buskv\u00e4xt i norra tempererade regioner, l\u00e4nge odlad f\u00f6r sin fantastiska <a href=\"https:\/\/cosyowl.com\/sv\/fragrance-oils\/coffee\">aromatisk<\/a> prunkande blommor. Oljan utstr\u00e5lar initialt en stark och framtr\u00e4dande doft som f\u00f6rknippas med rosa pelargon, r\u00f6da vinb\u00e4r och granat\u00e4pple. Denna doft \u00e4r som mest uttalad n\u00e4r ditt ljus b\u00f6rjar brinna och fyller ditt rum med en doft som sedan f\u00f6rst\u00e4rks av l\u00e4tta undertoner av persika, ambra och Tonkab\u00f6na. I formuleringen av denna distinkta doft ing\u00e5r en h\u00e4rlig eftersmak av vaniljst\u00e5ng, mysk och b\u00e4rnsten.<\/li>\n<li><strong><strong><a href=\"https:\/\/cosyowl.com\/sv\/doftoljor\/jasmin\/?wmc-currency=EUR\" target=\"_blank\" rel=\"noopener\">Jasmin<\/a> - <\/strong><\/strong>V\u00e5r\u00a0<a href=\"https:\/\/cosyowl.com\/sv\/candle-making-supplies\/fragrance-oils-for-candle-making\/all-fragrances\/jasmine-fragrance-oil\">Jasmin<\/a> Doftoljan \u00e4r speciellt framtagen f\u00f6r att framkalla den v\u00e4lbekanta och h\u00e4rliga k\u00e4nslan av <a href=\"https:\/\/cosyowl.com\/sv\/fragrance-oils\/watermelon\">fr\u00e4sch doft<\/a> Den starka och framtr\u00e4dande doft som f\u00f6rknippas med denna buske eller kl\u00e4tterv\u00e4xt fr\u00e5n den gamla v\u00e4rlden \u00e4r f\u00f6rknippad med b\u00e5de jasmin och apelsinskal. Denna inledande doft \u00e4r den mest uttalade n\u00e4r ditt ljus b\u00f6rjar brinna och fyller ditt rum med en doft som sedan f\u00f6rst\u00e4rks av l\u00e4tta undertoner av pomerans och vanilj fr\u00e5n Madagaskar. I formuleringen av denna distinkta doft ing\u00e5r en h\u00e4rlig eftersmak av honung och mysknoter.<\/li>\n<li><strong><strong><a href=\"https:\/\/cosyowl.com\/sv\/doftoljor\/gardenia\/?wmc-currency=EUR\" target=\"_blank\" rel=\"noopener\">Gardenia<\/a> - <\/strong><\/strong>V\u00e5r\u00a0<a href=\"https:\/\/cosyowl.com\/sv\/fragrance-oils\/gardenia\">Gardenia<\/a> Doftoljan \u00e4r speciellt framtagen f\u00f6r att framkalla den ljuvliga doft som f\u00f6rknippas med denna blommande v\u00e4xt som h\u00e4rstammar fr\u00e5n <a href=\"https:\/\/cosyowl.com\/sv\/candle-making-supplies\/fragrance-oils-for-candle-making\/all-fragrances\/black-coconut-fragrance-oil\">tropisk<\/a> och subtropiska regioner i Afrika, Asien, Madagaskar och Stillahavs\u00f6arna. Denna doft utstr\u00e5lar initialt en stark och framtr\u00e4dande lukt som f\u00f6rknippas med bergamott, apelsinblomma och grapefrukt. Denna doft \u00e4r som mest uttalad n\u00e4r ditt ljus b\u00f6rjar brinna och fyller ditt rum med en doft som sedan f\u00f6rst\u00e4rks av l\u00e4tta undertoner av magnolia, s\u00f6t hyacint, gardenia och midnattsjasmin. I formuleringen av denna distinkta doft ing\u00e5r en h\u00e4rlig eftersmak av naken mysk, kryddnejlika, geranium och sandeltr\u00e4.<\/li>\n<li><strong><a href=\"https:\/\/cosyowl.com\/sv\/doftoljor\/french-lavender\/?wmc-currency=EUR\" target=\"_blank\" rel=\"noopener\">Fransk lavendel<\/a> -<\/strong>V\u00e5r\u00a0<a href=\"https:\/\/cosyowl.com\/sv\/candle-making-supplies\/fragrance-oils-for-candle-making\/all-fragrances\/french-lavender-fragrance-oil\">Fransk lavendel<\/a> Fragrance Oil har formulerats speciellt f\u00f6r att framkalla den underbara doften som f\u00f6rknippas med denna art av blommande v\u00e4xt i familjen Lamiaceae, som f\u00f6rekommer naturligt i Medelhavsl\u00e4nderna. Oljan utstr\u00e5lar omedelbart en stark och framtr\u00e4dande doft som f\u00f6rknippas med bergamott och lavendel. Denna inledande doft \u00e4r mest uttalad n\u00e4r ljuset b\u00f6rjar brinna och fyller rummet med en doft som sedan f\u00f6rst\u00e4rks av l\u00e4tta undertoner av salvia, fransk lavendel och kanelblad. I formuleringen f\u00f6r denna distinkta doft ing\u00e5r en h\u00e4rlig sp\u00e5rig eftersmak av\u00a0<a href=\"https:\/\/cosyowl.com\/sv\/candle-making-supplies\/fragrance-oils-for-candle-making\/all-fragrances\/french-vanilla-fragrance-oil\">Fransk vanilj<\/a>, galbanum och rosentr\u00e4.<\/li>\n<\/ul>\n<p>Alla dofter som ing\u00e5r i detta set kan k\u00f6pas var f\u00f6r sig.<\/p>","protected":false},"excerpt":{"rendered":"<p>Floral Fragrance Oil Collection. Our Fragrance oil sets are the perfect way to test out our best-selling fragrance oils. This Set Includes 5x 10ml Fragrance Oils from our Floral Collection. Red Roses &#8211; Our\u00a0Red Roses Fragrance Oil\u00a0has been specially formulated to evoke the familiar and well-loved fresh scent associated with this marvellous and often quite [&hellip;]<\/p>\n","protected":false},"featured_media":86730,"comment_status":"open","ping_status":"closed","template":"","meta":{"_acf_changed":false},"product_brand":[],"product_cat":[669,719,523,723,711,504,636,586,509,512,511,730,800,531],"product_tag":[908],"class_list":{"0":"post-42121","1":"product","2":"type-product","3":"status-publish","4":"has-post-thumbnail","6":"product_cat-fragrance-oils-sets","7":"product_cat-bundles-candle-making-supplies","8":"product_cat-fragrance-oils-floral","9":"product_cat-fragrance-oil-sets-candle-making","10":"product_cat-bundles-fragrance-oil-sets","11":"product_cat-fragrance-oils-all-fragrances","12":"product_cat-body-care-fragrance-oils","13":"product_cat-hair-care-fragrance-oils","14":"product_cat-soap-making-supplies-fragrances","15":"product_cat-wax-melts-fragrances","16":"product_cat-beard-oil-fragrances","17":"product_cat-fragrances-for-reed-diffusers","18":"product_cat-new","19":"product_cat-fragrance-oils-new","20":"product_tag-fragrance-oil","21":"product_shipping_class-royal_mail","23":"first","24":"outofstock","25":"taxable","26":"shipping-taxable","27":"purchasable","28":"product-type-simple"},"acf":[],"_links":{"self":[{"href":"https:\/\/cosyowl.com\/sv\/wp-json\/wp\/v2\/product\/42121","targetHints":{"allow":["GET"]}}],"collection":[{"href":"https:\/\/cosyowl.com\/sv\/wp-json\/wp\/v2\/product"}],"about":[{"href":"https:\/\/cosyowl.com\/sv\/wp-json\/wp\/v2\/types\/product"}],"replies":[{"embeddable":true,"href":"https:\/\/cosyowl.com\/sv\/wp-json\/wp\/v2\/comments?post=42121"}],"wp:featuredmedia":[{"embeddable":true,"href":"https:\/\/cosyowl.com\/sv\/wp-json\/wp\/v2\/media\/86730"}],"wp:attachment":[{"href":"https:\/\/cosyowl.com\/sv\/wp-json\/wp\/v2\/media?parent=42121"}],"wp:term":[{"taxonomy":"product_brand","embeddable":true,"href":"https:\/\/cosyowl.com\/sv\/wp-json\/wp\/v2\/product_brand?post=42121"},{"taxonomy":"product_cat","embeddable":true,"href":"https:\/\/cosyowl.com\/sv\/wp-json\/wp\/v2\/product_cat?post=42121"},{"taxonomy":"product_tag","embeddable":true,"href":"https:\/\/cosyowl.com\/sv\/wp-json\/wp\/v2\/product_tag?post=42121"}],"curies":[{"name":"wp","href":"https:\/\/api.w.org\/{rel}","templated":true}]}}