{"id":40008,"date":"2022-03-24T08:29:20","date_gmt":"2022-03-24T08:29:20","guid":{"rendered":"https:\/\/cosyowl.com\/product\/uncategorized\/perfume-inspired-collection"},"modified":"2026-03-24T16:27:43","modified_gmt":"2026-03-24T16:27:43","slug":"parfyminspirerad-kollektion","status":"publish","type":"product","link":"https:\/\/cosyowl.com\/sv\/candle-making-supplies\/bundles\/fragrance-oil-sets\/cosy-owl-perfume-inspired-collection-pack-of-5","title":{"rendered":"Cosy Owl parfyminspirerad samling - (F\u00f6rpackning med 5 st)"},"content":{"rendered":"<p><strong>Parfym inspirerad <a href=\"https:\/\/cosyowl.com\/sv\/candle-making-supplies\/fragrance-oils-for-candle-making\/premium-fragrance-oils\/cosy-owl-premium-1-million-type-fragrance-oil\">Doftolja<\/a> Samling.<\/strong><\/p>\n<p>V\u00e5ra doftoljeset \u00e4r det perfekta s\u00e4ttet att testa v\u00e5ra b\u00e4sts\u00e4ljande <a href=\"https:\/\/cosyowl.com\/sv\/guides\/2023-spring-fragrance-oil-trends\">doftoljor<\/a>.<\/p>\n<p>Detta set inneh\u00e5ller 5x 10ml doftoljor fr\u00e5n v\u00e5r parfyminspirerade kollektion<\/p>\n<ul>\n<li><strong><a href=\"https:\/\/cosyowl.com\/sv\/tillbehor-for-ljusstopning\/doftoljor-for-ljustillverkning\/premium-doftoljor\/cosy-owl-premium-baies-doftolja\/?wmc-currency=EUR\">Baies<\/a> -\u00a0<\/strong>En av de mest s\u00e5lda dofterna fr\u00e5n en av de mest <a href=\"https:\/\/cosyowl.com\/sv\/guides\/a-summers-beach-gel-votive-candle\">ljus<\/a> Denna doft, som \u00e4r ett av v\u00e4rldens fr\u00e4msta varum\u00e4rken, f\u00f6rflyttar dig till Frankrike med all den romantik och sofistikerade kultur som pr\u00e4glar landet. Med noter av sommarb\u00e4r, rosor, freesia och svartvinb\u00e4rsblad. Med denna <a href=\"https:\/\/cosyowl.com\/sv\/guides\/new-cosy-owl-premium-candle-fragrances\">Mysig uggla Premium<\/a> fragrance kan du nu f\u00e5 denna troget \u00e5terskapade doft f\u00f6r dina produkter och l\u00e4gga till en riktig touch av klass.<\/li>\n<\/ul>\n<ul>\n<li><strong><a href=\"https:\/\/cosyowl.com\/sv\/doftoljor\/alla-dofter\/doftolja-av-typ-forlorad-korsbar\/?wmc-currency=EUR\" target=\"_blank\" rel=\"noopener\">F\u00f6rlorad k\u00f6rsb\u00e4rstyp<\/a> -<\/strong> Detta \u00e4r en vackert blandad doft inspirerad av Tom Ford Lost Cherry-doften.  S\u00e5 rund och s\u00f6t med delikata undertoner och subtila basnoter f\u00f6r att g\u00f6ra denna doft garanterad att gl\u00e4dja fans av originaldoften och nykomlingar.  Med toppnoter av vit timjan, bergamott och ros\u00e9peppar och doftande mittnoter av violblad, neroli och vit b\u00e4rnsten som alla sitter vackert p\u00e5 en balanserad bas av <a href=\"https:\/\/cosyowl.com\/sv\/candle-making-supplies\/fragrance-oils-for-candle-making\/all-fragrances\/french-vanilla-fragrance-oil\">Fransk vanilj<\/a>sandeltr\u00e4, vetiver, patchouli och salvia. Det h\u00e4r \u00e4r en djup och rik doft med ny attraktionskraft genom hela doftf\u00f6rloppet.<\/li>\n<\/ul>\n<ul>\n<li><strong><a href=\"https:\/\/cosyowl.com\/sv\/doftoljor\/lady-million-type\/?wmc-currency=EUR\" target=\"_blank\" rel=\"noopener\">Lady Million Typ<\/a> - <\/strong>V\u00e5r <a href=\"https:\/\/cosyowl.com\/sv\/candle-making-supplies\/fragrance-oils-for-candle-making\/all-fragrances\/lady-million-type-fragrance-oil\">Lady Million Typ<\/a> Doftoljan \u00e4r speciellt framtagen f\u00f6r att framkalla denna delikata och <a href=\"https:\/\/cosyowl.com\/sv\/candle-making-supplies\/glitters\/pure-white-biodegradable\">elegant<\/a> \u00e4r en damparfym och utstr\u00e5lar en stark och framtr\u00e4dande doft som associeras med apelsin, neroli och \u00e4pple. Denna inledande doft \u00e4r den mest uttalade n\u00e4r ditt ljus b\u00f6rjar brinna och fyller ditt rum med en doft som sedan f\u00f6rst\u00e4rks av l\u00e4tta undertoner av Jasmin, viol och pion. I formuleringen f\u00f6r denna distinkta doft ing\u00e5r en <a href=\"https:\/\/cosyowl.com\/sv\/fragrance-oils\/strawberry-bon-bon\">f\u00f6rtjusande<\/a> Eftersmak av b\u00e4rnsten, patchouli, sandeltr\u00e4, vanilj och mysk.<\/li>\n<\/ul>\n<ul>\n<li><strong><a href=\"https:\/\/cosyowl.com\/sv\/tillbehor-for-ljusstopning\/doftoljor-for-ljustillverkning\/alla-dofter\/opium-doftolja\/?wmc-currency=EUR\">Opium<\/a> -\u00a0<\/strong>Omslut dig av en f\u00e4ngslande blandning av b\u00e4rnsten, gourmand s\u00f6tma, mysk, apelsinblomma, kvitten, sandeltr\u00e4 och vanilj. Denna <a href=\"https:\/\/cosyowl.com\/sv\/fragrance-oils\/all-fragrances\/bibliotheque-fragrance-oil\">sofistikerad doft<\/a> erbjuder en sensuell resa genom lager av \u00f6verd\u00e5dighet och lockelse, perfekt f\u00f6r dem som s\u00f6ker en touch av mystik och njutning.<\/li>\n<\/ul>\n<ul>\n<li><strong><a href=\"https:\/\/cosyowl.com\/sv\/doftoljor\/v-r-flowerbomb-typ\/?wmc-currency=EUR\" target=\"_blank\" rel=\"noopener\">V&amp;R Flowerbomb Typ<\/a> - <\/strong>V\u00e5r V&amp;R Flower bomb Inspired Fragrance Oil har utformats speciellt f\u00f6r att framkalla denna kraftfulla och intensiva damparfym fr\u00e5n Viktor &amp; Rolf och utstr\u00e5lar en stark och framtr\u00e4dande doft som f\u00f6rknippas med apelsinbalsam och bergamott. Denna inledande doft \u00e4r den mest uttalade n\u00e4r ditt ljus b\u00f6rjar brinna och fyller ditt rum med en doft som sedan f\u00f6rst\u00e4rks av l\u00e4tta undertoner av liljekonvalj, <a href=\"https:\/\/cosyowl.com\/sv\/candle-making-supplies\/fragrance-oils-for-candle-making\/all-fragrances\/jasmine-fragrance-oil\">jasmin<\/a> och muguet. I formuleringen f\u00f6r denna distinkta doft ing\u00e5r en h\u00e4rlig eftersmak av sandeltr\u00e4, patchouli, mysk och krispig b\u00e4rnsten.<\/li>\n<\/ul>\n<p>Alla dofter som ing\u00e5r i detta set kan k\u00f6pas var f\u00f6r sig.<\/p>","protected":false},"excerpt":{"rendered":"<p>Perfume Inspired Fragrance Oil Collection. Our Fragrance oil sets are the perfect way to test out our best-selling fragrance oils. This Set Includes 5x 10ml Fragrance Oils from our Perfume Inspired Collection Baies &#8211;\u00a0One of the top selling fragrances from one of the top candle brands in the world, this fragrance will transport you to [&hellip;]<\/p>\n","protected":false},"featured_media":86734,"comment_status":"open","ping_status":"closed","template":"","meta":{"_acf_changed":false},"product_brand":[],"product_cat":[719,505,723,669,711,504,636,586,509,512,511,730,800,531],"product_tag":[908],"class_list":{"0":"post-40008","1":"product","2":"type-product","3":"status-publish","4":"has-post-thumbnail","6":"product_cat-bundles-candle-making-supplies","7":"product_cat-fragrance-oils-designer","8":"product_cat-fragrance-oil-sets-candle-making","9":"product_cat-fragrance-oils-sets","10":"product_cat-bundles-fragrance-oil-sets","11":"product_cat-fragrance-oils-all-fragrances","12":"product_cat-body-care-fragrance-oils","13":"product_cat-hair-care-fragrance-oils","14":"product_cat-soap-making-supplies-fragrances","15":"product_cat-wax-melts-fragrances","16":"product_cat-beard-oil-fragrances","17":"product_cat-fragrances-for-reed-diffusers","18":"product_cat-new","19":"product_cat-fragrance-oils-new","20":"product_tag-fragrance-oil","21":"product_shipping_class-royal_mail","23":"first","24":"outofstock","25":"taxable","26":"shipping-taxable","27":"purchasable","28":"product-type-simple"},"acf":[],"_links":{"self":[{"href":"https:\/\/cosyowl.com\/sv\/wp-json\/wp\/v2\/product\/40008","targetHints":{"allow":["GET"]}}],"collection":[{"href":"https:\/\/cosyowl.com\/sv\/wp-json\/wp\/v2\/product"}],"about":[{"href":"https:\/\/cosyowl.com\/sv\/wp-json\/wp\/v2\/types\/product"}],"replies":[{"embeddable":true,"href":"https:\/\/cosyowl.com\/sv\/wp-json\/wp\/v2\/comments?post=40008"}],"wp:featuredmedia":[{"embeddable":true,"href":"https:\/\/cosyowl.com\/sv\/wp-json\/wp\/v2\/media\/86734"}],"wp:attachment":[{"href":"https:\/\/cosyowl.com\/sv\/wp-json\/wp\/v2\/media?parent=40008"}],"wp:term":[{"taxonomy":"product_brand","embeddable":true,"href":"https:\/\/cosyowl.com\/sv\/wp-json\/wp\/v2\/product_brand?post=40008"},{"taxonomy":"product_cat","embeddable":true,"href":"https:\/\/cosyowl.com\/sv\/wp-json\/wp\/v2\/product_cat?post=40008"},{"taxonomy":"product_tag","embeddable":true,"href":"https:\/\/cosyowl.com\/sv\/wp-json\/wp\/v2\/product_tag?post=40008"}],"curies":[{"name":"wp","href":"https:\/\/api.w.org\/{rel}","templated":true}]}}