{"id":39970,"date":"2022-03-24T08:29:03","date_gmt":"2022-03-24T08:29:03","guid":{"rendered":"https:\/\/cosyowl.com\/product\/uncategorized\/oval-ellipse-silicone-mould"},"modified":"2026-04-30T16:22:54","modified_gmt":"2026-04-30T15:22:54","slug":"oval-ellips-silikonform","status":"publish","type":"product","link":"https:\/\/cosyowl.com\/sv\/craft-supplies\/soap-making-supplies\/soap-moulds\/oval-ellipse-silicone-mould","title":{"rendered":"Oval Ellipse tv\u00e5lform i silikon - set om 6"},"content":{"rendered":"<p>Detta <a href=\"https:\/\/cosyowl.com\/sv\/candle-making-supplies\/fragrance-oils-for-candle-making\/all-fragrances\/alien-type-fragrance-oil\">unik<\/a> oval ellipsformad tv\u00e5lform \u00e4r en av de mest udda formerna i <a href=\"https:\/\/cosyowl.com\/sv\/guides\/a-beginners-guide-to-soap-making\">tv\u00e5ltillverkning<\/a>. Denna tv\u00e5l \u00e4r idealisk f\u00f6r dig som vill l\u00e4gga till ett funky hemlagat till\u00e4gg till dina tv\u00e5ltillverkningstillbeh\u00f6r.<\/p>\n<p>Vi erbjuder denna form som en upps\u00e4ttning av 6 i en flexibel silikon, den \u00e4r ocks\u00e5 \u00e5teranv\u00e4ndbar, s\u00e5 att du regelbundet kan producera dina galna tv\u00e5lar!<\/p>\n<p>M\u00e4tning av gjutformen*:<\/p>\n<p>Fullst\u00e4ndig form (l\u00e4ngd x bredd): 187 mm x 211 mm<\/p>\n<p>Tv\u00e5lstorlek: (l\u00e4ngd x bredd x djup): 94 mm x 56 mm x 33 mm<\/p>\n<p>*Observera att alla <a href=\"https:\/\/cosyowl.com\/sv\/guides\/weighing-fragrance\">m\u00e4tningar<\/a> \u00e4r ungef\u00e4rliga och produktf\u00e4rgen kan komma att \u00e4ndras och baseras p\u00e5 tv\u00e5larnas bredaste punkter.<\/p>\n<p><strong> Observera att denna produkt \u00e4r r\u00f6d, inte rosa!<\/strong><\/p>","protected":false},"excerpt":{"rendered":"<p>This unique oval ellipse soap mould is one of the quirkiest shapes in soap making. This soap is ideal for those looking to add a funky homemade addition to your soap making supplies. We offer this mould as a set of 6 in a flexible silicone, it is also re-usable, so you can regularly be [&hellip;]<\/p>\n","protected":false},"featured_media":4546,"comment_status":"open","ping_status":"closed","template":"","meta":{"_acf_changed":false},"product_brand":[],"product_cat":[752,717,546],"product_tag":[926],"class_list":{"0":"post-39970","1":"product","2":"type-product","3":"status-publish","4":"has-post-thumbnail","6":"product_cat-sale-containers","7":"product_cat-sale","8":"product_cat-soap-making-supplies-soap-moulds","9":"product_tag-mould","10":"product_shipping_class-royal_mail","12":"first","13":"instock","14":"sale","15":"taxable","16":"shipping-taxable","17":"purchasable","18":"product-type-simple"},"acf":[],"_links":{"self":[{"href":"https:\/\/cosyowl.com\/sv\/wp-json\/wp\/v2\/product\/39970","targetHints":{"allow":["GET"]}}],"collection":[{"href":"https:\/\/cosyowl.com\/sv\/wp-json\/wp\/v2\/product"}],"about":[{"href":"https:\/\/cosyowl.com\/sv\/wp-json\/wp\/v2\/types\/product"}],"replies":[{"embeddable":true,"href":"https:\/\/cosyowl.com\/sv\/wp-json\/wp\/v2\/comments?post=39970"}],"wp:featuredmedia":[{"embeddable":true,"href":"https:\/\/cosyowl.com\/sv\/wp-json\/wp\/v2\/media\/4546"}],"wp:attachment":[{"href":"https:\/\/cosyowl.com\/sv\/wp-json\/wp\/v2\/media?parent=39970"}],"wp:term":[{"taxonomy":"product_brand","embeddable":true,"href":"https:\/\/cosyowl.com\/sv\/wp-json\/wp\/v2\/product_brand?post=39970"},{"taxonomy":"product_cat","embeddable":true,"href":"https:\/\/cosyowl.com\/sv\/wp-json\/wp\/v2\/product_cat?post=39970"},{"taxonomy":"product_tag","embeddable":true,"href":"https:\/\/cosyowl.com\/sv\/wp-json\/wp\/v2\/product_tag?post=39970"}],"curies":[{"name":"wp","href":"https:\/\/api.w.org\/{rel}","templated":true}]}}