{"id":34356,"date":"2022-01-13T12:25:32","date_gmt":"2022-01-13T12:25:32","guid":{"rendered":"http:\/\/cosyowl.com\/?post_type=product&#038;p=34356"},"modified":"2026-03-03T13:45:31","modified_gmt":"2026-03-03T13:45:31","slug":"vaxsmaltning-julgransform-3","status":"publish","type":"product","link":"https:\/\/cosyowl.com\/sv\/candle-making-supplies\/candle-containers\/other-containers\/wax-melt-christmas-tree-mould-3","title":{"rendered":"Vaxsm\u00e4ltningsform f\u00f6r julgran - 3"},"content":{"rendered":"<p>Den h\u00e4r formen \u00e4r perfekt f\u00f6r att g\u00f6ra 3 vackra julgranar. Observera att formen inte levereras med vax.<\/p>\n<p>F\u00f6rslag f\u00f6r att f\u00e5 dina julgranar att sm\u00e4lta<\/p>\n<ul>\n<li>Sm\u00e4lt vaxet och l\u00e5t det rinna av <a href=\"https:\/\/cosyowl.com\/sv\/candle-making-supplies\/glitters\/lake-blue-biodegradable\">cool<\/a> till 55\u00b0C innan du h\u00e4ller den f\u00f6rsiktigt i formen (om du h\u00e4ller den i formen vid en h\u00f6gre temperatur kan sm\u00e4ltan skadas och l\u00e4cka) - anv\u00e4nd alltid en plan yta som \u00e4r motst\u00e5ndskraftig mot v\u00e4rme (de flesta b\u00e4nkytor i k\u00f6k \u00e4r det)<\/li>\n<li>F\u00f6r enf\u00e4rgade tr\u00e4d h\u00e4ller du helt enkelt ditt vax i formen upp till maxniv\u00e5n<\/li>\n<li>Om du vill kombinera f\u00e4rger (t.ex. olika gr\u00f6na nyanser), h\u00e4ll f\u00f6rst en liten m\u00e4ngd av det vax som du vill ska finnas p\u00e5 tr\u00e4dets ovansida i h\u00e5lrummet och l\u00e5t det stelna n\u00e5got - l\u00e4gg sedan till ytterligare f\u00e4rger efter behov (vi f\u00f6resl\u00e5r h\u00f6gst tre f\u00e4rger per tr\u00e4d)<\/li>\n<li>En pelarblandning av vax \u00e4r det val som de flesta av v\u00e5ra kunder f\u00f6redrar eftersom denna typ av vax \u00e4r h\u00e5rdare och g\u00f6r att de stelnade tr\u00e4den l\u00e4tt kan tas bort fr\u00e5n formen<\/li>\n<\/ul>\n<p>Kom ih\u00e5g att inkludera en l\u00e4mplig <a href=\"https:\/\/cosyowl.com\/sv\/candle-making-supplies\/fragrance-oils-for-candle-making\/all-fragrances\/honey-fragrance-oil\">naturlig<\/a> doft f\u00f6r att skapa den viktiga \u00f6nskade aromen. Ett urval av de mest l\u00e4mpliga dofterna finns i v\u00e5r\u00a0<strong>Julen <a href=\"https:\/\/cosyowl.com\/sv\/guides\/2023-spring-fragrance-oil-trends\">Doftoljor<\/a><\/strong>\u00a0eller\u00a0<strong>Doftoljor f\u00f6r tr\u00e4<\/strong>\u00a0listningar.<\/p>\n<p>Denna gjutform \u00e4r helt \u00e5tervinningsbar.<\/p>","protected":false},"excerpt":{"rendered":"<p>This mould is ideal for making a 3 beautiful Christmas trees. Please note, the mould does not come with wax. Suggestions for making your Christmas trees melts Melt the wax and allow it to cool to 55\u00b0C before pouring it carefully into the mould (pouring it into the moulds at a higher temperature, could cause [&hellip;]<\/p>\n","protected":false},"featured_media":65168,"comment_status":"open","ping_status":"closed","template":"","meta":{"_acf_changed":false},"product_brand":[],"product_cat":[752,498,535,502,717],"product_tag":[1594,926],"class_list":{"0":"post-34356","1":"product","2":"type-product","3":"status-publish","4":"has-post-thumbnail","6":"product_cat-sale-containers","7":"product_cat-christmas","8":"product_cat-wax-melts-moulds","9":"product_cat-candle-containers-other-containers","10":"product_cat-sale","11":"product_tag-christmas","12":"product_tag-mould","13":"pa_pack-size-571","14":"pa_pack-size-575","15":"pa_pack-size-570","17":"first","18":"instock","19":"taxable","20":"shipping-taxable","21":"purchasable","22":"product-type-variable"},"acf":[],"_links":{"self":[{"href":"https:\/\/cosyowl.com\/sv\/wp-json\/wp\/v2\/product\/34356","targetHints":{"allow":["GET"]}}],"collection":[{"href":"https:\/\/cosyowl.com\/sv\/wp-json\/wp\/v2\/product"}],"about":[{"href":"https:\/\/cosyowl.com\/sv\/wp-json\/wp\/v2\/types\/product"}],"replies":[{"embeddable":true,"href":"https:\/\/cosyowl.com\/sv\/wp-json\/wp\/v2\/comments?post=34356"}],"wp:featuredmedia":[{"embeddable":true,"href":"https:\/\/cosyowl.com\/sv\/wp-json\/wp\/v2\/media\/65168"}],"wp:attachment":[{"href":"https:\/\/cosyowl.com\/sv\/wp-json\/wp\/v2\/media?parent=34356"}],"wp:term":[{"taxonomy":"product_brand","embeddable":true,"href":"https:\/\/cosyowl.com\/sv\/wp-json\/wp\/v2\/product_brand?post=34356"},{"taxonomy":"product_cat","embeddable":true,"href":"https:\/\/cosyowl.com\/sv\/wp-json\/wp\/v2\/product_cat?post=34356"},{"taxonomy":"product_tag","embeddable":true,"href":"https:\/\/cosyowl.com\/sv\/wp-json\/wp\/v2\/product_tag?post=34356"}],"curies":[{"name":"wp","href":"https:\/\/api.w.org\/{rel}","templated":true}]}}