{"id":25964,"date":"2021-11-02T11:00:22","date_gmt":"2021-11-02T11:00:22","guid":{"rendered":"https:\/\/cosyowl.com\/?post_type=product&#038;p=25964"},"modified":"2026-03-03T13:45:31","modified_gmt":"2026-03-03T13:45:31","slug":"kit-for-vaxsmaltning-av-saltad-grapefrukt","status":"publish","type":"product","link":"https:\/\/cosyowl.com\/sv\/craft-kits\/wax-melt-making-kits\/salted-grapefruit-wax-melt-making-kit","title":{"rendered":"Kit f\u00f6r tillverkning av vaxsm\u00e4ltning med saltad grapefrukt"},"content":{"rendered":"<p data-start=\"238\" data-end=\"498\">L\u00e4gg till en explosion av citrus och kreativitet till din dag med v\u00e5r <strong data-start=\"296\" data-end=\"330\"><a href=\"https:\/\/cosyowl.com\/sv\/fragrance-oils\/salted-grapefruit\">Saltad grapefrukt<\/a> <a href=\"https:\/\/cosyowl.com\/sv\/craft-kits\/wax-melt-making-kits\/lavender-wax-melt-making-kit\">Kit f\u00f6r vaxsm\u00e4ltning<\/a><\/strong>. Oavsett om du precis har b\u00f6rjat eller redan \u00e4lskar att skapa med vax, inneh\u00e5ller det h\u00e4r kitet allt du beh\u00f6ver f\u00f6r att skapa unikt formade vaxer, <a href=\"https:\/\/cosyowl.com\/sv\/craft-supplies\/wax-melt-supplies\/mica-powder-glitter\/bright-peach-biodegradable-candle-glitter\">livlig<\/a> <a href=\"https:\/\/cosyowl.com\/sv\/guides\/sandalwood-vanilla-leaf-wax-melts-guide\">vaxsm\u00e4ltor<\/a> fr\u00e5n bekv\u00e4mligheten av hemmet.<\/p>\n<h3>Vad finns inuti ditt vaxsm\u00e4ltningskit:<\/h3>\n<ul>\n<li data-start=\"717\" data-end=\"812\"><span style=\"color: #050000\"><a style=\"color: #050000\" href=\"https:\/\/cosyowl.com\/sv\/doftoljor\/saltad-grapefrukt\/?wmc-currency=EUR\">50 ml <span style=\"color: #ff6600\"><strong data-start=\"717\" data-end=\"757\">Doftolja Salted Grapefruit<\/strong><\/span> - En uppfriskande citrusarom med en skarp, syrlig kant<\/a><\/span><\/li>\n<li data-start=\"815\" data-end=\"896\"><span style=\"color: #050000\"><a style=\"color: #050000\" href=\"https:\/\/cosyowl.com\/sv\/tillbehor-for-ljusstopning\/glimmerpuderglitter\/saffran-mica-pulver\/?wmc-currency=EUR\">25g - <span style=\"color: #ff6600\"><strong data-start=\"815\" data-end=\"842\">Saffran Mica-pulver<\/strong><\/span> - Ger ett lyxigt gyllene skimmer till dina sm\u00e4ltvaxer<\/a><\/span><\/li>\n<li data-start=\"899\" data-end=\"986\"><span style=\"color: #050000\"><a style=\"color: #050000\" href=\"https:\/\/cosyowl.com\/sv\/ljusfargamnen\/bekro-6099-25-orange-ljusfarg\/?wmc-currency=EUR\">3g -<\/a> <span style=\"color: #ff6600\"><strong data-start=\"899\" data-end=\"922\">Bekro Orange f\u00e4rg<\/strong><\/span> - Levererar en ljus, <a href=\"https:\/\/cosyowl.com\/sv\/fragrance-oils\/juicy-orange\">saftig apelsin<\/a> f\u00e4rg f\u00f6r en livfull finish<\/span><\/li>\n<li data-start=\"883\" data-end=\"942\"><span style=\"color: #050000\"><a style=\"color: #050000\" href=\"https:\/\/cosyowl.com\/sv\/tillbehor-for-hantverk\/tillbehor-for-vaxsmaltning\/vax-for-vaxsmaltor\/naturliga-vaxer-soyaluna-smaltpillervax\/?wmc-currency=EUR\">350g - <span style=\"color: #ff6600\"><strong data-start=\"883\" data-end=\"902\">Vax f\u00f6r pelare<\/strong><\/span> - Vax av premiumkvalitet, perfekt f\u00f6r gjutformar<\/a><\/span><\/li>\n<li data-start=\"945\" data-end=\"1023\"><span style=\"color: #050000\"><a style=\"color: #050000\" href=\"https:\/\/cosyowl.com\/sv\/vaxsmaltor\/formar\/?wmc-currency=EUR\">4<span style=\"color: #ff6600\"><strong> Gjutformar<\/strong> <\/span>- 1x Clamshell, 1x Heart Clamshell, 1x Star Clamshell, 1x Deli Pot<\/a><\/span><\/li>\n<li data-start=\"1026\" data-end=\"1112\"><span style=\"color: #050000\"><a style=\"color: #050000\" href=\"https:\/\/cosyowl.com\/sv\/guider\/en-nyborjarguide-till-att-gora-vaxsmaltor\/?wmc-currency=EUR\"><strong data-start=\"1026\" data-end=\"1060\"><span style=\"color: #ff6600\">Steg-f\u00f6r-steg-instruktionsguide<\/span><\/strong> - L\u00e4tt att f\u00f6lja anvisningar f\u00f6r att skapa dina sm\u00e4ltor<\/a><\/span><\/li>\n<\/ul>\n<p>V\u00e5r <span style=\"color: #050000\"><a style=\"color: #050000\" href=\"https:\/\/cosyowl.com\/sv\/doftoljor\/saltad-grapefrukt\/?wmc-currency=EUR\"><span style=\"color: #ff6600\"><strong data-start=\"717\" data-end=\"757\">Doftolja Salted Grapefruit<\/strong><\/span><\/a><\/span>\u00a0\u00e4r speciellt framtagen f\u00f6r att framkalla den v\u00e4lk\u00e4nda och \u00e4lskade fruktiga och friska doften som f\u00f6rknippas med vanlig grapefrukt och avger inledningsvis en stark och framtr\u00e4dande doft som f\u00f6rknippas med<strong>\u00a0<a href=\"https:\/\/cosyowl.com\/sv\/candle-making-supplies\/fragrance-oils-for-candle-making\/all-fragrances\/twc-seasalt-fragrance-oil\">havssalt<\/a>rosa grapefrukt, rosa ingef\u00e4ra, \u00e4pple och <a href=\"https:\/\/cosyowl.com\/sv\/candle-making-supplies\/fragrance-oils-for-candle-making\/all-fragrances\/lemon-lavender-fragrance-oil\">citronskal<\/a><\/strong>. Denna arom \u00e4r den mest uttalade n\u00e4r din <a href=\"https:\/\/cosyowl.com\/sv\/guides\/a-summers-beach-gel-votive-candle\">ljus<\/a> b\u00f6rjar brinna och fyller ditt rum med en doft som sedan f\u00f6rst\u00e4rks av l\u00e4tta undertoner av<strong>\u00a0liljekonvalj, svartpeppar, geranium och clary salvia<\/strong>. I formuleringen av denna distinkta doft ing\u00e5r en h\u00e4rlig eftersmak av\u00a0<strong>b\u00e4rnsten, cedertr\u00e4 och vaniljst\u00e5ng<\/strong>.<\/p>\n<p>Vi \u00e4r stolta \u00f6ver att tillhandah\u00e5lla de h\u00f6gsta <a href=\"https:\/\/cosyowl.com\/sv\/candle-wicks\/wedo-lx-wick-raw\">kvalitet<\/a> ingredienser som finns tillg\u00e4ngliga p\u00e5 marknaden f\u00f6r att g\u00f6ra de perfekta vaxsm\u00e4ltningarna hemma. V\u00e5ra kit \u00e4r perfekta f\u00f6r dig som precis har b\u00f6rjat och f\u00f6r dig som redan beh\u00e4rskar tekniken, s\u00e5 ta p\u00e5 dig f\u00f6rkl\u00e4det och l\u00e5t oss b\u00f6rja pyssla.<\/p>\n<p>&nbsp;<\/p>\n<h3 data-start=\"2493\" data-end=\"2542\">Anv\u00e4ndbara resurser f\u00f6r framg\u00e5ngsrik ljustillverkning<\/h3>\n<ul>\n<li><strong><span style=\"color: #ff6600\"><a style=\"color: #ff6600\" href=\"https:\/\/cosyowl.com\/sv\/guider\/en-nyborjarguide-till-att-gora-vaxsmaltor\/?wmc-currency=EUR\">En nyb\u00f6rjarguide till tillverkning av vaxsm\u00e4ltor<\/a><\/span><br \/>\n<\/strong><\/li>\n<li><span style=\"color: #ff6600\"><strong><a style=\"color: #ff6600\" href=\"https:\/\/cosyowl.com\/sv\/guider\/en-guide-till-anvandning-av-bekro-vaxfarg\/?wmc-currency=EUR\">En guide till anv\u00e4ndning av Bekro Wax Dye<\/a><\/strong><\/span><\/li>\n<li><strong><span style=\"color: #ff6600\"><a style=\"color: #ff6600\" href=\"https:\/\/cosyowl.com\/sv\/guider\/topp-6-fragor-vax-smalta-gora-utgava\/?wmc-currency=EUR\">Topp 6 fr\u00e5gor - Vaxsm\u00e4ltning Edition<\/a><\/span><\/strong><\/li>\n<li><strong><span style=\"color: #ff6600\"><a style=\"color: #ff6600\" href=\"https:\/\/cosyowl.com\/sv\/guider\/hur-man-gor-vaxsmaltor-hemma\/?wmc-currency=EUR\">Hur man g\u00f6r vaxsm\u00e4ltor hemifr\u00e5n<\/a><\/span><\/strong><\/li>\n<li><strong><span style=\"color: #ff6600\"><a style=\"color: #ff6600\" href=\"https:\/\/cosyowl.com\/sv\/guider\/?wmc-currency=EUR\">Guider &amp; recept<\/a><\/span><\/strong><\/li>\n<\/ul>","protected":false},"excerpt":{"rendered":"<p>Add a burst of citrus and creativity to your day with our Salted Grapefruit Wax Melt Kit. Whether you\u2019re just starting out or already love wax crafting, this kit has everything you need to create uniquely shaped, vibrant wax melts from the comfort of home. What\u2019s Inside Your Wax Melt Kit: 50ml &#8211; Salted Grapefruit [&hellip;]<\/p>\n","protected":false},"featured_media":53807,"comment_status":"open","ping_status":"closed","template":"","meta":{"_acf_changed":false},"product_brand":[],"product_cat":[655,727],"product_tag":[927],"class_list":{"0":"post-25964","1":"product","2":"type-product","3":"status-publish","4":"has-post-thumbnail","6":"product_cat-wax-melt-making-kits","7":"product_cat-wax-melt-making-kits-wax-melts","8":"product_tag-wax-melt-making-kit","9":"product_shipping_class-royal_mail_kits","11":"first","12":"instock","13":"taxable","14":"shipping-taxable","15":"purchasable","16":"product-type-simple"},"acf":[],"_links":{"self":[{"href":"https:\/\/cosyowl.com\/sv\/wp-json\/wp\/v2\/product\/25964","targetHints":{"allow":["GET"]}}],"collection":[{"href":"https:\/\/cosyowl.com\/sv\/wp-json\/wp\/v2\/product"}],"about":[{"href":"https:\/\/cosyowl.com\/sv\/wp-json\/wp\/v2\/types\/product"}],"replies":[{"embeddable":true,"href":"https:\/\/cosyowl.com\/sv\/wp-json\/wp\/v2\/comments?post=25964"}],"wp:featuredmedia":[{"embeddable":true,"href":"https:\/\/cosyowl.com\/sv\/wp-json\/wp\/v2\/media\/53807"}],"wp:attachment":[{"href":"https:\/\/cosyowl.com\/sv\/wp-json\/wp\/v2\/media?parent=25964"}],"wp:term":[{"taxonomy":"product_brand","embeddable":true,"href":"https:\/\/cosyowl.com\/sv\/wp-json\/wp\/v2\/product_brand?post=25964"},{"taxonomy":"product_cat","embeddable":true,"href":"https:\/\/cosyowl.com\/sv\/wp-json\/wp\/v2\/product_cat?post=25964"},{"taxonomy":"product_tag","embeddable":true,"href":"https:\/\/cosyowl.com\/sv\/wp-json\/wp\/v2\/product_tag?post=25964"}],"curies":[{"name":"wp","href":"https:\/\/api.w.org\/{rel}","templated":true}]}}