{"id":25962,"date":"2021-11-02T10:55:52","date_gmt":"2021-11-02T10:55:52","guid":{"rendered":"https:\/\/cosyowl.com\/?post_type=product&#038;p=25962"},"modified":"2026-03-03T13:45:31","modified_gmt":"2026-03-03T13:45:31","slug":"kit-for-smaltning-av-oudvax","status":"publish","type":"product","link":"https:\/\/cosyowl.com\/sv\/craft-kits\/wax-melt-making-kits\/oud-wax-melt-making-kit","title":{"rendered":"Oud vaxsm\u00e4ltningssats f\u00f6r tillverkning"},"content":{"rendered":"<p data-start=\"197\" data-end=\"516\">F\u00f6rb\u00e4ttra din vaxhantverksupplevelse med v\u00e5r <strong data-start=\"243\" data-end=\"263\">Oud <a href=\"https:\/\/cosyowl.com\/sv\/craft-kits\/wax-melt-making-kits\/lavender-wax-melt-making-kit\">Kit f\u00f6r vaxsm\u00e4ltning<\/a><\/strong>, utformad f\u00f6r dem som uppskattar <a href=\"https:\/\/cosyowl.com\/sv\/fragrance-oils\/chocolate-orange\">rik<\/a>Du kan skapa vackra former, \u00f6verd\u00e5diga dofter och kreativt sj\u00e4lvuttryck. Oavsett om du \u00e4r nyb\u00f6rjare eller en erfaren tillverkare inneh\u00e5ller detta allt-i-ett-kit allt du beh\u00f6ver f\u00f6r att g\u00f6ra vackert formade, v\u00e4ldoftande <a href=\"https:\/\/cosyowl.com\/sv\/guides\/sandalwood-vanilla-leaf-wax-melts-guide\">vaxsm\u00e4ltor<\/a> hemma.<\/p>\n<h3>Vad finns inuti ditt vaxsm\u00e4ltningskit:<\/h3>\n<ul>\n<li data-start=\"749\" data-end=\"852\"><a href=\"https:\/\/cosyowl.com\/sv\/tillbehor-for-ljusstopning\/doftoljor-for-ljustillverkning\/alla-dofter\/oud-doftolja\/?wmc-currency=EUR\"><span style=\"color: #050000\">50 ml <span style=\"color: #ff6600\"><strong data-start=\"749\" data-end=\"775\">Oud doftolja<\/strong><\/span> - En dj\u00e4rv, hartsartad doft med varma, r\u00f6kiga undertoner f\u00f6r en lyxig arom<\/span><\/a><\/li>\n<li data-start=\"855\" data-end=\"938\"><span style=\"color: #050000\"><a style=\"color: #050000\" href=\"https:\/\/cosyowl.com\/sv\/tillbehor-for-ljusstopning\/glimmerpuderglitter\/saffran-mica-pulver\/?wmc-currency=EUR\">25g <span style=\"color: #ff6600\"><strong>Saffran<\/strong> <strong>Mica-pulver<\/strong><\/span> - Ger ett elegant gyllene skimmer till dina vaxsm\u00e4ltor<\/a><\/span><\/li>\n<li data-start=\"941\" data-end=\"1028\"><span style=\"color: #050000\"><a style=\"color: #050000\" href=\"https:\/\/cosyowl.com\/sv\/ljusfargamnen\/bekro-227-kram-ljusfarg\/?wmc-currency=EUR\">3g <span style=\"color: #ff6600\"><strong data-start=\"941\" data-end=\"963\">Bekro kr\u00e4mf\u00e4rg<\/strong><\/span> - Ger en mjuk, neutral nyans som kompletterar den rika doften<\/a><\/span><\/li>\n<li><span style=\"color: #050000\"><a style=\"color: #050000\" href=\"https:\/\/cosyowl.com\/sv\/tillbehor-for-hantverk\/tillbehor-for-vaxsmaltning\/vax-for-vaxsmaltor\/naturliga-vaxer-soyaluna-smaltpillervax\/?wmc-currency=EUR\">350g - <span style=\"color: #ff6600\"><strong data-start=\"883\" data-end=\"902\">Vax f\u00f6r pelare<\/strong><\/span> - Vax av premiumkvalitet, perfekt f\u00f6r gjutformar<\/a><\/span><\/li>\n<li><span style=\"color: #050000\"><a style=\"color: #050000\" href=\"https:\/\/cosyowl.com\/sv\/vaxsmaltor\/formar\/?wmc-currency=EUR\">4<span style=\"color: #ff6600\"><strong> Gjutformar<\/strong><\/span> - 1x Clamshell, 1x Heart Clamshell, 1x Star Clamshell, 1x Deli Pot<\/a><\/span><\/li>\n<li><span style=\"color: #050000\"><a style=\"color: #050000\" href=\"https:\/\/cosyowl.com\/sv\/guider\/en-nyborjarguide-till-att-gora-vaxsmaltor\/?wmc-currency=EUR\"><strong data-start=\"1026\" data-end=\"1060\"><span style=\"color: #ff6600\">Steg-f\u00f6r-steg-instruktionsguide<\/span><\/strong> - L\u00e4tt att f\u00f6lja anvisningar f\u00f6r att skapa dina sm\u00e4ltor<\/a><\/span><\/li>\n<\/ul>\n<p>V\u00e5r <a href=\"https:\/\/cosyowl.com\/sv\/tillbehor-for-ljusstopning\/doftoljor-for-ljustillverkning\/alla-dofter\/oud-doftolja\/?wmc-currency=EUR\"><span style=\"color: #050000\"><span style=\"color: #ff6600\"><strong data-start=\"749\" data-end=\"775\">Oud doftolja<\/strong><\/span> <\/span><\/a>\u00a0\u00e4r speciellt framtagen f\u00f6r att avge en berusande myskdoft som normalt h\u00e4rr\u00f6r fr\u00e5n tr\u00e4harts fr\u00e5n <a href=\"https:\/\/cosyowl.com\/sv\/candle-making-supplies\/fragrance-oils-for-candle-making\/all-fragrances\/black-coconut-fragrance-oil\">tropisk<\/a> Agar-tr\u00e4d. En av de dyraste och mest eftertraktade dofterna i v\u00e4rlden, som anv\u00e4nds i m\u00e5nga religi\u00f6sa ceremonier i Sydostasien, Mellan\u00f6stern, Kina, Japan och Indien. Denna sp\u00e4nnande doft \u00f6ppnar med\u00a0<strong><a href=\"https:\/\/cosyowl.com\/sv\/candle-making-supplies\/fragrance-oils-for-candle-making\/all-fragrances\/pink-grapefruit-fragrance-oil\">citrus<\/a>, enb\u00e4r, svarta vinb\u00e4r, plommon och k\u00f6rsb\u00e4r<\/strong>\u00a0med inslag av <a href=\"https:\/\/cosyowl.com\/sv\/candle-making-kits\/winter-pine-candle-making-kit\">tall<\/a> som leder in i ett hj\u00e4rta av\u00a0<strong>Rose, <a href=\"https:\/\/cosyowl.com\/sv\/candle-making-supplies\/fragrance-oils-for-candle-making\/all-fragrances\/jasmine-fragrance-oil\">jasmin<\/a> och ylang <\/strong>med st\u00f6d av v\u00e4rmande kryddor som vilar p\u00e5 en intensiv bas av dyrbara<strong>\u00a0tr\u00e4, oudh, patchouli, b\u00e4rnsten och mysk.<\/strong><\/p>\n<p>Vi \u00e4r stolta \u00f6ver att tillhandah\u00e5lla de h\u00f6gsta <a href=\"https:\/\/cosyowl.com\/sv\/candle-wicks\/wedo-lx-wick-raw\">kvalitet<\/a> ingredienser som finns tillg\u00e4ngliga p\u00e5 marknaden f\u00f6r att g\u00f6ra de perfekta vaxsm\u00e4ltningarna hemma. V\u00e5ra kit \u00e4r perfekta f\u00f6r dig som precis har b\u00f6rjat och f\u00f6r dig som redan beh\u00e4rskar tekniken, s\u00e5 ta p\u00e5 dig f\u00f6rkl\u00e4det och l\u00e5t oss b\u00f6rja pyssla.<\/p>\n<p>&nbsp;<\/p>\n<h3 data-start=\"2493\" data-end=\"2542\">Anv\u00e4ndbara resurser f\u00f6r framg\u00e5ngsrik ljustillverkning<\/h3>\n<ul>\n<li><strong><span style=\"color: #ff6600\"><a style=\"color: #ff6600\" href=\"https:\/\/cosyowl.com\/sv\/guider\/en-nyborjarguide-till-att-gora-vaxsmaltor\/?wmc-currency=EUR\">En nyb\u00f6rjarguide till tillverkning av vaxsm\u00e4ltor<\/a><\/span><br \/>\n<\/strong><\/li>\n<li><span style=\"color: #ff6600\"><strong><a style=\"color: #ff6600\" href=\"https:\/\/cosyowl.com\/sv\/guider\/en-guide-till-anvandning-av-bekro-vaxfarg\/?wmc-currency=EUR\">En guide till anv\u00e4ndning av Bekro Wax Dye<\/a><\/strong><\/span><\/li>\n<li><strong><span style=\"color: #ff6600\"><a style=\"color: #ff6600\" href=\"https:\/\/cosyowl.com\/sv\/guider\/topp-6-fragor-vax-smalta-gora-utgava\/?wmc-currency=EUR\">Topp 6 fr\u00e5gor - Vaxsm\u00e4ltning Edition<\/a><\/span><\/strong><\/li>\n<li><strong><span style=\"color: #ff6600\"><a style=\"color: #ff6600\" href=\"https:\/\/cosyowl.com\/sv\/guider\/hur-man-gor-vaxsmaltor-hemma\/?wmc-currency=EUR\">Hur man g\u00f6r vaxsm\u00e4ltor hemifr\u00e5n<\/a><\/span><\/strong><\/li>\n<li><strong><span style=\"color: #ff6600\"><a style=\"color: #ff6600\" href=\"https:\/\/cosyowl.com\/sv\/guider\/?wmc-currency=EUR\">Guider &amp; recept<\/a><\/span><\/strong><\/li>\n<\/ul>","protected":false},"excerpt":{"rendered":"<p>Elevate your wax crafting experience with our Oud Wax Melt Kit, designed for those who appreciate rich, opulent fragrances and creative self-expression. Whether you&#8217;re a beginner or an experienced maker, this all-in-one kit provides everything you need to make beautifully shaped, highly fragrant wax melts at home. What\u2019s Inside Your Wax Melt Kit: 50ml Oud [&hellip;]<\/p>\n","protected":false},"featured_media":53812,"comment_status":"open","ping_status":"closed","template":"","meta":{"_acf_changed":false},"product_brand":[],"product_cat":[655,653,727],"product_tag":[927],"class_list":{"0":"post-25962","1":"product","2":"type-product","3":"status-publish","4":"has-post-thumbnail","6":"product_cat-wax-melt-making-kits","7":"product_cat-craft-kits","8":"product_cat-wax-melt-making-kits-wax-melts","9":"product_tag-wax-melt-making-kit","10":"product_shipping_class-royal_mail_kits","12":"first","13":"instock","14":"taxable","15":"shipping-taxable","16":"purchasable","17":"product-type-simple"},"acf":[],"_links":{"self":[{"href":"https:\/\/cosyowl.com\/sv\/wp-json\/wp\/v2\/product\/25962","targetHints":{"allow":["GET"]}}],"collection":[{"href":"https:\/\/cosyowl.com\/sv\/wp-json\/wp\/v2\/product"}],"about":[{"href":"https:\/\/cosyowl.com\/sv\/wp-json\/wp\/v2\/types\/product"}],"replies":[{"embeddable":true,"href":"https:\/\/cosyowl.com\/sv\/wp-json\/wp\/v2\/comments?post=25962"}],"wp:featuredmedia":[{"embeddable":true,"href":"https:\/\/cosyowl.com\/sv\/wp-json\/wp\/v2\/media\/53812"}],"wp:attachment":[{"href":"https:\/\/cosyowl.com\/sv\/wp-json\/wp\/v2\/media?parent=25962"}],"wp:term":[{"taxonomy":"product_brand","embeddable":true,"href":"https:\/\/cosyowl.com\/sv\/wp-json\/wp\/v2\/product_brand?post=25962"},{"taxonomy":"product_cat","embeddable":true,"href":"https:\/\/cosyowl.com\/sv\/wp-json\/wp\/v2\/product_cat?post=25962"},{"taxonomy":"product_tag","embeddable":true,"href":"https:\/\/cosyowl.com\/sv\/wp-json\/wp\/v2\/product_tag?post=25962"}],"curies":[{"name":"wp","href":"https:\/\/api.w.org\/{rel}","templated":true}]}}