{"id":25961,"date":"2021-11-02T10:53:23","date_gmt":"2021-11-02T10:53:23","guid":{"rendered":"https:\/\/cosyowl.com\/?post_type=product&#038;p=25961"},"modified":"2026-03-03T13:45:30","modified_gmt":"2026-03-03T13:45:30","slug":"vaxsmaltningssats-for-frankincense-och-myrra","status":"publish","type":"product","link":"https:\/\/cosyowl.com\/sv\/craft-kits\/wax-melt-making-kits\/frankincense-and-myrrh-wax-melting-kit","title":{"rendered":"Kit f\u00f6r sm\u00e4ltning av vax med frankincense och myrra"},"content":{"rendered":"<p data-start=\"112\" data-end=\"469\">Kliv in i en v\u00e4rld av kreativa <a href=\"https:\/\/cosyowl.com\/sv\/guides\/making-a-reed-diffuser\">Doft f\u00f6r hemmet<\/a> med v\u00e5ra <strong data-start=\"247\" data-end=\"284\">Frankincense &amp; Myrra <a href=\"https:\/\/cosyowl.com\/sv\/craft-kits\/wax-melt-making-kits\/lavender-wax-melt-making-kit\">Kit f\u00f6r vaxsm\u00e4ltning<\/a><\/strong>. Oavsett om du \u00e4r nyb\u00f6rjare eller en entusiast p\u00e5 vaxsm\u00e4ltning inneh\u00e5ller det h\u00e4r kitet allt du beh\u00f6ver f\u00f6r att g\u00f6ra vackert formade, rikt doftande sm\u00e4ltor med en touch av <a href=\"https:\/\/cosyowl.com\/sv\/craft-supplies\/wax-melt-supplies\/mica-powder-glitter\/light-copper-biodegradable-candle-glitter\">skimrande<\/a> lyx. Den <a href=\"https:\/\/cosyowl.com\/sv\/craft-kits\/candle-making-kits\/soy-wax-mulled-wine-christmas-candle-making-kit\">varm<\/a>, <a href=\"https:\/\/cosyowl.com\/sv\/candle-making-supplies\/essential-oils\/frankincense-essential-oil\">hartsartad<\/a> doft av frankincense och myrra passar perfekt ihop med en mjuk kr\u00e4mf\u00e4rg och bronsigt glimmerskimmer - perfekt f\u00f6r <a href=\"https:\/\/cosyowl.com\/sv\/candle-making-kits\/soy-wax-christmas-spice-candle-making-kit\">festlig<\/a> projekt, g\u00e5vor eller bara unna dig sj\u00e4lv n\u00e5got gott.<\/p>\n<p><strong>Vad finns inuti ditt vaxsm\u00e4ltningskit:<\/strong><\/p>\n<ul>\n<li data-start=\"692\" data-end=\"796\"><span style=\"color: #050000\"><a style=\"color: #050000\" href=\"https:\/\/cosyowl.com\/sv\/tillbehor-for-ljusstopning\/doftoljor-for-ljustillverkning\/doftolja-frankincense-myrra\/?wmc-currency=EUR\">50 ml<span style=\"color: #ff6600\"><strong data-start=\"692\" data-end=\"735\"> Frankincense &amp; Myrrh doftolja<\/strong><\/span> - En djup, aromatisk blandning av varma kryddor och hartsartade toner<\/a><\/span><\/li>\n<li data-start=\"799\" data-end=\"889\"><span style=\"color: #050000\"><a style=\"color: #050000\" href=\"https:\/\/cosyowl.com\/sv\/tillbehor-for-ljusstopning\/glimmerpuderglitter\/flash-bronze-glimmerpulver\/?wmc-currency=EUR\">25g <span style=\"color: #ff6600\"><strong data-start=\"799\" data-end=\"831\">Flash Bronze Mica Powder<\/strong> <\/span>- Ger en lyxig, skimrande finish till dina sm\u00e4ltvaxer<\/a><\/span><\/li>\n<li data-start=\"892\" data-end=\"984\"><span style=\"color: #050000\"><a style=\"color: #050000\" href=\"https:\/\/cosyowl.com\/sv\/ljusfargamnen\/bekro-227-kram-ljusfarg\/?wmc-currency=EUR\">3g <span style=\"color: #ff6600\"><strong data-start=\"892\" data-end=\"914\">Bekro kr\u00e4mf\u00e4rg<\/strong><\/span> - Ger en mjuk, elegant kr\u00e4mf\u00e4rg som kompletterar den rika doften<\/a><\/span><\/li>\n<li data-start=\"883\" data-end=\"942\"><span style=\"color: #080000\"><a style=\"color: #080000\" href=\"https:\/\/cosyowl.com\/sv\/tillbehor-for-hantverk\/tillbehor-for-vaxsmaltning\/vax-for-vaxsmaltor\/naturliga-vaxer-soyaluna-smaltpillervax\/?wmc-currency=EUR\">350g - <span style=\"color: #ff6600\"><strong data-start=\"883\" data-end=\"902\">Vax f\u00f6r pelare<\/strong><\/span> - Vax av premiumkvalitet, perfekt f\u00f6r gjutformar<\/a><\/span><\/li>\n<li data-start=\"945\" data-end=\"1023\"><span style=\"color: #080000\"><a style=\"color: #080000\" href=\"https:\/\/cosyowl.com\/sv\/vaxsmaltor\/formar\/?wmc-currency=EUR\">4<span style=\"color: #ff6600\"><strong> Gjutformar<\/strong><\/span> - 1x Clamshell, 1x Heart Clamshell, 1x Star Clamshell, 1x Deli Pot<\/a><\/span><\/li>\n<li data-start=\"1026\" data-end=\"1112\"><span style=\"color: #080000\"><a style=\"color: #080000\" href=\"https:\/\/cosyowl.com\/sv\/guider\/en-nyborjarguide-till-att-gora-vaxsmaltor\/?wmc-currency=EUR\"><span style=\"color: #ff6600\"><strong data-start=\"1026\" data-end=\"1060\">Steg-f\u00f6r-steg-instruktionsguide<\/strong><\/span> - L\u00e4tt att f\u00f6lja anvisningar f\u00f6r att skapa dina sm\u00e4ltor<\/a><\/span><\/li>\n<\/ul>\n<p>V\u00e5r <span style=\"color: #050000\"><a style=\"color: #050000\" href=\"https:\/\/cosyowl.com\/sv\/tillbehor-for-ljusstopning\/doftoljor-for-ljustillverkning\/doftolja-frankincense-myrra\/?wmc-currency=EUR\"><span style=\"color: #ff6600\"><strong data-start=\"692\" data-end=\"735\">Frankincense &amp; Myrrh doftolja<\/strong><\/span><\/a><\/span>\u00a0ger en orientalisk fantasiackord med toppnoter av\u00a0<strong>citrusskal, eukalyptus, enb\u00e4r och lavendel<\/strong>\u00a0vilket leder till en <a href=\"https:\/\/cosyowl.com\/sv\/fragrance-oils\/nutcracker\">kryddig<\/a> hj\u00e4rta av\u00a0<strong>kanel och kryddnejlika<\/strong>, avrundad av orris med orientaliska basnoter av\u00a0<strong>varm b\u00e4rnsten, sandeltr\u00e4, cedertr\u00e4, patchouli, mysk och vanilj.<\/strong><\/p>\n<p>Vi \u00e4r stolta \u00f6ver att tillhandah\u00e5lla de h\u00f6gsta <a href=\"https:\/\/cosyowl.com\/sv\/candle-wicks\/wedo-lx-wick-raw\">kvalitet<\/a> ingredienser som finns p\u00e5 marknaden f\u00f6r att g\u00f6ra den perfekta <a href=\"https:\/\/cosyowl.com\/sv\/guides\/sandalwood-vanilla-leaf-wax-melts-guide\">Vaxsm\u00e4ltning<\/a> hemma. V\u00e5ra kit \u00e4r perfekta f\u00f6r dig som precis har b\u00f6rjat och f\u00f6r dig som redan beh\u00e4rskar hantverket, s\u00e5 ta p\u00e5 dig f\u00f6rkl\u00e4det och l\u00e5t oss b\u00f6rja pyssla.<\/p>\n<p>&nbsp;<\/p>\n<h3 data-start=\"2493\" data-end=\"2542\">Anv\u00e4ndbara resurser f\u00f6r framg\u00e5ngsrik ljustillverkning<\/h3>\n<ul>\n<li><strong><span style=\"color: #ff6600\"><a style=\"color: #ff6600\" href=\"https:\/\/cosyowl.com\/sv\/guider\/en-nyborjarguide-till-att-gora-vaxsmaltor\/?wmc-currency=EUR\">En nyb\u00f6rjarguide till tillverkning av vaxsm\u00e4ltor<\/a><\/span><br \/>\n<\/strong><\/li>\n<li><span style=\"color: #ff6600\"><strong><a style=\"color: #ff6600\" href=\"https:\/\/cosyowl.com\/sv\/guider\/en-guide-till-anvandning-av-bekro-vaxfarg\/?wmc-currency=EUR\">En guide till anv\u00e4ndning av Bekro Wax Dye<\/a><\/strong><\/span><\/li>\n<li><strong><span style=\"color: #ff6600\"><a style=\"color: #ff6600\" href=\"https:\/\/cosyowl.com\/sv\/guider\/topp-6-fragor-vax-smalta-gora-utgava\/?wmc-currency=EUR\">Topp 6 fr\u00e5gor - Vaxsm\u00e4ltning Edition<\/a><\/span><\/strong><\/li>\n<li><strong><span style=\"color: #ff6600\"><a style=\"color: #ff6600\" href=\"https:\/\/cosyowl.com\/sv\/guider\/hur-man-gor-vaxsmaltor-hemma\/?wmc-currency=EUR\">Hur man g\u00f6r vaxsm\u00e4ltor hemifr\u00e5n<\/a><\/span><\/strong><\/li>\n<li><strong><span style=\"color: #ff6600\"><a style=\"color: #ff6600\" href=\"https:\/\/cosyowl.com\/sv\/guider\/?wmc-currency=EUR\">Guider &amp; recept<\/a><\/span><\/strong><\/li>\n<\/ul>","protected":false},"excerpt":{"rendered":"<p>Step into the world of creative home fragrance with our Frankincense &amp; Myrrh Wax Melt Kit. Whether you&#8217;re a first-time crafter or a wax melt enthusiast, this kit includes everything you need to make beautifully shaped, richly scented melts with a touch of shimmering luxury.\u00a0The warm, resinous scent of frankincense and myrrh pairs perfectly with [&hellip;]<\/p>\n","protected":false},"featured_media":53813,"comment_status":"open","ping_status":"closed","template":"","meta":{"_acf_changed":false},"product_brand":[],"product_cat":[655,653,727],"product_tag":[927],"class_list":{"0":"post-25961","1":"product","2":"type-product","3":"status-publish","4":"has-post-thumbnail","6":"product_cat-wax-melt-making-kits","7":"product_cat-craft-kits","8":"product_cat-wax-melt-making-kits-wax-melts","9":"product_tag-wax-melt-making-kit","10":"product_shipping_class-royal_mail_kits","12":"first","13":"instock","14":"taxable","15":"shipping-taxable","16":"purchasable","17":"product-type-simple"},"acf":[],"_links":{"self":[{"href":"https:\/\/cosyowl.com\/sv\/wp-json\/wp\/v2\/product\/25961","targetHints":{"allow":["GET"]}}],"collection":[{"href":"https:\/\/cosyowl.com\/sv\/wp-json\/wp\/v2\/product"}],"about":[{"href":"https:\/\/cosyowl.com\/sv\/wp-json\/wp\/v2\/types\/product"}],"replies":[{"embeddable":true,"href":"https:\/\/cosyowl.com\/sv\/wp-json\/wp\/v2\/comments?post=25961"}],"wp:featuredmedia":[{"embeddable":true,"href":"https:\/\/cosyowl.com\/sv\/wp-json\/wp\/v2\/media\/53813"}],"wp:attachment":[{"href":"https:\/\/cosyowl.com\/sv\/wp-json\/wp\/v2\/media?parent=25961"}],"wp:term":[{"taxonomy":"product_brand","embeddable":true,"href":"https:\/\/cosyowl.com\/sv\/wp-json\/wp\/v2\/product_brand?post=25961"},{"taxonomy":"product_cat","embeddable":true,"href":"https:\/\/cosyowl.com\/sv\/wp-json\/wp\/v2\/product_cat?post=25961"},{"taxonomy":"product_tag","embeddable":true,"href":"https:\/\/cosyowl.com\/sv\/wp-json\/wp\/v2\/product_tag?post=25961"}],"curies":[{"name":"wp","href":"https:\/\/api.w.org\/{rel}","templated":true}]}}