{"id":25944,"date":"2021-11-02T10:25:29","date_gmt":"2021-11-02T10:25:29","guid":{"rendered":"https:\/\/cosyowl.com\/?post_type=product&#038;p=25944"},"modified":"2026-04-28T17:23:15","modified_gmt":"2026-04-28T16:23:15","slug":"kit-for-tillverkning-av-diffusor-med-salvia-och-havssalt","status":"publish","type":"product","link":"https:\/\/cosyowl.com\/sv\/craft-kits\/diffuser-making-kits\/sage-and-sea-salt-diffuser-making-kit","title":{"rendered":"Kit f\u00f6r tillverkning av salvia- och havssaltdiffusorer"},"content":{"rendered":"<p>Vill du skapa din egen signaturdoft f\u00f6r hemmet? V\u00e5r <strong data-start=\"305\" data-end=\"325\"><a href=\"https:\/\/cosyowl.com\/sv\/guides\/making-a-reed-diffuser\">DIY Diffusor<\/a> Kit<\/strong> \u00e4r den perfekta allt-i-ett-l\u00f6sningen f\u00f6r b\u00e5de nyb\u00f6rjare och erfarna hantverkare. Med den h\u00e4r kompletta upps\u00e4ttningen kan du g\u00f6ra <strong data-start=\"444\" data-end=\"478\">tre vackra <a href=\"https:\/\/cosyowl.com\/sv\/guides\/a-beginners-guide-to-making-reed-diffusers\">Vassdiffusorer<\/a><\/strong> fr\u00e5n grunden, direkt hemma.<\/p>\n<h3>Vad finns i ditt kit f\u00f6r tillverkning av diffusorer?<\/h3>\n<ul>\n<li><span style=\"color: #080000\"><a href=\"https:\/\/cosyowl.com\/sv\/candle-containers\/candle-tins\/rose-gold-round-candle-tin-with-welded-side-seam-100ml-single\">100 ml<\/a> <a style=\"color: #080000\" href=\"https:\/\/cosyowl.com\/sv\/tillbehor-for-ljusstopning\/doftoljor-for-ljustillverkning\/premium-doftoljor\/cosy-owl-premium-wood-salvia-seasalt-doftolja\/?wmc-currency=EUR\"><strong>Wood Sage &amp; Sea Salt Doftolja <\/strong><\/a>- Detta <a href=\"https:\/\/cosyowl.com\/sv\/fragrance-oils\/coffee\">aromatisk<\/a> och myskig doft har en <a href=\"https:\/\/cosyowl.com\/sv\/candle-making-supplies\/fragrance-oils-for-candle-making\/all-fragrances\/ocean-fragrance-oil\">marin<\/a> bas med subtil <a href=\"https:\/\/cosyowl.com\/sv\/candle-making-supplies\/fragrance-oils-for-candle-making\/all-fragrances\/pink-grapefruit-fragrance-oil\">citrus<\/a> Toppnoter. Den balanseras med tr\u00e4, salt, kryddor och s\u00f6tma och erbjuder en skiktad arom som utvecklas vackert med tiden.<\/span><\/li>\n<li><span style=\"color: #080000\">500g <a href=\"https:\/\/cosyowl.com\/sv\/vassdiffusorer\/basolja-for-vassdiffusor\/?wmc-currency=EUR\"><strong>Augeo Clean Multi Diffuser Basolja<\/strong><\/a> - Speciellt utformad f\u00f6r blandning med <a href=\"https:\/\/cosyowl.com\/sv\/candle-making-supplies\/fragrance-oils-for-candle-making\/premium-fragrance-oils\/cosy-owl-premium-1-million-type-fragrance-oil\">doftolja<\/a> f\u00f6r att s\u00e4kerst\u00e4lla en <a href=\"https:\/\/cosyowl.com\/sv\/candle-making-supplies\/glitters\/pure-white-biodegradable\">ren<\/a>, l\u00e5ngvarig doftupplevelse.<\/span><\/li>\n<li><span style=\"color: #080000\"><a href=\"https:\/\/cosyowl.com\/sv\/candle-making-supplies\/candle-containers\/other-containers\/wax-melt-christmas-tree-mould-3\">3<\/a> Snyggt <a href=\"https:\/\/cosyowl.com\/sv\/craft-supplies\/reed-diffuser-supplies\/reed-diffuser-bottles\/14mm-clear-glass-marble-balls-for-diffuser-bottles\">Diffusorflaskor<\/a>:\u00a0<strong><a style=\"color: #080000\" href=\"https:\/\/cosyowl.com\/sv\/tillbehor-for-hantverk\/tillbehor-for-vassdiffusorer\/flaskor-med-vassdiffusor\/glasbehallare-100ml-diffusor-kub\/?wmc-currency=EUR\">100ml Diffusor med glaskub<\/a>,<a style=\"color: #080000\" href=\"https:\/\/cosyowl.com\/sv\/tillbehor-for-hantverk\/tillbehor-for-vassdiffusorer\/flaskor-med-vassdiffusor\/glasbehallare-200ml-karen-diffusorflaska\/?wmc-currency=EUR\"> 2x <\/a><\/strong><strong><a style=\"color: #080000\" href=\"https:\/\/cosyowl.com\/sv\/tillbehor-for-hantverk\/tillbehor-for-vassdiffusorer\/flaskor-med-vassdiffusor\/glasbehallare-200ml-karen-diffusorflaska\/?wmc-currency=EUR\">100 ml Karenflaskor av glas<\/a><\/strong><\/span><\/li>\n<li data-start=\"975\" data-end=\"1019\"><span style=\"color: #080000\">3 <a style=\"color: #080000\" href=\"https:\/\/cosyowl.com\/sv\/tillbehor-for-hantverk\/tillbehor-for-vassdiffusorer\/flaskor-med-vassdiffusor\/diffusorlock-med-metallskal-glans-guld\/?wmc-currency=EUR\"><strong data-start=\"975\" data-end=\"1000\">Diffusorlock av metall<\/strong><\/a> (1 guld, 2 silver)<\/span><\/li>\n<li data-start=\"1022\" data-end=\"1064\"><span style=\"color: #080000\">30 <a style=\"color: #080000\" href=\"https:\/\/cosyowl.com\/sv\/vassdiffusorer\/vass\/?wmc-currency=EUR\"><strong data-start=\"1022\" data-end=\"1043\">Diffusorblad<\/strong><\/a> (20 svarta, 10 vita)<\/span><\/li>\n<li data-start=\"1067\" data-end=\"1087\"><span style=\"color: #080000\">3 <a style=\"color: #080000\" href=\"https:\/\/cosyowl.com\/sv\/tillbehor-for-hantverk\/tillbehor-for-vassdiffusorer\/flaskor-med-vassdiffusor\/diffusorflaska-plugg\/?wmc-currency=EUR\"><strong data-start=\"1067\" data-end=\"1087\">Diffusorproppar<\/strong><\/a><\/span><\/li>\n<li data-start=\"1067\" data-end=\"1087\"><span style=\"color: #080000\"><a style=\"color: #080000\" href=\"https:\/\/cosyowl.com\/sv\/guider\/en-nyborjarguide-for-att-tillverka-vassdiffusorer\/?wmc-currency=EUR\"><strong data-start=\"1090\" data-end=\"1124\">Steg-f\u00f6r-steg-instruktionsguide<\/strong><\/a><\/span><\/li>\n<\/ul>\n<p>En aromatisk och myskig doft inspirerad av den ber\u00f6mda Jo Malone-doften.  Med den rikedom och det djup som k\u00e4nnetecknar v\u00e5rt premiumsortiment av dofter, har denna marinbaserade doft inslag av citrus, vilket ger en utm\u00e4rkt blandning av tr\u00e4, salt, kryddighet och s\u00f6tma.  Den h\u00e4r doften \u00e4r inte \u00f6verv\u00e4ldigande men har en stark h\u00e5llbarhet och utvecklas och mognar ju l\u00e4ngre den \u00e4r i luften.<\/p>\n<p>Som en av de\u00a0<a href=\"https:\/\/cosyowl.com\/sv\/guider\/nya-dofter-fran-cosy-owl-premiumljus\/?wmc-currency=EUR\">Mysig uggla Premium<\/a>\u00a0dofter, \u00e4r vi \u00f6vertygade om att det \u00e4r huvudet och axlarna \u00f6ver allt som f\u00f6r n\u00e4rvarande finns p\u00e5 marknaden\u00a0<a href=\"https:\/\/cosyowl.com\/sv\/guides\/how-to-make-a-candle\">tillverkning av ljus<\/a> marknaden f\u00f6r n\u00e4rvarande.  Vi har tillbringat m\u00e5nader med att arbeta med branschexperter f\u00f6r att utveckla ett nytt sortiment av dofter med st\u00f6rre styrka, djup, rundhet och doftkastning.  Vi har anv\u00e4nt de h\u00f6gsta\u00a0<a href=\"https:\/\/cosyowl.com\/sv\/candle-wicks\/wedo-lx-wick-raw\">kvalitet<\/a>\u00a0och dyraste ingredienserna, mer komplexa blandningar av ingredienser och en mycket mer koncentrerad blandning, vilket inneb\u00e4r att dessa dofter blir mycket starkare och mer avrundade.<\/p>\n<p>Vi \u00e4r stolta \u00f6ver att tillhandah\u00e5lla ingredienser av h\u00f6gsta kvalitet som finns tillg\u00e4ngliga p\u00e5 marknaden f\u00f6r att g\u00f6ra de perfekta diffusorerna hemma. V\u00e5ra kit \u00e4r perfekta b\u00e5de f\u00f6r dig som precis har b\u00f6rjat och f\u00f6r dig som redan \u00e4r duktig, s\u00e5 ta p\u00e5 dig f\u00f6rkl\u00e4det och l\u00e5t oss b\u00f6rja skapa.<\/p>\n<p>&nbsp;<\/p>\n<h3 data-start=\"2493\" data-end=\"2542\">Anv\u00e4ndbara resurser f\u00f6r framg\u00e5ngsrik ljustillverkning<\/h3>\n<ul>\n<li><a href=\"https:\/\/cosyowl.com\/sv\/guider\/en-nyborjarguide-for-att-tillverka-vassdiffusorer\/?wmc-currency=EUR\"><strong><span style=\"color: #ff6600\">En nyb\u00f6rjarguide f\u00f6r att g\u00f6ra Reed Diffusers<\/span><\/strong><\/a><\/li>\n<li><a href=\"https:\/\/cosyowl.com\/sv\/guider\/tillverkning-av-en-vassdiffusor\/?wmc-currency=EUR\"><strong><span style=\"color: #ff6600\">Hur du g\u00f6r dina egna Reed Diffusers<\/span><\/strong><\/a><\/li>\n<li class=\"entry-title\"><a href=\"https:\/\/cosyowl.com\/sv\/guider\/hur-man-anvander-doftoljor\/?wmc-currency=EUR\"><strong><span style=\"color: #ff6600\">Hur man anv\u00e4nder doftoljor<\/span><\/strong><\/a><\/li>\n<li><strong><span style=\"color: #ff6600\"><a style=\"color: #ff6600\" href=\"https:\/\/cosyowl.com\/sv\/guider\/cmr-och-ftalater-i-doftoljor\/?wmc-currency=EUR\">CMR, ftalater, parabener, PEG och silikon i doftoljor - v\u00e5r Free From Guide.<\/a><\/span><\/strong><\/li>\n<li><a href=\"https:\/\/cosyowl.com\/sv\/guider\/?wmc-currency=EUR\"><span style=\"color: #ff6600\"><strong>Guider &amp; recept<\/strong><\/span><\/a><\/li>\n<\/ul>","protected":false},"excerpt":{"rendered":"<p>Looking to create your own signature home fragrance? Our DIY Diffuser Kit is the perfect all-in-one solution for beginners and experienced crafters alike. With this complete set, you can make three beautiful reed diffusers from scratch, right at home. What\u2019s Inside Your Diffuser Making Kit? 100ml Wood Sage &amp; Sea Salt Fragrance Oil &#8211; This [&hellip;]<\/p>\n","protected":false},"featured_media":53786,"comment_status":"open","ping_status":"closed","template":"","meta":{"_acf_changed":false},"product_brand":[],"product_cat":[654,653,726],"product_tag":[929],"class_list":{"0":"post-25944","1":"product","2":"type-product","3":"status-publish","4":"has-post-thumbnail","6":"product_cat-diffuser-making-kits","7":"product_cat-craft-kits","8":"product_cat-reed-diffuser-kits","9":"product_tag-diffuser-making-kit","10":"product_shipping_class-royal_mail_kits","12":"first","13":"instock","14":"taxable","15":"shipping-taxable","16":"purchasable","17":"product-type-simple"},"acf":[],"_links":{"self":[{"href":"https:\/\/cosyowl.com\/sv\/wp-json\/wp\/v2\/product\/25944","targetHints":{"allow":["GET"]}}],"collection":[{"href":"https:\/\/cosyowl.com\/sv\/wp-json\/wp\/v2\/product"}],"about":[{"href":"https:\/\/cosyowl.com\/sv\/wp-json\/wp\/v2\/types\/product"}],"replies":[{"embeddable":true,"href":"https:\/\/cosyowl.com\/sv\/wp-json\/wp\/v2\/comments?post=25944"}],"wp:featuredmedia":[{"embeddable":true,"href":"https:\/\/cosyowl.com\/sv\/wp-json\/wp\/v2\/media\/53786"}],"wp:attachment":[{"href":"https:\/\/cosyowl.com\/sv\/wp-json\/wp\/v2\/media?parent=25944"}],"wp:term":[{"taxonomy":"product_brand","embeddable":true,"href":"https:\/\/cosyowl.com\/sv\/wp-json\/wp\/v2\/product_brand?post=25944"},{"taxonomy":"product_cat","embeddable":true,"href":"https:\/\/cosyowl.com\/sv\/wp-json\/wp\/v2\/product_cat?post=25944"},{"taxonomy":"product_tag","embeddable":true,"href":"https:\/\/cosyowl.com\/sv\/wp-json\/wp\/v2\/product_tag?post=25944"}],"curies":[{"name":"wp","href":"https:\/\/api.w.org\/{rel}","templated":true}]}}