{"id":25927,"date":"2021-11-05T13:45:11","date_gmt":"2021-11-05T13:45:11","guid":{"rendered":"https:\/\/cosyowl.com\/?post_type=product&#038;p=25927"},"modified":"2026-04-28T17:22:52","modified_gmt":"2026-04-28T16:22:52","slug":"kit-for-tillverkning-av-citronellaspridare","status":"publish","type":"product","link":"https:\/\/cosyowl.com\/sv\/craft-kits\/diffuser-making-kits\/citronella-diffuser-making-kit","title":{"rendered":"Kit f\u00f6r tillverkning av Citronella-diffusor"},"content":{"rendered":"<p>Vill du skapa din egen signaturdoft f\u00f6r hemmet? V\u00e5r <strong data-start=\"305\" data-end=\"325\"><a href=\"https:\/\/cosyowl.com\/sv\/guides\/making-a-reed-diffuser\">DIY Diffusor<\/a> Kit<\/strong> \u00e4r den perfekta allt-i-ett-l\u00f6sningen f\u00f6r b\u00e5de nyb\u00f6rjare och erfarna hantverkare. Med den h\u00e4r kompletta upps\u00e4ttningen kan du g\u00f6ra <strong data-start=\"444\" data-end=\"478\">tre vackra <a href=\"https:\/\/cosyowl.com\/sv\/guides\/a-beginners-guide-to-making-reed-diffusers\">Vassdiffusorer<\/a><\/strong> fr\u00e5n grunden, direkt hemma.<\/p>\n<h3>Vad finns i ditt kit f\u00f6r tillverkning av diffusorer?<\/h3>\n<ul>\n<li><span style=\"color: #050000\"><a href=\"https:\/\/cosyowl.com\/sv\/candle-containers\/candle-tins\/rose-gold-round-candle-tin-with-welded-side-seam-100ml-single\">100 ml<\/a> <strong><a style=\"color: #050000\" href=\"https:\/\/cosyowl.com\/sv\/doftoljor\/citronella\/?wmc-currency=EUR\">Citronella doftolja<\/a> <\/strong>- Denna olja \u00f6ppnar med starka noter av <strong data-start=\"804\" data-end=\"850\"><a href=\"https:\/\/cosyowl.com\/sv\/fragrance-oils\/lemon\">citron<\/a>, bergamott, eukalyptus och kamomill<\/strong>och mjukar sedan upp med ljus <a href=\"https:\/\/cosyowl.com\/sv\/candle-making-supplies\/fragrance-oils-for-candle-making\/all-fragrances\/jasmine-fragrance-oil\">blommig<\/a> undertoner av <strong data-start=\"897\" data-end=\"947\">lavendel, citron, geranium och copaiba-balsam<\/strong>. Slutligen l\u00e4gger den sig till r\u00e4tta i en <a href=\"https:\/\/cosyowl.com\/sv\/craft-kits\/candle-making-kits\/soy-wax-mulled-wine-christmas-candle-making-kit\">varm<\/a>, <a href=\"https:\/\/cosyowl.com\/sv\/candle-making-supplies\/essential-oils\/rosemary-essential-oil\">v\u00e4xtbaserade<\/a> bas av <strong data-start=\"997\" data-end=\"1042\">granbarr, rosmarin, mejram och timjan<\/strong>.<\/span><\/li>\n<li><span style=\"color: #080000\">500g <a href=\"https:\/\/cosyowl.com\/sv\/vassdiffusorer\/basolja-for-vassdiffusor\/?wmc-currency=EUR\"><strong>Augeo Clean Multi Diffuser Basolja<\/strong><\/a> - Speciellt utformad f\u00f6r blandning med <a href=\"https:\/\/cosyowl.com\/sv\/candle-making-supplies\/fragrance-oils-for-candle-making\/premium-fragrance-oils\/cosy-owl-premium-1-million-type-fragrance-oil\">doftolja<\/a> f\u00f6r att s\u00e4kerst\u00e4lla en <a href=\"https:\/\/cosyowl.com\/sv\/candle-making-supplies\/glitters\/pure-white-biodegradable\">ren<\/a>, l\u00e5ngvarig doftupplevelse.<\/span><\/li>\n<li><span style=\"color: #080000\"><a href=\"https:\/\/cosyowl.com\/sv\/candle-making-supplies\/candle-containers\/other-containers\/wax-melt-christmas-tree-mould-3\">3<\/a> Snyggt <a href=\"https:\/\/cosyowl.com\/sv\/craft-supplies\/reed-diffuser-supplies\/reed-diffuser-bottles\/14mm-clear-glass-marble-balls-for-diffuser-bottles\">Diffusorflaskor<\/a>:\u00a0<strong><a style=\"color: #080000\" href=\"https:\/\/cosyowl.com\/sv\/tillbehor-for-hantverk\/tillbehor-for-vassdiffusorer\/flaskor-med-vassdiffusor\/glasbehallare-100ml-diffusor-kub\/?wmc-currency=EUR\">100ml Diffusor med glaskub<\/a>,<a style=\"color: #080000\" href=\"https:\/\/cosyowl.com\/sv\/tillbehor-for-hantverk\/tillbehor-for-vassdiffusorer\/flaskor-med-vassdiffusor\/glasbehallare-200ml-karen-diffusorflaska\/?wmc-currency=EUR\"> 2x <\/a><\/strong><strong><a style=\"color: #080000\" href=\"https:\/\/cosyowl.com\/sv\/tillbehor-for-hantverk\/tillbehor-for-vassdiffusorer\/flaskor-med-vassdiffusor\/glasbehallare-200ml-karen-diffusorflaska\/?wmc-currency=EUR\">100 ml Karenflaskor av glas<\/a><\/strong><\/span><\/li>\n<li data-start=\"975\" data-end=\"1019\"><span style=\"color: #050000\">3 <a style=\"color: #050000\" href=\"https:\/\/cosyowl.com\/sv\/tillbehor-for-hantverk\/tillbehor-for-vassdiffusorer\/flaskor-med-vassdiffusor\/diffusorlock-med-metallskal-glans-guld\/?wmc-currency=EUR\"><strong data-start=\"975\" data-end=\"1000\">Diffusorlock av metall<\/strong><\/a> (1 guld, 2 silver)<\/span><\/li>\n<li data-start=\"1022\" data-end=\"1064\"><span style=\"color: #050000\">30 <a style=\"color: #050000\" href=\"https:\/\/cosyowl.com\/sv\/vassdiffusorer\/vass\/?wmc-currency=EUR\"><strong data-start=\"1022\" data-end=\"1043\">Diffusorblad<\/strong><\/a> (20 svarta, 10 vita)<\/span><\/li>\n<li data-start=\"1067\" data-end=\"1087\"><span style=\"color: #050000\">3 <a style=\"color: #050000\" href=\"https:\/\/cosyowl.com\/sv\/tillbehor-for-hantverk\/tillbehor-for-vassdiffusorer\/flaskor-med-vassdiffusor\/diffusorflaska-plugg\/?wmc-currency=EUR\"><strong data-start=\"1067\" data-end=\"1087\">Diffusorproppar<\/strong><\/a><\/span><\/li>\n<li data-start=\"1067\" data-end=\"1087\"><span style=\"color: #050000\"><a style=\"color: #050000\" href=\"https:\/\/cosyowl.com\/sv\/guider\/en-nyborjarguide-for-att-tillverka-vassdiffusorer\/?wmc-currency=EUR\"><strong data-start=\"1090\" data-end=\"1124\">Steg-f\u00f6r-steg-instruktionsguide<\/strong><\/a><\/span><\/li>\n<\/ul>\n<p>V\u00e5r <span style=\"color: #ff6600\"><strong><a style=\"color: #ff6600\" href=\"https:\/\/cosyowl.com\/sv\/doftoljor\/citronella\/?wmc-currency=EUR\">Citronella doftolja<\/a><\/strong><\/span>\u00a0\u00e4r speciellt framtagen f\u00f6r att ge en doft som f\u00f6rknippas med en <a href=\"https:\/\/cosyowl.com\/sv\/craft-supplies\/body-care-supplies\/fragrance-oils-for-body-care\/tea-tree-fragrance-oil\">eterisk olja<\/a> utvinns ur blad och stj\u00e4lkar fr\u00e5n olika arter av Cymbopogon. Denna doft ger en stark och framtr\u00e4dande lukt som f\u00f6rknippas med<strong>\u00a0citron, bergamott, eukalyptus och kamomill<\/strong>. Denna initiala arom \u00e4r den mest uttalade n\u00e4r din <a href=\"https:\/\/cosyowl.com\/sv\/guides\/a-summers-beach-gel-votive-candle\">ljus<\/a> b\u00f6rjar brinna och fyller ditt rum med en doft som sedan f\u00f6rst\u00e4rks av l\u00e4tta undertoner av<strong>\u00a0lavendel, citron, geranium och kopabalsam<\/strong>. I formuleringen av denna distinkta doft ing\u00e5r en underbar eftersmak av<strong>\u00a0granbarr, rosmarin, mejram och timjan<\/strong>.<\/p>\n<p>Vi \u00e4r stolta \u00f6ver att tillhandah\u00e5lla de h\u00f6gsta <a href=\"https:\/\/cosyowl.com\/sv\/candle-wicks\/wedo-lx-wick-raw\">kvalitet<\/a> ingredienser som finns p\u00e5 marknaden f\u00f6r att g\u00f6ra de perfekta Diffusers hemma. V\u00e5ra kit \u00e4r perfekta f\u00f6r dig som precis har b\u00f6rjat och f\u00f6r dig som redan har l\u00e4rt dig hantverket, s\u00e5 ta p\u00e5 dig f\u00f6rkl\u00e4det och l\u00e5t oss s\u00e4tta ig\u00e5ng.<\/p>\n<p>&nbsp;<\/p>\n<h3 data-start=\"2493\" data-end=\"2542\">Anv\u00e4ndbara resurser f\u00f6r framg\u00e5ngsrik ljustillverkning<\/h3>\n<ul>\n<li><a href=\"https:\/\/cosyowl.com\/sv\/guider\/en-nyborjarguide-for-att-tillverka-vassdiffusorer\/?wmc-currency=EUR\"><strong><span style=\"color: #ff6600\">En nyb\u00f6rjarguide f\u00f6r att g\u00f6ra Reed Diffusers<\/span><\/strong><\/a><\/li>\n<li><a href=\"https:\/\/cosyowl.com\/sv\/guider\/tillverkning-av-en-vassdiffusor\/?wmc-currency=EUR\"><strong><span style=\"color: #ff6600\">Hur du g\u00f6r dina egna Reed Diffusers<\/span><\/strong><\/a><\/li>\n<li class=\"entry-title\"><a href=\"https:\/\/cosyowl.com\/sv\/guider\/hur-man-anvander-doftoljor\/?wmc-currency=EUR\"><strong><span style=\"color: #ff6600\">Hur man anv\u00e4nder doftoljor<\/span><\/strong><\/a><\/li>\n<li><strong><span style=\"color: #ff6600\"><a style=\"color: #ff6600\" href=\"https:\/\/cosyowl.com\/sv\/guider\/cmr-och-ftalater-i-doftoljor\/?wmc-currency=EUR\">CMR, ftalater, parabener, PEG och silikon i doftoljor - v\u00e5r Free From Guide.<\/a><\/span><\/strong><\/li>\n<li><a href=\"https:\/\/cosyowl.com\/sv\/guider\/?wmc-currency=EUR\"><span style=\"color: #ff6600\"><strong>Guider &amp; recept<\/strong><\/span><\/a><\/li>\n<\/ul>","protected":false},"excerpt":{"rendered":"<p>Looking to create your own signature home fragrance? Our DIY Diffuser Kit is the perfect all-in-one solution for beginners and experienced crafters alike. With this complete set, you can make three beautiful reed diffusers from scratch, right at home. What\u2019s Inside Your Diffuser Making Kit? 100ml Citronella Fragrance Oil &#8211; This oil opens with strong [&hellip;]<\/p>\n","protected":false},"featured_media":53784,"comment_status":"open","ping_status":"closed","template":"","meta":{"_acf_changed":false},"product_brand":[],"product_cat":[654,726],"product_tag":[929],"class_list":{"0":"post-25927","1":"product","2":"type-product","3":"status-publish","4":"has-post-thumbnail","6":"product_cat-diffuser-making-kits","7":"product_cat-reed-diffuser-kits","8":"product_tag-diffuser-making-kit","9":"product_shipping_class-royal_mail_kits","11":"first","12":"instock","13":"taxable","14":"shipping-taxable","15":"purchasable","16":"product-type-simple"},"acf":[],"_links":{"self":[{"href":"https:\/\/cosyowl.com\/sv\/wp-json\/wp\/v2\/product\/25927","targetHints":{"allow":["GET"]}}],"collection":[{"href":"https:\/\/cosyowl.com\/sv\/wp-json\/wp\/v2\/product"}],"about":[{"href":"https:\/\/cosyowl.com\/sv\/wp-json\/wp\/v2\/types\/product"}],"replies":[{"embeddable":true,"href":"https:\/\/cosyowl.com\/sv\/wp-json\/wp\/v2\/comments?post=25927"}],"wp:featuredmedia":[{"embeddable":true,"href":"https:\/\/cosyowl.com\/sv\/wp-json\/wp\/v2\/media\/53784"}],"wp:attachment":[{"href":"https:\/\/cosyowl.com\/sv\/wp-json\/wp\/v2\/media?parent=25927"}],"wp:term":[{"taxonomy":"product_brand","embeddable":true,"href":"https:\/\/cosyowl.com\/sv\/wp-json\/wp\/v2\/product_brand?post=25927"},{"taxonomy":"product_cat","embeddable":true,"href":"https:\/\/cosyowl.com\/sv\/wp-json\/wp\/v2\/product_cat?post=25927"},{"taxonomy":"product_tag","embeddable":true,"href":"https:\/\/cosyowl.com\/sv\/wp-json\/wp\/v2\/product_tag?post=25927"}],"curies":[{"name":"wp","href":"https:\/\/api.w.org\/{rel}","templated":true}]}}