{"id":20477,"date":"2021-08-24T08:54:53","date_gmt":"2021-08-24T07:54:53","guid":{"rendered":"https:\/\/cosyowl.com\/?post_type=product&#038;p=20477"},"modified":"2026-05-01T13:08:51","modified_gmt":"2026-05-01T12:08:51","slug":"metallock-for-20cl-behallare","status":"publish","type":"product","link":"https:\/\/cosyowl.com\/sv\/candle-making-supplies\/candle-containers\/candle-glasses\/metal-lid-for-20cl-container","title":{"rendered":"Metallock f\u00f6r 20cl beh\u00e5llare"},"content":{"rendered":"<p>Metallock f\u00f6r 20 cl beh\u00e5llare finns i <a href=\"https:\/\/cosyowl.com\/sv\/candle-making-supplies\/candle-containers\/other-containers\/wax-melt-christmas-tree-mould-3\">3<\/a> f\u00e4rger - silver, koppar och m\u00e4ssing. Observera att dessa lock inte har den integrerade silikont\u00e4tningen.<\/p>\n<p>Ytterm\u00e5tt - H10 mm x B74 mm<br \/>\nInv\u00e4ndiga m\u00e5tt - H8 mm x B72 mm<\/p>","protected":false},"excerpt":{"rendered":"<p>Metallock f\u00f6r 20 cl beh\u00e5llare finns i 3 f\u00e4rger - silver, koppar och m\u00e4ssing. Observera att dessa lock inte har n\u00e5gon integrerad silikont\u00e4tning. Ytterm\u00e5tt - H10 mm x B74 mm Innerm\u00e5tt - H8 mm x B72 mm<\/p>","protected":false},"featured_media":53718,"comment_status":"open","ping_status":"closed","template":"","meta":{"_acf_changed":false},"product_brand":[],"product_cat":[527,501],"product_tag":[924],"class_list":{"0":"post-20477","1":"product","2":"type-product","3":"status-publish","4":"has-post-thumbnail","6":"product_cat-candle-glasses","7":"product_cat-metal-containers","8":"product_tag-lid","9":"product_shipping_class-royal_mail","11":"first","12":"instock","13":"taxable","14":"shipping-taxable","15":"purchasable","16":"product-type-variable"},"acf":[],"_links":{"self":[{"href":"https:\/\/cosyowl.com\/sv\/wp-json\/wp\/v2\/product\/20477","targetHints":{"allow":["GET"]}}],"collection":[{"href":"https:\/\/cosyowl.com\/sv\/wp-json\/wp\/v2\/product"}],"about":[{"href":"https:\/\/cosyowl.com\/sv\/wp-json\/wp\/v2\/types\/product"}],"replies":[{"embeddable":true,"href":"https:\/\/cosyowl.com\/sv\/wp-json\/wp\/v2\/comments?post=20477"}],"wp:featuredmedia":[{"embeddable":true,"href":"https:\/\/cosyowl.com\/sv\/wp-json\/wp\/v2\/media\/53718"}],"wp:attachment":[{"href":"https:\/\/cosyowl.com\/sv\/wp-json\/wp\/v2\/media?parent=20477"}],"wp:term":[{"taxonomy":"product_brand","embeddable":true,"href":"https:\/\/cosyowl.com\/sv\/wp-json\/wp\/v2\/product_brand?post=20477"},{"taxonomy":"product_cat","embeddable":true,"href":"https:\/\/cosyowl.com\/sv\/wp-json\/wp\/v2\/product_cat?post=20477"},{"taxonomy":"product_tag","embeddable":true,"href":"https:\/\/cosyowl.com\/sv\/wp-json\/wp\/v2\/product_tag?post=20477"}],"curies":[{"name":"wp","href":"https:\/\/api.w.org\/{rel}","templated":true}]}}