{"id":18177,"date":"1970-01-01T00:00:00","date_gmt":"1969-12-31T23:00:00","guid":{"rendered":"https:\/\/cosyowl.com\/?post_type=product&#038;p=18177"},"modified":"2026-03-03T13:45:31","modified_gmt":"2026-03-03T13:45:31","slug":"centreringspinne-av-tra-12cm-for-veken","status":"publish","type":"product","link":"https:\/\/cosyowl.com\/sv\/candle-making-supplies\/candle-making-extras\/wooden-wick-centering-stick-12cm","title":{"rendered":"Centreringspinne av tr\u00e4 12cm"},"content":{"rendered":"<p>Ett verktyg f\u00f6r centrering av veken \u00e4r en mycket enkel anordning som h\u00e5ller din <a href=\"https:\/\/cosyowl.com\/sv\/guides\/a-summers-beach-gel-votive-candle\">ljus<\/a> veken p\u00e5 plats. Denna placeras p\u00e5 toppen av din ljuspelare, T-ljus eller annan beh\u00e5llare f\u00f6r att h\u00e5lla veken i mitten.<\/p>\n<p>Finns i f\u00f6rpackningar om 10, 50 eller 250.<\/p>","protected":false},"excerpt":{"rendered":"<p>Ett vekencentreringsverktyg \u00e4r en mycket enkel anordning som h\u00e5ller ljusveken p\u00e5 plats. Den placeras p\u00e5 toppen av din ljuspelare, T-ljus eller annan beh\u00e5llare f\u00f6r att h\u00e5lla veken i mitten. Finns i f\u00f6rpackningar om 10, 50 eller 250.<\/p>","protected":false},"featured_media":18183,"comment_status":"open","ping_status":"closed","template":"","meta":{"_acf_changed":false},"product_brand":[],"product_cat":[532],"product_tag":[935],"class_list":{"0":"post-18177","1":"product","2":"type-product","3":"status-publish","4":"has-post-thumbnail","6":"product_cat-tools-equipment","7":"product_tag-wick-centering-tool","8":"pa_pack-size-569","9":"pa_pack-size-575","10":"pa_pack-size-570","12":"first","13":"instock","14":"taxable","15":"shipping-taxable","16":"purchasable","17":"product-type-variable"},"acf":[],"_links":{"self":[{"href":"https:\/\/cosyowl.com\/sv\/wp-json\/wp\/v2\/product\/18177","targetHints":{"allow":["GET"]}}],"collection":[{"href":"https:\/\/cosyowl.com\/sv\/wp-json\/wp\/v2\/product"}],"about":[{"href":"https:\/\/cosyowl.com\/sv\/wp-json\/wp\/v2\/types\/product"}],"replies":[{"embeddable":true,"href":"https:\/\/cosyowl.com\/sv\/wp-json\/wp\/v2\/comments?post=18177"}],"wp:featuredmedia":[{"embeddable":true,"href":"https:\/\/cosyowl.com\/sv\/wp-json\/wp\/v2\/media\/18183"}],"wp:attachment":[{"href":"https:\/\/cosyowl.com\/sv\/wp-json\/wp\/v2\/media?parent=18177"}],"wp:term":[{"taxonomy":"product_brand","embeddable":true,"href":"https:\/\/cosyowl.com\/sv\/wp-json\/wp\/v2\/product_brand?post=18177"},{"taxonomy":"product_cat","embeddable":true,"href":"https:\/\/cosyowl.com\/sv\/wp-json\/wp\/v2\/product_cat?post=18177"},{"taxonomy":"product_tag","embeddable":true,"href":"https:\/\/cosyowl.com\/sv\/wp-json\/wp\/v2\/product_tag?post=18177"}],"curies":[{"name":"wp","href":"https:\/\/api.w.org\/{rel}","templated":true}]}}