{"id":17438,"date":"2021-12-08T15:01:00","date_gmt":"2021-12-08T15:01:00","guid":{"rendered":"https:\/\/cosyowl.com\/?post_type=product&#038;p=17438"},"modified":"2026-03-03T13:45:28","modified_gmt":"2026-03-03T13:45:28","slug":"35-mm-sakerhetsetikett-for-stearinljus-vit-svart-text","status":"publish","type":"product","link":"https:\/\/cosyowl.com\/sv\/candle-making-supplies\/candle-making-extras\/35mm-candle-safety-label-white-black-text","title":{"rendered":"35 mm s\u00e4kerhetsetikett f\u00f6r stearinljus - VIT \/ svart text"},"content":{"rendered":"<p>V\u00e5r vita <a href=\"https:\/\/cosyowl.com\/sv\/guides\/a-summers-beach-gel-votive-candle\">ljus<\/a> S\u00e4kerhetsetiketterna \u00e4r tryckta p\u00e5 en vit rund etikett med svart bl\u00e4ck.  De ser bra ut p\u00e5 de flesta f\u00e4rger av ljus, professionella och diskreta.  De \u00e4r 35 mm i diameter, perfekt f\u00f6r de flesta applikationer.<\/p>\n<p><strong>Vad \u00e4r s\u00e4kerhetsetiketter f\u00f6r ljus till f\u00f6r?<\/strong><\/p>\n<p>Om du s\u00e4ljer dina ljus m\u00e5ste du inkludera denna varningsetikett f\u00f6r att uppfylla kraven i den allm\u00e4nna produkts\u00e4kerhetsf\u00f6rordningen 2005.  Dessa etiketter \u00e4r utformade f\u00f6r att f\u00e4stas p\u00e5 undersidan av din beh\u00e5llare eller l\u00e5da f\u00f6r att visa att du f\u00f6ljer best\u00e4mmelserna och att du \u00e4r noggrann med att f\u00f6lja dem och f\u00f6r att ge v\u00e4rdefull praktisk information och s\u00e4kerhetsinformation till slutanv\u00e4ndaren.<\/p>\n<p>V\u00e5ra s\u00e4kerhetsetiketter f\u00f6r stearinljus \u00e4r professionella, h\u00f6ga <a href=\"https:\/\/cosyowl.com\/sv\/candle-wicks\/wedo-lx-wick-raw\">kvalitet<\/a>De \u00e4r slitstarka, droppfria, vattent\u00e4ta, smuts- och rept\u00e5liga.  Vi har valt ut dessa etiketter f\u00f6r att de ska h\u00e5lla l\u00e4nge och \u00e4nd\u00e5 vara ekonomiska.<\/p>\n<p><a href=\"http:\/\/www.legislation.gov.uk\/uksi\/2005\/1803\/contents\/made\" target=\"_blank\" rel=\"noopener\">L\u00e4s om f\u00f6rordningen om allm\u00e4n produkts\u00e4kerhet<\/a> f\u00f6r att f\u00e5 en b\u00e4ttre f\u00f6rst\u00e5else f\u00f6r dina skyldigheter som ljustillverkare.<\/p>\n<p>V\u00e5ra vita s\u00e4kerhetsetiketter f\u00f6r levande ljus levereras i rullar om antingen 10, 50, 100 eller <a href=\"https:\/\/cosyowl.com\/sv\/candle-making-supplies\/tools-equipment\/glue-dots-pack-of-1000\">1000<\/a> och \u00e4r l\u00e4tta att dra av och applicera.<\/p>","protected":false},"excerpt":{"rendered":"<p>Our white candle safety labels are printed on to a white circular label with black ink. \u00a0They look great on most colours of candles, professional and unobtrusive. \u00a0They are 35mm in diameter, perfect for most applications. What are Candle Safety Labels for? If you are selling your candles you need to include this warning label [&hellip;]<\/p>\n","protected":false},"featured_media":17453,"comment_status":"open","ping_status":"closed","template":"","meta":{"_acf_changed":false},"product_brand":[],"product_cat":[532,717],"product_tag":[939],"class_list":{"0":"post-17438","1":"product","2":"type-product","3":"status-publish","4":"has-post-thumbnail","6":"product_cat-tools-equipment","7":"product_cat-sale","8":"product_tag-safety-label","9":"pa_pack-size-569","10":"pa_pack-size-571","11":"pa_pack-size-572","12":"pa_pack-size-570","14":"first","15":"outofstock","16":"taxable","17":"shipping-taxable","18":"purchasable","19":"product-type-variable"},"acf":[],"_links":{"self":[{"href":"https:\/\/cosyowl.com\/sv\/wp-json\/wp\/v2\/product\/17438","targetHints":{"allow":["GET"]}}],"collection":[{"href":"https:\/\/cosyowl.com\/sv\/wp-json\/wp\/v2\/product"}],"about":[{"href":"https:\/\/cosyowl.com\/sv\/wp-json\/wp\/v2\/types\/product"}],"replies":[{"embeddable":true,"href":"https:\/\/cosyowl.com\/sv\/wp-json\/wp\/v2\/comments?post=17438"}],"wp:featuredmedia":[{"embeddable":true,"href":"https:\/\/cosyowl.com\/sv\/wp-json\/wp\/v2\/media\/17453"}],"wp:attachment":[{"href":"https:\/\/cosyowl.com\/sv\/wp-json\/wp\/v2\/media?parent=17438"}],"wp:term":[{"taxonomy":"product_brand","embeddable":true,"href":"https:\/\/cosyowl.com\/sv\/wp-json\/wp\/v2\/product_brand?post=17438"},{"taxonomy":"product_cat","embeddable":true,"href":"https:\/\/cosyowl.com\/sv\/wp-json\/wp\/v2\/product_cat?post=17438"},{"taxonomy":"product_tag","embeddable":true,"href":"https:\/\/cosyowl.com\/sv\/wp-json\/wp\/v2\/product_tag?post=17438"}],"curies":[{"name":"wp","href":"https:\/\/api.w.org\/{rel}","templated":true}]}}