{"id":126579,"date":"2026-03-23T09:22:42","date_gmt":"2026-03-23T09:22:42","guid":{"rendered":"https:\/\/cosyowl.com\/?post_type=product&#038;p=126579"},"modified":"2026-05-01T13:09:03","modified_gmt":"2026-05-01T12:09:03","slug":"gor-det-sjalv-kit-for-sojavaxljus-gor-5-doftljus-hemma-med-tradofter","status":"publish","type":"product","link":"https:\/\/cosyowl.com\/sv\/craft-kits\/candle-making-kits\/soy-candle-making-kit-make-5-scented-candles-at-home-woody-scents","title":{"rendered":"Soy Candle Making Kit \u2013 G\u00f6r 5 doftljus hemma | Tr\u00e4iga dofter"},"content":{"rendered":"<h4 style=\"text-align: left\"><strong>V\u00e5rt kit f\u00f6r ljustillverkning g\u00f6r det enkelt att skapa vackert doftande sojavaxljus hemma. Detta allt-i-ett-kit \u00e4r idealiskt f\u00f6r b\u00e5de nyb\u00f6rjare och erfarna ljusmakare och inneh\u00e5ller allt du beh\u00f6ver f\u00f6r att g\u00f6ra upp till fem doftljus med h\u00f6gkvalitativa material. Varje kit \u00e4r perfekt som present eller som ett roligt pysselprojekt f\u00f6r hemmet och inneh\u00e5ller en doft s\u00e5 att du kan skapa ljus som passar din stil och ditt utrymme. Med allt som beh\u00f6vs f\u00f6r att komma ig\u00e5ng direkt \u00e4r det ett enkelt och givande s\u00e4tt att njuta av ljustillverkning hemma.<\/strong><\/h4>\n<p>&nbsp;<\/p>\n<h3 style=\"text-align: left\"><strong>Vad finns i ditt ljustillverkningskit?<\/strong><\/h3>\n<p>800g Av <strong>H\u00f6g kvalitet <a href=\"https:\/\/cosyowl.com\/sv\/candle-making-supplies\/candle-wax\/soy-wax\/kerasoy-4130-container-wax\">KeraSoy 4130<\/a> Sojavax f\u00f6r beh\u00e5llare<\/strong> F\u00f6r A <a href=\"https:\/\/cosyowl.com\/sv\/candle-making-supplies\/glitters\/pure-white-biodegradable\">Ren<\/a>, Even Burn<\/p>\n<p><a href=\"https:\/\/cosyowl.com\/sv\/candle-tins\/silver-round-candle-tin-with-window-lid-50ml\">50 ml<\/a> <strong><a href=\"https:\/\/cosyowl.com\/sv\/candle-making-supplies\/fragrance-oils-for-candle-making\/premium-fragrance-oils\/cosy-owl-premium-1-million-type-fragrance-oil\">Doftolja<\/a><\/strong><\/p>\n<p>5 <strong>Eco 10 Veker<\/strong> F\u00f6r optimal flamprestanda<\/p>\n<p>5 <strong>Tr\u00e4centreringspinnar<\/strong><\/p>\n<p>5 G<strong>bl\u00e5 prickar<\/strong><\/p>\n<p>5 <strong><a href=\"https:\/\/cosyowl.com\/sv\/candle-making-supplies\/candle-containers\/candle-glasses\/glass-candle-containers-20cl-karen-round-pack-of-12\">20 cl<\/a> <a href=\"https:\/\/cosyowl.com\/sv\/candle-making-supplies\/candle-containers\/candle-glasses\/glass-candle-container-30cl-karen-round\">Karen Round<\/a> Glas\u00f6gon<\/strong> Beh\u00e5llare perfekta f\u00f6r hemmabruk eller presenter<\/p>\n<p>L\u00e4tt att f\u00f6lja, <strong>Steg f\u00f6r steg <a href=\"https:\/\/cosyowl.com\/sv\/guides\/how-to-make-a-candle\">Tillverkning av stearinljus<\/a> <a href=\"https:\/\/cosyowl.com\/sv\/guides\/a-guide-to-creating-your-own-soap-products\">Guide<\/a><\/strong> Perfekt f\u00f6r nyb\u00f6rjare<\/p>\n<h3><strong>V\u00e4lj din favorit doft f\u00f6r doftljus<\/strong><\/h3>\n<p>Doft \u00e4r en av de viktigaste delarna av varje <a href=\"https:\/\/cosyowl.com\/sv\/guides\/a-summers-beach-gel-votive-candle\">ljus<\/a>. Den hj\u00e4lper till att skapa atmosf\u00e4r, v\u00e4cker minnen till liv och ger en personlig touch till varje ljus du g\u00f6r. Det \u00e4r d\u00e4rf\u00f6r detta ljusst\u00f6pningskit med doftolja l\u00e5ter dig v\u00e4lja din \u00f6nskade doft fr\u00e5n rullgardinsmenyn. V\u00e5r samling av premium <a href=\"https:\/\/cosyowl.com\/sv\/guides\/2023-spring-fragrance-oil-trends\">doftoljor<\/a> inneh\u00e5ller ett brett utbud av dofter f\u00f6r alla smaker, fr\u00e5n <a href=\"https:\/\/cosyowl.com\/sv\/candle-making-supplies\/essential-oils\/eucalyptus-globulus-essential-oil\">fr\u00e4sch<\/a> och rena aromer till <a href=\"https:\/\/cosyowl.com\/sv\/craft-kits\/candle-making-kits\/soy-wax-mulled-wine-christmas-candle-making-kit\">varm<\/a>, <a href=\"https:\/\/cosyowl.com\/sv\/fragrance-oils\/chocolate-orange\">rik<\/a>, och tr\u00f6stande blandningar. Varje doftolja \u00e4r h\u00f6gkoncentrerad, s\u00e5 lite r\u00e4cker l\u00e5ngt, vilket ger dig full kontroll \u00f6ver doftstyrkan i dina f\u00e4rdiga ljus. Dessa doftoljor \u00e4r speciellt formulerade f\u00f6r att smidigt blandas med vax, vilket ger utm\u00e4rkt doftprestanda utan att p\u00e5verka <a href=\"https:\/\/cosyowl.com\/sv\/candle-wicks\/wedo-lx-wick-raw\">kvalitet<\/a> eller br\u00e4nna av ditt ljus.<\/p>\n<p><strong><a href=\"https:\/\/cosyowl.com\/sv\/doftoljor\/baltisk-barnsten-kryddnejlika\/?wmc-currency=EUR\">Baltisk b\u00e4rnsten &amp; kryddnejlika<\/a> <\/strong>- En varm, <a href=\"https:\/\/cosyowl.com\/sv\/candle-making-supplies\/essential-oils\/frankincense-essential-oil\">hartsartad<\/a> doft\u00f6ppning med <a href=\"https:\/\/cosyowl.com\/sv\/candle-making-supplies\/glitters\/fluorescent-peach\">ljus<\/a> <a href=\"https:\/\/cosyowl.com\/sv\/candle-making-supplies\/fragrance-oils-for-candle-making\/all-fragrances\/lemon-lavender-fragrance-oil\">citronskal<\/a> och apelsinskal, mjukgjort av kashmir och kryddnejlika, och avslutat med en rik bas av vanilj, svart b\u00e4rnsten, sandeltr\u00e4 och mysk.<\/p>\n<p><strong><a href=\"https:\/\/cosyowl.com\/sv\/tillbehor-for-ljusstopning\/doftoljor-for-ljustillverkning\/alla-dofter\/doftolja-cedertra-jasmin\/?wmc-currency=EUR\">Cedertr\u00e4 och jasmin<\/a> <\/strong>\u2013 En fr\u00e4sch, blommig-tr\u00e4doft som \u00f6ppnar med <a href=\"https:\/\/cosyowl.com\/sv\/candle-making-supplies\/fragrance-oils-for-candle-making\/all-fragrances\/jasmine-fragrance-oil\">jasmin<\/a> och apelsinskal, lager p\u00e5 lager med mjuka toner av liljekonvalj, mynta och cyklamen, och avslutas med en mjuk bas av mysk, vit cedertr\u00e4 och tonka.<\/p>\n<p><strong><a href=\"https:\/\/cosyowl.com\/sv\/tillbehor-for-ljusstopning\/doftoljor-for-ljustillverkning\/alla-dofter\/doftolja-mork-honung-tobak\/?wmc-currency=EUR\">M\u00f6rk Honung &amp; Tobak<\/a> <\/strong>\u2013 En rik, lockande doft som \u00f6ppnar med <a href=\"https:\/\/cosyowl.com\/sv\/candle-making-supplies\/fragrance-oils-for-candle-making\/all-fragrances\/pink-grapefruit-fragrance-oil\">citrus<\/a> apelsin, bergamott och honung, som leder till ett varmt kryddigt hj\u00e4rta av kanel, kryddnejlika, jasmin, <a href=\"https:\/\/cosyowl.com\/sv\/fragrance-oils\/gardenia\">gardenia<\/a>, och muguet, och \u00f6verg\u00e5r i en djup bas av b\u00e4rnsten, cedertr\u00e4, patchouli, sandeltr\u00e4, vanilj och mysk.<\/p>\n<p><strong><a href=\"https:\/\/cosyowl.com\/sv\/tillbehor-for-ljusstopning\/doftoljor-for-ljustillverkning\/alla-dofter\/oud-doftolja\/?wmc-currency=EUR\">Oud<\/a> <\/strong>\u2013 En djup, lyxig doft som \u00f6ppnar med citrus, enb\u00e4r, svarta vinb\u00e4r, plommon, k\u00f6rsb\u00e4r och en hint av <a href=\"https:\/\/cosyowl.com\/sv\/candle-making-kits\/winter-pine-candle-making-kit\">tall<\/a>, vilket leder till ett blommigt hj\u00e4rta av ros, jasmin och ylang med varma kryddor, och \u00f6verg\u00e5r i en intensiv bas av oud, \u00e4dla tr\u00e4slag, patchouli, b\u00e4rnsten och mysk.<\/p>\n<p><a href=\"https:\/\/cosyowl.com\/sv\/tillbehor-for-ljusstopning\/doftoljor-for-ljustillverkning\/alla-dofter\/doftolja-av-sandeltra-och-myrra\/?wmc-currency=EUR\"><strong>Sandeltr\u00e4 &amp; Myrra<\/strong><\/a> - En varm, <a href=\"https:\/\/cosyowl.com\/sv\/fragrance-oils\/teakwood\">tr\u00e4ig<\/a> doft med <a href=\"https:\/\/cosyowl.com\/sv\/candle-making-supplies\/candle-containers\/candle-glasses\/glass-candle-container-50cl-classic-jar-with-lid\">elegant<\/a> noter av geranium, cedertr\u00e4, sandeltr\u00e4 och ylang-ylang, mjukgjorda av <a href=\"https:\/\/cosyowl.com\/sv\/candle-making-supplies\/fragrance-oils-for-candle-making\/all-fragrances\/blueberry-vanilla-fragrance-oil\">kr\u00e4mig vanilj<\/a> och mild mysk f\u00f6r en f\u00f6rfinad, tidl\u00f6s finish.<\/p>\n<p><strong><a href=\"https:\/\/cosyowl.com\/sv\/tillbehor-for-ljusstopning\/doftoljor-for-ljustillverkning\/alla-dofter\/doftolja-sandeltra-vanilj\/?wmc-currency=EUR\">Sandeltr\u00e4 Vanilj<\/a> <\/strong>En mjuk, tr\u00e4igt s\u00f6t doft som \u00f6ppnar med bergamott och fresia, med lager av <a href=\"https:\/\/cosyowl.com\/sv\/fragrance-oils\/lilac\">lila<\/a>, kryddnejlika och cedertr\u00e4, och avslutad med <a href=\"https:\/\/cosyowl.com\/sv\/candle-making-supplies\/fragrance-oils-for-candle-making\/all-fragrances\/french-vanilla-fragrance-oil\">kr\u00e4mig<\/a> bas av sandeltr\u00e4, vaniljst\u00e5ng och vit patchouli.<\/p>\n<p><strong><a href=\"https:\/\/cosyowl.com\/sv\/tillbehor-for-ljusstopning\/doftoljor-for-ljustillverkning\/alla-dofter\/tonkabona-myrra-doftolja\/?wmc-currency=EUR\">Tonkab\u00f6na &amp; Myrra<\/a><\/strong> - A <a href=\"https:\/\/cosyowl.com\/sv\/fragrance-oils\/candy-floss\">s\u00f6t<\/a> orientaliskt doftande med f\u00e4rska citrusnoter av <a href=\"https:\/\/cosyowl.com\/sv\/fragrance-oils\/lemon\">citron<\/a>, grapefrukt och bergamott, vilket leder till en <a href=\"https:\/\/cosyowl.com\/sv\/candle-making-supplies\/fragrance-oils-for-candle-making\/all-fragrances\/velvet-rose-oud-fragrance-oil\">Rik blommig<\/a> hj\u00e4rta av magnolia, heliotrop, ros, iris, lilja, jasmin och plommon, och som landar i en djup bas av ceder, b\u00e4rnsten, patchouli, myrra, tonkab\u00f6na, orkid\u00e9, guaiac-tr\u00e4, vanilj och mysk.<\/p>\n<p><strong><a href=\"https:\/\/cosyowl.com\/sv\/tillbehor-for-ljusstopning\/doftoljor-for-ljustillverkning\/premium-doftoljor\/cosy-owl-premium-tonka-tobak-blomma-doftolja\/?wmc-currency=EUR\">Tonka &amp; Tobaksblomma<\/a> <\/strong>\u2013 En varm, rik doft med s\u00f6ta vanilj- och kaneltoner, ett kryddigt hj\u00e4rta av kanel, mandel och nejlika, och en mjuk bas av tonka och tobak f\u00f6r en djup, l\u00e4tt maskulin finish.<\/p>\n<p><a href=\"https:\/\/cosyowl.com\/sv\/tillbehor-for-ljusstopning\/doftoljor-for-ljustillverkning\/alla-dofter\/velvet-rose-oud-doftolja\/?wmc-currency=EUR\"><strong>Velvet Rose &amp; Oud<\/strong><\/a><strong> -<\/strong> En rik orientalisk blomdoft som \u00f6ppnar med oud, ros, geranium, jasmin och en antydan av nejlika, s\u00f6tad av pralin och som landar i en <a href=\"https:\/\/cosyowl.com\/sv\/fragrance-oils\/raspberry\">hallon<\/a>.<\/p>\n<p><strong><a href=\"https:\/\/cosyowl.com\/sv\/doftoljor\/doftolja-med-vintage-och-vetiver\/?wmc-currency=EUR\">Vintage &amp; Vetiver<\/a> <\/strong>- A <a href=\"https:\/\/cosyowl.com\/sv\/candle-making-supplies\/candle-wax\/paraffin-wax\/kerawax-4600-paraffin-pillar-wax\">klassisk<\/a>, <a href=\"https:\/\/cosyowl.com\/sv\/candle-making-supplies\/fragrance-oils-for-candle-making\/all-fragrances\/pomegranate-noir-fragrance-oil\">sofistikerad<\/a> doft av tr\u00e4 med en frisk \u00f6ppning av citron, som leder till ett raffinerat hj\u00e4rta av tobak och vetiver, och som landar i en varm, kryddig bas av muskot, tobak och peppar.<\/p>\n<p><strong><a href=\"https:\/\/cosyowl.com\/sv\/tillbehor-for-ljusstopning\/doftoljor-for-ljustillverkning\/premium-doftoljor\/cosy-owl-premium-wood-salvia-seasalt-doftolja\/?wmc-currency=EUR\">Salvia Havssalt<\/a> -<\/strong> En f\u00e4rsk, <a href=\"https:\/\/cosyowl.com\/sv\/fragrance-oils\/coffee\">aromatisk<\/a> <a href=\"https:\/\/cosyowl.com\/sv\/candle-making-supplies\/fragrance-oils-for-candle-making\/all-fragrances\/ocean-fragrance-oil\">marin<\/a> doft med subtila citrusnoter, som blandar salta ackord med mjuka tr\u00e4slag, milda kryddor och en touch av s\u00f6tma f\u00f6r en mjuk, l\u00e5ngvarig finish.<\/p>\n<p>&nbsp;<\/p>\n<h3><strong>Varf\u00f6r v\u00e4lja v\u00e5rt kit f\u00f6r sojavaxljusframst\u00e4llning?<\/strong><\/h3>\n<p>Vi \u00e4r stolta \u00f6ver att enbart leverera ingredienser av h\u00f6gsta kvalitet f\u00f6r att g\u00f6ra hemgjorda doftljus. Till skillnad fr\u00e5n m\u00e5nga startpaket \u00e4r v\u00e5ra produkter noggrant utvalda f\u00f6r sin professionella kvalitet, vilket hj\u00e4lper dig att skapa ljus med utm\u00e4rkt brinntid, stark doftspridning och en vacker finish.<\/p>\n<p><strong>V\u00e5r <a href=\"https:\/\/cosyowl.com\/sv\/guides\/how-to-make-bleeding-heart-wax-melts\">G\u00d6R DET SJ\u00c4LV<\/a> kit f\u00f6r tillverkning av sojaljus \u00e4r perfekt f\u00f6r:<\/strong><\/p>\n<ul>\n<li>Nyb\u00f6rjare som l\u00e4r sig att g\u00f6ra ljus hemma<\/li>\n<li>Hobbytillverkare som vill ha en p\u00e5litlig <a href=\"https:\/\/cosyowl.com\/sv\/guides\/how-to-make-marbled-wax-melts\">ljushantverk<\/a> kit<\/li>\n<li>Presentk\u00f6pare som s\u00f6ker efter en <a href=\"https:\/\/cosyowl.com\/sv\/guides\/ideas-and-creativity\">kreativ ljusst\u00f6pning<\/a> g\u00e5va<\/li>\n<li>Den som \u00e4lskar <a href=\"https:\/\/cosyowl.com\/sv\/guides\/making-a-reed-diffuser\">Doft f\u00f6r hemmet<\/a> och handgjorda stearinljus<\/li>\n<\/ul>\n<p>&nbsp;<\/p>\n<h3><strong>Professionella kvalitetsmaterial f\u00f6r ljustillverkning<\/strong><\/h3>\n<p>Varje artikel i detta <a href=\"https:\/\/cosyowl.com\/sv\/guides\/vegan-candle-making-supplies\">tillbeh\u00f6r f\u00f6r ljusst\u00f6pning<\/a> kit \u00e4r valt f\u00f6r att hj\u00e4lpa dig att uppn\u00e5 fantastiska resultat hemma. Vi anv\u00e4nder inte l\u00e5gkvalitativa startmaterial, eftersom vi tror att inl\u00e4rning med b\u00e4ttre ingredienser leder till b\u00e4ttre ljus.<\/p>\n<p><strong>Alla material som ing\u00e5r i det h\u00e4r kitet \u00e4r:<\/strong><\/p>\n<ul>\n<li>H\u00e5llbart producerad<\/li>\n<li>Milj\u00f6v\u00e4nlig<\/li>\n<li>Vegov\u00e4nligt<\/li>\n<li>Djurens r\u00e4tt<\/li>\n<li><a href=\"https:\/\/cosyowl.com\/sv\/guides\/cmrs-and-phthalates-in-fragrance-oils\">Fri fr\u00e5n<\/a> CMR och ftalater<\/li>\n<li>Perfekt f\u00f6r nyb\u00f6rjare och ljus\u00e4lskare<\/li>\n<\/ul>\n<p>Om du letar efter ett startkit f\u00f6r ljustillverkning, ett kit f\u00f6r sojaljus eller ett komplett kit f\u00f6r att g\u00f6ra egna ljus \u00e4r det h\u00e4r ett utm\u00e4rkt st\u00e4lle att b\u00f6rja. Med l\u00e4tt <a href=\"https:\/\/cosyowl.com\/sv\/guides\/temperature-guidelines\">Instruktioner<\/a>, Med v\u00e5ra ljuskitt, premiumingredienser och ditt val av doft g\u00f6r v\u00e5rt kit det enkelt att njuta av den kreativa processen med ljustillverkning i ditt eget hem.<\/p>\n<h3 data-start=\"2493\" data-end=\"2542\"><\/h3>\n<h3 data-start=\"2493\" data-end=\"2542\"><strong>Anv\u00e4ndbara resurser f\u00f6r framg\u00e5ngsrik ljustillverkning<\/strong><\/h3>\n<ul>\n<li><strong><span style=\"color: #ff6600\"><a style=\"color: #ff6600\" href=\"https:\/\/cosyowl.com\/sv\/guider\/hur-man-gor-ett-ljus\/?wmc-currency=EUR\">Hur man g\u00f6r ett stearinljus\u00a0<\/a><\/span><\/strong><\/li>\n<li><strong><span style=\"color: #ff6600\"><a style=\"color: #ff6600\" href=\"https:\/\/cosyowl.com\/sv\/guider\/guide-for-containerljus\/?wmc-currency=EUR\">Guide f\u00f6r tillverkning av containerljus<\/a><\/span><\/strong><\/li>\n<li><strong><span style=\"color: #ff6600\"><a style=\"color: #ff6600\" href=\"https:\/\/cosyowl.com\/sv\/guider\/en-nyborjarguide-till-att-gora-ett-ljus\/?wmc-currency=EUR\">En nyb\u00f6rjarguide till att g\u00f6ra ett ljus<\/a><\/span><\/strong><strong><br \/>\n<\/strong><\/li>\n<li class=\"entry-title\"><strong><span style=\"color: #ff6600\"><a style=\"color: #ff6600\" href=\"https:\/\/cosyowl.com\/sv\/guider\/hur-man-anvander-doftoljor\/?wmc-currency=EUR\">Hur man anv\u00e4nder doftoljor<\/a><\/span><\/strong><\/li>\n<li><strong><span style=\"color: #ff6600\"><a style=\"color: #ff6600\" href=\"https:\/\/cosyowl.com\/sv\/guider\/felsokning\/?wmc-currency=EUR\">Fels\u00f6kning av problem vid ljustillverkning<\/a><\/span><\/strong><\/li>\n<li><strong><span style=\"color: #ff6600\"><a style=\"color: #ff6600\" href=\"https:\/\/cosyowl.com\/sv\/guider\/fragor-och-svar\/?wmc-currency=EUR\">Vanliga fr\u00e5gor om ljustillverkning<\/a><\/span><\/strong><\/li>\n<li><strong><span style=\"color: #ff6600\"><a style=\"color: #ff6600\" href=\"https:\/\/cosyowl.com\/sv\/guider\/?wmc-currency=EUR\">Guider &amp; recept<\/a><\/span><\/strong><\/li>\n<\/ul>","protected":false},"excerpt":{"rendered":"<p>Our Candle Making Kit makes it easy to create beautifully scented soy candles at home. Ideal for beginners and experienced makers alike, this all-in-one kit includes everything you need to make up to five fragranced candles using high-quality materials.\u00a0Perfect as a gift or a fun home craft project, each kit includes one fragrance so you [&hellip;]<\/p>\n","protected":false},"featured_media":126805,"comment_status":"open","ping_status":"closed","template":"","meta":{"_acf_changed":false},"product_brand":[],"product_cat":[530,720,653],"product_tag":[917],"class_list":{"0":"post-126579","1":"product","2":"type-product","3":"status-publish","4":"has-post-thumbnail","6":"product_cat-candle-making-kits","7":"product_cat-candle-making-kits-candle-making-supplies","8":"product_cat-craft-kits","9":"product_tag-candle-making-kit","10":"product_shipping_class-royal_mail_kits","12":"first","13":"instock","14":"taxable","15":"shipping-taxable","16":"purchasable","17":"product-type-variable"},"acf":[],"_links":{"self":[{"href":"https:\/\/cosyowl.com\/sv\/wp-json\/wp\/v2\/product\/126579","targetHints":{"allow":["GET"]}}],"collection":[{"href":"https:\/\/cosyowl.com\/sv\/wp-json\/wp\/v2\/product"}],"about":[{"href":"https:\/\/cosyowl.com\/sv\/wp-json\/wp\/v2\/types\/product"}],"replies":[{"embeddable":true,"href":"https:\/\/cosyowl.com\/sv\/wp-json\/wp\/v2\/comments?post=126579"}],"wp:featuredmedia":[{"embeddable":true,"href":"https:\/\/cosyowl.com\/sv\/wp-json\/wp\/v2\/media\/126805"}],"wp:attachment":[{"href":"https:\/\/cosyowl.com\/sv\/wp-json\/wp\/v2\/media?parent=126579"}],"wp:term":[{"taxonomy":"product_brand","embeddable":true,"href":"https:\/\/cosyowl.com\/sv\/wp-json\/wp\/v2\/product_brand?post=126579"},{"taxonomy":"product_cat","embeddable":true,"href":"https:\/\/cosyowl.com\/sv\/wp-json\/wp\/v2\/product_cat?post=126579"},{"taxonomy":"product_tag","embeddable":true,"href":"https:\/\/cosyowl.com\/sv\/wp-json\/wp\/v2\/product_tag?post=126579"}],"curies":[{"name":"wp","href":"https:\/\/api.w.org\/{rel}","templated":true}]}}