{"id":126537,"date":"2026-03-23T09:22:47","date_gmt":"2026-03-23T09:22:47","guid":{"rendered":"https:\/\/cosyowl.com\/?post_type=product&#038;p=126537"},"modified":"2026-05-01T13:09:03","modified_gmt":"2026-05-01T12:09:03","slug":"gor-5-doftljus-hemma-kit-for-sojavaxljus-med-maskulina-dofter","status":"publish","type":"product","link":"https:\/\/cosyowl.com\/sv\/craft-kits\/candle-making-kits\/soy-candle-making-kit-make-5-scented-candles-at-home-masculine-scents","title":{"rendered":"Ljusgjutningskit med sojavax \u2013 G\u00f6r 5 doftljus hemma | Maskulina dofter"},"content":{"rendered":"<h4 style=\"text-align: left\"><strong>V\u00e5rt kit f\u00f6r ljustillverkning g\u00f6r det enkelt att skapa vackert doftande sojavaxljus hemma. Detta allt-i-ett-kit \u00e4r idealiskt f\u00f6r b\u00e5de nyb\u00f6rjare och erfarna ljusmakare och inneh\u00e5ller allt du beh\u00f6ver f\u00f6r att g\u00f6ra upp till fem doftljus med h\u00f6gkvalitativa material. Varje kit \u00e4r perfekt som present eller som ett roligt pysselprojekt f\u00f6r hemmet och inneh\u00e5ller en doft s\u00e5 att du kan skapa ljus som passar din stil och ditt utrymme. Med allt som beh\u00f6vs f\u00f6r att komma ig\u00e5ng direkt \u00e4r det ett enkelt och givande s\u00e4tt att njuta av ljustillverkning hemma.<\/strong><\/h4>\n<p>&nbsp;<\/p>\n<h3 style=\"text-align: left\"><strong>Vad finns i ditt ljustillverkningskit?<\/strong><\/h3>\n<p>800g Av <strong>H\u00f6g kvalitet <a href=\"https:\/\/cosyowl.com\/sv\/candle-making-supplies\/candle-wax\/soy-wax\/kerasoy-4130-container-wax\">KeraSoy 4130<\/a> Sojavax f\u00f6r beh\u00e5llare<\/strong> F\u00f6r A <a href=\"https:\/\/cosyowl.com\/sv\/candle-making-supplies\/glitters\/pure-white-biodegradable\">Ren<\/a>, Even Burn<\/p>\n<p><a href=\"https:\/\/cosyowl.com\/sv\/candle-tins\/silver-round-candle-tin-with-window-lid-50ml\">50 ml<\/a> <strong><a href=\"https:\/\/cosyowl.com\/sv\/candle-making-supplies\/fragrance-oils-for-candle-making\/premium-fragrance-oils\/cosy-owl-premium-1-million-type-fragrance-oil\">Doftolja<\/a><\/strong><\/p>\n<p>5 <strong>Eco 10 Veker<\/strong> F\u00f6r optimal flamprestanda<\/p>\n<p>5 <strong>Tr\u00e4centreringspinnar<\/strong><\/p>\n<p>5 G<strong>bl\u00e5 prickar<\/strong><\/p>\n<p>5 <strong><a href=\"https:\/\/cosyowl.com\/sv\/candle-making-supplies\/candle-containers\/candle-glasses\/glass-candle-containers-20cl-karen-round-pack-of-12\">20 cl<\/a> <a href=\"https:\/\/cosyowl.com\/sv\/candle-making-supplies\/candle-containers\/candle-glasses\/glass-candle-container-30cl-karen-round\">Karen Round<\/a> Glas\u00f6gon<\/strong> Beh\u00e5llare perfekta f\u00f6r hemmabruk eller presenter<\/p>\n<p>L\u00e4tt att f\u00f6lja, <strong>Steg f\u00f6r steg <a href=\"https:\/\/cosyowl.com\/sv\/guides\/how-to-make-a-candle\">Tillverkning av stearinljus<\/a> <a href=\"https:\/\/cosyowl.com\/sv\/guides\/a-guide-to-creating-your-own-soap-products\">Guide<\/a><\/strong> Perfekt f\u00f6r nyb\u00f6rjare<\/p>\n<h3><strong>V\u00e4lj din favorit doft f\u00f6r doftljus<\/strong><\/h3>\n<p>Doft \u00e4r en av de viktigaste delarna av varje <a href=\"https:\/\/cosyowl.com\/sv\/guides\/a-summers-beach-gel-votive-candle\">ljus<\/a>. Den hj\u00e4lper till att skapa atmosf\u00e4r, v\u00e4cker minnen till liv och ger en personlig touch till varje ljus du g\u00f6r. Det \u00e4r d\u00e4rf\u00f6r detta ljusst\u00f6pningskit med doftolja l\u00e5ter dig v\u00e4lja din \u00f6nskade doft fr\u00e5n rullgardinsmenyn. V\u00e5r samling av premium <a href=\"https:\/\/cosyowl.com\/sv\/guides\/2023-spring-fragrance-oil-trends\">doftoljor<\/a> inneh\u00e5ller ett brett utbud av dofter f\u00f6r alla smaker, fr\u00e5n <a href=\"https:\/\/cosyowl.com\/sv\/candle-making-supplies\/essential-oils\/eucalyptus-globulus-essential-oil\">fr\u00e4sch<\/a> och rena aromer till <a href=\"https:\/\/cosyowl.com\/sv\/craft-kits\/candle-making-kits\/soy-wax-mulled-wine-christmas-candle-making-kit\">varm<\/a>, <a href=\"https:\/\/cosyowl.com\/sv\/fragrance-oils\/chocolate-orange\">rik<\/a>, och tr\u00f6stande blandningar. Varje doftolja \u00e4r h\u00f6gkoncentrerad, s\u00e5 lite r\u00e4cker l\u00e5ngt, vilket ger dig full kontroll \u00f6ver doftstyrkan i dina f\u00e4rdiga ljus. Dessa doftoljor \u00e4r speciellt formulerade f\u00f6r att smidigt blandas med vax, vilket ger utm\u00e4rkt doftprestanda utan att p\u00e5verka <a href=\"https:\/\/cosyowl.com\/sv\/candle-wicks\/wedo-lx-wick-raw\">kvalitet<\/a> eller br\u00e4nna av ditt ljus.<\/p>\n<p><strong><a href=\"https:\/\/cosyowl.com\/sv\/tillbehor-for-ljusstopning\/doftoljor-for-ljustillverkning\/premium-doftoljor\/cosy-owl-premium-1-miljon-typ-doftolja\/?wmc-currency=EUR\">1 miljon<\/a> <\/strong>- A <a href=\"https:\/\/cosyowl.com\/sv\/candle-making-supplies\/glitters\/fluorescent-green\">dj\u00e4rv<\/a>, maskulin doft som inleds med frisk grapefrukt, mynta och blodapelsin, f\u00f6rst\u00e4rkt av subtila <a href=\"https:\/\/cosyowl.com\/sv\/craft-supplies\/wax-melt-supplies\/mica-powder-glitter\/bright-peach-biodegradable-candle-glitter\">gnistrande<\/a> kryddor och jordad i en mjuk bas av vita tr\u00e4slag och b\u00e4rnsten.<\/p>\n<p><strong><a href=\"https:\/\/cosyowl.com\/sv\/doftoljor\/alla-dofter\/bibliotheque-doftolja\/?wmc-currency=EUR\">Bibliotheque<\/a> -<\/strong> En djup, maskulin doft med en varm, mustig karakt\u00e4r, som frammanar gamla b\u00f6cker och \u00e5ldrat tr\u00e4, berikad med komplexa mellan- och basnoter f\u00f6r en rik, rund och atmosf\u00e4risk finish.<\/p>\n<p><strong><a href=\"https:\/\/cosyowl.com\/sv\/tillbehor-for-ljusstopning\/doftoljor-for-ljustillverkning\/alla-dofter\/mr-boss-doftolja\/?wmc-currency=EUR\">Mr Boss<\/a> <\/strong>- En raffinerad, maskulin doft som inleds med krispigt \u00e4pple och <a href=\"https:\/\/cosyowl.com\/sv\/candle-making-supplies\/fragrance-oils-for-candle-making\/all-fragrances\/lime-basil-mandarin-fragrance-oil\">uppk\u00e4ftig<\/a> <a href=\"https:\/\/cosyowl.com\/sv\/fragrance-oils\/lemon\">citron<\/a>, som leder till ett varmt hj\u00e4rta av kanel och kryddnejlika med b\u00e4rnsten och balsamiska toner, och som grundas i cedertr\u00e4 med en mjuk touch av vanilj.<\/p>\n<p><strong><a href=\"https:\/\/cosyowl.com\/sv\/tillbehor-for-ljusstopning\/doftoljor-for-ljustillverkning\/alla-dofter\/doftolja-av-creed-typ\/?wmc-currency=EUR\">Typ av trosbek\u00e4nnelse<\/a><\/strong> - En ny, <a href=\"https:\/\/cosyowl.com\/sv\/fragrance-oils\/coffee\">aromatisk<\/a> doft som inleds med citronskal, vild mynta och eukalyptus, \u00f6verlagras av rosmarin, cyklamen, pelargon och muguet och avslutas med en raffinerad bas av b\u00e4rnsten, vitt sandeltr\u00e4, ekmossa och patchouli.<\/p>\n<p><strong><a href=\"https:\/\/cosyowl.com\/sv\/tillbehor-for-ljusstopning\/doftoljor-for-ljustillverkning\/alla-dofter\/doftolja-mork-honung-tobak\/?wmc-currency=EUR\">M\u00f6rk Honung &amp; Tobak<\/a> <\/strong>- En rik, fyllig doft som \u00f6ppnar med <a href=\"https:\/\/cosyowl.com\/sv\/candle-making-supplies\/fragrance-oils-for-candle-making\/all-fragrances\/pink-grapefruit-fragrance-oil\">citrus<\/a> apelsin, bergamott och honung, som leder till ett varmt kryddat hj\u00e4rta av kanel, kryddnejlika, <a href=\"https:\/\/cosyowl.com\/sv\/candle-making-supplies\/fragrance-oils-for-candle-making\/all-fragrances\/jasmine-fragrance-oil\">jasmin<\/a>, <a href=\"https:\/\/cosyowl.com\/sv\/fragrance-oils\/gardenia\">gardenia<\/a>, och muguet, och \u00f6verg\u00e5r i en djup bas av b\u00e4rnsten, cedertr\u00e4, patchouli, sandeltr\u00e4, vanilj och mysk.<\/p>\n<p><strong><a href=\"https:\/\/cosyowl.com\/sv\/tillbehor-for-ljusstopning\/doftoljor-for-ljustillverkning\/alla-dofter\/doftolja-av-egyptisk-barnsten\/?wmc-currency=EUR\">Egyptisk b\u00e4rnsten<\/a><\/strong> - En rik, sensuell doft med marockansk b\u00e4rnsten, <a href=\"https:\/\/cosyowl.com\/sv\/candle-making-kits\/soy-wax-christmas-spice-candle-making-kit\">kryddig<\/a> kanel, pomerans och koriander, som f\u00f6rdjupas av en mjuk bas av vaniljst\u00e5ng, sandeltr\u00e4, patchouli och ylang ylang.<\/p>\n<p><strong><a href=\"https:\/\/cosyowl.com\/sv\/tillbehor-for-ljusstopning\/doftoljor-for-ljustillverkning\/alla-dofter\/midnattspassion-doftolja\/?wmc-currency=EUR\">Midnattspassion<\/a> <\/strong>- En rik, <a href=\"https:\/\/cosyowl.com\/sv\/candle-making-supplies\/fragrance-oils-for-candle-making\/all-fragrances\/black-coconut-fragrance-oil\">exotiska<\/a> blommig doft som \u00f6ppnar med gardenia, ylang och <a href=\"https:\/\/cosyowl.com\/sv\/fragrance-oils\/fresh-cut-grass\">gr\u00f6n<\/a> noter, som leder till ett mjukt hj\u00e4rta av orkid\u00e9, ros, jasmin och apelsinblomma, och som landar i en varm bas av sandeltr\u00e4, cedertr\u00e4, b\u00e4rnsten och vanilj.<\/p>\n<p><strong><a href=\"https:\/\/cosyowl.com\/sv\/tillbehor-for-ljusstopning\/doftoljor-for-ljustillverkning\/alla-dofter\/doftolja-red-flare\/?wmc-currency=EUR\">R\u00f6d flamma<\/a> <\/strong>- A <a href=\"https:\/\/cosyowl.com\/sv\/candle-making-supplies\/fragrance-oils-for-candle-making\/all-fragrances\/pomegranate-noir-fragrance-oil\">sofistikerad<\/a> doft som \u00f6ppnar med frisk bergamott och citron, leder till ett varmt hj\u00e4rta av b\u00e4rnsten och fleur d'oranger, och l\u00e4gger sig i en rik bas av tonka, vanilj, sandeltr\u00e4 och mysk.<\/p>\n<p><strong><a href=\"https:\/\/cosyowl.com\/sv\/tillbehor-for-ljusstopning\/doftoljor-for-ljustillverkning\/alla-dofter\/sauvage-doftolja\/?wmc-currency=EUR\">Sauvage<\/a> <\/strong>- A <a href=\"https:\/\/cosyowl.com\/sv\/candle-making-supplies\/glitters\/lake-blue-biodegradable\">cool<\/a>, En sofistikerad doft som inleds med frisk bergamott och mandarin, f\u00f6ljs av pelargon, olibanum och fr\u00e4sch lavendel och avslutas med patchouli, mossa, b\u00e4rnsten och mysk f\u00f6r en raffinerad och l\u00e5ngvarig finish.<\/p>\n<p><strong><a href=\"https:\/\/cosyowl.com\/sv\/tillbehor-for-ljusstopning\/doftoljor-for-ljustillverkning\/premium-doftoljor\/cosy-owl-premium-tonka-tobak-blomma-doftolja\/?wmc-currency=EUR\">Tonka Tobak<\/a> <\/strong>- En varm, rik doft med <a href=\"https:\/\/cosyowl.com\/sv\/fragrance-oils\/candy-floss\">s\u00f6t<\/a> toppnoter av vanilj och kanel, ett kryddat hj\u00e4rta av kanel, mandel och kryddnejlika och en mjuk bas av tonka och tobak f\u00f6r en djup, maskulin finish.<\/p>\n<p><strong><a href=\"https:\/\/cosyowl.com\/sv\/tillbehor-for-ljusstopning\/doftoljor-for-ljustillverkning\/alla-dofter\/doftolja-vintage-bokhandel\/?wmc-currency=EUR\">Vintage bokhandel<\/a><\/strong> - En varm, st\u00e4mningsfull doft med <a href=\"https:\/\/cosyowl.com\/sv\/fragrance-oils\/teakwood\">tr\u00e4ig<\/a> chypre-noter, l\u00e4der, bergamott och gr\u00f6na blad, som leder till ett kryddigt hj\u00e4rta av muskotn\u00f6t, patchouli, nejlika och svartpeppar, och l\u00e4gger sig i en rik bas av b\u00e4rnsten, tobak och sandeltr\u00e4.<\/p>\n<p><strong><a href=\"https:\/\/cosyowl.com\/sv\/doftoljor\/doftolja-med-vintage-och-vetiver\/?wmc-currency=EUR\">Vintage &amp; Vetiver<\/a> <\/strong>- A <a href=\"https:\/\/cosyowl.com\/sv\/candle-making-supplies\/candle-wax\/paraffin-wax\/kerawax-4600-paraffin-pillar-wax\">klassisk<\/a>, sofistikerad tr\u00e4ig doft som inleds med frisk citron, leder till ett raffinerat hj\u00e4rta av tobak och vetiver och \u00f6verg\u00e5r i en varm, kryddad bas av muskotn\u00f6t, tobak och peppar.<\/p>\n<p><strong><a href=\"https:\/\/cosyowl.com\/sv\/tillbehor-for-ljusstopning\/doftoljor-for-ljustillverkning\/premium-doftoljor\/cosy-owl-premium-wood-salvia-seasalt-doftolja\/?wmc-currency=EUR\">Salvia Havssalt<\/a> <\/strong>- En mjuk, aromatisk <a href=\"https:\/\/cosyowl.com\/sv\/candle-making-supplies\/fragrance-oils-for-candle-making\/all-fragrances\/ocean-fragrance-oil\">marin<\/a> doft med fr\u00e4scha citrusnoter, som blandar salta ackord med mjuka tr\u00e4slag, mild krydda och en touch av s\u00f6tma f\u00f6r en raffinerad, l\u00e5ngvarig finish.<\/p>\n<p><strong><a href=\"https:\/\/cosyowl.com\/sv\/doftoljor\/doftolja-wood-smoke-vanilj\/?wmc-currency=EUR\">Tr\u00e4 R\u00f6k Vanilj<\/a> <\/strong>- En komplex men \u00e4nd\u00e5 delikat doft som inleds med siamtr\u00e4, gul mandarin, saffran och vanilj och vilar p\u00e5 en raffinerad bas av lapsang souchong-te, kumarin och ambra f\u00f6r en mjuk och balanserad finish.<\/p>\n<h3><strong>Varf\u00f6r v\u00e4lja v\u00e5rt kit f\u00f6r sojavaxljusframst\u00e4llning?<\/strong><\/h3>\n<p>Vi \u00e4r stolta \u00f6ver att enbart leverera ingredienser av h\u00f6gsta kvalitet f\u00f6r att g\u00f6ra hemgjorda doftljus. Till skillnad fr\u00e5n m\u00e5nga startpaket \u00e4r v\u00e5ra produkter noggrant utvalda f\u00f6r sin professionella kvalitet, vilket hj\u00e4lper dig att skapa ljus med utm\u00e4rkt brinntid, stark doftspridning och en vacker finish.<\/p>\n<p><strong>V\u00e5r <a href=\"https:\/\/cosyowl.com\/sv\/guides\/how-to-make-bleeding-heart-wax-melts\">G\u00d6R DET SJ\u00c4LV<\/a> kit f\u00f6r tillverkning av sojaljus \u00e4r perfekt f\u00f6r:<\/strong><\/p>\n<ul>\n<li>Nyb\u00f6rjare som l\u00e4r sig att g\u00f6ra ljus hemma<\/li>\n<li>Hobbytillverkare som vill ha en p\u00e5litlig <a href=\"https:\/\/cosyowl.com\/sv\/guides\/how-to-make-marbled-wax-melts\">ljushantverk<\/a> kit<\/li>\n<li>Presentk\u00f6pare som s\u00f6ker efter en <a href=\"https:\/\/cosyowl.com\/sv\/guides\/ideas-and-creativity\">kreativ ljusst\u00f6pning<\/a> g\u00e5va<\/li>\n<li>Den som \u00e4lskar <a href=\"https:\/\/cosyowl.com\/sv\/guides\/making-a-reed-diffuser\">Doft f\u00f6r hemmet<\/a> och handgjorda stearinljus<\/li>\n<\/ul>\n<h4><\/h4>\n<h3><strong>Professionella kvalitetsmaterial f\u00f6r ljustillverkning<\/strong><\/h3>\n<p>Varje artikel i detta <a href=\"https:\/\/cosyowl.com\/sv\/guides\/vegan-candle-making-supplies\">tillbeh\u00f6r f\u00f6r ljusst\u00f6pning<\/a> kit \u00e4r valt f\u00f6r att hj\u00e4lpa dig att uppn\u00e5 fantastiska resultat hemma. Vi anv\u00e4nder inte l\u00e5gkvalitativa startmaterial, eftersom vi tror att inl\u00e4rning med b\u00e4ttre ingredienser leder till b\u00e4ttre ljus.<\/p>\n<p><strong>Alla material som ing\u00e5r i det h\u00e4r kitet \u00e4r:<\/strong><\/p>\n<ul>\n<li>H\u00e5llbart producerad<\/li>\n<li>Milj\u00f6v\u00e4nlig<\/li>\n<li>Vegov\u00e4nligt<\/li>\n<li>Djurens r\u00e4tt<\/li>\n<li><a href=\"https:\/\/cosyowl.com\/sv\/guides\/cmrs-and-phthalates-in-fragrance-oils\">Fri fr\u00e5n<\/a> CMR och ftalater<\/li>\n<li>Perfekt f\u00f6r nyb\u00f6rjare och ljus\u00e4lskare<\/li>\n<\/ul>\n<p>Om du letar efter ett startkit f\u00f6r ljustillverkning, ett kit f\u00f6r sojaljus eller ett komplett kit f\u00f6r att g\u00f6ra egna ljus \u00e4r det h\u00e4r ett utm\u00e4rkt st\u00e4lle att b\u00f6rja. Med l\u00e4tt <a href=\"https:\/\/cosyowl.com\/sv\/guides\/temperature-guidelines\">Instruktioner<\/a>, Med v\u00e5ra ljuskitt, premiumingredienser och ditt val av doft g\u00f6r v\u00e5rt kit det enkelt att njuta av den kreativa processen med ljustillverkning i ditt eget hem.<\/p>\n<h3 data-start=\"2493\" data-end=\"2542\"><\/h3>\n<h3 data-start=\"2493\" data-end=\"2542\"><strong>Anv\u00e4ndbara resurser f\u00f6r framg\u00e5ngsrik ljustillverkning<\/strong><\/h3>\n<ul>\n<li><strong><span style=\"color: #ff6600\"><a style=\"color: #ff6600\" href=\"https:\/\/cosyowl.com\/sv\/guider\/hur-man-gor-ett-ljus\/?wmc-currency=EUR\">Hur man g\u00f6r ett stearinljus\u00a0<\/a><\/span><\/strong><\/li>\n<li><strong><span style=\"color: #ff6600\"><a style=\"color: #ff6600\" href=\"https:\/\/cosyowl.com\/sv\/guider\/guide-for-containerljus\/?wmc-currency=EUR\">Guide f\u00f6r tillverkning av containerljus<\/a><\/span><\/strong><\/li>\n<li><strong><span style=\"color: #ff6600\"><a style=\"color: #ff6600\" href=\"https:\/\/cosyowl.com\/sv\/guider\/en-nyborjarguide-till-att-gora-ett-ljus\/?wmc-currency=EUR\">En nyb\u00f6rjarguide till att g\u00f6ra ett ljus<\/a><\/span><\/strong><strong><br \/>\n<\/strong><\/li>\n<li class=\"entry-title\"><strong><span style=\"color: #ff6600\"><a style=\"color: #ff6600\" href=\"https:\/\/cosyowl.com\/sv\/guider\/hur-man-anvander-doftoljor\/?wmc-currency=EUR\">Hur man anv\u00e4nder doftoljor<\/a><\/span><\/strong><\/li>\n<li><strong><span style=\"color: #ff6600\"><a style=\"color: #ff6600\" href=\"https:\/\/cosyowl.com\/sv\/guider\/felsokning\/?wmc-currency=EUR\">Fels\u00f6kning av problem vid ljustillverkning<\/a><\/span><\/strong><\/li>\n<li><strong><span style=\"color: #ff6600\"><a style=\"color: #ff6600\" href=\"https:\/\/cosyowl.com\/sv\/guider\/fragor-och-svar\/?wmc-currency=EUR\">Vanliga fr\u00e5gor om ljustillverkning<\/a><\/span><\/strong><\/li>\n<li><strong><span style=\"color: #ff6600\"><a style=\"color: #ff6600\" href=\"https:\/\/cosyowl.com\/sv\/guider\/?wmc-currency=EUR\">Guider &amp; recept<\/a><\/span><\/strong><\/li>\n<\/ul>","protected":false},"excerpt":{"rendered":"<p>Our Candle Making Kit makes it easy to create beautifully scented soy candles at home. Ideal for beginners and experienced makers alike, this all-in-one kit includes everything you need to make up to five fragranced candles using high-quality materials.\u00a0Perfect as a gift or a fun home craft project, each kit includes one fragrance so you [&hellip;]<\/p>\n","protected":false},"featured_media":126805,"comment_status":"open","ping_status":"closed","template":"","meta":{"_acf_changed":false},"product_brand":[],"product_cat":[530,720,653],"product_tag":[917],"class_list":{"0":"post-126537","1":"product","2":"type-product","3":"status-publish","4":"has-post-thumbnail","6":"product_cat-candle-making-kits","7":"product_cat-candle-making-kits-candle-making-supplies","8":"product_cat-craft-kits","9":"product_tag-candle-making-kit","10":"product_shipping_class-royal_mail_kits","12":"first","13":"instock","14":"taxable","15":"shipping-taxable","16":"purchasable","17":"product-type-variable"},"acf":[],"_links":{"self":[{"href":"https:\/\/cosyowl.com\/sv\/wp-json\/wp\/v2\/product\/126537","targetHints":{"allow":["GET"]}}],"collection":[{"href":"https:\/\/cosyowl.com\/sv\/wp-json\/wp\/v2\/product"}],"about":[{"href":"https:\/\/cosyowl.com\/sv\/wp-json\/wp\/v2\/types\/product"}],"replies":[{"embeddable":true,"href":"https:\/\/cosyowl.com\/sv\/wp-json\/wp\/v2\/comments?post=126537"}],"wp:featuredmedia":[{"embeddable":true,"href":"https:\/\/cosyowl.com\/sv\/wp-json\/wp\/v2\/media\/126805"}],"wp:attachment":[{"href":"https:\/\/cosyowl.com\/sv\/wp-json\/wp\/v2\/media?parent=126537"}],"wp:term":[{"taxonomy":"product_brand","embeddable":true,"href":"https:\/\/cosyowl.com\/sv\/wp-json\/wp\/v2\/product_brand?post=126537"},{"taxonomy":"product_cat","embeddable":true,"href":"https:\/\/cosyowl.com\/sv\/wp-json\/wp\/v2\/product_cat?post=126537"},{"taxonomy":"product_tag","embeddable":true,"href":"https:\/\/cosyowl.com\/sv\/wp-json\/wp\/v2\/product_tag?post=126537"}],"curies":[{"name":"wp","href":"https:\/\/api.w.org\/{rel}","templated":true}]}}