{"id":126420,"date":"2026-03-23T09:22:59","date_gmt":"2026-03-23T09:22:59","guid":{"rendered":"https:\/\/cosyowl.com\/?post_type=product&#038;p=126420"},"modified":"2026-05-01T13:08:56","modified_gmt":"2026-05-01T12:08:56","slug":"gor-det-sjalv-ljuskit-for-sojaljus-gor-5-doftljus-hemma-fruktiga-dofter","status":"publish","type":"product","link":"https:\/\/cosyowl.com\/sv\/craft-kits\/candle-making-kits\/soy-candle-making-kit-make-5-scented-candles-at-home-fruity-scents","title":{"rendered":"G\u00f6r-det-sj\u00e4lv-kit f\u00f6r sojavaxljus \u2013 G\u00f6r 5 doftljus hemma | Fruktiga dofter"},"content":{"rendered":"<h4 style=\"text-align: left\"><strong>V\u00e5rt kit f\u00f6r ljustillverkning g\u00f6r det enkelt att skapa vackert doftande sojavaxljus hemma. Detta allt-i-ett-kit \u00e4r idealiskt f\u00f6r b\u00e5de nyb\u00f6rjare och erfarna ljusmakare och inneh\u00e5ller allt du beh\u00f6ver f\u00f6r att g\u00f6ra upp till fem doftljus med h\u00f6gkvalitativa material. Varje kit \u00e4r perfekt som present eller som ett roligt pysselprojekt f\u00f6r hemmet och inneh\u00e5ller en doft s\u00e5 att du kan skapa ljus som passar din stil och ditt utrymme. Med allt som beh\u00f6vs f\u00f6r att komma ig\u00e5ng direkt \u00e4r det ett enkelt och givande s\u00e4tt att njuta av ljustillverkning hemma.<\/strong><\/h4>\n<p>&nbsp;<\/p>\n<h3 style=\"text-align: left\"><strong>Vad finns i ditt ljustillverkningskit?<\/strong><\/h3>\n<p>800g Av <strong>H\u00f6g kvalitet <a href=\"https:\/\/cosyowl.com\/sv\/candle-making-supplies\/candle-wax\/soy-wax\/kerasoy-4130-container-wax\">KeraSoy 4130<\/a> Sojavax f\u00f6r beh\u00e5llare<\/strong> F\u00f6r A <a href=\"https:\/\/cosyowl.com\/sv\/candle-making-supplies\/glitters\/pure-white-biodegradable\">Ren<\/a>, Even Burn<\/p>\n<p><a href=\"https:\/\/cosyowl.com\/sv\/candle-tins\/silver-round-candle-tin-with-window-lid-50ml\">50 ml<\/a> <strong><a href=\"https:\/\/cosyowl.com\/sv\/candle-making-supplies\/fragrance-oils-for-candle-making\/premium-fragrance-oils\/cosy-owl-premium-1-million-type-fragrance-oil\">Doftolja<\/a><\/strong><\/p>\n<p>5 <strong>Eco 10 Veker<\/strong> F\u00f6r optimal flamprestanda<\/p>\n<p>5 <strong>Tr\u00e4centreringspinnar<\/strong><\/p>\n<p>5 G<strong>bl\u00e5 prickar<\/strong><\/p>\n<p>5 <strong><a href=\"https:\/\/cosyowl.com\/sv\/candle-making-supplies\/candle-containers\/candle-glasses\/glass-candle-containers-20cl-karen-round-pack-of-12\">20 cl<\/a> <a href=\"https:\/\/cosyowl.com\/sv\/candle-making-supplies\/candle-containers\/candle-glasses\/glass-candle-container-30cl-karen-round\">Karen Round<\/a> Glas\u00f6gon<\/strong> Beh\u00e5llare perfekta f\u00f6r hemmabruk eller presenter<\/p>\n<p>L\u00e4tt att f\u00f6lja, <strong>Steg f\u00f6r steg <a href=\"https:\/\/cosyowl.com\/sv\/guides\/how-to-make-a-candle\">Tillverkning av stearinljus<\/a> <a href=\"https:\/\/cosyowl.com\/sv\/guides\/a-guide-to-creating-your-own-soap-products\">Guide<\/a><\/strong> Perfekt f\u00f6r nyb\u00f6rjare<\/p>\n<h3><strong>V\u00e4lj din favorit doft f\u00f6r doftljus<\/strong><\/h3>\n<p>Doft \u00e4r en av de viktigaste delarna av varje <a href=\"https:\/\/cosyowl.com\/sv\/guides\/a-summers-beach-gel-votive-candle\">ljus<\/a>. Den hj\u00e4lper till att skapa atmosf\u00e4r, v\u00e4cker minnen till liv och ger en personlig touch till varje ljus du g\u00f6r. Det \u00e4r d\u00e4rf\u00f6r detta ljusst\u00f6pningskit med doftolja l\u00e5ter dig v\u00e4lja din \u00f6nskade doft fr\u00e5n rullgardinsmenyn. V\u00e5r samling av premium <a href=\"https:\/\/cosyowl.com\/sv\/guides\/2023-spring-fragrance-oil-trends\">doftoljor<\/a> inneh\u00e5ller ett brett utbud av dofter f\u00f6r alla smaker, fr\u00e5n <a href=\"https:\/\/cosyowl.com\/sv\/candle-making-supplies\/essential-oils\/eucalyptus-globulus-essential-oil\">fr\u00e4sch<\/a> och rena aromer till <a href=\"https:\/\/cosyowl.com\/sv\/craft-kits\/candle-making-kits\/soy-wax-mulled-wine-christmas-candle-making-kit\">varm<\/a>, <a href=\"https:\/\/cosyowl.com\/sv\/fragrance-oils\/chocolate-orange\">rik<\/a>, och tr\u00f6stande blandningar. Varje doftolja \u00e4r h\u00f6gkoncentrerad, s\u00e5 lite r\u00e4cker l\u00e5ngt, vilket ger dig full kontroll \u00f6ver doftstyrkan i dina f\u00e4rdiga ljus. Dessa doftoljor \u00e4r speciellt formulerade f\u00f6r att smidigt blandas med vax, vilket ger utm\u00e4rkt doftprestanda utan att p\u00e5verka <a href=\"https:\/\/cosyowl.com\/sv\/candle-wicks\/wedo-lx-wick-raw\">kvalitet<\/a> eller br\u00e4nna av ditt ljus.<\/p>\n<p><strong><a href=\"https:\/\/cosyowl.com\/sv\/doftoljor\/doftolja-bjornbar-och-lagerblad\/?wmc-currency=EUR\">Blackberry &amp; Bay<\/a> <\/strong>- En frisk, fruktig och blommig doft som inleds med bj\u00f6rnb\u00e4r och grapefrukt, som leder till en <a href=\"https:\/\/cosyowl.com\/sv\/candle-making-supplies\/fragrance-oils-for-candle-making\/all-fragrances\/parma-violets-fragrance-oil\">mjukt blommig<\/a> hj\u00e4rta, och l\u00e4gger sig i en raffinerad bas av vetiver, cedertr\u00e4 och lagerblad.<\/p>\n<p><a href=\"https:\/\/cosyowl.com\/sv\/tillbehor-for-ljusstopning\/doftoljor-for-ljustillverkning\/alla-dofter\/doftolja-med-svart-korsbar\/?wmc-currency=EUR\"><strong>Svart k\u00f6rsb\u00e4r<\/strong><\/a> - En rik, fyllig doft som inleds med k\u00f6rsb\u00e4r och granat\u00e4pple, som leder till ett saftigt hj\u00e4rta av sockrat plommon, <a href=\"https:\/\/cosyowl.com\/sv\/fragrance-oils\/raspberry\">hallon<\/a>, och <a href=\"https:\/\/cosyowl.com\/sv\/candle-making-supplies\/fragrance-oils-for-candle-making\/all-fragrances\/black-cherry-fragrance-oil\">svart k\u00f6rsb\u00e4r<\/a>, och \u00f6verg\u00e5r i en mjuk bas av svart te, metallnoter och kashmirmusk.<\/p>\n<p><strong><a href=\"https:\/\/cosyowl.com\/sv\/tillbehor-for-ljusstopning\/doftoljor-for-ljustillverkning\/alla-dofter\/doftolja-blabar-vanilj\/?wmc-currency=EUR\">Bl\u00e5b\u00e4r &amp; Vanilj<\/a><\/strong> - A <a href=\"https:\/\/cosyowl.com\/sv\/fragrance-oils\/candy-floss\">s\u00f6t<\/a>, <a href=\"https:\/\/cosyowl.com\/sv\/craft-kits\/candle-making-kits\/soy-wax-cheeky-cherry-candle-making-kit\">fruktig<\/a> doft som blandar saftiga bl\u00e5b\u00e4r med krispiga <a href=\"https:\/\/cosyowl.com\/sv\/fragrance-oils\/fresh-cut-grass\">gr\u00f6n<\/a> \u00e4pple och en antydan till persika, avslutat med en rik, mjuk bas av vanilj.<\/p>\n<p><strong><a href=\"https:\/\/cosyowl.com\/sv\/tillbehor-for-ljusstopning\/doftoljor-for-ljustillverkning\/alla-dofter\/doftolja-kanel-apelsin\/?wmc-currency=EUR\">Kanel Apelsin<\/a> <\/strong>- A <a href=\"https:\/\/cosyowl.com\/sv\/candle-making-supplies\/glitters\/lake-blue-biodegradable\">livlig<\/a>, <a href=\"https:\/\/cosyowl.com\/sv\/fragrance-oils\/coffee\">aromatisk<\/a> doft\u00f6ppning med <a href=\"https:\/\/cosyowl.com\/sv\/candle-making-supplies\/fragrance-oils-for-candle-making\/all-fragrances\/cinnamon-orange-fragrance-oil\">pikant apelsin<\/a> och mandarin, som leder till ett varmt kryddat hj\u00e4rta av kanel, ingef\u00e4ra och kryddnejlika, och avslutas med en mjuk, <a href=\"https:\/\/cosyowl.com\/sv\/candle-making-supplies\/fragrance-oils-for-candle-making\/all-fragrances\/french-vanilla-fragrance-oil\">kr\u00e4mig<\/a> bas av vanilj.<\/p>\n<p><strong><a href=\"https:\/\/cosyowl.com\/sv\/doftoljor\/kokosnot\/?wmc-currency=EUR\">Kokosn\u00f6t<\/a> <\/strong>- A <a href=\"https:\/\/cosyowl.com\/sv\/candle-making-supplies\/fragrance-oils-for-candle-making\/all-fragrances\/black-coconut-fragrance-oil\">tropisk<\/a>, En kr\u00e4mig doft som inleds med gr\u00f6n mandarin, ingef\u00e4ra och vit rom, \u00f6verlagrad av hibiskus, <a href=\"https:\/\/cosyowl.com\/sv\/fragrance-oils\/coconut\">kokosn\u00f6t<\/a>, sockerr\u00f6r och frangipani, och avslutas med en mjuk bas av mysk, vanilj och sandeltr\u00e4.<\/p>\n<p><strong><a href=\"https:\/\/cosyowl.com\/sv\/doftoljor\/kokosnot-lime\/?wmc-currency=EUR\">Kokosn\u00f6t Lime<\/a> <\/strong>- En ny, <a href=\"https:\/\/cosyowl.com\/sv\/craft-kits\/wax-melt-making-kits\/coconut-lime-wax-melt-making-kit\">tropisk doft<\/a> \u00f6ppning med lime, <a href=\"https:\/\/cosyowl.com\/sv\/fragrance-oils\/lemon\">citron<\/a> palm, freesia och bergamott, som leder till ett saftigt hj\u00e4rta av kokosvatten, sockerr\u00f6r och drakfrukt, och som l\u00e4gger sig i en mjuk bas av vetiver och bourbonvanilj.<\/p>\n<p><a href=\"https:\/\/cosyowl.com\/sv\/doftoljor\/gurka-melon\/?wmc-currency=EUR\"><strong>Gurka Melon<\/strong><\/a> - En frisk, saftig doft som \u00f6ppnar med cantaloupe, honungsmelon och krispig gurka, som leder till mjuka noter av freesia, vita blommor och persikonektar, och som landar i en mild bas av <a href=\"https:\/\/cosyowl.com\/sv\/candle-making-supplies\/fragrance-oils-for-candle-making\/all-fragrances\/jasmine-fragrance-oil\">jasmin<\/a>, vanilj och l\u00e4tt mysk.<\/p>\n<p><a href=\"https:\/\/cosyowl.com\/sv\/tillbehor-for-ljusstopning\/doftoljor-for-ljustillverkning\/premium-doftoljor\/cosy-owl-premium-engelsk-paron-freesia-doftolja\/?wmc-currency=EUR\"><strong>Engelskt p\u00e4ron &amp; fresia<\/strong><\/a> - En ny, <a href=\"https:\/\/cosyowl.com\/sv\/candle-making-supplies\/candle-containers\/candle-glasses\/glass-candle-container-50cl-classic-jar-with-lid\">elegant<\/a> doft med toppnoter av saftiga p\u00e4ron, ett mjukt hj\u00e4rta av freesia och en mjuk bas av patchouli.<\/p>\n<p><strong><a href=\"https:\/\/cosyowl.com\/sv\/tillbehor-for-ljusstopning\/doftoljor-for-ljustillverkning\/alla-dofter\/doftolja-av-fikon\/?wmc-currency=EUR\">Fig<\/a> <\/strong>- En rik, fruktgr\u00f6n doft som \u00f6ppnar med rosa freesia, tonka och eukalyptus, som leder till ett saftigt hj\u00e4rta av <a href=\"https:\/\/cosyowl.com\/sv\/candle-making-supplies\/fragrance-oils-for-candle-making\/all-fragrances\/fig-fragrance-oil\">fig<\/a>, svarta vinb\u00e4r och bladgr\u00f6nsaker, f\u00f6r att sedan \u00f6verg\u00e5 i en mjuk bas av sandeltr\u00e4, mysk, cedertr\u00e4 och svart b\u00e4rnsten.<\/p>\n<p><strong><a href=\"https:\/\/cosyowl.com\/sv\/doftoljor\/franskt-paron\/?wmc-currency=EUR\">Franskt p\u00e4ron<\/a><\/strong> - En frisk, fruktig doft som \u00f6ppnar med gr\u00f6nt \u00e4pple, vit lilja och osmanthus, leder till ett mjukt hj\u00e4rta av jasmin och nashi-p\u00e4ron och l\u00e4gger sig i en varm, kr\u00e4mig bas av tonka, kanel, vanilj, vispad gr\u00e4dde och honung.<\/p>\n<p><a href=\"https:\/\/cosyowl.com\/sv\/tillbehor-for-ljusstopning\/doftoljor-for-ljustillverkning\/alla-dofter\/doftolja-med-farsk-mynta-och-rabarber\/?wmc-currency=EUR\">F<strong>respektive Mynka &amp; Rabarber<\/strong><\/a> - En ny, <a href=\"https:\/\/cosyowl.com\/sv\/candle-making-supplies\/fragrance-oils-for-candle-making\/all-fragrances\/lime-basil-mandarin-fragrance-oil\">uppk\u00e4ftig<\/a> doft som blandar krispig rabarber med p\u00e4ron och \u00e4pple, s\u00f6tad av karamelliserat socker och upplyft av tr\u00e4dg\u00e5rdsmynta och en antydan till citron.<\/p>\n<p><strong><a href=\"https:\/\/cosyowl.com\/sv\/doftoljor\/saftig-apelsin\/?wmc-currency=EUR\">Juicy Orange<\/a><\/strong> - A <a href=\"https:\/\/cosyowl.com\/sv\/candle-making-supplies\/glitters\/fluorescent-peach\">ljus<\/a>, citrusaktig doft som inleds med apelsinskal, citron och ingef\u00e4ra, som leder till mjuka noter av <a href=\"https:\/\/cosyowl.com\/sv\/candle-making-supplies\/fragrance-oils-for-candle-making\/all-fragrances\/pink-grapefruit-fragrance-oil\">citrus<\/a> socker och apelsinblomma, f\u00f6r att sedan landa i en l\u00e4tt kryddad bas av sockerr\u00f6r och ros\u00e9peppar.<\/p>\n<p><strong><a href=\"https:\/\/cosyowl.com\/sv\/doftoljor\/citron\/?wmc-currency=EUR\">Citron<\/a> <\/strong>- En frisk, pikant doft som inleds med <a href=\"https:\/\/cosyowl.com\/sv\/candle-making-supplies\/fragrance-oils-for-candle-making\/all-fragrances\/lemon-lavender-fragrance-oil\">citronskal<\/a>, citronsocker och bergamott, som leder till subtila toner av citron och bladgr\u00f6nsaker, och avslutas med en mjuk bas av l\u00e4tt mysk.<\/p>\n<p><strong><a href=\"https:\/\/cosyowl.com\/sv\/tillbehor-for-ljusstopning\/doftoljor-for-ljustillverkning\/alla-dofter\/doftolja-citron-lavendel\/?wmc-currency=EUR\">Citron &amp; Lavendel<\/a><\/strong> - En frisk, upplyftande doft som blandar frisk citron med lugnande lavendel, f\u00f6rst\u00e4rkt av frisk eukalyptus och gr\u00f6na, fruktiga noter av tomatblad och lime.<\/p>\n<p><a href=\"https:\/\/cosyowl.com\/sv\/tillbehor-for-ljusstopning\/doftoljor-for-ljustillverkning\/alla-dofter\/lime-basilika-mandarin-doftolja\/?wmc-currency=EUR\"><strong>Lime Basil &amp; Mandarin<\/strong><\/a> - En frisk, kryddig doft som inleds med lime, basilika, mandarin och apelsinskal, f\u00f6ljt av svartpeppar, geranium, <a href=\"https:\/\/cosyowl.com\/sv\/fragrance-oils\/lilac\">lila<\/a>, och timjan, och avslutade med en <a href=\"https:\/\/cosyowl.com\/sv\/candle-making-supplies\/fragrance-oils-for-candle-making\/all-fragrances\/honey-fragrance-oil\">naturlig<\/a> bas av mossa, patchouli, mysk och vit cedertr\u00e4.<\/p>\n<p><a href=\"https:\/\/cosyowl.com\/sv\/tillbehor-for-ljusstopning\/doftoljor-for-ljustillverkning\/premium-doftoljor\/cosy-owl-premium-doftolja-av-typen-forlorad-korsbar\/?wmc-currency=EUR\"><strong>F\u00f6rlorad k\u00f6rsb\u00e4rstyp<\/strong><\/a> - En rik, s\u00f6t doft som inleds med k\u00f6rsb\u00e4r, lik\u00f6r och mandel, som leder till mjuka doftande mellannoter och \u00f6verg\u00e5r i en mjuk <a href=\"https:\/\/cosyowl.com\/sv\/fragrance-oils\/teakwood\">tr\u00e4ig<\/a> bas f\u00f6r en djup, v\u00e4l avrundad finish.<\/p>\n<p><strong><a href=\"https:\/\/cosyowl.com\/sv\/tillbehor-for-ljusstopning\/doftoljor-for-ljustillverkning\/alla-dofter\/mandarin-orange-doftolja\/?wmc-currency=EUR\">Mandarin Orange<\/a><\/strong> - En ljus, citrusaktig doft som \u00f6ppnar med mandarin, grapefrukt, apelsin, citron och lime, leder till ett friskt hj\u00e4rta av gr\u00f6na blad och litchi och l\u00e4gger sig i en varm bas av torkade frukter.<\/p>\n<p><strong><a href=\"https:\/\/cosyowl.com\/sv\/doftoljor\/ananas-mango\/?wmc-currency=EUR\">Ananas Mango<\/a><\/strong> - En livlig, tropisk doft som \u00f6ppnar med ananas, honungsdagg, rosa grapefrukt och apelsinskal, leder till ett saftigt hj\u00e4rta av mango, guava, cyklamen och rosenoxid och l\u00e4gger sig i en mjuk bas av fruktig mysk, vaniljst\u00e5ng och kr\u00e4mig muskotn\u00f6t.<\/p>\n<p><strong><a href=\"https:\/\/cosyowl.com\/sv\/tillbehor-for-ljusstopning\/doftoljor-for-ljustillverkning\/alla-dofter\/doftolja-av-rosa-grapefrukt\/?wmc-currency=EUR\">Rosa grapefrukt<\/a><\/strong> - En ny, <a href=\"https:\/\/cosyowl.com\/sv\/craft-supplies\/wax-melt-supplies\/mica-powder-glitter\/bright-peach-biodegradable-candle-glitter\">gnistrande<\/a> doft med skarpa noter av rosa grapefrukt, k\u00e4rnor, aldehyder, citron och subtila gr\u00f6na inslag.<\/p>\n<p><a href=\"https:\/\/cosyowl.com\/sv\/tillbehor-for-ljusstopning\/doftoljor-for-ljustillverkning\/alla-dofter\/doftolja-plommon-mullbar\/?wmc-currency=EUR\"><strong>Plommon &amp; mullb\u00e4r<\/strong><\/a> - En rik, fruktig doft fylld av r\u00f6da b\u00e4r, \u00e4pple, p\u00e4ron, litchi, plommon, mullb\u00e4r, cassis och persika, mjukgjord av en <a href=\"https:\/\/cosyowl.com\/sv\/candle-making-supplies\/fragrance-oils-for-candle-making\/all-fragrances\/peony-petals-fragrance-oil\">delikat blommig<\/a> <a href=\"https:\/\/cosyowl.com\/sv\/about\">bakgrund<\/a>.<\/p>\n<p><a href=\"https:\/\/cosyowl.com\/sv\/tillbehor-for-ljusstopning\/doftoljor-for-ljustillverkning\/alla-dofter\/doftolja-granatapple-noir\/?wmc-currency=EUR\"><strong>Granat\u00e4pple Noir<\/strong><\/a> - En ljus, fruktig doft som inleds med lime- och citronskal, som leder till ett saftigt hj\u00e4rta av granat\u00e4pple, hallon och plommon, och som landar i en mjuk bas av vanilj, s\u00f6t mysk och mossa.<\/p>\n<p><strong><a href=\"https:\/\/cosyowl.com\/sv\/tillbehor-for-ljusstopning\/doftoljor-for-ljustillverkning\/alla-dofter\/doftolja-for-jordgubbar\/?wmc-currency=EUR\">Jordgubbar<\/a> <\/strong>- En s\u00f6t, fruktig doft som inleds med <a href=\"https:\/\/cosyowl.com\/sv\/candle-making-supplies\/fragrance-oils-for-candle-making\/all-fragrances\/strawberry-fragrance-oil\">jordgubbe<\/a>, melon och kumquat, som leder till mjuka toner av huckleberry och sockerr\u00f6r, och avslutas med en kr\u00e4mig bas av vaniljst\u00e4nger och cr\u00e8me.<\/p>\n<p><a href=\"https:\/\/cosyowl.com\/sv\/tillbehor-for-ljusstopning\/doftoljor-for-ljustillverkning\/alla-dofter\/doftolja-jordgubb-vanilj\/?wmc-currency=EUR\"><strong>Jordgubb Vanilj<\/strong><\/a> - En s\u00f6t, fruktig doft som inleds med persika, apelsinskal, jordgubbar och plommon, som leder till ett mjukt hj\u00e4rta av hallon, mj\u00f6lkackord, bj\u00f6rnb\u00e4r och muskotn\u00f6t, och som \u00f6verg\u00e5r i en kr\u00e4mig bas av vanilj, fruktig mysk och tonkab\u00f6na.<\/p>\n<p><a href=\"https:\/\/cosyowl.com\/sv\/tillbehor-for-ljusstopning\/doftoljor-for-ljustillverkning\/premium-doftoljor\/cosy-owl-premium-doftolja-med-sugared-berry\/?wmc-currency=EUR\"><strong>Sockrade b\u00e4r<\/strong><\/a> - En s\u00f6t, feminin doft med saftiga fruktiga noter, mjuka blommor av fresia och hallon och en mjuk vaniljbas som skapar en l\u00e4tt men \u00e4nd\u00e5 komplex och luftig finish.<\/p>\n<p><strong><a href=\"https:\/\/cosyowl.com\/sv\/tillbehor-for-ljusstopning\/doftoljor-for-ljustillverkning\/premium-doftoljor\/cosy-owl-premium-sun-drenched-apricot-rose-doftolja\/?wmc-currency=EUR\">Soldr\u00e4nkt aprikosros<\/a><\/strong> - En rik, intensiv doft som inleds med aprikos- och nektarinblommor, som leder till ett blommigt hj\u00e4rta av ros och <a href=\"https:\/\/cosyowl.com\/sv\/fragrance-oils\/gardenia\">gardenia<\/a>, och l\u00e4gger sig i en djup, mustig bas f\u00f6r en <a href=\"https:\/\/cosyowl.com\/sv\/candle-making-supplies\/glitters\/fluorescent-green\">dj\u00e4rv<\/a>, <a href=\"https:\/\/cosyowl.com\/sv\/candle-making-supplies\/candle-containers\/metal-containers\/rose-gold-round-candle-tin-with-welded-side-seam-250ml-single\">lyxig finish<\/a>.<\/p>\n<p><a href=\"https:\/\/cosyowl.com\/sv\/doftoljor\/sot-fikon\/?wmc-currency=EUR\"><strong>S\u00f6tt fikon<\/strong><\/a> - En rik, fruktig doft som inleds med vit druva, svart fikon och bergamott, \u00f6verg\u00e5r i mjuka noter av kryddnejlika, bj\u00f6rnb\u00e4r och vita blommor och landar i en varm bas av vetiver, kanel, vanilj, absint och cedertr\u00e4.<\/p>\n<p><strong><a href=\"https:\/\/cosyowl.com\/sv\/tillbehor-for-ljusstopning\/doftoljor-for-ljustillverkning\/alla-dofter\/tropik-doftolja\/?wmc-currency=EUR\">Tropikerna<\/a> <\/strong>- En livlig, tropisk doft som \u00f6ppnar med ananas, persika, passionsfrukt och grapefrukt, som leder till ett saftigt hj\u00e4rta av mango och <a href=\"https:\/\/cosyowl.com\/sv\/all-fragrances\/sumptious-fruits-fragrance-oil\">exotiska frukter<\/a>, och \u00f6verg\u00e5r i en mjuk, varm bas av mysk.<\/p>\n<p><strong><a href=\"https:\/\/cosyowl.com\/sv\/tillbehor-for-ljusstopning\/doftoljor-for-ljustillverkning\/alla-dofter\/doftolja-med-mycket-bar\/?wmc-currency=EUR\">Mycket b\u00e4r<\/a> <\/strong>- En rik, fruktig doft full av plommon, fikon, fl\u00e4derblommor, bl\u00e5b\u00e4r och hallon, med en mjuk bas av patchouli, vetiver och mysk.<\/p>\n<p>&nbsp;<\/p>\n<h3><strong>Varf\u00f6r v\u00e4lja v\u00e5rt kit f\u00f6r sojavaxljusframst\u00e4llning?<\/strong><\/h3>\n<p>Vi \u00e4r stolta \u00f6ver att enbart leverera ingredienser av h\u00f6gsta kvalitet f\u00f6r att g\u00f6ra hemgjorda doftljus. Till skillnad fr\u00e5n m\u00e5nga startpaket \u00e4r v\u00e5ra produkter noggrant utvalda f\u00f6r sin professionella kvalitet, vilket hj\u00e4lper dig att skapa ljus med utm\u00e4rkt brinntid, stark doftspridning och en vacker finish.<\/p>\n<p><strong>V\u00e5r <a href=\"https:\/\/cosyowl.com\/sv\/guides\/how-to-make-bleeding-heart-wax-melts\">G\u00d6R DET SJ\u00c4LV<\/a> kit f\u00f6r tillverkning av sojaljus \u00e4r perfekt f\u00f6r:<\/strong><\/p>\n<ul>\n<li>Nyb\u00f6rjare som l\u00e4r sig att g\u00f6ra ljus hemma<\/li>\n<li>Hobbytillverkare som vill ha en p\u00e5litlig <a href=\"https:\/\/cosyowl.com\/sv\/guides\/how-to-make-marbled-wax-melts\">ljushantverk<\/a> kit<\/li>\n<li>Presentk\u00f6pare som s\u00f6ker efter en <a href=\"https:\/\/cosyowl.com\/sv\/guides\/ideas-and-creativity\">kreativ ljusst\u00f6pning<\/a> g\u00e5va<\/li>\n<li>Den som \u00e4lskar <a href=\"https:\/\/cosyowl.com\/sv\/guides\/making-a-reed-diffuser\">Doft f\u00f6r hemmet<\/a> och handgjorda stearinljus<\/li>\n<\/ul>\n<h4><\/h4>\n<h3><strong>Professionella kvalitetsmaterial f\u00f6r ljustillverkning<\/strong><\/h3>\n<p>Varje artikel i detta <a href=\"https:\/\/cosyowl.com\/sv\/guides\/vegan-candle-making-supplies\">tillbeh\u00f6r f\u00f6r ljusst\u00f6pning<\/a> kit \u00e4r valt f\u00f6r att hj\u00e4lpa dig att uppn\u00e5 fantastiska resultat hemma. Vi anv\u00e4nder inte l\u00e5gkvalitativa startmaterial, eftersom vi tror att inl\u00e4rning med b\u00e4ttre ingredienser leder till b\u00e4ttre ljus.<\/p>\n<p><strong>Alla material som ing\u00e5r i det h\u00e4r kitet \u00e4r:<\/strong><\/p>\n<ul>\n<li>H\u00e5llbart producerad<\/li>\n<li>Milj\u00f6v\u00e4nlig<\/li>\n<li>Vegov\u00e4nligt<\/li>\n<li>Djurens r\u00e4tt<\/li>\n<li><a href=\"https:\/\/cosyowl.com\/sv\/guides\/cmrs-and-phthalates-in-fragrance-oils\">Fri fr\u00e5n<\/a> CMR och ftalater<\/li>\n<li>Perfekt f\u00f6r nyb\u00f6rjare och ljus\u00e4lskare<\/li>\n<\/ul>\n<p>Om du letar efter ett startkit f\u00f6r ljustillverkning, ett kit f\u00f6r sojaljus eller ett komplett kit f\u00f6r att g\u00f6ra egna ljus \u00e4r det h\u00e4r ett utm\u00e4rkt st\u00e4lle att b\u00f6rja. Med l\u00e4tt <a href=\"https:\/\/cosyowl.com\/sv\/guides\/temperature-guidelines\">Instruktioner<\/a>, Med v\u00e5ra ljuskitt, premiumingredienser och ditt val av doft g\u00f6r v\u00e5rt kit det enkelt att njuta av den kreativa processen med ljustillverkning i ditt eget hem.<\/p>\n<h3 data-start=\"2493\" data-end=\"2542\"><\/h3>\n<h3 data-start=\"2493\" data-end=\"2542\"><strong>Anv\u00e4ndbara resurser f\u00f6r framg\u00e5ngsrik ljustillverkning<\/strong><\/h3>\n<ul>\n<li><strong><span style=\"color: #ff6600\"><a style=\"color: #ff6600\" href=\"https:\/\/cosyowl.com\/sv\/guider\/hur-man-gor-ett-ljus\/?wmc-currency=EUR\">Hur man g\u00f6r ett stearinljus\u00a0<\/a><\/span><\/strong><\/li>\n<li><strong><span style=\"color: #ff6600\"><a style=\"color: #ff6600\" href=\"https:\/\/cosyowl.com\/sv\/guider\/guide-for-containerljus\/?wmc-currency=EUR\">Guide f\u00f6r tillverkning av containerljus<\/a><\/span><\/strong><\/li>\n<li><strong><span style=\"color: #ff6600\"><a style=\"color: #ff6600\" href=\"https:\/\/cosyowl.com\/sv\/guider\/en-nyborjarguide-till-att-gora-ett-ljus\/?wmc-currency=EUR\">En nyb\u00f6rjarguide till att g\u00f6ra ett ljus<\/a><\/span><\/strong><strong><br \/>\n<\/strong><\/li>\n<li class=\"entry-title\"><strong><span style=\"color: #ff6600\"><a style=\"color: #ff6600\" href=\"https:\/\/cosyowl.com\/sv\/guider\/hur-man-anvander-doftoljor\/?wmc-currency=EUR\">Hur man anv\u00e4nder doftoljor<\/a><\/span><\/strong><\/li>\n<li><strong><span style=\"color: #ff6600\"><a style=\"color: #ff6600\" href=\"https:\/\/cosyowl.com\/sv\/guider\/felsokning\/?wmc-currency=EUR\">Fels\u00f6kning av problem vid ljustillverkning<\/a><\/span><\/strong><\/li>\n<li><strong><span style=\"color: #ff6600\"><a style=\"color: #ff6600\" href=\"https:\/\/cosyowl.com\/sv\/guider\/fragor-och-svar\/?wmc-currency=EUR\">Vanliga fr\u00e5gor om ljustillverkning<\/a><\/span><\/strong><\/li>\n<li><strong><span style=\"color: #ff6600\"><a style=\"color: #ff6600\" href=\"https:\/\/cosyowl.com\/sv\/guider\/?wmc-currency=EUR\">Guider &amp; recept<\/a><\/span><\/strong><\/li>\n<\/ul>","protected":false},"excerpt":{"rendered":"<p>Our Candle Making Kit makes it easy to create beautifully scented soy candles at home. Ideal for beginners and experienced makers alike, this all-in-one kit includes everything you need to make up to five fragranced candles using high-quality materials.\u00a0Perfect as a gift or a fun home craft project, each kit includes one fragrance so you [&hellip;]<\/p>\n","protected":false},"featured_media":126805,"comment_status":"open","ping_status":"closed","template":"","meta":{"_acf_changed":false},"product_brand":[],"product_cat":[530,720,653],"product_tag":[917],"class_list":{"0":"post-126420","1":"product","2":"type-product","3":"status-publish","4":"has-post-thumbnail","6":"product_cat-candle-making-kits","7":"product_cat-candle-making-kits-candle-making-supplies","8":"product_cat-craft-kits","9":"product_tag-candle-making-kit","10":"product_shipping_class-royal_mail_kits","12":"first","13":"instock","14":"taxable","15":"shipping-taxable","16":"purchasable","17":"product-type-variable"},"acf":[],"_links":{"self":[{"href":"https:\/\/cosyowl.com\/sv\/wp-json\/wp\/v2\/product\/126420","targetHints":{"allow":["GET"]}}],"collection":[{"href":"https:\/\/cosyowl.com\/sv\/wp-json\/wp\/v2\/product"}],"about":[{"href":"https:\/\/cosyowl.com\/sv\/wp-json\/wp\/v2\/types\/product"}],"replies":[{"embeddable":true,"href":"https:\/\/cosyowl.com\/sv\/wp-json\/wp\/v2\/comments?post=126420"}],"wp:featuredmedia":[{"embeddable":true,"href":"https:\/\/cosyowl.com\/sv\/wp-json\/wp\/v2\/media\/126805"}],"wp:attachment":[{"href":"https:\/\/cosyowl.com\/sv\/wp-json\/wp\/v2\/media?parent=126420"}],"wp:term":[{"taxonomy":"product_brand","embeddable":true,"href":"https:\/\/cosyowl.com\/sv\/wp-json\/wp\/v2\/product_brand?post=126420"},{"taxonomy":"product_cat","embeddable":true,"href":"https:\/\/cosyowl.com\/sv\/wp-json\/wp\/v2\/product_cat?post=126420"},{"taxonomy":"product_tag","embeddable":true,"href":"https:\/\/cosyowl.com\/sv\/wp-json\/wp\/v2\/product_tag?post=126420"}],"curies":[{"name":"wp","href":"https:\/\/api.w.org\/{rel}","templated":true}]}}