{"id":11509,"date":"2021-01-07T06:16:00","date_gmt":"2021-01-07T06:16:00","guid":{"rendered":"https:\/\/cosyowl.com\/product\/uncategorized\/flora-30cl-candle-container-matt-black-pack-of-6"},"modified":"2026-04-30T16:22:54","modified_gmt":"2026-04-30T15:22:54","slug":"flora-30-cl-ljusbehallare-matt-svart-forpackning-om-6-st","status":"publish","type":"product","link":"https:\/\/cosyowl.com\/sv\/candle-making-supplies\/candle-containers\/metal-containers\/flora-30cl-candle-container-matt-black-pack-of-6","title":{"rendered":"Flora 30 cl ljusbeh\u00e5llare - Matt svart - F\u00f6rpackning med 6 st"},"content":{"rendered":"<p>Det h\u00e4r \u00e4r en perfekt metallbeh\u00e5llare f\u00f6r att f\u00e5 dina ljus att sticka ut. Denna beh\u00e5llare rymmer 300 ml av <a href=\"https:\/\/cosyowl.com\/sv\/guides\/a-summers-beach-gel-votive-candle\">ljus<\/a> vax.<\/p>\n<p><strong>Storlek:<\/strong> 78 mm x 79 mm<\/p>\n<p><strong>Material:\u00a0<\/strong>J\u00e4rn<\/p>\n<p><strong>F\u00e4rg:<\/strong> <a href=\"https:\/\/cosyowl.com\/sv\/candle-making-supplies\/candle-containers\/candle-glasses\/karen-30cl-candle-glass-matt-black-pack-of-12\">Matt svart<\/a><\/p>\n<h3>Rekommendationer f\u00f6r Wick**<\/h3>\n<p><strong>Klicka p\u00e5 l\u00e4nken nedan f\u00f6r att utforska v\u00e5r veke <a href=\"https:\/\/cosyowl.com\/sv\/guides\/using-cotton-wicks-with-soyaluna-container-wax-recommendations\">rekommendationer<\/a> skr\u00e4ddarsydda f\u00f6r dina behov vid ljustillverkning.<\/strong><\/p>\n<p><a href=\"https:\/\/cosyowl.com\/sv\/guider\/procentsatser-och-matt\/?wmc-currency=EUR\">Cosy Owl Wick Rekommendationer<\/a><\/p>\n<p>*Observera att den rekommenderade m\u00e4ngden vax \u00e4r en <a href=\"https:\/\/cosyowl.com\/sv\/guides\/a-guide-to-creating-your-own-soap-products\">guide<\/a> och baseras p\u00e5 maxkapaciteten f\u00f6r den specifika beh\u00e5llaren. Det \u00e4r d\u00e4rf\u00f6r m\u00f6jligt att anv\u00e4nda mindre vax, men vi rekommenderar inte att man \u00f6verskrider den maximala kapaciteten. Vi rekommenderar att du anv\u00e4nder de angivna m\u00e4ngderna vax endast som en utg\u00e5ngspunkt och justerar dessa <a href=\"https:\/\/cosyowl.com\/sv\/guides\/weighing-fragrance\">m\u00e4tningar<\/a> enligt dina preferenser.<\/p>\n<p>**Observera att alla rekommendationer f\u00f6r veken endast baseras p\u00e5 anv\u00e4ndning med v\u00e5rt vax. Den minsta <a href=\"https:\/\/cosyowl.com\/sv\/guides\/candle-wick-size-chart\">Wick storlek<\/a> rekommenderas endast f\u00f6r anv\u00e4ndning med vax. Den st\u00f6rsta Wick-storlek som rekommenderas \u00e4r f\u00f6r anv\u00e4ndning n\u00e4r <a href=\"https:\/\/cosyowl.com\/sv\/candle-making-supplies\/fragrance-oils-for-candle-making\/premium-fragrance-oils\/cosy-owl-premium-1-million-type-fragrance-oil\">Doftolja<\/a> och\/eller f\u00e4rg\u00e4mne \u00e4r n\u00e4rvarande. All information som tillhandah\u00e5lls ska endast anv\u00e4ndas som en guide f\u00f6r att hj\u00e4lpa till att hitta en utg\u00e5ngspunkt n\u00e4r man experimenterar med vekar eftersom varierande temperaturer och <a href=\"https:\/\/cosyowl.com\/sv\/guides\/2023-spring-fragrance-oil-trends\">Doftoljor<\/a> p\u00e5verkar hur framg\u00e5ngsrik en Wick \u00e4r.<\/p>","protected":false},"excerpt":{"rendered":"<p>This is a perfect metal container for making your candles stand out. This container will accommodate 300ml of candle wax. Size: 78mm x 79mm Material:\u00a0Iron Colour: Matt Black Wick Recommendations** Please click the link below to explore our wick recommendations tailored to your candle-making needs. Cosy Owl Wick Recommendations *Please note, the amount of wax [&hellip;]<\/p>\n","protected":false},"featured_media":53985,"comment_status":"open","ping_status":"closed","template":"","meta":{"_acf_changed":false},"product_brand":[],"product_cat":[501,752,717],"product_tag":[922],"class_list":{"0":"post-11509","1":"product","2":"type-product","3":"status-publish","4":"has-post-thumbnail","6":"product_cat-metal-containers","7":"product_cat-sale-containers","8":"product_cat-sale","9":"product_tag-metal-container","10":"product_shipping_class-royal_mail","12":"first","13":"instock","14":"sale","15":"taxable","16":"shipping-taxable","17":"purchasable","18":"product-type-simple"},"acf":[],"_links":{"self":[{"href":"https:\/\/cosyowl.com\/sv\/wp-json\/wp\/v2\/product\/11509","targetHints":{"allow":["GET"]}}],"collection":[{"href":"https:\/\/cosyowl.com\/sv\/wp-json\/wp\/v2\/product"}],"about":[{"href":"https:\/\/cosyowl.com\/sv\/wp-json\/wp\/v2\/types\/product"}],"replies":[{"embeddable":true,"href":"https:\/\/cosyowl.com\/sv\/wp-json\/wp\/v2\/comments?post=11509"}],"wp:featuredmedia":[{"embeddable":true,"href":"https:\/\/cosyowl.com\/sv\/wp-json\/wp\/v2\/media\/53985"}],"wp:attachment":[{"href":"https:\/\/cosyowl.com\/sv\/wp-json\/wp\/v2\/media?parent=11509"}],"wp:term":[{"taxonomy":"product_brand","embeddable":true,"href":"https:\/\/cosyowl.com\/sv\/wp-json\/wp\/v2\/product_brand?post=11509"},{"taxonomy":"product_cat","embeddable":true,"href":"https:\/\/cosyowl.com\/sv\/wp-json\/wp\/v2\/product_cat?post=11509"},{"taxonomy":"product_tag","embeddable":true,"href":"https:\/\/cosyowl.com\/sv\/wp-json\/wp\/v2\/product_tag?post=11509"}],"curies":[{"name":"wp","href":"https:\/\/api.w.org\/{rel}","templated":true}]}}