{"id":11502,"date":"2021-01-10T06:16:48","date_gmt":"2021-01-10T06:16:48","guid":{"rendered":"https:\/\/cosyowl.com\/product\/uncategorized\/wax-melt-mould-robots-12"},"modified":"2026-03-03T13:45:25","modified_gmt":"2026-03-03T13:45:25","slug":"vaxsmaltformar-robotar-12","status":"publish","type":"product","link":"https:\/\/cosyowl.com\/sv\/craft-supplies\/wax-melt-supplies\/moulds-for-wax-melts\/wax-melt-mould-robots-12","title":{"rendered":"Vaxsm\u00e4ltformar - Robotar - 12"},"content":{"rendered":"<p>\u2018<\/p>\n<p>Denna vaxsm\u00e4ltningsform ger 12 roliga sm\u00e5 robotar<\/p>\n<p><a href=\"https:\/\/cosyowl.com\/sv\/guides\/weighing-fragrance\">M\u00e4tningar<\/a> av denna m\u00f6gel*:<\/p>\n<p>Fullst\u00e4ndig form (l\u00e4ngd x bredd): 215 mm x 110 mm<\/p>\n<p>*Observera att alla m\u00e5tt \u00e4r ungef\u00e4rliga.<\/p>","protected":false},"excerpt":{"rendered":"<p>\u2018 Den h\u00e4r vaxsm\u00e4ltningsformen ger 12 roliga sm\u00e5 robotar M\u00e5tt p\u00e5 formen*: Hel form (l\u00e4ngd x bredd): 215 mm x 110 mm *Observera att alla m\u00e5tt \u00e4r ungef\u00e4rliga.<\/p>","protected":false},"featured_media":18343,"comment_status":"open","ping_status":"closed","template":"","meta":{"_acf_changed":false},"product_brand":[],"product_cat":[752,535,717],"product_tag":[926],"class_list":{"0":"post-11502","1":"product","2":"type-product","3":"status-publish","4":"has-post-thumbnail","6":"product_cat-sale-containers","7":"product_cat-wax-melts-moulds","8":"product_cat-sale","9":"product_tag-mould","10":"product_shipping_class-royal_mail","12":"first","13":"instock","14":"taxable","15":"shipping-taxable","16":"purchasable","17":"product-type-simple"},"acf":[],"_links":{"self":[{"href":"https:\/\/cosyowl.com\/sv\/wp-json\/wp\/v2\/product\/11502","targetHints":{"allow":["GET"]}}],"collection":[{"href":"https:\/\/cosyowl.com\/sv\/wp-json\/wp\/v2\/product"}],"about":[{"href":"https:\/\/cosyowl.com\/sv\/wp-json\/wp\/v2\/types\/product"}],"replies":[{"embeddable":true,"href":"https:\/\/cosyowl.com\/sv\/wp-json\/wp\/v2\/comments?post=11502"}],"wp:featuredmedia":[{"embeddable":true,"href":"https:\/\/cosyowl.com\/sv\/wp-json\/wp\/v2\/media\/18343"}],"wp:attachment":[{"href":"https:\/\/cosyowl.com\/sv\/wp-json\/wp\/v2\/media?parent=11502"}],"wp:term":[{"taxonomy":"product_brand","embeddable":true,"href":"https:\/\/cosyowl.com\/sv\/wp-json\/wp\/v2\/product_brand?post=11502"},{"taxonomy":"product_cat","embeddable":true,"href":"https:\/\/cosyowl.com\/sv\/wp-json\/wp\/v2\/product_cat?post=11502"},{"taxonomy":"product_tag","embeddable":true,"href":"https:\/\/cosyowl.com\/sv\/wp-json\/wp\/v2\/product_tag?post=11502"}],"curies":[{"name":"wp","href":"https:\/\/api.w.org\/{rel}","templated":true}]}}