{"id":11499,"date":"2021-10-01T06:16:00","date_gmt":"2021-10-01T05:16:00","guid":{"rendered":"https:\/\/cosyowl.com\/product\/uncategorized\/wax-melt-mould-hearts-10"},"modified":"2026-03-03T13:45:25","modified_gmt":"2026-03-03T13:45:25","slug":"vaxsmaltformar-hjartan-10","status":"publish","type":"product","link":"https:\/\/cosyowl.com\/sv\/craft-supplies\/wax-melt-supplies\/moulds-for-wax-melts\/wax-melt-mould-hearts-10","title":{"rendered":"Vaxsm\u00e4ltningsform - Hj\u00e4rtan - 10"},"content":{"rendered":"<p>\u2018<\/p>\n<p>Denna hj\u00e4rtformade vaxsm\u00e4lta \u00e4r ett s\u00f6tt tillskott till din vaxsm\u00e4ltsamling. Denna sm\u00e4lta ger 10 mindre hj\u00e4rtformar.<\/p>\n<p><a href=\"https:\/\/cosyowl.com\/sv\/guides\/weighing-fragrance\">M\u00e4tningar<\/a> av denna m\u00f6gel*:<\/p>\n<p>Fullformad (bredd): 153 mm<\/p>\n<p>*Observera att alla m\u00e5tt \u00e4r ungef\u00e4rliga.<\/p>","protected":false},"excerpt":{"rendered":"<p>\u2018 Denna hj\u00e4rtformade vaxsm\u00e4lta \u00e4r ett s\u00f6tt tillskott till din vaxsm\u00e4ltsamling. Den h\u00e4r sm\u00e4ltan ger 10 mindre hj\u00e4rtformar. M\u00e5tt p\u00e5 den h\u00e4r formen*: Hela formen (bredd): 153mm *Observera att alla m\u00e5tt \u00e4r ungef\u00e4rliga.<\/p>","protected":false},"featured_media":18339,"comment_status":"open","ping_status":"closed","template":"","meta":{"_acf_changed":false},"product_brand":[],"product_cat":[752,535,717,750],"product_tag":[926,1596],"class_list":{"0":"post-11499","1":"product","2":"type-product","3":"status-publish","4":"has-post-thumbnail","6":"product_cat-sale-containers","7":"product_cat-wax-melts-moulds","8":"product_cat-sale","9":"product_cat-valentines-day","10":"product_tag-mould","11":"product_tag-valentines","12":"product_shipping_class-royal_mail","14":"first","15":"outofstock","16":"taxable","17":"shipping-taxable","18":"purchasable","19":"product-type-simple"},"acf":[],"_links":{"self":[{"href":"https:\/\/cosyowl.com\/sv\/wp-json\/wp\/v2\/product\/11499","targetHints":{"allow":["GET"]}}],"collection":[{"href":"https:\/\/cosyowl.com\/sv\/wp-json\/wp\/v2\/product"}],"about":[{"href":"https:\/\/cosyowl.com\/sv\/wp-json\/wp\/v2\/types\/product"}],"replies":[{"embeddable":true,"href":"https:\/\/cosyowl.com\/sv\/wp-json\/wp\/v2\/comments?post=11499"}],"wp:featuredmedia":[{"embeddable":true,"href":"https:\/\/cosyowl.com\/sv\/wp-json\/wp\/v2\/media\/18339"}],"wp:attachment":[{"href":"https:\/\/cosyowl.com\/sv\/wp-json\/wp\/v2\/media?parent=11499"}],"wp:term":[{"taxonomy":"product_brand","embeddable":true,"href":"https:\/\/cosyowl.com\/sv\/wp-json\/wp\/v2\/product_brand?post=11499"},{"taxonomy":"product_cat","embeddable":true,"href":"https:\/\/cosyowl.com\/sv\/wp-json\/wp\/v2\/product_cat?post=11499"},{"taxonomy":"product_tag","embeddable":true,"href":"https:\/\/cosyowl.com\/sv\/wp-json\/wp\/v2\/product_tag?post=11499"}],"curies":[{"name":"wp","href":"https:\/\/api.w.org\/{rel}","templated":true}]}}