{"id":11489,"date":"2021-10-01T06:16:00","date_gmt":"2021-10-01T05:16:00","guid":{"rendered":"https:\/\/cosyowl.com\/product\/uncategorized\/wax-melt-beehive-mould"},"modified":"2026-04-30T16:22:54","modified_gmt":"2026-04-30T15:22:54","slug":"vaxsmaltning-bikupa-gjutform","status":"publish","type":"product","link":"https:\/\/cosyowl.com\/sv\/craft-supplies\/wax-melt-supplies\/moulds-for-wax-melts\/wax-melt-beehive-mould","title":{"rendered":"Vaxsm\u00e4ltning Bikupa Form"},"content":{"rendered":"<p>\u2018<\/p>\n<p>Med denna bikupaform f\u00e5r du en vacker bikupa med bin p\u00e5.<\/p>\n<p><a href=\"https:\/\/cosyowl.com\/sv\/guides\/weighing-fragrance\">M\u00e4tningar<\/a> av denna m\u00f6gel*:<\/p>\n<p>Fullformad (l\u00e4ngd x bredd): 540 mm x 550 mm<\/p>\n<p>*Observera att alla m\u00e5tt \u00e4r ungef\u00e4rliga.<\/p>","protected":false},"excerpt":{"rendered":"<p>\u2018 Denna bikupaform ger en vacker bikupa med bin p\u00e5. M\u00e5tt p\u00e5 denna gjutform*: Hela formen (l\u00e4ngd x bredd): 540mm x 550mm *Observera att alla m\u00e5tt \u00e4r ungef\u00e4rliga.<\/p>","protected":false},"featured_media":12136,"comment_status":"open","ping_status":"closed","template":"","meta":{"_acf_changed":false},"product_brand":[],"product_cat":[535,752,717],"product_tag":[926],"class_list":{"0":"post-11489","1":"product","2":"type-product","3":"status-publish","4":"has-post-thumbnail","6":"product_cat-wax-melts-moulds","7":"product_cat-sale-containers","8":"product_cat-sale","9":"product_tag-mould","10":"product_shipping_class-royal_mail","12":"first","13":"instock","14":"sale","15":"taxable","16":"shipping-taxable","17":"purchasable","18":"product-type-simple"},"acf":[],"_links":{"self":[{"href":"https:\/\/cosyowl.com\/sv\/wp-json\/wp\/v2\/product\/11489","targetHints":{"allow":["GET"]}}],"collection":[{"href":"https:\/\/cosyowl.com\/sv\/wp-json\/wp\/v2\/product"}],"about":[{"href":"https:\/\/cosyowl.com\/sv\/wp-json\/wp\/v2\/types\/product"}],"replies":[{"embeddable":true,"href":"https:\/\/cosyowl.com\/sv\/wp-json\/wp\/v2\/comments?post=11489"}],"wp:featuredmedia":[{"embeddable":true,"href":"https:\/\/cosyowl.com\/sv\/wp-json\/wp\/v2\/media\/12136"}],"wp:attachment":[{"href":"https:\/\/cosyowl.com\/sv\/wp-json\/wp\/v2\/media?parent=11489"}],"wp:term":[{"taxonomy":"product_brand","embeddable":true,"href":"https:\/\/cosyowl.com\/sv\/wp-json\/wp\/v2\/product_brand?post=11489"},{"taxonomy":"product_cat","embeddable":true,"href":"https:\/\/cosyowl.com\/sv\/wp-json\/wp\/v2\/product_cat?post=11489"},{"taxonomy":"product_tag","embeddable":true,"href":"https:\/\/cosyowl.com\/sv\/wp-json\/wp\/v2\/product_tag?post=11489"}],"curies":[{"name":"wp","href":"https:\/\/api.w.org\/{rel}","templated":true}]}}