{"id":11483,"date":"2021-10-01T06:15:00","date_gmt":"2021-10-01T05:15:00","guid":{"rendered":"https:\/\/cosyowl.com\/product\/uncategorized\/wax-melt-flower-mould-15"},"modified":"2026-04-30T16:22:54","modified_gmt":"2026-04-30T15:22:54","slug":"vax-smalta-blomma-gjutform-15","status":"publish","type":"product","link":"https:\/\/cosyowl.com\/sv\/craft-supplies\/wax-melt-supplies\/moulds-for-wax-melts\/wax-melt-flower-mould-15","title":{"rendered":"Vaxsm\u00e4ltningsform f\u00f6r blommor - 15"},"content":{"rendered":"<p>\u2018<\/p>\n<p>Denna vackra blomform med 8 kronblad \u00e4r ett utm\u00e4rkt s\u00e4tt att g\u00f6ra s\u00f6ta blommor i <a href=\"https:\/\/cosyowl.com\/sv\/wholesale-candle-making-supplies\">bulk<\/a>.<\/p>\n<p><a href=\"https:\/\/cosyowl.com\/sv\/guides\/weighing-fragrance\">M\u00e4tningar<\/a> av denna m\u00f6gel*:<\/p>\n<p>Fullst\u00e4ndig form (l\u00e4ngd x bredd): 210 mm x 105 mm<\/p>\n<p>Sm\u00e4ltstorlek (bredd x djup): 32 mm x 12 mm<\/p>\n<p>*Observera att alla m\u00e5tt \u00e4r ungef\u00e4rliga.<\/p>","protected":false},"excerpt":{"rendered":"<p>' Denna vackra blomform med 8 kronblad \u00e4r ett utm\u00e4rkt s\u00e4tt att g\u00f6ra s\u00f6ta blommor i stora m\u00e4ngder. M\u00e5tt p\u00e5 denna form*: Hel form (l\u00e4ngd x bredd): 210 mm x 105 mm Sm\u00e4ltstorlek (bredd x djup): 32 mm x 12 mm *Observera att alla m\u00e5tt \u00e4r ungef\u00e4rliga.<\/p>","protected":false},"featured_media":12132,"comment_status":"open","ping_status":"closed","template":"","meta":{"_acf_changed":false},"product_brand":[],"product_cat":[535,752,790,717,750],"product_tag":[1595,926,1596],"class_list":{"0":"post-11483","1":"product","2":"type-product","3":"status-publish","4":"has-post-thumbnail","6":"product_cat-wax-melts-moulds","7":"product_cat-sale-containers","8":"product_cat-easter","9":"product_cat-sale","10":"product_cat-valentines-day","11":"product_tag-easter","12":"product_tag-mould","13":"product_tag-valentines","14":"product_shipping_class-royal_mail","16":"first","17":"instock","18":"sale","19":"taxable","20":"shipping-taxable","21":"purchasable","22":"product-type-simple"},"acf":[],"_links":{"self":[{"href":"https:\/\/cosyowl.com\/sv\/wp-json\/wp\/v2\/product\/11483","targetHints":{"allow":["GET"]}}],"collection":[{"href":"https:\/\/cosyowl.com\/sv\/wp-json\/wp\/v2\/product"}],"about":[{"href":"https:\/\/cosyowl.com\/sv\/wp-json\/wp\/v2\/types\/product"}],"replies":[{"embeddable":true,"href":"https:\/\/cosyowl.com\/sv\/wp-json\/wp\/v2\/comments?post=11483"}],"wp:featuredmedia":[{"embeddable":true,"href":"https:\/\/cosyowl.com\/sv\/wp-json\/wp\/v2\/media\/12132"}],"wp:attachment":[{"href":"https:\/\/cosyowl.com\/sv\/wp-json\/wp\/v2\/media?parent=11483"}],"wp:term":[{"taxonomy":"product_brand","embeddable":true,"href":"https:\/\/cosyowl.com\/sv\/wp-json\/wp\/v2\/product_brand?post=11483"},{"taxonomy":"product_cat","embeddable":true,"href":"https:\/\/cosyowl.com\/sv\/wp-json\/wp\/v2\/product_cat?post=11483"},{"taxonomy":"product_tag","embeddable":true,"href":"https:\/\/cosyowl.com\/sv\/wp-json\/wp\/v2\/product_tag?post=11483"}],"curies":[{"name":"wp","href":"https:\/\/api.w.org\/{rel}","templated":true}]}}